{"id":31134,"date":"2026-04-21T12:29:18","date_gmt":"2026-04-21T10:29:18","guid":{"rendered":"https:\/\/bidiboo.eu\/?post_type=product&#038;p=31134"},"modified":"2026-04-21T12:32:24","modified_gmt":"2026-04-21T10:32:24","slug":"peignoir-hugo","status":"publish","type":"product","link":"https:\/\/bidiboo.eu\/nl\/product\/peignoir-hugo\/","title":{"rendered":"Peignoir Hugo"},"content":{"rendered":"<h2 data-start=\"265\" data-end=\"316\">Handgemaakte badjas van badstof met luipaardprint voor kinderen<\/h2>\n<p data-start=\"318\" data-end=\"455\">Geef je kind een <strong data-start=\"343\" data-end=\"396\">Zachte, comfortabele, handgemaakte badjas van badstof.<\/strong>Ideaal voor na het baden, bij het zwembad, op het strand of als een comfortabele fleece deken.<\/p>\n<h3 data-start=\"760\" data-end=\"820\">Een praktische kinderbadjas, ontworpen voor dagelijks gebruik.<\/h3>\n<p data-start=\"821\" data-end=\"1032\">Dit model beschikt over een <strong data-start=\"846\" data-end=\"867\">riem bevestigd<\/strong> Om verlies te voorkomen. In tegenstelling tot klassieke badjassen blijft de riem aan het kledingstuk vastzitten: u hoeft niet meer te zoeken in uw kamer of sporttas.<\/p>\n<p data-start=\"821\" data-end=\"1032\">Dankzij de comfortabele pasvorm kan het kind zich vrij bewegen, terwijl het toch goed bedekt en warm blijft.<\/p>\n<h3 data-start=\"1136\" data-end=\"1182\">De voordelen van een handgemaakte kinderbadjas<\/h3>\n<ul data-start=\"1183\" data-end=\"1416\">\n<li data-start=\"1183\" data-end=\"1232\">\n<p data-start=\"1185\" data-end=\"1232\">Kinderbadjas van zachte badstof<\/p>\n<\/li>\n<li data-start=\"1233\" data-end=\"1281\">\n<p data-start=\"1235\" data-end=\"1281\">Handgemaakt en met uiterste zorg afgewerkt.<\/p>\n<\/li>\n<li data-start=\"1282\" data-end=\"1326\">\n<p data-start=\"1284\" data-end=\"1326\">Bevestigde riem voor extra gemak.<\/p>\n<\/li>\n<li data-start=\"1327\" data-end=\"1375\">\n<p data-start=\"1329\" data-end=\"1375\">Ideaal na een bad, een duik in het zwembad of een vakantie.<\/p>\n<\/li>\n<li data-start=\"1376\" data-end=\"1416\">\n<p data-start=\"1378\" data-end=\"1416\">Een origineel en nuttig cadeau voor kinderen.<\/p>\n<\/li>\n<\/ul>\n<p data-start=\"1418\" data-end=\"1591\">Dit <strong data-start=\"1421\" data-end=\"1448\">Kinderbadjas met luipaardprint<\/strong> Het is een onmisbaar item voor elke dag: praktisch voor ouders, comfortabel voor kinderen en stijlvol voor kleine liefhebbers van opvallende patronen.<\/p>","protected":false},"excerpt":{"rendered":"<p>Peignoir enfant en \u00e9ponge l\u00e9opard fait main Offrez \u00e0 votre enfant un peignoir en \u00e9ponge doux, confortable et fait main, id\u00e9al pour les sorties de bain, la piscine, la plage ou comme pilou confortable. Un peignoir enfant pratique et pens\u00e9 pour le quotidien Ce mod\u00e8le est dot\u00e9 d\u2019une ceinture attach\u00e9e pour \u00e9viter toute perte. Contrairement aux peignoirs classiques, la ceinture reste fix\u00e9e au v\u00eatement : plus besoin de chercher dans la chambre ou le sac de sport. Sa coupe confortable permet \u00e0 l\u2019enfant de bouger librement tout en restant bien couvert et au chaud. Les atouts du peignoir enfant fait main Peignoir enfant en \u00e9ponge douce Fabrication artisanale et finitions soign\u00e9es Ceinture attach\u00e9e pour plus de praticit\u00e9 Id\u00e9al en sortie de bain, piscine ou vacances Cadeau original et utile pour enfant Ce peignoir l\u00e9opard enfant est un indispensable du quotidien : pratique pour les parents, confortable pour les enfants, et styl\u00e9 pour les petits fans de motifs sauvages.<\/p>","protected":false},"featured_media":31140,"comment_status":"open","ping_status":"closed","template":"","meta":{"_editorskit_title_hidden":false,"_editorskit_reading_time":0,"_editorskit_is_block_options_detached":false,"_editorskit_block_options_position":"{}","inline_featured_image":false},"product_brand":[],"product_cat":[15,1138],"product_tag":[],"class_list":{"0":"post-31134","1":"product","2":"type-product","3":"status-publish","4":"has-post-thumbnail","6":"product_cat-all","7":"product_cat-peignoir","9":"first","10":"instock","11":"taxable","12":"shipping-taxable","13":"purchasable","14":"product-type-variable"},"yoast_head":"<!-- This site is optimized with the Yoast SEO plugin v25.7 - https:\/\/yoast.com\/wordpress\/plugins\/seo\/ -->\n<title>Peignoir Hugo - BidiBoo<\/title>\n<meta name=\"robots\" content=\"index, follow, max-snippet:-1, max-image-preview:large, max-video-preview:-1\" \/>\n<link rel=\"canonical\" href=\"https:\/\/bidiboo.eu\/nl\/product\/peignoir-hugo\/\" \/>\n<meta property=\"og:locale\" content=\"nl_BE\" \/>\n<meta property=\"og:type\" content=\"article\" \/>\n<meta property=\"og:title\" content=\"Peignoir Hugo - BidiBoo\" \/>\n<meta property=\"og:description\" content=\"Peignoir enfant en \u00e9ponge l\u00e9opard fait main Offrez \u00e0 votre enfant un peignoir en \u00e9ponge doux, confortable et fait main, id\u00e9al pour les sorties de bain, la piscine, la plage ou comme pilou confortable. Un peignoir enfant pratique et pens\u00e9 pour le quotidien Ce mod\u00e8le est dot\u00e9 d\u2019une ceinture attach\u00e9e pour \u00e9viter toute perte. Contrairement aux peignoirs classiques, la ceinture reste fix\u00e9e au v\u00eatement : plus besoin de chercher dans la chambre ou le sac de sport. Sa coupe confortable permet \u00e0 l\u2019enfant de bouger librement tout en restant bien couvert et au chaud. Les atouts du peignoir enfant fait main Peignoir enfant en \u00e9ponge douce Fabrication artisanale et finitions soign\u00e9es Ceinture attach\u00e9e pour plus de praticit\u00e9 Id\u00e9al en sortie de bain, piscine ou vacances Cadeau original et utile pour enfant Ce peignoir l\u00e9opard enfant est un indispensable du quotidien : pratique pour les parents, confortable pour les enfants, et styl\u00e9 pour les petits fans de motifs sauvages.\" \/>\n<meta property=\"og:url\" content=\"https:\/\/bidiboo.eu\/nl\/product\/peignoir-hugo\/\" \/>\n<meta property=\"og:site_name\" content=\"BidiBoo\" \/>\n<meta property=\"article:publisher\" content=\"https:\/\/www.facebook.com\/BidiBoocreations\" \/>\n<meta property=\"article:modified_time\" content=\"2026-04-21T10:32:24+00:00\" \/>\n<meta property=\"og:image\" content=\"https:\/\/bidiboo.eu\/wp-content\/uploads\/2026\/04\/Photoroom_20260417_153022-1280x1280.jpeg\" \/>\n\t<meta property=\"og:image:width\" content=\"1280\" \/>\n\t<meta property=\"og:image:height\" content=\"1280\" \/>\n\t<meta property=\"og:image:type\" content=\"image\/jpeg\" \/>\n<meta name=\"twitter:card\" content=\"summary_large_image\" \/>\n<meta name=\"twitter:label1\" content=\"Geschatte leestijd\" \/>\n\t<meta name=\"twitter:data1\" content=\"1 minuut\" \/>\n<script type=\"application\/ld+json\" class=\"yoast-schema-graph\">{\"@context\":\"https:\/\/schema.org\",\"@graph\":[{\"@type\":\"WebPage\",\"@id\":\"https:\/\/bidiboo.eu\/produit\/peignoir-hugo\/\",\"url\":\"https:\/\/bidiboo.eu\/produit\/peignoir-hugo\/\",\"name\":\"Peignoir Hugo - BidiBoo\",\"isPartOf\":{\"@id\":\"https:\/\/bidiboo.eu\/#website\"},\"primaryImageOfPage\":{\"@id\":\"https:\/\/bidiboo.eu\/produit\/peignoir-hugo\/#primaryimage\"},\"image\":{\"@id\":\"https:\/\/bidiboo.eu\/produit\/peignoir-hugo\/#primaryimage\"},\"thumbnailUrl\":\"https:\/\/bidiboo.eu\/wp-content\/uploads\/2026\/04\/Photoroom_20260417_153022.jpeg\",\"datePublished\":\"2026-04-21T10:29:18+00:00\",\"dateModified\":\"2026-04-21T10:32:24+00:00\",\"breadcrumb\":{\"@id\":\"https:\/\/bidiboo.eu\/produit\/peignoir-hugo\/#breadcrumb\"},\"inLanguage\":\"nl-BE\",\"potentialAction\":[{\"@type\":\"ReadAction\",\"target\":[\"https:\/\/bidiboo.eu\/produit\/peignoir-hugo\/\"]}]},{\"@type\":\"ImageObject\",\"inLanguage\":\"nl-BE\",\"@id\":\"https:\/\/bidiboo.eu\/produit\/peignoir-hugo\/#primaryimage\",\"url\":\"https:\/\/bidiboo.eu\/wp-content\/uploads\/2026\/04\/Photoroom_20260417_153022.jpeg\",\"contentUrl\":\"https:\/\/bidiboo.eu\/wp-content\/uploads\/2026\/04\/Photoroom_20260417_153022.jpeg\",\"width\":2400,\"height\":2400},{\"@type\":\"BreadcrumbList\",\"@id\":\"https:\/\/bidiboo.eu\/produit\/peignoir-hugo\/#breadcrumb\",\"itemListElement\":[{\"@type\":\"ListItem\",\"position\":1,\"name\":\"Accueil\",\"item\":\"https:\/\/bidiboo.eu\/\"},{\"@type\":\"ListItem\",\"position\":2,\"name\":\"La Boutique Bidi&#8217;Boo\",\"item\":\"https:\/\/bidiboo.eu\/la-boutique-bidiboo\/\"},{\"@type\":\"ListItem\",\"position\":3,\"name\":\"Peignoir Hugo\"}]},{\"@type\":\"WebSite\",\"@id\":\"https:\/\/bidiboo.eu\/#website\",\"url\":\"https:\/\/bidiboo.eu\/\",\"name\":\"BidiBoo\",\"description\":\"\",\"publisher\":{\"@id\":\"https:\/\/bidiboo.eu\/#organization\"},\"potentialAction\":[{\"@type\":\"SearchAction\",\"target\":{\"@type\":\"EntryPoint\",\"urlTemplate\":\"https:\/\/bidiboo.eu\/?s={search_term_string}\"},\"query-input\":{\"@type\":\"PropertyValueSpecification\",\"valueRequired\":true,\"valueName\":\"search_term_string\"}}],\"inLanguage\":\"nl-BE\"},{\"@type\":\"Organization\",\"@id\":\"https:\/\/bidiboo.eu\/#organization\",\"name\":\"Bidiboo\",\"url\":\"https:\/\/bidiboo.eu\/\",\"logo\":{\"@type\":\"ImageObject\",\"inLanguage\":\"nl-BE\",\"@id\":\"https:\/\/bidiboo.eu\/#\/schema\/logo\/image\/\",\"url\":\"https:\/\/bidiboo.eu\/wp-content\/uploads\/2022\/04\/Logo-BidiBoo.png\",\"contentUrl\":\"https:\/\/bidiboo.eu\/wp-content\/uploads\/2022\/04\/Logo-BidiBoo.png\",\"width\":941,\"height\":926,\"caption\":\"Bidiboo\"},\"image\":{\"@id\":\"https:\/\/bidiboo.eu\/#\/schema\/logo\/image\/\"},\"sameAs\":[\"https:\/\/www.facebook.com\/BidiBoocreations\",\"https:\/\/www.instagram.com\/bidiboo.creations\/\"]}]}<\/script>\n<!-- \/ Yoast SEO plugin. -->","yoast_head_json":{"title":"Peignoir Hugo - BidiBoo","robots":{"index":"index","follow":"follow","max-snippet":"max-snippet:-1","max-image-preview":"max-image-preview:large","max-video-preview":"max-video-preview:-1"},"canonical":"https:\/\/bidiboo.eu\/nl\/product\/peignoir-hugo\/","og_locale":"nl_BE","og_type":"article","og_title":"Peignoir Hugo - BidiBoo","og_description":"Peignoir enfant en \u00e9ponge l\u00e9opard fait main Offrez \u00e0 votre enfant un peignoir en \u00e9ponge doux, confortable et fait main, id\u00e9al pour les sorties de bain, la piscine, la plage ou comme pilou confortable. Un peignoir enfant pratique et pens\u00e9 pour le quotidien Ce mod\u00e8le est dot\u00e9 d\u2019une ceinture attach\u00e9e pour \u00e9viter toute perte. Contrairement aux peignoirs classiques, la ceinture reste fix\u00e9e au v\u00eatement : plus besoin de chercher dans la chambre ou le sac de sport. Sa coupe confortable permet \u00e0 l\u2019enfant de bouger librement tout en restant bien couvert et au chaud. Les atouts du peignoir enfant fait main Peignoir enfant en \u00e9ponge douce Fabrication artisanale et finitions soign\u00e9es Ceinture attach\u00e9e pour plus de praticit\u00e9 Id\u00e9al en sortie de bain, piscine ou vacances Cadeau original et utile pour enfant Ce peignoir l\u00e9opard enfant est un indispensable du quotidien : pratique pour les parents, confortable pour les enfants, et styl\u00e9 pour les petits fans de motifs sauvages.","og_url":"https:\/\/bidiboo.eu\/nl\/product\/peignoir-hugo\/","og_site_name":"BidiBoo","article_publisher":"https:\/\/www.facebook.com\/BidiBoocreations","article_modified_time":"2026-04-21T10:32:24+00:00","og_image":[{"width":1280,"height":1280,"url":"https:\/\/bidiboo.eu\/wp-content\/uploads\/2026\/04\/Photoroom_20260417_153022-1280x1280.jpeg","type":"image\/jpeg"}],"twitter_card":"summary_large_image","twitter_misc":{"Geschatte leestijd":"1 minuut"},"schema":{"@context":"https:\/\/schema.org","@graph":[{"@type":"WebPage","@id":"https:\/\/bidiboo.eu\/produit\/peignoir-hugo\/","url":"https:\/\/bidiboo.eu\/produit\/peignoir-hugo\/","name":"Peignoir Hugo - BidiBoo","isPartOf":{"@id":"https:\/\/bidiboo.eu\/#website"},"primaryImageOfPage":{"@id":"https:\/\/bidiboo.eu\/produit\/peignoir-hugo\/#primaryimage"},"image":{"@id":"https:\/\/bidiboo.eu\/produit\/peignoir-hugo\/#primaryimage"},"thumbnailUrl":"https:\/\/bidiboo.eu\/wp-content\/uploads\/2026\/04\/Photoroom_20260417_153022.jpeg","datePublished":"2026-04-21T10:29:18+00:00","dateModified":"2026-04-21T10:32:24+00:00","breadcrumb":{"@id":"https:\/\/bidiboo.eu\/produit\/peignoir-hugo\/#breadcrumb"},"inLanguage":"nl-BE","potentialAction":[{"@type":"ReadAction","target":["https:\/\/bidiboo.eu\/produit\/peignoir-hugo\/"]}]},{"@type":"ImageObject","inLanguage":"nl-BE","@id":"https:\/\/bidiboo.eu\/produit\/peignoir-hugo\/#primaryimage","url":"https:\/\/bidiboo.eu\/wp-content\/uploads\/2026\/04\/Photoroom_20260417_153022.jpeg","contentUrl":"https:\/\/bidiboo.eu\/wp-content\/uploads\/2026\/04\/Photoroom_20260417_153022.jpeg","width":2400,"height":2400},{"@type":"BreadcrumbList","@id":"https:\/\/bidiboo.eu\/produit\/peignoir-hugo\/#breadcrumb","itemListElement":[{"@type":"ListItem","position":1,"name":"Accueil","item":"https:\/\/bidiboo.eu\/"},{"@type":"ListItem","position":2,"name":"La Boutique Bidi&#8217;Boo","item":"https:\/\/bidiboo.eu\/la-boutique-bidiboo\/"},{"@type":"ListItem","position":3,"name":"Peignoir Hugo"}]},{"@type":"WebSite","@id":"https:\/\/bidiboo.eu\/#website","url":"https:\/\/bidiboo.eu\/","name":"BidiBoo","description":"","publisher":{"@id":"https:\/\/bidiboo.eu\/#organization"},"potentialAction":[{"@type":"SearchAction","target":{"@type":"EntryPoint","urlTemplate":"https:\/\/bidiboo.eu\/?s={search_term_string}"},"query-input":{"@type":"PropertyValueSpecification","valueRequired":true,"valueName":"search_term_string"}}],"inLanguage":"nl-BE"},{"@type":"Organization","@id":"https:\/\/bidiboo.eu\/#organization","name":"Bidiboo","url":"https:\/\/bidiboo.eu\/","logo":{"@type":"ImageObject","inLanguage":"nl-BE","@id":"https:\/\/bidiboo.eu\/#\/schema\/logo\/image\/","url":"https:\/\/bidiboo.eu\/wp-content\/uploads\/2022\/04\/Logo-BidiBoo.png","contentUrl":"https:\/\/bidiboo.eu\/wp-content\/uploads\/2022\/04\/Logo-BidiBoo.png","width":941,"height":926,"caption":"Bidiboo"},"image":{"@id":"https:\/\/bidiboo.eu\/#\/schema\/logo\/image\/"},"sameAs":["https:\/\/www.facebook.com\/BidiBoocreations","https:\/\/www.instagram.com\/bidiboo.creations\/"]}]}},"acf":[],"jetpack_likes_enabled":false,"_links":{"self":[{"href":"https:\/\/bidiboo.eu\/nl\/wp-json\/wp\/v2\/product\/31134","targetHints":{"allow":["GET"]}}],"collection":[{"href":"https:\/\/bidiboo.eu\/nl\/wp-json\/wp\/v2\/product"}],"about":[{"href":"https:\/\/bidiboo.eu\/nl\/wp-json\/wp\/v2\/types\/product"}],"replies":[{"embeddable":true,"href":"https:\/\/bidiboo.eu\/nl\/wp-json\/wp\/v2\/comments?post=31134"}],"version-history":[{"count":0,"href":"https:\/\/bidiboo.eu\/nl\/wp-json\/wp\/v2\/product\/31134\/revisions"}],"wp:featuredmedia":[{"embeddable":true,"href":"https:\/\/bidiboo.eu\/nl\/wp-json\/wp\/v2\/media\/31140"}],"wp:attachment":[{"href":"https:\/\/bidiboo.eu\/nl\/wp-json\/wp\/v2\/media?parent=31134"}],"wp:term":[{"taxonomy":"product_brand","embeddable":true,"href":"https:\/\/bidiboo.eu\/nl\/wp-json\/wp\/v2\/product_brand?post=31134"},{"taxonomy":"product_cat","embeddable":true,"href":"https:\/\/bidiboo.eu\/nl\/wp-json\/wp\/v2\/product_cat?post=31134"},{"taxonomy":"product_tag","embeddable":true,"href":"https:\/\/bidiboo.eu\/nl\/wp-json\/wp\/v2\/product_tag?post=31134"}],"curies":[{"name":"wp","href":"https:\/\/api.w.org\/{rel}","templated":true}]}}