{"id":31007,"date":"2026-04-14T11:16:22","date_gmt":"2026-04-14T09:16:22","guid":{"rendered":"https:\/\/bidiboo.eu\/?post_type=product&#038;p=31007"},"modified":"2026-04-14T19:48:16","modified_gmt":"2026-04-14T17:48:16","slug":"foulard-reversible-romane-2","status":"publish","type":"product","link":"https:\/\/bidiboo.eu\/nl\/product\/foulard-reversible-romane-2\/","title":{"rendered":"Omkeerbare Romane-sjaal"},"content":{"rendered":"<h4>Bidi&#039;Boo omkeerbare sjaal:<\/h4>\n<p><strong>Een veelzijdig accessoire voor uw kinderen<\/strong><\/p>\n<p>De omkeerbare sjaal <a href=\"https:\/\/www.instagram.com\/bidiboo.creations\/\"><strong>Bidi&#039;Boo<\/strong><\/a> is het perfecte accessoire om de outfits van uw kinderen compleet te maken. Maar dat is niet alles! Dat is hij ook <strong>een waardevolle bondgenoot<\/strong> tijdens het doorkomen van tandjes, het behouden van de<strong> kleren<\/strong> van je kleintjes <strong>droog<\/strong>. Ontdek hoe deze omkeerbare sjaal beide kan zijn <strong>elegant<\/strong> En<strong> praktisch<\/strong> in het dagelijks leven van uw kleintjes.<\/p>\n<h4>Stijl en veelzijdigheid:<\/h4>\n<p>Met zijn ontwerp<strong> omkeerbaar<\/strong>, deze sjaal biedt \u00e9\u00e9n accessoire. Je kunt gemakkelijk veranderen <strong>Look<\/strong> door simpelweg de sjaal te draaien. Bovendien zijn de patronen en kleuren dat wel <strong>diepgaand<\/strong> gekozen voor verschillende outfits en gelegenheden.<\/p>\n<h4>Bescherming tegen tandjes krijgen:<\/h4>\n<p>Tandjes krijgen kan lastig zijn voor kinderen en hun ouders. DE <strong>Omkeerbare sjaal<\/strong> wordt dan een essenti\u00eble metgezel. Zijn voering <strong>absorberend<\/strong> in <strong>katoen<\/strong> is ontworpen om te behouden<strong> kleren<\/strong> van uw kind<strong> droog<\/strong>, waardoor irritatie veroorzaakt door speeksel en kwijlen wordt vermeden.<\/p>\n<h4>Kwaliteit en ambachtelijke productie:<\/h4>\n<p><a href=\"https:\/\/bidiboo.eu\/nl\/a-propos-de-bidiboo\/\">Bij het huis van <strong>Bidi&#039;Boo<\/strong><\/a>, wij verlenen een <strong>groot belang<\/strong> naar de<strong> kwaliteit<\/strong> van onze producten. Elke omkeerbare sjaal is dat wel <strong>handgemaakt<\/strong> met <strong>zorg<\/strong> en let op<strong> details<\/strong>. Patronen en lay-outs kunnen per creatie enigszins vari\u00ebren, waardoor elke sjaal ontstaat <strong>uniek<\/strong> En<strong> speciaal.<\/strong><\/p>\n<p><strong>Aanbod<\/strong> uw kinderen een omkeerbare sjaal <strong>veelzijdig<\/strong> En <strong>praktisch<\/strong> om hun outfits compleet te maken <strong>beschermen<\/strong> tijdens tandjes krijgen. Bestel nu uw<strong> Omkeerbare sjaal<\/strong> en ontdek de perfecte combinatie tussen <strong>stijl<\/strong> En <strong>functionaliteit.<\/strong><\/p>\n<p>De omkeerbare sjaal <strong>Bidi&#039;Boo<\/strong> is daar<strong>&#039;Ideaal accessoire<\/strong> om een vleugje toe te voegen<strong> stijl<\/strong> naar de kledingkast<strong> jouw kinderen<\/strong> terwijl ze worden beschermd tijdens het doorkomen van tandjes.<strong> Handgemaakt<\/strong> met <strong>Liefde<\/strong>, elke sjaal is <strong>uniek<\/strong> en van <strong>hoge kwaliteit<\/strong>. Mis de kans niet<strong>&#039;aan te bieden<\/strong> voor je kleintjes een omkeerbare sjaal <strong>veelzijdig<\/strong> En <strong>praktisch<\/strong>.<\/p>","protected":false},"excerpt":{"rendered":"<p><strong>Een veelzijdig accessoire voor uw kinderen<\/strong><\/p>\n<p>De omkeerbare sjaal <a href=\"https:\/\/www.instagram.com\/bidiboo.creations\/\"><strong>Bidi&#039;Boo<\/strong><\/a> is het perfecte accessoire om de outfits van uw kinderen compleet te maken. Maar dat is niet alles! Dat is hij ook <strong>een waardevolle bondgenoot<\/strong> tijdens het doorkomen van tandjes, het behouden van de<strong> kleren<\/strong> van je kleintjes <strong>droog<\/strong>. Ontdek hoe deze omkeerbare sjaal beide kan zijn <strong>elegant<\/strong> En<strong> praktisch<\/strong> in het dagelijks leven van uw kleintjes<\/p>","protected":false},"featured_media":24922,"comment_status":"open","ping_status":"closed","template":"","meta":{"_editorskit_title_hidden":false,"_editorskit_reading_time":0,"_editorskit_is_block_options_detached":false,"_editorskit_block_options_position":"{}","inline_featured_image":false},"product_brand":[],"product_cat":[561],"product_tag":[436,339,489,318],"class_list":{"0":"post-31007","1":"product","2":"type-product","3":"status-publish","4":"has-post-thumbnail","6":"product_cat-prix-ronds","7":"product_tag-foulard","8":"product_tag-foulard-enfant","9":"product_tag-foulard-ligne","10":"product_tag-foulard-reversible","12":"first","13":"instock","14":"taxable","15":"shipping-taxable","16":"purchasable","17":"product-type-simple"},"yoast_head":"<!-- This site is optimized with the Yoast SEO plugin v25.7 - https:\/\/yoast.com\/wordpress\/plugins\/seo\/ -->\n<title>Foulard r\u00e9versible Romane - BidiBoo -Protection - Douceur-Qualit\u00e9<\/title>\n<meta name=\"description\" content=\"Foulard r\u00e9versible Bidi&#039;Boo : Style et fonctionnalit\u00e9 r\u00e9unis dans cet accessoire polyvalent pour enfants. Commandez d\u00e8s maintenant sur www.bidiboo.eu\" \/>\n<meta name=\"robots\" content=\"index, follow, max-snippet:-1, max-image-preview:large, max-video-preview:-1\" \/>\n<link rel=\"canonical\" href=\"https:\/\/bidiboo.eu\/nl\/product\/foulard-reversible-romane-2\/\" \/>\n<meta property=\"og:locale\" content=\"nl_BE\" \/>\n<meta property=\"og:type\" content=\"article\" \/>\n<meta property=\"og:title\" content=\"Foulard r\u00e9versible Romane - BidiBoo -Protection - Douceur-Qualit\u00e9\" \/>\n<meta property=\"og:description\" content=\"Foulard r\u00e9versible Bidi&#039;Boo : Style et fonctionnalit\u00e9 r\u00e9unis dans cet accessoire polyvalent pour enfants. Commandez d\u00e8s maintenant sur www.bidiboo.eu\" \/>\n<meta property=\"og:url\" content=\"https:\/\/bidiboo.eu\/nl\/product\/foulard-reversible-romane-2\/\" \/>\n<meta property=\"og:site_name\" content=\"BidiBoo\" \/>\n<meta property=\"article:publisher\" content=\"https:\/\/www.facebook.com\/BidiBoocreations\" \/>\n<meta property=\"article:modified_time\" content=\"2026-04-14T17:48:16+00:00\" \/>\n<meta property=\"og:image\" content=\"https:\/\/bidiboo.eu\/wp-content\/uploads\/2025\/04\/Photoroom_20250428_151450-1280x1280.jpeg\" \/>\n\t<meta property=\"og:image:width\" content=\"1280\" \/>\n\t<meta property=\"og:image:height\" content=\"1280\" \/>\n\t<meta property=\"og:image:type\" content=\"image\/jpeg\" \/>\n<meta name=\"twitter:card\" content=\"summary_large_image\" \/>\n<meta name=\"twitter:label1\" content=\"Geschatte leestijd\" \/>\n\t<meta name=\"twitter:data1\" content=\"2 minuten\" \/>\n<script type=\"application\/ld+json\" class=\"yoast-schema-graph\">{\"@context\":\"https:\/\/schema.org\",\"@graph\":[{\"@type\":\"WebPage\",\"@id\":\"https:\/\/bidiboo.eu\/produit\/foulard-reversible-romane-2\/\",\"url\":\"https:\/\/bidiboo.eu\/produit\/foulard-reversible-romane-2\/\",\"name\":\"Foulard r\u00e9versible Romane - BidiBoo -Protection - Douceur-Qualit\u00e9\",\"isPartOf\":{\"@id\":\"https:\/\/bidiboo.eu\/#website\"},\"primaryImageOfPage\":{\"@id\":\"https:\/\/bidiboo.eu\/produit\/foulard-reversible-romane-2\/#primaryimage\"},\"image\":{\"@id\":\"https:\/\/bidiboo.eu\/produit\/foulard-reversible-romane-2\/#primaryimage\"},\"thumbnailUrl\":\"https:\/\/bidiboo.eu\/wp-content\/uploads\/2025\/04\/Photoroom_20250428_151450.jpeg\",\"datePublished\":\"2026-04-14T09:16:22+00:00\",\"dateModified\":\"2026-04-14T17:48:16+00:00\",\"description\":\"Foulard r\u00e9versible Bidi'Boo : Style et fonctionnalit\u00e9 r\u00e9unis dans cet accessoire polyvalent pour enfants. Commandez d\u00e8s maintenant sur www.bidiboo.eu\",\"breadcrumb\":{\"@id\":\"https:\/\/bidiboo.eu\/produit\/foulard-reversible-romane-2\/#breadcrumb\"},\"inLanguage\":\"nl-BE\",\"potentialAction\":[{\"@type\":\"ReadAction\",\"target\":[\"https:\/\/bidiboo.eu\/produit\/foulard-reversible-romane-2\/\"]}]},{\"@type\":\"ImageObject\",\"inLanguage\":\"nl-BE\",\"@id\":\"https:\/\/bidiboo.eu\/produit\/foulard-reversible-romane-2\/#primaryimage\",\"url\":\"https:\/\/bidiboo.eu\/wp-content\/uploads\/2025\/04\/Photoroom_20250428_151450.jpeg\",\"contentUrl\":\"https:\/\/bidiboo.eu\/wp-content\/uploads\/2025\/04\/Photoroom_20250428_151450.jpeg\",\"width\":2400,\"height\":2400},{\"@type\":\"BreadcrumbList\",\"@id\":\"https:\/\/bidiboo.eu\/produit\/foulard-reversible-romane-2\/#breadcrumb\",\"itemListElement\":[{\"@type\":\"ListItem\",\"position\":1,\"name\":\"Accueil\",\"item\":\"https:\/\/bidiboo.eu\/\"},{\"@type\":\"ListItem\",\"position\":2,\"name\":\"La Boutique Bidi&#8217;Boo\",\"item\":\"https:\/\/bidiboo.eu\/la-boutique-bidiboo\/\"},{\"@type\":\"ListItem\",\"position\":3,\"name\":\"Foulard r\u00e9versible Romane\"}]},{\"@type\":\"WebSite\",\"@id\":\"https:\/\/bidiboo.eu\/#website\",\"url\":\"https:\/\/bidiboo.eu\/\",\"name\":\"BidiBoo\",\"description\":\"\",\"publisher\":{\"@id\":\"https:\/\/bidiboo.eu\/#organization\"},\"potentialAction\":[{\"@type\":\"SearchAction\",\"target\":{\"@type\":\"EntryPoint\",\"urlTemplate\":\"https:\/\/bidiboo.eu\/?s={search_term_string}\"},\"query-input\":{\"@type\":\"PropertyValueSpecification\",\"valueRequired\":true,\"valueName\":\"search_term_string\"}}],\"inLanguage\":\"nl-BE\"},{\"@type\":\"Organization\",\"@id\":\"https:\/\/bidiboo.eu\/#organization\",\"name\":\"Bidiboo\",\"url\":\"https:\/\/bidiboo.eu\/\",\"logo\":{\"@type\":\"ImageObject\",\"inLanguage\":\"nl-BE\",\"@id\":\"https:\/\/bidiboo.eu\/#\/schema\/logo\/image\/\",\"url\":\"https:\/\/bidiboo.eu\/wp-content\/uploads\/2022\/04\/Logo-BidiBoo.png\",\"contentUrl\":\"https:\/\/bidiboo.eu\/wp-content\/uploads\/2022\/04\/Logo-BidiBoo.png\",\"width\":941,\"height\":926,\"caption\":\"Bidiboo\"},\"image\":{\"@id\":\"https:\/\/bidiboo.eu\/#\/schema\/logo\/image\/\"},\"sameAs\":[\"https:\/\/www.facebook.com\/BidiBoocreations\",\"https:\/\/www.instagram.com\/bidiboo.creations\/\"]}]}<\/script>\n<!-- \/ Yoast SEO plugin. -->","yoast_head_json":{"title":"Foulard r\u00e9versible Romane - BidiBoo -Protection - Douceur-Qualit\u00e9","description":"Foulard r\u00e9versible Bidi'Boo : Style et fonctionnalit\u00e9 r\u00e9unis dans cet accessoire polyvalent pour enfants. Commandez d\u00e8s maintenant sur www.bidiboo.eu","robots":{"index":"index","follow":"follow","max-snippet":"max-snippet:-1","max-image-preview":"max-image-preview:large","max-video-preview":"max-video-preview:-1"},"canonical":"https:\/\/bidiboo.eu\/nl\/product\/foulard-reversible-romane-2\/","og_locale":"nl_BE","og_type":"article","og_title":"Foulard r\u00e9versible Romane - BidiBoo -Protection - Douceur-Qualit\u00e9","og_description":"Foulard r\u00e9versible Bidi'Boo : Style et fonctionnalit\u00e9 r\u00e9unis dans cet accessoire polyvalent pour enfants. Commandez d\u00e8s maintenant sur www.bidiboo.eu","og_url":"https:\/\/bidiboo.eu\/nl\/product\/foulard-reversible-romane-2\/","og_site_name":"BidiBoo","article_publisher":"https:\/\/www.facebook.com\/BidiBoocreations","article_modified_time":"2026-04-14T17:48:16+00:00","og_image":[{"width":1280,"height":1280,"url":"https:\/\/bidiboo.eu\/wp-content\/uploads\/2025\/04\/Photoroom_20250428_151450-1280x1280.jpeg","type":"image\/jpeg"}],"twitter_card":"summary_large_image","twitter_misc":{"Geschatte leestijd":"2 minuten"},"schema":{"@context":"https:\/\/schema.org","@graph":[{"@type":"WebPage","@id":"https:\/\/bidiboo.eu\/produit\/foulard-reversible-romane-2\/","url":"https:\/\/bidiboo.eu\/produit\/foulard-reversible-romane-2\/","name":"Foulard r\u00e9versible Romane - BidiBoo -Protection - Douceur-Qualit\u00e9","isPartOf":{"@id":"https:\/\/bidiboo.eu\/#website"},"primaryImageOfPage":{"@id":"https:\/\/bidiboo.eu\/produit\/foulard-reversible-romane-2\/#primaryimage"},"image":{"@id":"https:\/\/bidiboo.eu\/produit\/foulard-reversible-romane-2\/#primaryimage"},"thumbnailUrl":"https:\/\/bidiboo.eu\/wp-content\/uploads\/2025\/04\/Photoroom_20250428_151450.jpeg","datePublished":"2026-04-14T09:16:22+00:00","dateModified":"2026-04-14T17:48:16+00:00","description":"Foulard r\u00e9versible Bidi'Boo : Style et fonctionnalit\u00e9 r\u00e9unis dans cet accessoire polyvalent pour enfants. Commandez d\u00e8s maintenant sur www.bidiboo.eu","breadcrumb":{"@id":"https:\/\/bidiboo.eu\/produit\/foulard-reversible-romane-2\/#breadcrumb"},"inLanguage":"nl-BE","potentialAction":[{"@type":"ReadAction","target":["https:\/\/bidiboo.eu\/produit\/foulard-reversible-romane-2\/"]}]},{"@type":"ImageObject","inLanguage":"nl-BE","@id":"https:\/\/bidiboo.eu\/produit\/foulard-reversible-romane-2\/#primaryimage","url":"https:\/\/bidiboo.eu\/wp-content\/uploads\/2025\/04\/Photoroom_20250428_151450.jpeg","contentUrl":"https:\/\/bidiboo.eu\/wp-content\/uploads\/2025\/04\/Photoroom_20250428_151450.jpeg","width":2400,"height":2400},{"@type":"BreadcrumbList","@id":"https:\/\/bidiboo.eu\/produit\/foulard-reversible-romane-2\/#breadcrumb","itemListElement":[{"@type":"ListItem","position":1,"name":"Accueil","item":"https:\/\/bidiboo.eu\/"},{"@type":"ListItem","position":2,"name":"La Boutique Bidi&#8217;Boo","item":"https:\/\/bidiboo.eu\/la-boutique-bidiboo\/"},{"@type":"ListItem","position":3,"name":"Foulard r\u00e9versible Romane"}]},{"@type":"WebSite","@id":"https:\/\/bidiboo.eu\/#website","url":"https:\/\/bidiboo.eu\/","name":"BidiBoo","description":"","publisher":{"@id":"https:\/\/bidiboo.eu\/#organization"},"potentialAction":[{"@type":"SearchAction","target":{"@type":"EntryPoint","urlTemplate":"https:\/\/bidiboo.eu\/?s={search_term_string}"},"query-input":{"@type":"PropertyValueSpecification","valueRequired":true,"valueName":"search_term_string"}}],"inLanguage":"nl-BE"},{"@type":"Organization","@id":"https:\/\/bidiboo.eu\/#organization","name":"Bidiboo","url":"https:\/\/bidiboo.eu\/","logo":{"@type":"ImageObject","inLanguage":"nl-BE","@id":"https:\/\/bidiboo.eu\/#\/schema\/logo\/image\/","url":"https:\/\/bidiboo.eu\/wp-content\/uploads\/2022\/04\/Logo-BidiBoo.png","contentUrl":"https:\/\/bidiboo.eu\/wp-content\/uploads\/2022\/04\/Logo-BidiBoo.png","width":941,"height":926,"caption":"Bidiboo"},"image":{"@id":"https:\/\/bidiboo.eu\/#\/schema\/logo\/image\/"},"sameAs":["https:\/\/www.facebook.com\/BidiBoocreations","https:\/\/www.instagram.com\/bidiboo.creations\/"]}]}},"acf":[],"jetpack_likes_enabled":false,"_links":{"self":[{"href":"https:\/\/bidiboo.eu\/nl\/wp-json\/wp\/v2\/product\/31007","targetHints":{"allow":["GET"]}}],"collection":[{"href":"https:\/\/bidiboo.eu\/nl\/wp-json\/wp\/v2\/product"}],"about":[{"href":"https:\/\/bidiboo.eu\/nl\/wp-json\/wp\/v2\/types\/product"}],"replies":[{"embeddable":true,"href":"https:\/\/bidiboo.eu\/nl\/wp-json\/wp\/v2\/comments?post=31007"}],"version-history":[{"count":0,"href":"https:\/\/bidiboo.eu\/nl\/wp-json\/wp\/v2\/product\/31007\/revisions"}],"wp:featuredmedia":[{"embeddable":true,"href":"https:\/\/bidiboo.eu\/nl\/wp-json\/wp\/v2\/media\/24922"}],"wp:attachment":[{"href":"https:\/\/bidiboo.eu\/nl\/wp-json\/wp\/v2\/media?parent=31007"}],"wp:term":[{"taxonomy":"product_brand","embeddable":true,"href":"https:\/\/bidiboo.eu\/nl\/wp-json\/wp\/v2\/product_brand?post=31007"},{"taxonomy":"product_cat","embeddable":true,"href":"https:\/\/bidiboo.eu\/nl\/wp-json\/wp\/v2\/product_cat?post=31007"},{"taxonomy":"product_tag","embeddable":true,"href":"https:\/\/bidiboo.eu\/nl\/wp-json\/wp\/v2\/product_tag?post=31007"}],"curies":[{"name":"wp","href":"https:\/\/api.w.org\/{rel}","templated":true}]}}