{"id":30991,"date":"2026-04-14T10:48:53","date_gmt":"2026-04-14T08:48:53","guid":{"rendered":"https:\/\/bidiboo.eu\/?post_type=product&#038;p=30991"},"modified":"2026-04-14T19:41:34","modified_gmt":"2026-04-14T17:41:34","slug":"doudou-lapin-monkey-2","status":"publish","type":"product","link":"https:\/\/bidiboo.eu\/nl\/product\/doudou-lapin-monkey-2\/","title":{"rendered":"Aap konijn dekbed"},"content":{"rendered":"<h3>Het konijnendekbed <a href=\"https:\/\/www.facebook.com\/BidiBoocreations\">Bidi&#039;Boo<\/a><\/h3>\n<p>Het apenkonijn dekbed <a href=\"https:\/\/www.facebook.com\/BidiBoocreations\">Bidi&#039;Boo<\/a> is veel meer dan alleen een knuffel. Het is een zeer zachte metgezel die uw kind tijdens zijn ontwikkeling zal begeleiden en hem comfort, veiligheid en zachtheid zal bieden. Dit dekbed is handgemaakt met liefde en aandacht voor detail en is ontworpen met verschillende aangename en zachte materialen, zorgvuldig geselecteerd om een rustgevende textuur te bieden aan de delicate aanraking van uw kleine schat.<\/p>\n<h3>Aanraakstimulatie<\/h3>\n<p><a href=\"https:\/\/bidiboo.eu\/nl\/product-category\/all\/Rever\/doudou\/\">Bidi&#039;Boo&#039;s konijnendekbed<\/a> heeft vier lussen, waardoor uw kind hem gemakkelijk kan vastpakken en verkennen met zijn nieuwsgierige handjes. De knopen voegen bovendien een extra zintuiglijke dimensie toe, waardoor de motorische ontwikkeling en de hand-oogco\u00f6rdinatie van uw kind worden gestimuleerd.<\/p>\n<h3>Visuele stimulatie<\/h3>\n<p>Maar wat dit dekbed nog specialer maakt, is zijn onweerstaanbare uitstraling. Met zijn schattige ontwerp zal het konijnendekbed zeker de aandacht en genegenheid van uw kind trekken. De grote, zachte ogen en schattige oren van het konijn maken hem tot een schattige metgezel die zeker in de smaak zal vallen.<\/p>\n<h3>Vakmanschap!<\/h3>\n<p>Bovendien is het konijnendekbed van Bidi&#039;Boo handgemaakt, wat betekent dat elk stuk uniek is en het kenmerk van ambachtelijk werk draagt. Patronen en arrangementen kunnen per creatie vari\u00ebren, waardoor elk dekbed een vleugje originaliteit en karakter krijgt. Dit maakt het een bijzonder en gepersonaliseerd cadeau voor uw kind, waardoor het een unieke emotionele band krijgt.<\/p>\n<h3>Gegarandeerde kwaliteit en veiligheid<\/h3>\n<p>Kwaliteit en veiligheid staan centraal bij de productie van Bidi&#039;Boo&#039;s konijnendekbed. Elk dekbed is met zorg ontworpen, waarbij gebruik is gemaakt van hoogwaardige materialen die voldoen aan de strengste veiligheidsnormen. Zo weet je zeker dat jouw kind geniet van een veilig en duurzaam speelkameraadje.<\/p>\n<h3>samengevat<\/h3>\n<p>Geef je kind het beste met het Bidi&#039;Boo konijnendekbed. Een zachte metgezel, handgemaakt met liefde, die de ontwikkeling stimuleert, troost biedt en de ogen van je kleintje laat stralen. Geef hem een knuffel die alles heeft om te behagen en die een dierbare herinnering aan zijn kindertijd zal blijven.<\/p>","protected":false},"excerpt":{"rendered":"<p>Le doudou lapin de Bidi&rsquo;Boo Le doudou lapin monkey de Bidi&rsquo;Boo est bien plus qu&rsquo;un simple jouet en peluche. C&rsquo;est un compagnon tout doux qui accompagnera votre enfant tout au long de son d\u00e9veloppement, lui apportant r\u00e9confort, s\u00e9curit\u00e9 et douceur. Fabriqu\u00e9 \u00e0 la main avec amour et souci du d\u00e9tail, ce doudou est con\u00e7u avec plusieurs mati\u00e8res agr\u00e9ables et douces, soigneusement s\u00e9lectionn\u00e9es pour offrir une texture apaisante au toucher d\u00e9licat de votre petit tr\u00e9sor. Stimulation du toucher Le doudou lapin de Bidi&rsquo;Boo est dot\u00e9 de quatre nouettes, ce qui permet \u00e0 votre enfant de l&rsquo;attraper facilement et de l&rsquo;explorer avec ses petites mains curieuses. Les nouettes ajoutent \u00e9galement une dimension sensorielle suppl\u00e9mentaire, stimulant le d\u00e9veloppement moteur et la coordination \u0153il-main de votre enfant. Stimulation visuelle Mais ce qui rend ce doudou encore plus sp\u00e9cial, c&rsquo;est son apparence irr\u00e9sistible. Avec son design tout mignon, le doudou lapin est s\u00fbr de capturer l&rsquo;attention et l&rsquo;affection de votre enfant. Les grands yeux doux du lapin et ses oreilles adorables en font un compagnon adorable qui plaira \u00e0 coup s\u00fbr. Artisanat ! De plus, le doudou lapin de Bidi&rsquo;Boo est fabriqu\u00e9 \u00e0 la main, ce qui signifie que chaque pi\u00e8ce est unique et porte la marque du travail artisanal. Les motifs et les dispositions peuvent varier d&rsquo;une cr\u00e9ation \u00e0 l&rsquo;autre, ajoutant une touche d&rsquo;originalit\u00e9 et de caract\u00e8re \u00e0 chaque doudou. Cela en fait un cadeau sp\u00e9cial et personnalis\u00e9 pour votre enfant, qui lui apportera un lien affectif unique. Qualit\u00e9 et s\u00e9curit\u00e9 garanties La qualit\u00e9 et la s\u00e9curit\u00e9 sont au c\u0153ur de la fabrication du doudou lapin de Bidi&rsquo;Boo. Chaque doudou est con\u00e7u avec soin, en utilisant des mat\u00e9riaux de haute qualit\u00e9 qui respectent les normes de s\u00e9curit\u00e9 les plus strictes. Vous pouvez donc \u00eatre s\u00fbr que votre enfant profitera d&rsquo;un compagnon de jeu s\u00fbr et durable. En r\u00e9sum\u00e9 Offrez \u00e0 votre enfant le meilleur avec le doudou lapin de Bidi&rsquo;Boo. Un compagnon tout doux, fait main avec amour, qui stimule le d\u00e9veloppement, offre du r\u00e9confort et fait briller les yeux de votre tout-petit. Donnez-lui un doudou qui a tout pour plaire et qui restera un pr\u00e9cieux souvenir de son enfance.<\/p>","protected":false},"featured_media":25290,"comment_status":"open","ping_status":"closed","template":"","meta":{"_editorskit_title_hidden":false,"_editorskit_reading_time":0,"_editorskit_is_block_options_detached":false,"_editorskit_block_options_position":"{}","inline_featured_image":false},"product_brand":[],"product_cat":[561],"product_tag":[416,373,474],"class_list":{"0":"post-30991","1":"product","2":"type-product","3":"status-publish","4":"has-post-thumbnail","6":"product_cat-prix-ronds","7":"product_tag-doudou-bebe","8":"product_tag-doudou-lapin","9":"product_tag-doudou-monkey","11":"first","12":"instock","13":"taxable","14":"shipping-taxable","15":"purchasable","16":"product-type-variable"},"yoast_head":"<!-- This site is optimized with the Yoast SEO plugin v25.7 - https:\/\/yoast.com\/wordpress\/plugins\/seo\/ -->\n<title>Doudou lapin Monkey - BidiBoo -douceur - wow!<\/title>\n<meta name=\"description\" content=\"D\u00e9couvrez le doudou lapin Bidi&#039;Boo : un compagnon tout doux pour votre enfant. Fabriqu\u00e9 \u00e0 la main avec amour, il combine plusieurs mati\u00e8res agr\u00e9ables et douces, avec 4 nouettes. Un doudou mignon et unique qui apporte r\u00e9confort et d\u00e9veloppement. Faites plaisir \u00e0 votre enfant avec le doudou lapin Bidi&#039;Boo.\" \/>\n<meta name=\"robots\" content=\"index, follow, max-snippet:-1, max-image-preview:large, max-video-preview:-1\" \/>\n<link rel=\"canonical\" href=\"https:\/\/bidiboo.eu\/nl\/product\/doudou-lapin-monkey-2\/\" \/>\n<meta property=\"og:locale\" content=\"nl_BE\" \/>\n<meta property=\"og:type\" content=\"article\" \/>\n<meta property=\"og:title\" content=\"Doudou lapin Monkey - BidiBoo -douceur - wow!\" \/>\n<meta property=\"og:description\" content=\"D\u00e9couvrez le doudou lapin Bidi&#039;Boo : un compagnon tout doux pour votre enfant. Fabriqu\u00e9 \u00e0 la main avec amour, il combine plusieurs mati\u00e8res agr\u00e9ables et douces, avec 4 nouettes. Un doudou mignon et unique qui apporte r\u00e9confort et d\u00e9veloppement. Faites plaisir \u00e0 votre enfant avec le doudou lapin Bidi&#039;Boo.\" \/>\n<meta property=\"og:url\" content=\"https:\/\/bidiboo.eu\/nl\/product\/doudou-lapin-monkey-2\/\" \/>\n<meta property=\"og:site_name\" content=\"BidiBoo\" \/>\n<meta property=\"article:publisher\" content=\"https:\/\/www.facebook.com\/BidiBoocreations\" \/>\n<meta property=\"article:modified_time\" content=\"2026-04-14T17:41:34+00:00\" \/>\n<meta property=\"og:image\" content=\"https:\/\/bidiboo.eu\/wp-content\/uploads\/2025\/06\/Photoroom_20250605_100329-1280x1280.jpeg\" \/>\n\t<meta property=\"og:image:width\" content=\"1280\" \/>\n\t<meta property=\"og:image:height\" content=\"1280\" \/>\n\t<meta property=\"og:image:type\" content=\"image\/jpeg\" \/>\n<meta name=\"twitter:card\" content=\"summary_large_image\" \/>\n<meta name=\"twitter:label1\" content=\"Geschatte leestijd\" \/>\n\t<meta name=\"twitter:data1\" content=\"2 minuten\" \/>\n<script type=\"application\/ld+json\" class=\"yoast-schema-graph\">{\"@context\":\"https:\/\/schema.org\",\"@graph\":[{\"@type\":\"WebPage\",\"@id\":\"https:\/\/bidiboo.eu\/produit\/doudou-lapin-monkey-2\/\",\"url\":\"https:\/\/bidiboo.eu\/produit\/doudou-lapin-monkey-2\/\",\"name\":\"Doudou lapin Monkey - BidiBoo -douceur - wow!\",\"isPartOf\":{\"@id\":\"https:\/\/bidiboo.eu\/#website\"},\"primaryImageOfPage\":{\"@id\":\"https:\/\/bidiboo.eu\/produit\/doudou-lapin-monkey-2\/#primaryimage\"},\"image\":{\"@id\":\"https:\/\/bidiboo.eu\/produit\/doudou-lapin-monkey-2\/#primaryimage\"},\"thumbnailUrl\":\"https:\/\/bidiboo.eu\/wp-content\/uploads\/2025\/06\/Photoroom_20250605_100329.jpeg\",\"datePublished\":\"2026-04-14T08:48:53+00:00\",\"dateModified\":\"2026-04-14T17:41:34+00:00\",\"description\":\"D\u00e9couvrez le doudou lapin Bidi'Boo : un compagnon tout doux pour votre enfant. Fabriqu\u00e9 \u00e0 la main avec amour, il combine plusieurs mati\u00e8res agr\u00e9ables et douces, avec 4 nouettes. Un doudou mignon et unique qui apporte r\u00e9confort et d\u00e9veloppement. Faites plaisir \u00e0 votre enfant avec le doudou lapin Bidi'Boo.\",\"breadcrumb\":{\"@id\":\"https:\/\/bidiboo.eu\/produit\/doudou-lapin-monkey-2\/#breadcrumb\"},\"inLanguage\":\"nl-BE\",\"potentialAction\":[{\"@type\":\"ReadAction\",\"target\":[\"https:\/\/bidiboo.eu\/produit\/doudou-lapin-monkey-2\/\"]}]},{\"@type\":\"ImageObject\",\"inLanguage\":\"nl-BE\",\"@id\":\"https:\/\/bidiboo.eu\/produit\/doudou-lapin-monkey-2\/#primaryimage\",\"url\":\"https:\/\/bidiboo.eu\/wp-content\/uploads\/2025\/06\/Photoroom_20250605_100329.jpeg\",\"contentUrl\":\"https:\/\/bidiboo.eu\/wp-content\/uploads\/2025\/06\/Photoroom_20250605_100329.jpeg\",\"width\":2400,\"height\":2400},{\"@type\":\"BreadcrumbList\",\"@id\":\"https:\/\/bidiboo.eu\/produit\/doudou-lapin-monkey-2\/#breadcrumb\",\"itemListElement\":[{\"@type\":\"ListItem\",\"position\":1,\"name\":\"Accueil\",\"item\":\"https:\/\/bidiboo.eu\/\"},{\"@type\":\"ListItem\",\"position\":2,\"name\":\"La Boutique Bidi&#8217;Boo\",\"item\":\"https:\/\/bidiboo.eu\/la-boutique-bidiboo\/\"},{\"@type\":\"ListItem\",\"position\":3,\"name\":\"Doudou lapin Monkey\"}]},{\"@type\":\"WebSite\",\"@id\":\"https:\/\/bidiboo.eu\/#website\",\"url\":\"https:\/\/bidiboo.eu\/\",\"name\":\"BidiBoo\",\"description\":\"\",\"publisher\":{\"@id\":\"https:\/\/bidiboo.eu\/#organization\"},\"potentialAction\":[{\"@type\":\"SearchAction\",\"target\":{\"@type\":\"EntryPoint\",\"urlTemplate\":\"https:\/\/bidiboo.eu\/?s={search_term_string}\"},\"query-input\":{\"@type\":\"PropertyValueSpecification\",\"valueRequired\":true,\"valueName\":\"search_term_string\"}}],\"inLanguage\":\"nl-BE\"},{\"@type\":\"Organization\",\"@id\":\"https:\/\/bidiboo.eu\/#organization\",\"name\":\"Bidiboo\",\"url\":\"https:\/\/bidiboo.eu\/\",\"logo\":{\"@type\":\"ImageObject\",\"inLanguage\":\"nl-BE\",\"@id\":\"https:\/\/bidiboo.eu\/#\/schema\/logo\/image\/\",\"url\":\"https:\/\/bidiboo.eu\/wp-content\/uploads\/2022\/04\/Logo-BidiBoo.png\",\"contentUrl\":\"https:\/\/bidiboo.eu\/wp-content\/uploads\/2022\/04\/Logo-BidiBoo.png\",\"width\":941,\"height\":926,\"caption\":\"Bidiboo\"},\"image\":{\"@id\":\"https:\/\/bidiboo.eu\/#\/schema\/logo\/image\/\"},\"sameAs\":[\"https:\/\/www.facebook.com\/BidiBoocreations\",\"https:\/\/www.instagram.com\/bidiboo.creations\/\"]}]}<\/script>\n<!-- \/ Yoast SEO plugin. -->","yoast_head_json":{"title":"Doudou lapin Monkey - BidiBoo -douceur - wow!","description":"D\u00e9couvrez le doudou lapin Bidi'Boo : un compagnon tout doux pour votre enfant. Fabriqu\u00e9 \u00e0 la main avec amour, il combine plusieurs mati\u00e8res agr\u00e9ables et douces, avec 4 nouettes. Un doudou mignon et unique qui apporte r\u00e9confort et d\u00e9veloppement. Faites plaisir \u00e0 votre enfant avec le doudou lapin Bidi'Boo.","robots":{"index":"index","follow":"follow","max-snippet":"max-snippet:-1","max-image-preview":"max-image-preview:large","max-video-preview":"max-video-preview:-1"},"canonical":"https:\/\/bidiboo.eu\/nl\/product\/doudou-lapin-monkey-2\/","og_locale":"nl_BE","og_type":"article","og_title":"Doudou lapin Monkey - BidiBoo -douceur - wow!","og_description":"D\u00e9couvrez le doudou lapin Bidi'Boo : un compagnon tout doux pour votre enfant. Fabriqu\u00e9 \u00e0 la main avec amour, il combine plusieurs mati\u00e8res agr\u00e9ables et douces, avec 4 nouettes. Un doudou mignon et unique qui apporte r\u00e9confort et d\u00e9veloppement. Faites plaisir \u00e0 votre enfant avec le doudou lapin Bidi'Boo.","og_url":"https:\/\/bidiboo.eu\/nl\/product\/doudou-lapin-monkey-2\/","og_site_name":"BidiBoo","article_publisher":"https:\/\/www.facebook.com\/BidiBoocreations","article_modified_time":"2026-04-14T17:41:34+00:00","og_image":[{"width":1280,"height":1280,"url":"https:\/\/bidiboo.eu\/wp-content\/uploads\/2025\/06\/Photoroom_20250605_100329-1280x1280.jpeg","type":"image\/jpeg"}],"twitter_card":"summary_large_image","twitter_misc":{"Geschatte leestijd":"2 minuten"},"schema":{"@context":"https:\/\/schema.org","@graph":[{"@type":"WebPage","@id":"https:\/\/bidiboo.eu\/produit\/doudou-lapin-monkey-2\/","url":"https:\/\/bidiboo.eu\/produit\/doudou-lapin-monkey-2\/","name":"Doudou lapin Monkey - BidiBoo -douceur - wow!","isPartOf":{"@id":"https:\/\/bidiboo.eu\/#website"},"primaryImageOfPage":{"@id":"https:\/\/bidiboo.eu\/produit\/doudou-lapin-monkey-2\/#primaryimage"},"image":{"@id":"https:\/\/bidiboo.eu\/produit\/doudou-lapin-monkey-2\/#primaryimage"},"thumbnailUrl":"https:\/\/bidiboo.eu\/wp-content\/uploads\/2025\/06\/Photoroom_20250605_100329.jpeg","datePublished":"2026-04-14T08:48:53+00:00","dateModified":"2026-04-14T17:41:34+00:00","description":"D\u00e9couvrez le doudou lapin Bidi'Boo : un compagnon tout doux pour votre enfant. Fabriqu\u00e9 \u00e0 la main avec amour, il combine plusieurs mati\u00e8res agr\u00e9ables et douces, avec 4 nouettes. Un doudou mignon et unique qui apporte r\u00e9confort et d\u00e9veloppement. Faites plaisir \u00e0 votre enfant avec le doudou lapin Bidi'Boo.","breadcrumb":{"@id":"https:\/\/bidiboo.eu\/produit\/doudou-lapin-monkey-2\/#breadcrumb"},"inLanguage":"nl-BE","potentialAction":[{"@type":"ReadAction","target":["https:\/\/bidiboo.eu\/produit\/doudou-lapin-monkey-2\/"]}]},{"@type":"ImageObject","inLanguage":"nl-BE","@id":"https:\/\/bidiboo.eu\/produit\/doudou-lapin-monkey-2\/#primaryimage","url":"https:\/\/bidiboo.eu\/wp-content\/uploads\/2025\/06\/Photoroom_20250605_100329.jpeg","contentUrl":"https:\/\/bidiboo.eu\/wp-content\/uploads\/2025\/06\/Photoroom_20250605_100329.jpeg","width":2400,"height":2400},{"@type":"BreadcrumbList","@id":"https:\/\/bidiboo.eu\/produit\/doudou-lapin-monkey-2\/#breadcrumb","itemListElement":[{"@type":"ListItem","position":1,"name":"Accueil","item":"https:\/\/bidiboo.eu\/"},{"@type":"ListItem","position":2,"name":"La Boutique Bidi&#8217;Boo","item":"https:\/\/bidiboo.eu\/la-boutique-bidiboo\/"},{"@type":"ListItem","position":3,"name":"Doudou lapin Monkey"}]},{"@type":"WebSite","@id":"https:\/\/bidiboo.eu\/#website","url":"https:\/\/bidiboo.eu\/","name":"BidiBoo","description":"","publisher":{"@id":"https:\/\/bidiboo.eu\/#organization"},"potentialAction":[{"@type":"SearchAction","target":{"@type":"EntryPoint","urlTemplate":"https:\/\/bidiboo.eu\/?s={search_term_string}"},"query-input":{"@type":"PropertyValueSpecification","valueRequired":true,"valueName":"search_term_string"}}],"inLanguage":"nl-BE"},{"@type":"Organization","@id":"https:\/\/bidiboo.eu\/#organization","name":"Bidiboo","url":"https:\/\/bidiboo.eu\/","logo":{"@type":"ImageObject","inLanguage":"nl-BE","@id":"https:\/\/bidiboo.eu\/#\/schema\/logo\/image\/","url":"https:\/\/bidiboo.eu\/wp-content\/uploads\/2022\/04\/Logo-BidiBoo.png","contentUrl":"https:\/\/bidiboo.eu\/wp-content\/uploads\/2022\/04\/Logo-BidiBoo.png","width":941,"height":926,"caption":"Bidiboo"},"image":{"@id":"https:\/\/bidiboo.eu\/#\/schema\/logo\/image\/"},"sameAs":["https:\/\/www.facebook.com\/BidiBoocreations","https:\/\/www.instagram.com\/bidiboo.creations\/"]}]}},"acf":[],"jetpack_likes_enabled":false,"_links":{"self":[{"href":"https:\/\/bidiboo.eu\/nl\/wp-json\/wp\/v2\/product\/30991","targetHints":{"allow":["GET"]}}],"collection":[{"href":"https:\/\/bidiboo.eu\/nl\/wp-json\/wp\/v2\/product"}],"about":[{"href":"https:\/\/bidiboo.eu\/nl\/wp-json\/wp\/v2\/types\/product"}],"replies":[{"embeddable":true,"href":"https:\/\/bidiboo.eu\/nl\/wp-json\/wp\/v2\/comments?post=30991"}],"version-history":[{"count":0,"href":"https:\/\/bidiboo.eu\/nl\/wp-json\/wp\/v2\/product\/30991\/revisions"}],"wp:featuredmedia":[{"embeddable":true,"href":"https:\/\/bidiboo.eu\/nl\/wp-json\/wp\/v2\/media\/25290"}],"wp:attachment":[{"href":"https:\/\/bidiboo.eu\/nl\/wp-json\/wp\/v2\/media?parent=30991"}],"wp:term":[{"taxonomy":"product_brand","embeddable":true,"href":"https:\/\/bidiboo.eu\/nl\/wp-json\/wp\/v2\/product_brand?post=30991"},{"taxonomy":"product_cat","embeddable":true,"href":"https:\/\/bidiboo.eu\/nl\/wp-json\/wp\/v2\/product_cat?post=30991"},{"taxonomy":"product_tag","embeddable":true,"href":"https:\/\/bidiboo.eu\/nl\/wp-json\/wp\/v2\/product_tag?post=30991"}],"curies":[{"name":"wp","href":"https:\/\/api.w.org\/{rel}","templated":true}]}}