{"id":30721,"date":"2026-04-07T16:03:01","date_gmt":"2026-04-07T14:03:01","guid":{"rendered":"https:\/\/bidiboo.eu\/?post_type=product&#038;p=30721"},"modified":"2026-04-07T16:43:50","modified_gmt":"2026-04-07T14:43:50","slug":"le-bob-flora","status":"publish","type":"product","link":"https:\/\/bidiboo.eu\/nl\/product\/le-bob-flora\/","title":{"rendered":"LE bob Flora"},"content":{"rendered":"<div class=\"group w-full text-gray-800 dark:text-gray-100 border-b border-black\/10 dark:border-gray-900\/50 bg-gray-50 dark:bg-[#444654]\">\n<div class=\"text-base gap-4 md:gap-6 md:max-w-2xl lg:max-w-xl xl:max-w-3xl p-4 md:py-6 flex lg:px-0 m-auto\">\n<div class=\"relative flex w-[calc(100%-50px)] flex-col gap-1 md:gap-3 lg:w-[calc(100%-115px)]\">\n<div class=\"flex flex-grow flex-col gap-3\">\n<div class=\"min-h-[20px] flex flex-col items-start gap-4 whitespace-pre-wrap break-words\">\n<div class=\"markdown prose w-full break-words dark:prose-invert light\">\n<h4>Bob Bidi&#039;Boo: De perfecte zomerhoed voor je kind<\/h4>\n<p><a href=\"https:\/\/bidiboo.eu\/nl\/product-category\/all\/collection-textile-by-bidiboo\/les-bobs\/\">De Bidi&#039;Boo-bob<\/a> is de ideale zomerhoed om je kind te beschermen tegen de zon en tegelijkertijd een vleugje stijl aan zijn outfit toe te voegen. Gemaakt met zorg en oog voor detail. Deze muts biedt je kind optimaal comfort op zonnige dagen.<\/p>\n<h4>Optimale bescherming tegen de zon:<\/h4>\n<p>Onze Bidi&#039;Boo bob heeft een brede rand die effectieve bescherming biedt tegen de zonnestralen. Het beschermt het gezicht, de oren en de nek van uw kind en vermindert het risico op zonnebrand en hitteberoerte.<\/p>\n<h4>Comfort voor de hele dag:<\/h4>\n<p>Gemaakt met lichtgewicht, ademende materialen. De Bidi&#039;Boo vissershoed garandeert het comfort van uw kind, zelfs bij warm weer. Het voelt zacht aan en veroorzaakt geen irritatie, waardoor uw kind in alle rust kan spelen en plezier heeft.<\/p>\n<h4>Stijl en trend:<\/h4>\n<p>De Bidi&#039;Boo bob is niet alleen functioneel, maar ook nog eens heel trendy. Verkrijgbaar in verschillende leuke kleuren en patronen. Het voegt een vleugje stijl toe aan elke zomeroutfit van uw kind. Het is de perfecte keuze voor strandtrips, picknicks in de open lucht en alle zomeravonturen.<\/p>\n<p>Mis de kans niet om uw kind de Bidi&#039;Boo\u00ae vissershoed aan te bieden.  De perfecte zomerhoed die bescherming tegen de zon, comfort en stijl combineert. Bestel nu in onze online winkel en zorg ervoor dat uw kind veilig en in stijl een zonnige zomer beleeft.<\/p>\n<p><strong>DOOR Bidi\u2019Boo\u00ae<\/strong> Handgemaakt De patronen en hun arrangementen kunnen per creatie vari\u00ebren vanwege hun ambachtelijke karakter.<\/p>\n<p>&nbsp;<\/p>\n<\/div>\n<\/div>\n<\/div>\n<\/div>\n<\/div>\n<\/div>","protected":false},"excerpt":{"rendered":"<p>Bob Bidi&rsquo;Boo : Le chapeau estival parfait pour votre enfant Le bob Bidi&rsquo;Boo est le chapeau estival id\u00e9al pour prot\u00e9ger votre enfant du soleil tout en ajoutant une touche de style \u00e0 sa tenue. Fabriqu\u00e9 avec soin et attention aux d\u00e9tails. Ce chapeau offre \u00e0 votre enfant un confort optimal lors des journ\u00e9es ensoleill\u00e9es. Protection solaire optimale: Notre bob Bidi&rsquo;Boo est dot\u00e9 d&rsquo;un large bord qui offre une protection efficace contre les rayons du soleil. Il prot\u00e8ge le visage, les oreilles et le cou de votre enfant, r\u00e9duisant ainsi les risques de coup de soleil et de coup de chaleur. Confort tout au long de la journ\u00e9e : Fabriqu\u00e9 avec des mat\u00e9riaux l\u00e9gers et respirants. Le bob Bidi&rsquo;Boo garantit le confort de votre enfant m\u00eame par temps chaud. Il est doux au toucher et ne provoque aucune irritation, permettant \u00e0 votre enfant de jouer et de s&rsquo;amuser en toute tranquillit\u00e9. Style et tendance: Le bob Bidi&rsquo;Boo est non seulement fonctionnel, mais \u00e9galement tr\u00e8s tendance. Disponible dans une vari\u00e9t\u00e9 de couleurs et de motifs amusants. Il ajoute une touche de style \u00e0 n&rsquo;importe quelle tenue estivale de votre enfant. Il est le choix parfait pour les sorties \u00e0 la plage, les pique-niques en plein air et toutes les aventures estivales. Ne manquez pas l&rsquo;occasion d&rsquo;offrir \u00e0 votre enfant le bob Bidi&rsquo;Boo\u00ae. \u00a0Le chapeau estival parfait qui allie protection solaire, confort et style. Commandez d\u00e8s maintenant sur notre boutique en ligne et assurez-vous que votre enfant passe un \u00e9t\u00e9 ensoleill\u00e9 en toute s\u00e9curit\u00e9 et avec style. BY Bidi&rsquo;Boo\u00ae Fait main Les motifs et leurs dispositions peuvent varier d&rsquo;une cr\u00e9ation \u00e0 l&rsquo;autre en raison de leur caract\u00e8re artisanal. &nbsp;<\/p>","protected":false},"featured_media":30705,"comment_status":"open","ping_status":"closed","template":"","meta":{"_editorskit_title_hidden":false,"_editorskit_reading_time":0,"_editorskit_is_block_options_detached":false,"_editorskit_block_options_position":"{}","inline_featured_image":false},"product_brand":[],"product_cat":[483,15,456,105,1150],"product_tag":[459,458,457],"class_list":{"0":"post-30721","1":"product","2":"type-product","3":"status-publish","4":"has-post-thumbnail","6":"product_cat-accessoires","7":"product_cat-all","8":"product_cat-bob","9":"product_cat-tidado-collection-bidiboo-bebe-enfant-maman","10":"product_cat-flora","11":"product_tag-bob-dete","12":"product_tag-bob-enfant","13":"product_tag-bobs","15":"first","16":"instock","17":"taxable","18":"shipping-taxable","19":"purchasable","20":"product-type-variable"},"yoast_head":"<!-- This site is optimized with the Yoast SEO plugin v25.7 - https:\/\/yoast.com\/wordpress\/plugins\/seo\/ -->\n<title>LE bob Flora - BidiBoo<\/title>\n<meta name=\"robots\" content=\"index, follow, max-snippet:-1, max-image-preview:large, max-video-preview:-1\" \/>\n<link rel=\"canonical\" href=\"https:\/\/bidiboo.eu\/nl\/product\/le-bob-flora\/\" \/>\n<meta property=\"og:locale\" content=\"nl_BE\" \/>\n<meta property=\"og:type\" content=\"article\" \/>\n<meta property=\"og:title\" content=\"LE bob Flora - BidiBoo\" \/>\n<meta property=\"og:description\" content=\"Bob Bidi&rsquo;Boo : Le chapeau estival parfait pour votre enfant Le bob Bidi&rsquo;Boo est le chapeau estival id\u00e9al pour prot\u00e9ger votre enfant du soleil tout en ajoutant une touche de style \u00e0 sa tenue. Fabriqu\u00e9 avec soin et attention aux d\u00e9tails. Ce chapeau offre \u00e0 votre enfant un confort optimal lors des journ\u00e9es ensoleill\u00e9es. Protection solaire optimale: Notre bob Bidi&rsquo;Boo est dot\u00e9 d&rsquo;un large bord qui offre une protection efficace contre les rayons du soleil. Il prot\u00e8ge le visage, les oreilles et le cou de votre enfant, r\u00e9duisant ainsi les risques de coup de soleil et de coup de chaleur. Confort tout au long de la journ\u00e9e : Fabriqu\u00e9 avec des mat\u00e9riaux l\u00e9gers et respirants. Le bob Bidi&rsquo;Boo garantit le confort de votre enfant m\u00eame par temps chaud. Il est doux au toucher et ne provoque aucune irritation, permettant \u00e0 votre enfant de jouer et de s&rsquo;amuser en toute tranquillit\u00e9. Style et tendance: Le bob Bidi&rsquo;Boo est non seulement fonctionnel, mais \u00e9galement tr\u00e8s tendance. Disponible dans une vari\u00e9t\u00e9 de couleurs et de motifs amusants. Il ajoute une touche de style \u00e0 n&rsquo;importe quelle tenue estivale de votre enfant. Il est le choix parfait pour les sorties \u00e0 la plage, les pique-niques en plein air et toutes les aventures estivales. Ne manquez pas l&rsquo;occasion d&rsquo;offrir \u00e0 votre enfant le bob Bidi&rsquo;Boo\u00ae. \u00a0Le chapeau estival parfait qui allie protection solaire, confort et style. Commandez d\u00e8s maintenant sur notre boutique en ligne et assurez-vous que votre enfant passe un \u00e9t\u00e9 ensoleill\u00e9 en toute s\u00e9curit\u00e9 et avec style. BY Bidi&rsquo;Boo\u00ae Fait main Les motifs et leurs dispositions peuvent varier d&rsquo;une cr\u00e9ation \u00e0 l&rsquo;autre en raison de leur caract\u00e8re artisanal. &nbsp;\" \/>\n<meta property=\"og:url\" content=\"https:\/\/bidiboo.eu\/nl\/product\/le-bob-flora\/\" \/>\n<meta property=\"og:site_name\" content=\"BidiBoo\" \/>\n<meta property=\"article:publisher\" content=\"https:\/\/www.facebook.com\/BidiBoocreations\" \/>\n<meta property=\"article:modified_time\" content=\"2026-04-07T14:43:50+00:00\" \/>\n<meta property=\"og:image\" content=\"https:\/\/bidiboo.eu\/wp-content\/uploads\/2026\/04\/Photoroom_20260407_151306-1280x1280.jpg\" \/>\n\t<meta property=\"og:image:width\" content=\"1280\" \/>\n\t<meta property=\"og:image:height\" content=\"1280\" \/>\n\t<meta property=\"og:image:type\" content=\"image\/jpeg\" \/>\n<meta name=\"twitter:card\" content=\"summary_large_image\" \/>\n<meta name=\"twitter:label1\" content=\"Geschatte leestijd\" \/>\n\t<meta name=\"twitter:data1\" content=\"1 minuut\" \/>\n<script type=\"application\/ld+json\" class=\"yoast-schema-graph\">{\"@context\":\"https:\/\/schema.org\",\"@graph\":[{\"@type\":\"WebPage\",\"@id\":\"https:\/\/bidiboo.eu\/produit\/le-bob-flora\/\",\"url\":\"https:\/\/bidiboo.eu\/produit\/le-bob-flora\/\",\"name\":\"LE bob Flora - BidiBoo\",\"isPartOf\":{\"@id\":\"https:\/\/bidiboo.eu\/#website\"},\"primaryImageOfPage\":{\"@id\":\"https:\/\/bidiboo.eu\/produit\/le-bob-flora\/#primaryimage\"},\"image\":{\"@id\":\"https:\/\/bidiboo.eu\/produit\/le-bob-flora\/#primaryimage\"},\"thumbnailUrl\":\"https:\/\/bidiboo.eu\/wp-content\/uploads\/2026\/04\/Photoroom_20260407_151306.jpg\",\"datePublished\":\"2026-04-07T14:03:01+00:00\",\"dateModified\":\"2026-04-07T14:43:50+00:00\",\"breadcrumb\":{\"@id\":\"https:\/\/bidiboo.eu\/produit\/le-bob-flora\/#breadcrumb\"},\"inLanguage\":\"nl-BE\",\"potentialAction\":[{\"@type\":\"ReadAction\",\"target\":[\"https:\/\/bidiboo.eu\/produit\/le-bob-flora\/\"]}]},{\"@type\":\"ImageObject\",\"inLanguage\":\"nl-BE\",\"@id\":\"https:\/\/bidiboo.eu\/produit\/le-bob-flora\/#primaryimage\",\"url\":\"https:\/\/bidiboo.eu\/wp-content\/uploads\/2026\/04\/Photoroom_20260407_151306.jpg\",\"contentUrl\":\"https:\/\/bidiboo.eu\/wp-content\/uploads\/2026\/04\/Photoroom_20260407_151306.jpg\",\"width\":2400,\"height\":2400},{\"@type\":\"BreadcrumbList\",\"@id\":\"https:\/\/bidiboo.eu\/produit\/le-bob-flora\/#breadcrumb\",\"itemListElement\":[{\"@type\":\"ListItem\",\"position\":1,\"name\":\"Accueil\",\"item\":\"https:\/\/bidiboo.eu\/\"},{\"@type\":\"ListItem\",\"position\":2,\"name\":\"La Boutique Bidi&#8217;Boo\",\"item\":\"https:\/\/bidiboo.eu\/la-boutique-bidiboo\/\"},{\"@type\":\"ListItem\",\"position\":3,\"name\":\"LE bob Flora\"}]},{\"@type\":\"WebSite\",\"@id\":\"https:\/\/bidiboo.eu\/#website\",\"url\":\"https:\/\/bidiboo.eu\/\",\"name\":\"BidiBoo\",\"description\":\"\",\"publisher\":{\"@id\":\"https:\/\/bidiboo.eu\/#organization\"},\"potentialAction\":[{\"@type\":\"SearchAction\",\"target\":{\"@type\":\"EntryPoint\",\"urlTemplate\":\"https:\/\/bidiboo.eu\/?s={search_term_string}\"},\"query-input\":{\"@type\":\"PropertyValueSpecification\",\"valueRequired\":true,\"valueName\":\"search_term_string\"}}],\"inLanguage\":\"nl-BE\"},{\"@type\":\"Organization\",\"@id\":\"https:\/\/bidiboo.eu\/#organization\",\"name\":\"Bidiboo\",\"url\":\"https:\/\/bidiboo.eu\/\",\"logo\":{\"@type\":\"ImageObject\",\"inLanguage\":\"nl-BE\",\"@id\":\"https:\/\/bidiboo.eu\/#\/schema\/logo\/image\/\",\"url\":\"https:\/\/bidiboo.eu\/wp-content\/uploads\/2022\/04\/Logo-BidiBoo.png\",\"contentUrl\":\"https:\/\/bidiboo.eu\/wp-content\/uploads\/2022\/04\/Logo-BidiBoo.png\",\"width\":941,\"height\":926,\"caption\":\"Bidiboo\"},\"image\":{\"@id\":\"https:\/\/bidiboo.eu\/#\/schema\/logo\/image\/\"},\"sameAs\":[\"https:\/\/www.facebook.com\/BidiBoocreations\",\"https:\/\/www.instagram.com\/bidiboo.creations\/\"]}]}<\/script>\n<!-- \/ Yoast SEO plugin. -->","yoast_head_json":{"title":"LE bob Flora - BidiBoo","robots":{"index":"index","follow":"follow","max-snippet":"max-snippet:-1","max-image-preview":"max-image-preview:large","max-video-preview":"max-video-preview:-1"},"canonical":"https:\/\/bidiboo.eu\/nl\/product\/le-bob-flora\/","og_locale":"nl_BE","og_type":"article","og_title":"LE bob Flora - BidiBoo","og_description":"Bob Bidi&rsquo;Boo : Le chapeau estival parfait pour votre enfant Le bob Bidi&rsquo;Boo est le chapeau estival id\u00e9al pour prot\u00e9ger votre enfant du soleil tout en ajoutant une touche de style \u00e0 sa tenue. Fabriqu\u00e9 avec soin et attention aux d\u00e9tails. Ce chapeau offre \u00e0 votre enfant un confort optimal lors des journ\u00e9es ensoleill\u00e9es. Protection solaire optimale: Notre bob Bidi&rsquo;Boo est dot\u00e9 d&rsquo;un large bord qui offre une protection efficace contre les rayons du soleil. Il prot\u00e8ge le visage, les oreilles et le cou de votre enfant, r\u00e9duisant ainsi les risques de coup de soleil et de coup de chaleur. Confort tout au long de la journ\u00e9e : Fabriqu\u00e9 avec des mat\u00e9riaux l\u00e9gers et respirants. Le bob Bidi&rsquo;Boo garantit le confort de votre enfant m\u00eame par temps chaud. Il est doux au toucher et ne provoque aucune irritation, permettant \u00e0 votre enfant de jouer et de s&rsquo;amuser en toute tranquillit\u00e9. Style et tendance: Le bob Bidi&rsquo;Boo est non seulement fonctionnel, mais \u00e9galement tr\u00e8s tendance. Disponible dans une vari\u00e9t\u00e9 de couleurs et de motifs amusants. Il ajoute une touche de style \u00e0 n&rsquo;importe quelle tenue estivale de votre enfant. Il est le choix parfait pour les sorties \u00e0 la plage, les pique-niques en plein air et toutes les aventures estivales. Ne manquez pas l&rsquo;occasion d&rsquo;offrir \u00e0 votre enfant le bob Bidi&rsquo;Boo\u00ae. \u00a0Le chapeau estival parfait qui allie protection solaire, confort et style. Commandez d\u00e8s maintenant sur notre boutique en ligne et assurez-vous que votre enfant passe un \u00e9t\u00e9 ensoleill\u00e9 en toute s\u00e9curit\u00e9 et avec style. BY Bidi&rsquo;Boo\u00ae Fait main Les motifs et leurs dispositions peuvent varier d&rsquo;une cr\u00e9ation \u00e0 l&rsquo;autre en raison de leur caract\u00e8re artisanal. &nbsp;","og_url":"https:\/\/bidiboo.eu\/nl\/product\/le-bob-flora\/","og_site_name":"BidiBoo","article_publisher":"https:\/\/www.facebook.com\/BidiBoocreations","article_modified_time":"2026-04-07T14:43:50+00:00","og_image":[{"width":1280,"height":1280,"url":"https:\/\/bidiboo.eu\/wp-content\/uploads\/2026\/04\/Photoroom_20260407_151306-1280x1280.jpg","type":"image\/jpeg"}],"twitter_card":"summary_large_image","twitter_misc":{"Geschatte leestijd":"1 minuut"},"schema":{"@context":"https:\/\/schema.org","@graph":[{"@type":"WebPage","@id":"https:\/\/bidiboo.eu\/produit\/le-bob-flora\/","url":"https:\/\/bidiboo.eu\/produit\/le-bob-flora\/","name":"LE bob Flora - BidiBoo","isPartOf":{"@id":"https:\/\/bidiboo.eu\/#website"},"primaryImageOfPage":{"@id":"https:\/\/bidiboo.eu\/produit\/le-bob-flora\/#primaryimage"},"image":{"@id":"https:\/\/bidiboo.eu\/produit\/le-bob-flora\/#primaryimage"},"thumbnailUrl":"https:\/\/bidiboo.eu\/wp-content\/uploads\/2026\/04\/Photoroom_20260407_151306.jpg","datePublished":"2026-04-07T14:03:01+00:00","dateModified":"2026-04-07T14:43:50+00:00","breadcrumb":{"@id":"https:\/\/bidiboo.eu\/produit\/le-bob-flora\/#breadcrumb"},"inLanguage":"nl-BE","potentialAction":[{"@type":"ReadAction","target":["https:\/\/bidiboo.eu\/produit\/le-bob-flora\/"]}]},{"@type":"ImageObject","inLanguage":"nl-BE","@id":"https:\/\/bidiboo.eu\/produit\/le-bob-flora\/#primaryimage","url":"https:\/\/bidiboo.eu\/wp-content\/uploads\/2026\/04\/Photoroom_20260407_151306.jpg","contentUrl":"https:\/\/bidiboo.eu\/wp-content\/uploads\/2026\/04\/Photoroom_20260407_151306.jpg","width":2400,"height":2400},{"@type":"BreadcrumbList","@id":"https:\/\/bidiboo.eu\/produit\/le-bob-flora\/#breadcrumb","itemListElement":[{"@type":"ListItem","position":1,"name":"Accueil","item":"https:\/\/bidiboo.eu\/"},{"@type":"ListItem","position":2,"name":"La Boutique Bidi&#8217;Boo","item":"https:\/\/bidiboo.eu\/la-boutique-bidiboo\/"},{"@type":"ListItem","position":3,"name":"LE bob Flora"}]},{"@type":"WebSite","@id":"https:\/\/bidiboo.eu\/#website","url":"https:\/\/bidiboo.eu\/","name":"BidiBoo","description":"","publisher":{"@id":"https:\/\/bidiboo.eu\/#organization"},"potentialAction":[{"@type":"SearchAction","target":{"@type":"EntryPoint","urlTemplate":"https:\/\/bidiboo.eu\/?s={search_term_string}"},"query-input":{"@type":"PropertyValueSpecification","valueRequired":true,"valueName":"search_term_string"}}],"inLanguage":"nl-BE"},{"@type":"Organization","@id":"https:\/\/bidiboo.eu\/#organization","name":"Bidiboo","url":"https:\/\/bidiboo.eu\/","logo":{"@type":"ImageObject","inLanguage":"nl-BE","@id":"https:\/\/bidiboo.eu\/#\/schema\/logo\/image\/","url":"https:\/\/bidiboo.eu\/wp-content\/uploads\/2022\/04\/Logo-BidiBoo.png","contentUrl":"https:\/\/bidiboo.eu\/wp-content\/uploads\/2022\/04\/Logo-BidiBoo.png","width":941,"height":926,"caption":"Bidiboo"},"image":{"@id":"https:\/\/bidiboo.eu\/#\/schema\/logo\/image\/"},"sameAs":["https:\/\/www.facebook.com\/BidiBoocreations","https:\/\/www.instagram.com\/bidiboo.creations\/"]}]}},"acf":[],"jetpack_likes_enabled":false,"_links":{"self":[{"href":"https:\/\/bidiboo.eu\/nl\/wp-json\/wp\/v2\/product\/30721","targetHints":{"allow":["GET"]}}],"collection":[{"href":"https:\/\/bidiboo.eu\/nl\/wp-json\/wp\/v2\/product"}],"about":[{"href":"https:\/\/bidiboo.eu\/nl\/wp-json\/wp\/v2\/types\/product"}],"replies":[{"embeddable":true,"href":"https:\/\/bidiboo.eu\/nl\/wp-json\/wp\/v2\/comments?post=30721"}],"version-history":[{"count":0,"href":"https:\/\/bidiboo.eu\/nl\/wp-json\/wp\/v2\/product\/30721\/revisions"}],"wp:featuredmedia":[{"embeddable":true,"href":"https:\/\/bidiboo.eu\/nl\/wp-json\/wp\/v2\/media\/30705"}],"wp:attachment":[{"href":"https:\/\/bidiboo.eu\/nl\/wp-json\/wp\/v2\/media?parent=30721"}],"wp:term":[{"taxonomy":"product_brand","embeddable":true,"href":"https:\/\/bidiboo.eu\/nl\/wp-json\/wp\/v2\/product_brand?post=30721"},{"taxonomy":"product_cat","embeddable":true,"href":"https:\/\/bidiboo.eu\/nl\/wp-json\/wp\/v2\/product_cat?post=30721"},{"taxonomy":"product_tag","embeddable":true,"href":"https:\/\/bidiboo.eu\/nl\/wp-json\/wp\/v2\/product_tag?post=30721"}],"curies":[{"name":"wp","href":"https:\/\/api.w.org\/{rel}","templated":true}]}}