{"id":30411,"date":"2026-03-06T10:47:28","date_gmt":"2026-03-06T09:47:28","guid":{"rendered":"https:\/\/bidiboo.eu\/?post_type=product&#038;p=30411"},"modified":"2026-03-06T10:48:25","modified_gmt":"2026-03-06T09:48:25","slug":"couverture-personalisee-avec-prenom","status":"publish","type":"product","link":"https:\/\/bidiboo.eu\/nl\/product\/couverture-personalisee-avec-prenom\/","title":{"rendered":"Aanpasbare omslag met naam"},"content":{"rendered":"<p data-start=\"62\" data-end=\"348\"><strong data-start=\"62\" data-end=\"109\">Gepersonaliseerde babydeken \u2013 70 x 100 cm<\/strong><br data-start=\"109\" data-end=\"112\" \/>Deze zachte en comfortabele deken is perfect om je baby warm te houden. Personaliseer hem met de <strong data-start=\"227\" data-end=\"253\" data-is-only-node=\"\">de voornaam van uw kind<\/strong> om er een uniek en oprecht cadeau van te maken.<br data-start=\"307\" data-end=\"310\" \/>Beschikbaar in <strong data-start=\"324\" data-end=\"345\">verschillende kleuren<\/strong>.<\/p>\n<p data-start=\"350\" data-end=\"418\" data-is-last-node=\"\" data-is-only-node=\"\">\u27a1\ufe0f <strong data-start=\"353\" data-end=\"418\" data-is-last-node=\"\">Vermeld de voornaam en de gewenste collectie in de bestelnotities.<\/strong><\/p>","protected":false},"excerpt":{"rendered":"<p>Couverture b\u00e9b\u00e9 personnalis\u00e9e \u2013 70 x 100 cmDouce et confortable, cette couverture est parfaite pour garder votre b\u00e9b\u00e9 bien au chaud. Personnalisez-la avec le pr\u00e9nom de votre enfant pour en faire un cadeau unique et plein de tendresse.Disponible en plusieurs coloris. \u27a1\ufe0f Merci d\u2019indiquer le pr\u00e9nom et la collection souhait\u00e9 dans la note de commande.<\/p>","protected":false},"featured_media":30412,"comment_status":"open","ping_status":"closed","template":"","meta":{"_editorskit_title_hidden":false,"_editorskit_reading_time":0,"_editorskit_is_block_options_detached":false,"_editorskit_block_options_position":"{}","inline_featured_image":false},"product_brand":[],"product_cat":[15,1133],"product_tag":[],"class_list":{"0":"post-30411","1":"product","2":"type-product","3":"status-publish","4":"has-post-thumbnail","6":"product_cat-all","7":"product_cat-couverture-voyage","9":"first","10":"instock","11":"taxable","12":"shipping-taxable","13":"purchasable","14":"product-type-simple"},"yoast_head":"<!-- This site is optimized with the Yoast SEO plugin v25.7 - https:\/\/yoast.com\/wordpress\/plugins\/seo\/ -->\n<title>Couverture \u00e0 personaliser avec pr\u00e9nom - BidiBoo<\/title>\n<meta name=\"robots\" content=\"index, follow, max-snippet:-1, max-image-preview:large, max-video-preview:-1\" \/>\n<link rel=\"canonical\" href=\"https:\/\/bidiboo.eu\/nl\/product\/couverture-personalisee-avec-prenom\/\" \/>\n<meta property=\"og:locale\" content=\"nl_BE\" \/>\n<meta property=\"og:type\" content=\"article\" \/>\n<meta property=\"og:title\" content=\"Couverture \u00e0 personaliser avec pr\u00e9nom - BidiBoo\" \/>\n<meta property=\"og:description\" content=\"Couverture b\u00e9b\u00e9 personnalis\u00e9e \u2013 70 x 100 cmDouce et confortable, cette couverture est parfaite pour garder votre b\u00e9b\u00e9 bien au chaud. Personnalisez-la avec le pr\u00e9nom de votre enfant pour en faire un cadeau unique et plein de tendresse.Disponible en plusieurs coloris. \u27a1\ufe0f Merci d\u2019indiquer le pr\u00e9nom et la collection souhait\u00e9 dans la note de commande.\" \/>\n<meta property=\"og:url\" content=\"https:\/\/bidiboo.eu\/nl\/product\/couverture-personalisee-avec-prenom\/\" \/>\n<meta property=\"og:site_name\" content=\"BidiBoo\" \/>\n<meta property=\"article:publisher\" content=\"https:\/\/www.facebook.com\/BidiBoocreations\" \/>\n<meta property=\"article:modified_time\" content=\"2026-03-06T09:48:25+00:00\" \/>\n<meta property=\"og:image\" content=\"https:\/\/bidiboo.eu\/wp-content\/uploads\/2026\/03\/Photoroom_20260306_104208-1280x1280.jpeg\" \/>\n\t<meta property=\"og:image:width\" content=\"1280\" \/>\n\t<meta property=\"og:image:height\" content=\"1280\" \/>\n\t<meta property=\"og:image:type\" content=\"image\/jpeg\" \/>\n<meta name=\"twitter:card\" content=\"summary_large_image\" \/>\n<script type=\"application\/ld+json\" class=\"yoast-schema-graph\">{\"@context\":\"https:\/\/schema.org\",\"@graph\":[{\"@type\":\"WebPage\",\"@id\":\"https:\/\/bidiboo.eu\/produit\/couverture-personalisee-avec-prenom\/\",\"url\":\"https:\/\/bidiboo.eu\/produit\/couverture-personalisee-avec-prenom\/\",\"name\":\"Couverture \u00e0 personaliser avec pr\u00e9nom - BidiBoo\",\"isPartOf\":{\"@id\":\"https:\/\/bidiboo.eu\/#website\"},\"primaryImageOfPage\":{\"@id\":\"https:\/\/bidiboo.eu\/produit\/couverture-personalisee-avec-prenom\/#primaryimage\"},\"image\":{\"@id\":\"https:\/\/bidiboo.eu\/produit\/couverture-personalisee-avec-prenom\/#primaryimage\"},\"thumbnailUrl\":\"https:\/\/bidiboo.eu\/wp-content\/uploads\/2026\/03\/Photoroom_20260306_104208.jpeg\",\"datePublished\":\"2026-03-06T09:47:28+00:00\",\"dateModified\":\"2026-03-06T09:48:25+00:00\",\"breadcrumb\":{\"@id\":\"https:\/\/bidiboo.eu\/produit\/couverture-personalisee-avec-prenom\/#breadcrumb\"},\"inLanguage\":\"nl-BE\",\"potentialAction\":[{\"@type\":\"ReadAction\",\"target\":[\"https:\/\/bidiboo.eu\/produit\/couverture-personalisee-avec-prenom\/\"]}]},{\"@type\":\"ImageObject\",\"inLanguage\":\"nl-BE\",\"@id\":\"https:\/\/bidiboo.eu\/produit\/couverture-personalisee-avec-prenom\/#primaryimage\",\"url\":\"https:\/\/bidiboo.eu\/wp-content\/uploads\/2026\/03\/Photoroom_20260306_104208.jpeg\",\"contentUrl\":\"https:\/\/bidiboo.eu\/wp-content\/uploads\/2026\/03\/Photoroom_20260306_104208.jpeg\",\"width\":2400,\"height\":2400},{\"@type\":\"BreadcrumbList\",\"@id\":\"https:\/\/bidiboo.eu\/produit\/couverture-personalisee-avec-prenom\/#breadcrumb\",\"itemListElement\":[{\"@type\":\"ListItem\",\"position\":1,\"name\":\"Accueil\",\"item\":\"https:\/\/bidiboo.eu\/\"},{\"@type\":\"ListItem\",\"position\":2,\"name\":\"La Boutique Bidi&#8217;Boo\",\"item\":\"https:\/\/bidiboo.eu\/la-boutique-bidiboo\/\"},{\"@type\":\"ListItem\",\"position\":3,\"name\":\"Couverture \u00e0 personaliser avec pr\u00e9nom\"}]},{\"@type\":\"WebSite\",\"@id\":\"https:\/\/bidiboo.eu\/#website\",\"url\":\"https:\/\/bidiboo.eu\/\",\"name\":\"BidiBoo\",\"description\":\"\",\"publisher\":{\"@id\":\"https:\/\/bidiboo.eu\/#organization\"},\"potentialAction\":[{\"@type\":\"SearchAction\",\"target\":{\"@type\":\"EntryPoint\",\"urlTemplate\":\"https:\/\/bidiboo.eu\/?s={search_term_string}\"},\"query-input\":{\"@type\":\"PropertyValueSpecification\",\"valueRequired\":true,\"valueName\":\"search_term_string\"}}],\"inLanguage\":\"nl-BE\"},{\"@type\":\"Organization\",\"@id\":\"https:\/\/bidiboo.eu\/#organization\",\"name\":\"Bidiboo\",\"url\":\"https:\/\/bidiboo.eu\/\",\"logo\":{\"@type\":\"ImageObject\",\"inLanguage\":\"nl-BE\",\"@id\":\"https:\/\/bidiboo.eu\/#\/schema\/logo\/image\/\",\"url\":\"https:\/\/bidiboo.eu\/wp-content\/uploads\/2022\/04\/Logo-BidiBoo.png\",\"contentUrl\":\"https:\/\/bidiboo.eu\/wp-content\/uploads\/2022\/04\/Logo-BidiBoo.png\",\"width\":941,\"height\":926,\"caption\":\"Bidiboo\"},\"image\":{\"@id\":\"https:\/\/bidiboo.eu\/#\/schema\/logo\/image\/\"},\"sameAs\":[\"https:\/\/www.facebook.com\/BidiBoocreations\",\"https:\/\/www.instagram.com\/bidiboo.creations\/\"]}]}<\/script>\n<!-- \/ Yoast SEO plugin. -->","yoast_head_json":{"title":"Couverture \u00e0 personaliser avec pr\u00e9nom - BidiBoo","robots":{"index":"index","follow":"follow","max-snippet":"max-snippet:-1","max-image-preview":"max-image-preview:large","max-video-preview":"max-video-preview:-1"},"canonical":"https:\/\/bidiboo.eu\/nl\/product\/couverture-personalisee-avec-prenom\/","og_locale":"nl_BE","og_type":"article","og_title":"Couverture \u00e0 personaliser avec pr\u00e9nom - BidiBoo","og_description":"Couverture b\u00e9b\u00e9 personnalis\u00e9e \u2013 70 x 100 cmDouce et confortable, cette couverture est parfaite pour garder votre b\u00e9b\u00e9 bien au chaud. Personnalisez-la avec le pr\u00e9nom de votre enfant pour en faire un cadeau unique et plein de tendresse.Disponible en plusieurs coloris. \u27a1\ufe0f Merci d\u2019indiquer le pr\u00e9nom et la collection souhait\u00e9 dans la note de commande.","og_url":"https:\/\/bidiboo.eu\/nl\/product\/couverture-personalisee-avec-prenom\/","og_site_name":"BidiBoo","article_publisher":"https:\/\/www.facebook.com\/BidiBoocreations","article_modified_time":"2026-03-06T09:48:25+00:00","og_image":[{"width":1280,"height":1280,"url":"https:\/\/bidiboo.eu\/wp-content\/uploads\/2026\/03\/Photoroom_20260306_104208-1280x1280.jpeg","type":"image\/jpeg"}],"twitter_card":"summary_large_image","schema":{"@context":"https:\/\/schema.org","@graph":[{"@type":"WebPage","@id":"https:\/\/bidiboo.eu\/produit\/couverture-personalisee-avec-prenom\/","url":"https:\/\/bidiboo.eu\/produit\/couverture-personalisee-avec-prenom\/","name":"Couverture \u00e0 personaliser avec pr\u00e9nom - BidiBoo","isPartOf":{"@id":"https:\/\/bidiboo.eu\/#website"},"primaryImageOfPage":{"@id":"https:\/\/bidiboo.eu\/produit\/couverture-personalisee-avec-prenom\/#primaryimage"},"image":{"@id":"https:\/\/bidiboo.eu\/produit\/couverture-personalisee-avec-prenom\/#primaryimage"},"thumbnailUrl":"https:\/\/bidiboo.eu\/wp-content\/uploads\/2026\/03\/Photoroom_20260306_104208.jpeg","datePublished":"2026-03-06T09:47:28+00:00","dateModified":"2026-03-06T09:48:25+00:00","breadcrumb":{"@id":"https:\/\/bidiboo.eu\/produit\/couverture-personalisee-avec-prenom\/#breadcrumb"},"inLanguage":"nl-BE","potentialAction":[{"@type":"ReadAction","target":["https:\/\/bidiboo.eu\/produit\/couverture-personalisee-avec-prenom\/"]}]},{"@type":"ImageObject","inLanguage":"nl-BE","@id":"https:\/\/bidiboo.eu\/produit\/couverture-personalisee-avec-prenom\/#primaryimage","url":"https:\/\/bidiboo.eu\/wp-content\/uploads\/2026\/03\/Photoroom_20260306_104208.jpeg","contentUrl":"https:\/\/bidiboo.eu\/wp-content\/uploads\/2026\/03\/Photoroom_20260306_104208.jpeg","width":2400,"height":2400},{"@type":"BreadcrumbList","@id":"https:\/\/bidiboo.eu\/produit\/couverture-personalisee-avec-prenom\/#breadcrumb","itemListElement":[{"@type":"ListItem","position":1,"name":"Accueil","item":"https:\/\/bidiboo.eu\/"},{"@type":"ListItem","position":2,"name":"La Boutique Bidi&#8217;Boo","item":"https:\/\/bidiboo.eu\/la-boutique-bidiboo\/"},{"@type":"ListItem","position":3,"name":"Couverture \u00e0 personaliser avec pr\u00e9nom"}]},{"@type":"WebSite","@id":"https:\/\/bidiboo.eu\/#website","url":"https:\/\/bidiboo.eu\/","name":"BidiBoo","description":"","publisher":{"@id":"https:\/\/bidiboo.eu\/#organization"},"potentialAction":[{"@type":"SearchAction","target":{"@type":"EntryPoint","urlTemplate":"https:\/\/bidiboo.eu\/?s={search_term_string}"},"query-input":{"@type":"PropertyValueSpecification","valueRequired":true,"valueName":"search_term_string"}}],"inLanguage":"nl-BE"},{"@type":"Organization","@id":"https:\/\/bidiboo.eu\/#organization","name":"Bidiboo","url":"https:\/\/bidiboo.eu\/","logo":{"@type":"ImageObject","inLanguage":"nl-BE","@id":"https:\/\/bidiboo.eu\/#\/schema\/logo\/image\/","url":"https:\/\/bidiboo.eu\/wp-content\/uploads\/2022\/04\/Logo-BidiBoo.png","contentUrl":"https:\/\/bidiboo.eu\/wp-content\/uploads\/2022\/04\/Logo-BidiBoo.png","width":941,"height":926,"caption":"Bidiboo"},"image":{"@id":"https:\/\/bidiboo.eu\/#\/schema\/logo\/image\/"},"sameAs":["https:\/\/www.facebook.com\/BidiBoocreations","https:\/\/www.instagram.com\/bidiboo.creations\/"]}]}},"acf":[],"jetpack_likes_enabled":false,"_links":{"self":[{"href":"https:\/\/bidiboo.eu\/nl\/wp-json\/wp\/v2\/product\/30411","targetHints":{"allow":["GET"]}}],"collection":[{"href":"https:\/\/bidiboo.eu\/nl\/wp-json\/wp\/v2\/product"}],"about":[{"href":"https:\/\/bidiboo.eu\/nl\/wp-json\/wp\/v2\/types\/product"}],"replies":[{"embeddable":true,"href":"https:\/\/bidiboo.eu\/nl\/wp-json\/wp\/v2\/comments?post=30411"}],"version-history":[{"count":0,"href":"https:\/\/bidiboo.eu\/nl\/wp-json\/wp\/v2\/product\/30411\/revisions"}],"wp:featuredmedia":[{"embeddable":true,"href":"https:\/\/bidiboo.eu\/nl\/wp-json\/wp\/v2\/media\/30412"}],"wp:attachment":[{"href":"https:\/\/bidiboo.eu\/nl\/wp-json\/wp\/v2\/media?parent=30411"}],"wp:term":[{"taxonomy":"product_brand","embeddable":true,"href":"https:\/\/bidiboo.eu\/nl\/wp-json\/wp\/v2\/product_brand?post=30411"},{"taxonomy":"product_cat","embeddable":true,"href":"https:\/\/bidiboo.eu\/nl\/wp-json\/wp\/v2\/product_cat?post=30411"},{"taxonomy":"product_tag","embeddable":true,"href":"https:\/\/bidiboo.eu\/nl\/wp-json\/wp\/v2\/product_tag?post=30411"}],"curies":[{"name":"wp","href":"https:\/\/api.w.org\/{rel}","templated":true}]}}