{"id":30328,"date":"2026-03-05T10:37:16","date_gmt":"2026-03-05T09:37:16","guid":{"rendered":"https:\/\/bidiboo.eu\/?post_type=product&#038;p=30328"},"modified":"2026-03-05T10:42:27","modified_gmt":"2026-03-05T09:42:27","slug":"turban-deau-noeud-eva","status":"publish","type":"product","link":"https:\/\/bidiboo.eu\/nl\/product\/turban-deau-noeud-eva\/","title":{"rendered":"Eva knoop waterturban"},"content":{"rendered":"<p class=\"\" data-start=\"77\" data-end=\"157\"><strong data-start=\"77\" data-end=\"157\">Watertulband voor baby&#039;s en peuters \u2013 zacht, praktisch en UPF 50 bescherming<\/strong><\/p>\n<p class=\"\" data-start=\"199\" data-end=\"395\"><strong data-start=\"199\" data-end=\"281\">Geen badmutsen meer die aan de haren trekken en kinderen irriteren!<\/strong><br data-start=\"281\" data-end=\"284\" \/>Maak kennis met de waterturban: een zacht, trendy en superpraktisch alternatief, speciaal ontworpen voor kleine zwemmers.<\/p>\n<p class=\"\" data-start=\"397\" data-end=\"423\"><strong data-start=\"397\" data-end=\"421\">Waarom zou je dit doen?<\/strong><\/p>\n<ul data-start=\"424\" data-end=\"768\">\n<li class=\"\" data-start=\"424\" data-end=\"487\">\n<p class=\"\" data-start=\"426\" data-end=\"487\"><strong data-start=\"426\" data-end=\"485\">Perfecte vervanging voor de traditionele badmuts<\/strong><\/p>\n<\/li>\n<li class=\"\" data-start=\"488\" data-end=\"562\">\n<p class=\"\" data-start=\"490\" data-end=\"562\"><strong data-start=\"490\" data-end=\"523\">Rekbare stof<\/strong>, die op zijn plaats blijft zonder te verdraaien<\/p>\n<\/li>\n<li class=\"\" data-start=\"563\" data-end=\"632\">\n<p class=\"\" data-start=\"565\" data-end=\"632\"><strong data-start=\"565\" data-end=\"592\">Geen pijn, geen geschreeuw<\/strong> : gemakkelijk aan te trekken, comfortabel om te dragen<\/p>\n<\/li>\n<li class=\"\" data-start=\"633\" data-end=\"705\">\n<p class=\"\" data-start=\"635\" data-end=\"705\"><strong data-start=\"635\" data-end=\"657\">Stijlvolle look gegarandeerd<\/strong> : uw kind zwemt in comfort\u2026 en elegantie<\/p>\n<\/li>\n<li class=\"\" data-start=\"610\" data-end=\"681\">\n<p class=\"\" data-start=\"612\" data-end=\"681\">Omhullende vorm<\/p>\n<\/li>\n<li class=\"\" data-start=\"682\" data-end=\"745\">\n<p class=\"\" data-start=\"684\" data-end=\"745\">UPF 50 zonbescherming<\/p>\n<\/li>\n<li class=\"\" data-start=\"746\" data-end=\"797\">\n<p class=\"\" data-start=\"748\" data-end=\"797\">Geschikt vanaf de geboorte<\/p>\n<\/li>\n<li class=\"\" data-start=\"798\" data-end=\"849\">\n<p class=\"\" data-start=\"800\" data-end=\"849\">Verkrijgbaar in verschillende leuke kleuren en patronen<\/p>\n<\/li>\n<li class=\"\" data-start=\"798\" data-end=\"849\">\n<p class=\"\" data-start=\"800\" data-end=\"849\">Ideaal voor zwemles of voor in het zwembad. Het is geschikt voor gevoelig haar en maakt het leven voor ouders een stuk makkelijker.<\/p>\n<\/li>\n<\/ul>\n<p class=\"\" data-start=\"851\" data-end=\"930\">Een accessoire dat praktisch, veilig en esthetisch is, het perfecte cadeau-idee.<\/p>","protected":false},"excerpt":{"rendered":"<p>BY Bidi&rsquo;Boo<\/p>","protected":false},"featured_media":30311,"comment_status":"open","ping_status":"closed","template":"","meta":{"_editorskit_title_hidden":false,"_editorskit_reading_time":0,"_editorskit_is_block_options_detached":false,"_editorskit_block_options_position":"{}","inline_featured_image":false},"product_brand":[],"product_cat":[15,483,105,159],"product_tag":[314,471,473,472],"class_list":{"0":"post-30328","1":"product","2":"type-product","3":"status-publish","4":"has-post-thumbnail","6":"product_cat-all","7":"product_cat-accessoires","8":"product_cat-tidado-collection-bidiboo-bebe-enfant-maman","9":"product_cat-turban","10":"product_tag-turban","11":"product_tag-turban-bebe","12":"product_tag-turban-botanica","13":"product_tag-turban-maman","15":"first","16":"instock","17":"taxable","18":"shipping-taxable","19":"purchasable","20":"product-type-variable"},"yoast_head":"<!-- This site is optimized with the Yoast SEO plugin v25.7 - https:\/\/yoast.com\/wordpress\/plugins\/seo\/ -->\n<title>Turban d&#039;eau noeud Eva - BidiBoo - bidi&#039;boo -wow!-la qualit\u00e9 et l&#039;\u00e9l\u00e9gance !<\/title>\n<meta name=\"description\" content=\"Turbans Bidi&#039;Boo : style et confort pour vos b\u00e9b\u00e9s ! Prot\u00e9gez-les du vent et du soleil avec \u00e9l\u00e9gance gr\u00e2ce \u00e0 nos turbans uniques et doux. L&#039;accessoire essentiel pour des tenues adorables.\" \/>\n<meta name=\"robots\" content=\"index, follow, max-snippet:-1, max-image-preview:large, max-video-preview:-1\" \/>\n<link rel=\"canonical\" href=\"https:\/\/bidiboo.eu\/nl\/product\/turban-deau-noeud-eva\/\" \/>\n<meta property=\"og:locale\" content=\"nl_BE\" \/>\n<meta property=\"og:type\" content=\"article\" \/>\n<meta property=\"og:title\" content=\"Turban d&#039;eau noeud Eva - BidiBoo - bidi&#039;boo -wow!-la qualit\u00e9 et l&#039;\u00e9l\u00e9gance !\" \/>\n<meta property=\"og:description\" content=\"Turbans Bidi&#039;Boo : style et confort pour vos b\u00e9b\u00e9s ! Prot\u00e9gez-les du vent et du soleil avec \u00e9l\u00e9gance gr\u00e2ce \u00e0 nos turbans uniques et doux. L&#039;accessoire essentiel pour des tenues adorables.\" \/>\n<meta property=\"og:url\" content=\"https:\/\/bidiboo.eu\/nl\/product\/turban-deau-noeud-eva\/\" \/>\n<meta property=\"og:site_name\" content=\"BidiBoo\" \/>\n<meta property=\"article:publisher\" content=\"https:\/\/www.facebook.com\/BidiBoocreations\" \/>\n<meta property=\"article:modified_time\" content=\"2026-03-05T09:42:27+00:00\" \/>\n<meta property=\"og:image\" content=\"https:\/\/bidiboo.eu\/wp-content\/uploads\/2026\/03\/Photoroom_20260305_102054-1280x1280.jpg\" \/>\n\t<meta property=\"og:image:width\" content=\"1280\" \/>\n\t<meta property=\"og:image:height\" content=\"1280\" \/>\n\t<meta property=\"og:image:type\" content=\"image\/jpeg\" \/>\n<meta name=\"twitter:card\" content=\"summary_large_image\" \/>\n<meta name=\"twitter:label1\" content=\"Geschatte leestijd\" \/>\n\t<meta name=\"twitter:data1\" content=\"1 minuut\" \/>\n<script type=\"application\/ld+json\" class=\"yoast-schema-graph\">{\"@context\":\"https:\/\/schema.org\",\"@graph\":[{\"@type\":\"WebPage\",\"@id\":\"https:\/\/bidiboo.eu\/produit\/turban-deau-noeud-eva\/\",\"url\":\"https:\/\/bidiboo.eu\/produit\/turban-deau-noeud-eva\/\",\"name\":\"Turban d'eau noeud Eva - BidiBoo - bidi'boo -wow!-la qualit\u00e9 et l'\u00e9l\u00e9gance !\",\"isPartOf\":{\"@id\":\"https:\/\/bidiboo.eu\/#website\"},\"primaryImageOfPage\":{\"@id\":\"https:\/\/bidiboo.eu\/produit\/turban-deau-noeud-eva\/#primaryimage\"},\"image\":{\"@id\":\"https:\/\/bidiboo.eu\/produit\/turban-deau-noeud-eva\/#primaryimage\"},\"thumbnailUrl\":\"https:\/\/bidiboo.eu\/wp-content\/uploads\/2026\/03\/Photoroom_20260305_102054.jpg\",\"datePublished\":\"2026-03-05T09:37:16+00:00\",\"dateModified\":\"2026-03-05T09:42:27+00:00\",\"description\":\"Turbans Bidi'Boo : style et confort pour vos b\u00e9b\u00e9s ! Prot\u00e9gez-les du vent et du soleil avec \u00e9l\u00e9gance gr\u00e2ce \u00e0 nos turbans uniques et doux. L'accessoire essentiel pour des tenues adorables.\",\"breadcrumb\":{\"@id\":\"https:\/\/bidiboo.eu\/produit\/turban-deau-noeud-eva\/#breadcrumb\"},\"inLanguage\":\"nl-BE\",\"potentialAction\":[{\"@type\":\"ReadAction\",\"target\":[\"https:\/\/bidiboo.eu\/produit\/turban-deau-noeud-eva\/\"]}]},{\"@type\":\"ImageObject\",\"inLanguage\":\"nl-BE\",\"@id\":\"https:\/\/bidiboo.eu\/produit\/turban-deau-noeud-eva\/#primaryimage\",\"url\":\"https:\/\/bidiboo.eu\/wp-content\/uploads\/2026\/03\/Photoroom_20260305_102054.jpg\",\"contentUrl\":\"https:\/\/bidiboo.eu\/wp-content\/uploads\/2026\/03\/Photoroom_20260305_102054.jpg\",\"width\":2400,\"height\":2400},{\"@type\":\"BreadcrumbList\",\"@id\":\"https:\/\/bidiboo.eu\/produit\/turban-deau-noeud-eva\/#breadcrumb\",\"itemListElement\":[{\"@type\":\"ListItem\",\"position\":1,\"name\":\"Accueil\",\"item\":\"https:\/\/bidiboo.eu\/\"},{\"@type\":\"ListItem\",\"position\":2,\"name\":\"La Boutique Bidi&#8217;Boo\",\"item\":\"https:\/\/bidiboo.eu\/la-boutique-bidiboo\/\"},{\"@type\":\"ListItem\",\"position\":3,\"name\":\"Turban d&#8217;eau noeud Eva\"}]},{\"@type\":\"WebSite\",\"@id\":\"https:\/\/bidiboo.eu\/#website\",\"url\":\"https:\/\/bidiboo.eu\/\",\"name\":\"BidiBoo\",\"description\":\"\",\"publisher\":{\"@id\":\"https:\/\/bidiboo.eu\/#organization\"},\"potentialAction\":[{\"@type\":\"SearchAction\",\"target\":{\"@type\":\"EntryPoint\",\"urlTemplate\":\"https:\/\/bidiboo.eu\/?s={search_term_string}\"},\"query-input\":{\"@type\":\"PropertyValueSpecification\",\"valueRequired\":true,\"valueName\":\"search_term_string\"}}],\"inLanguage\":\"nl-BE\"},{\"@type\":\"Organization\",\"@id\":\"https:\/\/bidiboo.eu\/#organization\",\"name\":\"Bidiboo\",\"url\":\"https:\/\/bidiboo.eu\/\",\"logo\":{\"@type\":\"ImageObject\",\"inLanguage\":\"nl-BE\",\"@id\":\"https:\/\/bidiboo.eu\/#\/schema\/logo\/image\/\",\"url\":\"https:\/\/bidiboo.eu\/wp-content\/uploads\/2022\/04\/Logo-BidiBoo.png\",\"contentUrl\":\"https:\/\/bidiboo.eu\/wp-content\/uploads\/2022\/04\/Logo-BidiBoo.png\",\"width\":941,\"height\":926,\"caption\":\"Bidiboo\"},\"image\":{\"@id\":\"https:\/\/bidiboo.eu\/#\/schema\/logo\/image\/\"},\"sameAs\":[\"https:\/\/www.facebook.com\/BidiBoocreations\",\"https:\/\/www.instagram.com\/bidiboo.creations\/\"]}]}<\/script>\n<!-- \/ Yoast SEO plugin. -->","yoast_head_json":{"title":"Turban d'eau noeud Eva - BidiBoo - bidi'boo -wow!-la qualit\u00e9 et l'\u00e9l\u00e9gance !","description":"Turbans Bidi'Boo : style et confort pour vos b\u00e9b\u00e9s ! Prot\u00e9gez-les du vent et du soleil avec \u00e9l\u00e9gance gr\u00e2ce \u00e0 nos turbans uniques et doux. L'accessoire essentiel pour des tenues adorables.","robots":{"index":"index","follow":"follow","max-snippet":"max-snippet:-1","max-image-preview":"max-image-preview:large","max-video-preview":"max-video-preview:-1"},"canonical":"https:\/\/bidiboo.eu\/nl\/product\/turban-deau-noeud-eva\/","og_locale":"nl_BE","og_type":"article","og_title":"Turban d'eau noeud Eva - BidiBoo - bidi'boo -wow!-la qualit\u00e9 et l'\u00e9l\u00e9gance !","og_description":"Turbans Bidi'Boo : style et confort pour vos b\u00e9b\u00e9s ! Prot\u00e9gez-les du vent et du soleil avec \u00e9l\u00e9gance gr\u00e2ce \u00e0 nos turbans uniques et doux. L'accessoire essentiel pour des tenues adorables.","og_url":"https:\/\/bidiboo.eu\/nl\/product\/turban-deau-noeud-eva\/","og_site_name":"BidiBoo","article_publisher":"https:\/\/www.facebook.com\/BidiBoocreations","article_modified_time":"2026-03-05T09:42:27+00:00","og_image":[{"width":1280,"height":1280,"url":"https:\/\/bidiboo.eu\/wp-content\/uploads\/2026\/03\/Photoroom_20260305_102054-1280x1280.jpg","type":"image\/jpeg"}],"twitter_card":"summary_large_image","twitter_misc":{"Geschatte leestijd":"1 minuut"},"schema":{"@context":"https:\/\/schema.org","@graph":[{"@type":"WebPage","@id":"https:\/\/bidiboo.eu\/produit\/turban-deau-noeud-eva\/","url":"https:\/\/bidiboo.eu\/produit\/turban-deau-noeud-eva\/","name":"Turban d'eau noeud Eva - BidiBoo - bidi'boo -wow!-la qualit\u00e9 et l'\u00e9l\u00e9gance !","isPartOf":{"@id":"https:\/\/bidiboo.eu\/#website"},"primaryImageOfPage":{"@id":"https:\/\/bidiboo.eu\/produit\/turban-deau-noeud-eva\/#primaryimage"},"image":{"@id":"https:\/\/bidiboo.eu\/produit\/turban-deau-noeud-eva\/#primaryimage"},"thumbnailUrl":"https:\/\/bidiboo.eu\/wp-content\/uploads\/2026\/03\/Photoroom_20260305_102054.jpg","datePublished":"2026-03-05T09:37:16+00:00","dateModified":"2026-03-05T09:42:27+00:00","description":"Turbans Bidi'Boo : style et confort pour vos b\u00e9b\u00e9s ! Prot\u00e9gez-les du vent et du soleil avec \u00e9l\u00e9gance gr\u00e2ce \u00e0 nos turbans uniques et doux. L'accessoire essentiel pour des tenues adorables.","breadcrumb":{"@id":"https:\/\/bidiboo.eu\/produit\/turban-deau-noeud-eva\/#breadcrumb"},"inLanguage":"nl-BE","potentialAction":[{"@type":"ReadAction","target":["https:\/\/bidiboo.eu\/produit\/turban-deau-noeud-eva\/"]}]},{"@type":"ImageObject","inLanguage":"nl-BE","@id":"https:\/\/bidiboo.eu\/produit\/turban-deau-noeud-eva\/#primaryimage","url":"https:\/\/bidiboo.eu\/wp-content\/uploads\/2026\/03\/Photoroom_20260305_102054.jpg","contentUrl":"https:\/\/bidiboo.eu\/wp-content\/uploads\/2026\/03\/Photoroom_20260305_102054.jpg","width":2400,"height":2400},{"@type":"BreadcrumbList","@id":"https:\/\/bidiboo.eu\/produit\/turban-deau-noeud-eva\/#breadcrumb","itemListElement":[{"@type":"ListItem","position":1,"name":"Accueil","item":"https:\/\/bidiboo.eu\/"},{"@type":"ListItem","position":2,"name":"La Boutique Bidi&#8217;Boo","item":"https:\/\/bidiboo.eu\/la-boutique-bidiboo\/"},{"@type":"ListItem","position":3,"name":"Turban d&#8217;eau noeud Eva"}]},{"@type":"WebSite","@id":"https:\/\/bidiboo.eu\/#website","url":"https:\/\/bidiboo.eu\/","name":"BidiBoo","description":"","publisher":{"@id":"https:\/\/bidiboo.eu\/#organization"},"potentialAction":[{"@type":"SearchAction","target":{"@type":"EntryPoint","urlTemplate":"https:\/\/bidiboo.eu\/?s={search_term_string}"},"query-input":{"@type":"PropertyValueSpecification","valueRequired":true,"valueName":"search_term_string"}}],"inLanguage":"nl-BE"},{"@type":"Organization","@id":"https:\/\/bidiboo.eu\/#organization","name":"Bidiboo","url":"https:\/\/bidiboo.eu\/","logo":{"@type":"ImageObject","inLanguage":"nl-BE","@id":"https:\/\/bidiboo.eu\/#\/schema\/logo\/image\/","url":"https:\/\/bidiboo.eu\/wp-content\/uploads\/2022\/04\/Logo-BidiBoo.png","contentUrl":"https:\/\/bidiboo.eu\/wp-content\/uploads\/2022\/04\/Logo-BidiBoo.png","width":941,"height":926,"caption":"Bidiboo"},"image":{"@id":"https:\/\/bidiboo.eu\/#\/schema\/logo\/image\/"},"sameAs":["https:\/\/www.facebook.com\/BidiBoocreations","https:\/\/www.instagram.com\/bidiboo.creations\/"]}]}},"acf":[],"jetpack_likes_enabled":false,"_links":{"self":[{"href":"https:\/\/bidiboo.eu\/nl\/wp-json\/wp\/v2\/product\/30328","targetHints":{"allow":["GET"]}}],"collection":[{"href":"https:\/\/bidiboo.eu\/nl\/wp-json\/wp\/v2\/product"}],"about":[{"href":"https:\/\/bidiboo.eu\/nl\/wp-json\/wp\/v2\/types\/product"}],"replies":[{"embeddable":true,"href":"https:\/\/bidiboo.eu\/nl\/wp-json\/wp\/v2\/comments?post=30328"}],"version-history":[{"count":0,"href":"https:\/\/bidiboo.eu\/nl\/wp-json\/wp\/v2\/product\/30328\/revisions"}],"wp:featuredmedia":[{"embeddable":true,"href":"https:\/\/bidiboo.eu\/nl\/wp-json\/wp\/v2\/media\/30311"}],"wp:attachment":[{"href":"https:\/\/bidiboo.eu\/nl\/wp-json\/wp\/v2\/media?parent=30328"}],"wp:term":[{"taxonomy":"product_brand","embeddable":true,"href":"https:\/\/bidiboo.eu\/nl\/wp-json\/wp\/v2\/product_brand?post=30328"},{"taxonomy":"product_cat","embeddable":true,"href":"https:\/\/bidiboo.eu\/nl\/wp-json\/wp\/v2\/product_cat?post=30328"},{"taxonomy":"product_tag","embeddable":true,"href":"https:\/\/bidiboo.eu\/nl\/wp-json\/wp\/v2\/product_tag?post=30328"}],"curies":[{"name":"wp","href":"https:\/\/api.w.org\/{rel}","templated":true}]}}