{"id":30253,"date":"2026-02-25T08:34:40","date_gmt":"2026-02-25T07:34:40","guid":{"rendered":"https:\/\/bidiboo.eu\/?post_type=product&#038;p=30253"},"modified":"2026-02-25T08:51:13","modified_gmt":"2026-02-25T07:51:13","slug":"duo-bavoir-bandana-nala","status":"publish","type":"product","link":"https:\/\/bidiboo.eu\/nl\/product\/duo-bavoir-bandana-nala\/","title":{"rendered":"Nala bandana slabbetje duo"},"content":{"rendered":"<div>Het bandana-slabbetje is ideaal als de baby veel kwijlt. Door de sjaal-look kan hij om de nek van je kind blijven zitten en toch esthetisch zijn, waardoor de kleding droog blijft.<\/div>\n<div>Verstelbaar met drukknopen, kan gedragen worden vanaf de geboorte tot 9 maanden.<\/div>\n<div>\n<p>DOOR Bidi&#039;Boo<\/p>\n<div><\/div>\n<div>Handgemaakt<\/div>\n<div>De patronen en hun arrangementen kunnen van creatie tot creatie vari\u00ebren vanwege hun ambachtelijke karakter<\/div>\n<\/div>","protected":false},"excerpt":{"rendered":"<p>Het bandana-slabbetje is ideaal voor baby&#039;s die veel kwijlen. Dankzij de sjaalachtige vorm blijft het comfortabel om de nek van je kindje zitten, ziet het er stijlvol uit en houdt het de kleding droog. Het is verstelbaar met drukknopen en kan vanaf de geboorte tot 9 maanden gedragen worden. Gemaakt door Bidi&#039;Boo Handmade. Omdat de ontwerpen handgemaakt zijn, kunnen de patronen en hun plaatsing per exemplaar iets verschillen.<\/p>","protected":false},"featured_media":30254,"comment_status":"open","ping_status":"closed","template":"","meta":{"_editorskit_title_hidden":false,"_editorskit_reading_time":0,"_editorskit_is_block_options_detached":false,"_editorskit_block_options_position":"{}","inline_featured_image":false},"product_brand":[],"product_cat":[15,483,153,1136,152,1137],"product_tag":[392,328,393,394],"class_list":{"0":"post-30253","1":"product","2":"type-product","3":"status-publish","4":"has-post-thumbnail","6":"product_cat-all","7":"product_cat-accessoires","8":"product_cat-bavoirs","9":"product_cat-elora","10":"product_cat-manger","11":"product_cat-nala","12":"product_tag-bandana","13":"product_tag-bavoir-bandana","14":"product_tag-camel","15":"product_tag-taille-unique","17":"first","18":"instock","19":"taxable","20":"shipping-taxable","21":"purchasable","22":"product-type-simple"},"yoast_head":"<!-- This site is optimized with the Yoast SEO plugin v25.7 - https:\/\/yoast.com\/wordpress\/plugins\/seo\/ -->\n<title>Duo bavoir bandana Nala - BidiBoo<\/title>\n<meta name=\"robots\" content=\"index, follow, max-snippet:-1, max-image-preview:large, max-video-preview:-1\" \/>\n<link rel=\"canonical\" href=\"https:\/\/bidiboo.eu\/nl\/product\/duo-bavoir-bandana-nala\/\" \/>\n<meta property=\"og:locale\" content=\"nl_BE\" \/>\n<meta property=\"og:type\" content=\"article\" \/>\n<meta property=\"og:title\" content=\"Duo bavoir bandana Nala - BidiBoo\" \/>\n<meta property=\"og:description\" content=\"Le bavoir bandana est id\u00e9al quand b\u00e9b\u00e9 bave beaucoup, avec son allure de foulard, il peut rester au cou de votre enfant tout en \u00e9tant esth\u00e9tique et ainsi les v\u00eatements resteront secs. R\u00e9glable par pressions, il peut \u00eatres port\u00e9 d\u00e9s la naissance jusqu&rsquo;\u00e0 9 mois. BY Bidi\u2019Boo Fait main Les motifs et leurs dispositions peuvent varier d\u2019une cr\u00e9ation \u00e0 l\u2019autre en raison de leur caract\u00e8re artisanal\" \/>\n<meta property=\"og:url\" content=\"https:\/\/bidiboo.eu\/nl\/product\/duo-bavoir-bandana-nala\/\" \/>\n<meta property=\"og:site_name\" content=\"BidiBoo\" \/>\n<meta property=\"article:publisher\" content=\"https:\/\/www.facebook.com\/BidiBoocreations\" \/>\n<meta property=\"article:modified_time\" content=\"2026-02-25T07:51:13+00:00\" \/>\n<meta property=\"og:image\" content=\"https:\/\/bidiboo.eu\/wp-content\/uploads\/2026\/02\/Photoroom_20260225_082710-1280x1280.jpeg\" \/>\n\t<meta property=\"og:image:width\" content=\"1280\" \/>\n\t<meta property=\"og:image:height\" content=\"1280\" \/>\n\t<meta property=\"og:image:type\" content=\"image\/jpeg\" \/>\n<meta name=\"twitter:card\" content=\"summary_large_image\" \/>\n<script type=\"application\/ld+json\" class=\"yoast-schema-graph\">{\"@context\":\"https:\/\/schema.org\",\"@graph\":[{\"@type\":\"WebPage\",\"@id\":\"https:\/\/bidiboo.eu\/produit\/duo-bavoir-bandana-nala\/\",\"url\":\"https:\/\/bidiboo.eu\/produit\/duo-bavoir-bandana-nala\/\",\"name\":\"Duo bavoir bandana Nala - BidiBoo\",\"isPartOf\":{\"@id\":\"https:\/\/bidiboo.eu\/#website\"},\"primaryImageOfPage\":{\"@id\":\"https:\/\/bidiboo.eu\/produit\/duo-bavoir-bandana-nala\/#primaryimage\"},\"image\":{\"@id\":\"https:\/\/bidiboo.eu\/produit\/duo-bavoir-bandana-nala\/#primaryimage\"},\"thumbnailUrl\":\"https:\/\/bidiboo.eu\/wp-content\/uploads\/2026\/02\/Photoroom_20260225_082710.jpeg\",\"datePublished\":\"2026-02-25T07:34:40+00:00\",\"dateModified\":\"2026-02-25T07:51:13+00:00\",\"breadcrumb\":{\"@id\":\"https:\/\/bidiboo.eu\/produit\/duo-bavoir-bandana-nala\/#breadcrumb\"},\"inLanguage\":\"nl-BE\",\"potentialAction\":[{\"@type\":\"ReadAction\",\"target\":[\"https:\/\/bidiboo.eu\/produit\/duo-bavoir-bandana-nala\/\"]}]},{\"@type\":\"ImageObject\",\"inLanguage\":\"nl-BE\",\"@id\":\"https:\/\/bidiboo.eu\/produit\/duo-bavoir-bandana-nala\/#primaryimage\",\"url\":\"https:\/\/bidiboo.eu\/wp-content\/uploads\/2026\/02\/Photoroom_20260225_082710.jpeg\",\"contentUrl\":\"https:\/\/bidiboo.eu\/wp-content\/uploads\/2026\/02\/Photoroom_20260225_082710.jpeg\",\"width\":2400,\"height\":2400},{\"@type\":\"BreadcrumbList\",\"@id\":\"https:\/\/bidiboo.eu\/produit\/duo-bavoir-bandana-nala\/#breadcrumb\",\"itemListElement\":[{\"@type\":\"ListItem\",\"position\":1,\"name\":\"Accueil\",\"item\":\"https:\/\/bidiboo.eu\/\"},{\"@type\":\"ListItem\",\"position\":2,\"name\":\"La Boutique Bidi&#8217;Boo\",\"item\":\"https:\/\/bidiboo.eu\/la-boutique-bidiboo\/\"},{\"@type\":\"ListItem\",\"position\":3,\"name\":\"Duo bavoir bandana Nala\"}]},{\"@type\":\"WebSite\",\"@id\":\"https:\/\/bidiboo.eu\/#website\",\"url\":\"https:\/\/bidiboo.eu\/\",\"name\":\"BidiBoo\",\"description\":\"\",\"publisher\":{\"@id\":\"https:\/\/bidiboo.eu\/#organization\"},\"potentialAction\":[{\"@type\":\"SearchAction\",\"target\":{\"@type\":\"EntryPoint\",\"urlTemplate\":\"https:\/\/bidiboo.eu\/?s={search_term_string}\"},\"query-input\":{\"@type\":\"PropertyValueSpecification\",\"valueRequired\":true,\"valueName\":\"search_term_string\"}}],\"inLanguage\":\"nl-BE\"},{\"@type\":\"Organization\",\"@id\":\"https:\/\/bidiboo.eu\/#organization\",\"name\":\"Bidiboo\",\"url\":\"https:\/\/bidiboo.eu\/\",\"logo\":{\"@type\":\"ImageObject\",\"inLanguage\":\"nl-BE\",\"@id\":\"https:\/\/bidiboo.eu\/#\/schema\/logo\/image\/\",\"url\":\"https:\/\/bidiboo.eu\/wp-content\/uploads\/2022\/04\/Logo-BidiBoo.png\",\"contentUrl\":\"https:\/\/bidiboo.eu\/wp-content\/uploads\/2022\/04\/Logo-BidiBoo.png\",\"width\":941,\"height\":926,\"caption\":\"Bidiboo\"},\"image\":{\"@id\":\"https:\/\/bidiboo.eu\/#\/schema\/logo\/image\/\"},\"sameAs\":[\"https:\/\/www.facebook.com\/BidiBoocreations\",\"https:\/\/www.instagram.com\/bidiboo.creations\/\"]}]}<\/script>\n<!-- \/ Yoast SEO plugin. -->","yoast_head_json":{"title":"Duo bavoir bandana Nala - BidiBoo","robots":{"index":"index","follow":"follow","max-snippet":"max-snippet:-1","max-image-preview":"max-image-preview:large","max-video-preview":"max-video-preview:-1"},"canonical":"https:\/\/bidiboo.eu\/nl\/product\/duo-bavoir-bandana-nala\/","og_locale":"nl_BE","og_type":"article","og_title":"Duo bavoir bandana Nala - BidiBoo","og_description":"Le bavoir bandana est id\u00e9al quand b\u00e9b\u00e9 bave beaucoup, avec son allure de foulard, il peut rester au cou de votre enfant tout en \u00e9tant esth\u00e9tique et ainsi les v\u00eatements resteront secs. R\u00e9glable par pressions, il peut \u00eatres port\u00e9 d\u00e9s la naissance jusqu&rsquo;\u00e0 9 mois. BY Bidi\u2019Boo Fait main Les motifs et leurs dispositions peuvent varier d\u2019une cr\u00e9ation \u00e0 l\u2019autre en raison de leur caract\u00e8re artisanal","og_url":"https:\/\/bidiboo.eu\/nl\/product\/duo-bavoir-bandana-nala\/","og_site_name":"BidiBoo","article_publisher":"https:\/\/www.facebook.com\/BidiBoocreations","article_modified_time":"2026-02-25T07:51:13+00:00","og_image":[{"width":1280,"height":1280,"url":"https:\/\/bidiboo.eu\/wp-content\/uploads\/2026\/02\/Photoroom_20260225_082710-1280x1280.jpeg","type":"image\/jpeg"}],"twitter_card":"summary_large_image","schema":{"@context":"https:\/\/schema.org","@graph":[{"@type":"WebPage","@id":"https:\/\/bidiboo.eu\/produit\/duo-bavoir-bandana-nala\/","url":"https:\/\/bidiboo.eu\/produit\/duo-bavoir-bandana-nala\/","name":"Duo bavoir bandana Nala - BidiBoo","isPartOf":{"@id":"https:\/\/bidiboo.eu\/#website"},"primaryImageOfPage":{"@id":"https:\/\/bidiboo.eu\/produit\/duo-bavoir-bandana-nala\/#primaryimage"},"image":{"@id":"https:\/\/bidiboo.eu\/produit\/duo-bavoir-bandana-nala\/#primaryimage"},"thumbnailUrl":"https:\/\/bidiboo.eu\/wp-content\/uploads\/2026\/02\/Photoroom_20260225_082710.jpeg","datePublished":"2026-02-25T07:34:40+00:00","dateModified":"2026-02-25T07:51:13+00:00","breadcrumb":{"@id":"https:\/\/bidiboo.eu\/produit\/duo-bavoir-bandana-nala\/#breadcrumb"},"inLanguage":"nl-BE","potentialAction":[{"@type":"ReadAction","target":["https:\/\/bidiboo.eu\/produit\/duo-bavoir-bandana-nala\/"]}]},{"@type":"ImageObject","inLanguage":"nl-BE","@id":"https:\/\/bidiboo.eu\/produit\/duo-bavoir-bandana-nala\/#primaryimage","url":"https:\/\/bidiboo.eu\/wp-content\/uploads\/2026\/02\/Photoroom_20260225_082710.jpeg","contentUrl":"https:\/\/bidiboo.eu\/wp-content\/uploads\/2026\/02\/Photoroom_20260225_082710.jpeg","width":2400,"height":2400},{"@type":"BreadcrumbList","@id":"https:\/\/bidiboo.eu\/produit\/duo-bavoir-bandana-nala\/#breadcrumb","itemListElement":[{"@type":"ListItem","position":1,"name":"Accueil","item":"https:\/\/bidiboo.eu\/"},{"@type":"ListItem","position":2,"name":"La Boutique Bidi&#8217;Boo","item":"https:\/\/bidiboo.eu\/la-boutique-bidiboo\/"},{"@type":"ListItem","position":3,"name":"Duo bavoir bandana Nala"}]},{"@type":"WebSite","@id":"https:\/\/bidiboo.eu\/#website","url":"https:\/\/bidiboo.eu\/","name":"BidiBoo","description":"","publisher":{"@id":"https:\/\/bidiboo.eu\/#organization"},"potentialAction":[{"@type":"SearchAction","target":{"@type":"EntryPoint","urlTemplate":"https:\/\/bidiboo.eu\/?s={search_term_string}"},"query-input":{"@type":"PropertyValueSpecification","valueRequired":true,"valueName":"search_term_string"}}],"inLanguage":"nl-BE"},{"@type":"Organization","@id":"https:\/\/bidiboo.eu\/#organization","name":"Bidiboo","url":"https:\/\/bidiboo.eu\/","logo":{"@type":"ImageObject","inLanguage":"nl-BE","@id":"https:\/\/bidiboo.eu\/#\/schema\/logo\/image\/","url":"https:\/\/bidiboo.eu\/wp-content\/uploads\/2022\/04\/Logo-BidiBoo.png","contentUrl":"https:\/\/bidiboo.eu\/wp-content\/uploads\/2022\/04\/Logo-BidiBoo.png","width":941,"height":926,"caption":"Bidiboo"},"image":{"@id":"https:\/\/bidiboo.eu\/#\/schema\/logo\/image\/"},"sameAs":["https:\/\/www.facebook.com\/BidiBoocreations","https:\/\/www.instagram.com\/bidiboo.creations\/"]}]}},"acf":[],"jetpack_likes_enabled":false,"_links":{"self":[{"href":"https:\/\/bidiboo.eu\/nl\/wp-json\/wp\/v2\/product\/30253","targetHints":{"allow":["GET"]}}],"collection":[{"href":"https:\/\/bidiboo.eu\/nl\/wp-json\/wp\/v2\/product"}],"about":[{"href":"https:\/\/bidiboo.eu\/nl\/wp-json\/wp\/v2\/types\/product"}],"replies":[{"embeddable":true,"href":"https:\/\/bidiboo.eu\/nl\/wp-json\/wp\/v2\/comments?post=30253"}],"version-history":[{"count":0,"href":"https:\/\/bidiboo.eu\/nl\/wp-json\/wp\/v2\/product\/30253\/revisions"}],"wp:featuredmedia":[{"embeddable":true,"href":"https:\/\/bidiboo.eu\/nl\/wp-json\/wp\/v2\/media\/30254"}],"wp:attachment":[{"href":"https:\/\/bidiboo.eu\/nl\/wp-json\/wp\/v2\/media?parent=30253"}],"wp:term":[{"taxonomy":"product_brand","embeddable":true,"href":"https:\/\/bidiboo.eu\/nl\/wp-json\/wp\/v2\/product_brand?post=30253"},{"taxonomy":"product_cat","embeddable":true,"href":"https:\/\/bidiboo.eu\/nl\/wp-json\/wp\/v2\/product_cat?post=30253"},{"taxonomy":"product_tag","embeddable":true,"href":"https:\/\/bidiboo.eu\/nl\/wp-json\/wp\/v2\/product_tag?post=30253"}],"curies":[{"name":"wp","href":"https:\/\/api.w.org\/{rel}","templated":true}]}}