{"id":30220,"date":"2026-02-21T13:47:47","date_gmt":"2026-02-21T12:47:47","guid":{"rendered":"https:\/\/bidiboo.eu\/?post_type=product&#038;p=30220"},"modified":"2026-02-21T13:50:14","modified_gmt":"2026-02-21T12:50:14","slug":"bandeau-croise-enfant-elora","status":"publish","type":"product","link":"https:\/\/bidiboo.eu\/nl\/product\/bandeau-croise-enfant-elora\/","title":{"rendered":"Elora kinderhoofdband met gekruiste bandjes"},"content":{"rendered":"<h3><strong>Gekruiste hoofdband \u2013 elegant modeaccessoire<\/strong><\/h3>\n<p><strong>Beschrijving :<\/strong><br \/>\nVoeg een chique en trendy tintje toe aan je outfits met onze gekruiste hoofdband, een essentieel accessoire voor alle seizoenen. Deze hoofdband is gemaakt van zachte, rekbare materialen en zorgt voor optimaal comfort en blijft de hele dag stevig op zijn plaats. Het gekruiste ontwerp aan de voorkant zorgt voor een vleugje elegantie, perfect om een casual of meer verfijnd kapsel te accentueren.<\/p>\n<p>&nbsp;<\/p>","protected":false},"excerpt":{"rendered":"<p>Crisscross hoofdband \u2013 Elegante modeaccessoire Beschrijving: Voeg een chique en trendy touch toe aan je outfits met onze crisscross hoofdband, een onmisbaar accessoire voor alle seizoenen. Gemaakt van zachte en rekbare materialen, zorgt deze hoofdband voor optimaal comfort en blijft hij de hele dag goed zitten. Het crisscross ontwerp aan de voorkant voegt een vleugje elegantie toe, perfect om een casual of meer verfijnd kapsel te accentueren. &nbsp;<\/p>","protected":false},"featured_media":30152,"comment_status":"open","ping_status":"closed","template":"","meta":{"_editorskit_title_hidden":false,"_editorskit_reading_time":0,"_editorskit_is_block_options_detached":false,"_editorskit_block_options_position":"{}","inline_featured_image":false},"product_brand":[],"product_cat":[15,105,1136,1033],"product_tag":[],"class_list":{"0":"post-30220","1":"product","2":"type-product","3":"status-publish","4":"has-post-thumbnail","6":"product_cat-all","7":"product_cat-tidado-collection-bidiboo-bebe-enfant-maman","8":"product_cat-elora","9":"product_cat-les-bandeaux","11":"first","12":"instock","13":"taxable","14":"shipping-taxable","15":"purchasable","16":"product-type-variable"},"yoast_head":"<!-- This site is optimized with the Yoast SEO plugin v25.7 - https:\/\/yoast.com\/wordpress\/plugins\/seo\/ -->\n<title>Bandeau crois\u00e9 enfant Elora - BidiBoo<\/title>\n<meta name=\"robots\" content=\"index, follow, max-snippet:-1, max-image-preview:large, max-video-preview:-1\" \/>\n<link rel=\"canonical\" href=\"https:\/\/bidiboo.eu\/nl\/product\/bandeau-croise-enfant-elora\/\" \/>\n<meta property=\"og:locale\" content=\"nl_BE\" \/>\n<meta property=\"og:type\" content=\"article\" \/>\n<meta property=\"og:title\" content=\"Bandeau crois\u00e9 enfant Elora - BidiBoo\" \/>\n<meta property=\"og:description\" content=\"Bandeau Crois\u00e9 &#8211; Accessoire de Mode \u00c9l\u00e9gant Description : Ajoutez une touche chic et tendance \u00e0 vos tenues avec notre bandeau crois\u00e9, un accessoire indispensable pour toutes les saisons. Fabriqu\u00e9 \u00e0 partir de mat\u00e9riaux doux et extensibles, ce bandeau assure un confort optimal tout en restant bien en place tout au long de la journ\u00e9e. Son design crois\u00e9 sur le devant apporte une note d&rsquo;\u00e9l\u00e9gance, parfaite pour sublimer une coiffure d\u00e9contract\u00e9e ou plus sophistiqu\u00e9e. &nbsp;\" \/>\n<meta property=\"og:url\" content=\"https:\/\/bidiboo.eu\/nl\/product\/bandeau-croise-enfant-elora\/\" \/>\n<meta property=\"og:site_name\" content=\"BidiBoo\" \/>\n<meta property=\"article:publisher\" content=\"https:\/\/www.facebook.com\/BidiBoocreations\" \/>\n<meta property=\"article:modified_time\" content=\"2026-02-21T12:50:14+00:00\" \/>\n<meta property=\"og:image\" content=\"https:\/\/bidiboo.eu\/wp-content\/uploads\/2026\/02\/Photoroom_20260221_120904-1280x1280.jpeg\" \/>\n\t<meta property=\"og:image:width\" content=\"1280\" \/>\n\t<meta property=\"og:image:height\" content=\"1280\" \/>\n\t<meta property=\"og:image:type\" content=\"image\/jpeg\" \/>\n<meta name=\"twitter:card\" content=\"summary_large_image\" \/>\n<script type=\"application\/ld+json\" class=\"yoast-schema-graph\">{\"@context\":\"https:\/\/schema.org\",\"@graph\":[{\"@type\":\"WebPage\",\"@id\":\"https:\/\/bidiboo.eu\/produit\/bandeau-croise-enfant-elora\/\",\"url\":\"https:\/\/bidiboo.eu\/produit\/bandeau-croise-enfant-elora\/\",\"name\":\"Bandeau crois\u00e9 enfant Elora - BidiBoo\",\"isPartOf\":{\"@id\":\"https:\/\/bidiboo.eu\/#website\"},\"primaryImageOfPage\":{\"@id\":\"https:\/\/bidiboo.eu\/produit\/bandeau-croise-enfant-elora\/#primaryimage\"},\"image\":{\"@id\":\"https:\/\/bidiboo.eu\/produit\/bandeau-croise-enfant-elora\/#primaryimage\"},\"thumbnailUrl\":\"https:\/\/bidiboo.eu\/wp-content\/uploads\/2026\/02\/Photoroom_20260221_120904.jpeg\",\"datePublished\":\"2026-02-21T12:47:47+00:00\",\"dateModified\":\"2026-02-21T12:50:14+00:00\",\"breadcrumb\":{\"@id\":\"https:\/\/bidiboo.eu\/produit\/bandeau-croise-enfant-elora\/#breadcrumb\"},\"inLanguage\":\"nl-BE\",\"potentialAction\":[{\"@type\":\"ReadAction\",\"target\":[\"https:\/\/bidiboo.eu\/produit\/bandeau-croise-enfant-elora\/\"]}]},{\"@type\":\"ImageObject\",\"inLanguage\":\"nl-BE\",\"@id\":\"https:\/\/bidiboo.eu\/produit\/bandeau-croise-enfant-elora\/#primaryimage\",\"url\":\"https:\/\/bidiboo.eu\/wp-content\/uploads\/2026\/02\/Photoroom_20260221_120904.jpeg\",\"contentUrl\":\"https:\/\/bidiboo.eu\/wp-content\/uploads\/2026\/02\/Photoroom_20260221_120904.jpeg\",\"width\":2400,\"height\":2400},{\"@type\":\"BreadcrumbList\",\"@id\":\"https:\/\/bidiboo.eu\/produit\/bandeau-croise-enfant-elora\/#breadcrumb\",\"itemListElement\":[{\"@type\":\"ListItem\",\"position\":1,\"name\":\"Accueil\",\"item\":\"https:\/\/bidiboo.eu\/\"},{\"@type\":\"ListItem\",\"position\":2,\"name\":\"La Boutique Bidi&#8217;Boo\",\"item\":\"https:\/\/bidiboo.eu\/la-boutique-bidiboo\/\"},{\"@type\":\"ListItem\",\"position\":3,\"name\":\"Bandeau crois\u00e9 enfant Elora\"}]},{\"@type\":\"WebSite\",\"@id\":\"https:\/\/bidiboo.eu\/#website\",\"url\":\"https:\/\/bidiboo.eu\/\",\"name\":\"BidiBoo\",\"description\":\"\",\"publisher\":{\"@id\":\"https:\/\/bidiboo.eu\/#organization\"},\"potentialAction\":[{\"@type\":\"SearchAction\",\"target\":{\"@type\":\"EntryPoint\",\"urlTemplate\":\"https:\/\/bidiboo.eu\/?s={search_term_string}\"},\"query-input\":{\"@type\":\"PropertyValueSpecification\",\"valueRequired\":true,\"valueName\":\"search_term_string\"}}],\"inLanguage\":\"nl-BE\"},{\"@type\":\"Organization\",\"@id\":\"https:\/\/bidiboo.eu\/#organization\",\"name\":\"Bidiboo\",\"url\":\"https:\/\/bidiboo.eu\/\",\"logo\":{\"@type\":\"ImageObject\",\"inLanguage\":\"nl-BE\",\"@id\":\"https:\/\/bidiboo.eu\/#\/schema\/logo\/image\/\",\"url\":\"https:\/\/bidiboo.eu\/wp-content\/uploads\/2022\/04\/Logo-BidiBoo.png\",\"contentUrl\":\"https:\/\/bidiboo.eu\/wp-content\/uploads\/2022\/04\/Logo-BidiBoo.png\",\"width\":941,\"height\":926,\"caption\":\"Bidiboo\"},\"image\":{\"@id\":\"https:\/\/bidiboo.eu\/#\/schema\/logo\/image\/\"},\"sameAs\":[\"https:\/\/www.facebook.com\/BidiBoocreations\",\"https:\/\/www.instagram.com\/bidiboo.creations\/\"]}]}<\/script>\n<!-- \/ Yoast SEO plugin. -->","yoast_head_json":{"title":"Bandeau crois\u00e9 enfant Elora - BidiBoo","robots":{"index":"index","follow":"follow","max-snippet":"max-snippet:-1","max-image-preview":"max-image-preview:large","max-video-preview":"max-video-preview:-1"},"canonical":"https:\/\/bidiboo.eu\/nl\/product\/bandeau-croise-enfant-elora\/","og_locale":"nl_BE","og_type":"article","og_title":"Bandeau crois\u00e9 enfant Elora - BidiBoo","og_description":"Bandeau Crois\u00e9 &#8211; Accessoire de Mode \u00c9l\u00e9gant Description : Ajoutez une touche chic et tendance \u00e0 vos tenues avec notre bandeau crois\u00e9, un accessoire indispensable pour toutes les saisons. Fabriqu\u00e9 \u00e0 partir de mat\u00e9riaux doux et extensibles, ce bandeau assure un confort optimal tout en restant bien en place tout au long de la journ\u00e9e. Son design crois\u00e9 sur le devant apporte une note d&rsquo;\u00e9l\u00e9gance, parfaite pour sublimer une coiffure d\u00e9contract\u00e9e ou plus sophistiqu\u00e9e. &nbsp;","og_url":"https:\/\/bidiboo.eu\/nl\/product\/bandeau-croise-enfant-elora\/","og_site_name":"BidiBoo","article_publisher":"https:\/\/www.facebook.com\/BidiBoocreations","article_modified_time":"2026-02-21T12:50:14+00:00","og_image":[{"width":1280,"height":1280,"url":"https:\/\/bidiboo.eu\/wp-content\/uploads\/2026\/02\/Photoroom_20260221_120904-1280x1280.jpeg","type":"image\/jpeg"}],"twitter_card":"summary_large_image","schema":{"@context":"https:\/\/schema.org","@graph":[{"@type":"WebPage","@id":"https:\/\/bidiboo.eu\/produit\/bandeau-croise-enfant-elora\/","url":"https:\/\/bidiboo.eu\/produit\/bandeau-croise-enfant-elora\/","name":"Bandeau crois\u00e9 enfant Elora - BidiBoo","isPartOf":{"@id":"https:\/\/bidiboo.eu\/#website"},"primaryImageOfPage":{"@id":"https:\/\/bidiboo.eu\/produit\/bandeau-croise-enfant-elora\/#primaryimage"},"image":{"@id":"https:\/\/bidiboo.eu\/produit\/bandeau-croise-enfant-elora\/#primaryimage"},"thumbnailUrl":"https:\/\/bidiboo.eu\/wp-content\/uploads\/2026\/02\/Photoroom_20260221_120904.jpeg","datePublished":"2026-02-21T12:47:47+00:00","dateModified":"2026-02-21T12:50:14+00:00","breadcrumb":{"@id":"https:\/\/bidiboo.eu\/produit\/bandeau-croise-enfant-elora\/#breadcrumb"},"inLanguage":"nl-BE","potentialAction":[{"@type":"ReadAction","target":["https:\/\/bidiboo.eu\/produit\/bandeau-croise-enfant-elora\/"]}]},{"@type":"ImageObject","inLanguage":"nl-BE","@id":"https:\/\/bidiboo.eu\/produit\/bandeau-croise-enfant-elora\/#primaryimage","url":"https:\/\/bidiboo.eu\/wp-content\/uploads\/2026\/02\/Photoroom_20260221_120904.jpeg","contentUrl":"https:\/\/bidiboo.eu\/wp-content\/uploads\/2026\/02\/Photoroom_20260221_120904.jpeg","width":2400,"height":2400},{"@type":"BreadcrumbList","@id":"https:\/\/bidiboo.eu\/produit\/bandeau-croise-enfant-elora\/#breadcrumb","itemListElement":[{"@type":"ListItem","position":1,"name":"Accueil","item":"https:\/\/bidiboo.eu\/"},{"@type":"ListItem","position":2,"name":"La Boutique Bidi&#8217;Boo","item":"https:\/\/bidiboo.eu\/la-boutique-bidiboo\/"},{"@type":"ListItem","position":3,"name":"Bandeau crois\u00e9 enfant Elora"}]},{"@type":"WebSite","@id":"https:\/\/bidiboo.eu\/#website","url":"https:\/\/bidiboo.eu\/","name":"BidiBoo","description":"","publisher":{"@id":"https:\/\/bidiboo.eu\/#organization"},"potentialAction":[{"@type":"SearchAction","target":{"@type":"EntryPoint","urlTemplate":"https:\/\/bidiboo.eu\/?s={search_term_string}"},"query-input":{"@type":"PropertyValueSpecification","valueRequired":true,"valueName":"search_term_string"}}],"inLanguage":"nl-BE"},{"@type":"Organization","@id":"https:\/\/bidiboo.eu\/#organization","name":"Bidiboo","url":"https:\/\/bidiboo.eu\/","logo":{"@type":"ImageObject","inLanguage":"nl-BE","@id":"https:\/\/bidiboo.eu\/#\/schema\/logo\/image\/","url":"https:\/\/bidiboo.eu\/wp-content\/uploads\/2022\/04\/Logo-BidiBoo.png","contentUrl":"https:\/\/bidiboo.eu\/wp-content\/uploads\/2022\/04\/Logo-BidiBoo.png","width":941,"height":926,"caption":"Bidiboo"},"image":{"@id":"https:\/\/bidiboo.eu\/#\/schema\/logo\/image\/"},"sameAs":["https:\/\/www.facebook.com\/BidiBoocreations","https:\/\/www.instagram.com\/bidiboo.creations\/"]}]}},"acf":[],"jetpack_likes_enabled":false,"_links":{"self":[{"href":"https:\/\/bidiboo.eu\/nl\/wp-json\/wp\/v2\/product\/30220","targetHints":{"allow":["GET"]}}],"collection":[{"href":"https:\/\/bidiboo.eu\/nl\/wp-json\/wp\/v2\/product"}],"about":[{"href":"https:\/\/bidiboo.eu\/nl\/wp-json\/wp\/v2\/types\/product"}],"replies":[{"embeddable":true,"href":"https:\/\/bidiboo.eu\/nl\/wp-json\/wp\/v2\/comments?post=30220"}],"version-history":[{"count":0,"href":"https:\/\/bidiboo.eu\/nl\/wp-json\/wp\/v2\/product\/30220\/revisions"}],"wp:featuredmedia":[{"embeddable":true,"href":"https:\/\/bidiboo.eu\/nl\/wp-json\/wp\/v2\/media\/30152"}],"wp:attachment":[{"href":"https:\/\/bidiboo.eu\/nl\/wp-json\/wp\/v2\/media?parent=30220"}],"wp:term":[{"taxonomy":"product_brand","embeddable":true,"href":"https:\/\/bidiboo.eu\/nl\/wp-json\/wp\/v2\/product_brand?post=30220"},{"taxonomy":"product_cat","embeddable":true,"href":"https:\/\/bidiboo.eu\/nl\/wp-json\/wp\/v2\/product_cat?post=30220"},{"taxonomy":"product_tag","embeddable":true,"href":"https:\/\/bidiboo.eu\/nl\/wp-json\/wp\/v2\/product_tag?post=30220"}],"curies":[{"name":"wp","href":"https:\/\/api.w.org\/{rel}","templated":true}]}}