{"id":30189,"date":"2026-02-21T13:22:26","date_gmt":"2026-02-21T12:22:26","guid":{"rendered":"https:\/\/bidiboo.eu\/?post_type=product&#038;p=30189"},"modified":"2026-02-21T13:23:45","modified_gmt":"2026-02-21T12:23:45","slug":"cape-de-bain-xl-elora","status":"publish","type":"product","link":"https:\/\/bidiboo.eu\/nl\/product\/cape-de-bain-xl-elora\/","title":{"rendered":"Elora XL badcape"},"content":{"rendered":"<div class=\"kvgmc6g5 cxmmr5t8 oygrvhab hcukyx3x c1et5uql\">\n<div class=\"group w-full text-gray-800 dark:text-gray-100 border-b border-black\/10 dark:border-gray-900\/50 bg-gray-50 dark:bg-[#444654]\">\n<div class=\"flex p-4 gap-4 text-base md:gap-6 md:max-w-2xl lg:max-w-[38rem] xl:max-w-3xl md:py-6 lg:px-0 m-auto\">\n<div class=\"relative flex w-[calc(100%-50px)] flex-col gap-1 md:gap-3 lg:w-[calc(100%-115px)]\">\n<div class=\"flex flex-grow flex-col gap-3\">\n<div class=\"min-h-[20px] flex flex-col items-start gap-4 whitespace-pre-wrap break-words\">\n<div class=\"markdown prose w-full break-words dark:prose-invert light\">\n<h2>Ontdek onze XL badcapeset: Uitzonderlijk comfort voor peuters en ouders!<\/h2>\n<h4>Royale afmetingen voor een omhullende ervaring<\/h4>\n<p>ONS <a href=\"https:\/\/bidiboo.eu\/nl\/product-category\/all\/soins\/cape-de-bain\/\"><strong>XL-badcape<\/strong><\/a>, meten <strong>90\/90 cm<\/strong>, is ontworpen om <strong>aanbieden<\/strong> A <strong>zachte envelop<\/strong> En <strong>warm<\/strong> bij jouw<strong> Baby<\/strong> van zijn <strong>geboorte<\/strong> tot zijn<strong> 3 jaar<\/strong>. Haar maat<strong> genereus<\/strong> laat<strong>volledig omwikkelen<\/strong>, waardoor een <strong>optimaal draagcomfort<\/strong> tijdens momenten van<strong> bad<\/strong>.<\/p>\n<h4>Een badcape aangepast aan de gevoelige huid van uw kind<\/h4>\n<p>De huid van peuters wel <strong>delicaat<\/strong> en vereist speciale aandacht. Daarom is onze badcape gemaakt van materialen<strong> zacht<\/strong> En <strong>huidvriendelijk<\/strong> van uw kind. Het zal hem een gevoel van<strong> snoep<\/strong> en van <strong>comfort<\/strong> na elk bad, waardoor de gevoelige huid behouden blijft.<\/p>\n<h4>Een complete set voor het hele gezin<\/h4>\n<p>In aanvulling op<a href=\"https:\/\/bidiboo.eu\/nl\/product-category\/all\/soins\/cape-de-bain\/\"><strong> XL-badcape<\/strong><\/a>, onze set bevat <strong>twee washandjes<\/strong> : een voor<strong> ouders<\/strong> en een kleinere zodat <strong>jouw kind<\/strong> leer jezelf wassen <strong>als een grote.<\/strong> Zo kunt u momenten van delen <strong>medeplichtigheid<\/strong> met uw<strong> Baby<\/strong> terwijl hij hem de gebaren leert van<strong>hygi\u00ebne.<\/strong> Deze set <strong>compleet<\/strong> Oosten <strong>perfect<\/strong>t om de <strong>bad tijd<\/strong> nog meer <strong>prettig<\/strong>.<\/p>\n<p><strong>Aanbod<\/strong> heeft <strong>jouw baby<\/strong> een badervaring <strong>onvergetelijk<\/strong> met onze set <a href=\"https:\/\/bidiboo.eu\/nl\/product-category\/all\/soins\/cape-de-bain\/\"><strong>XL-badcape<\/strong><\/a>. Gemaakt met <strong>zorg<\/strong> En <strong>handgemaakt<\/strong>, elk stuk is <strong>uniek<\/strong>, met patronen en arrangementen die van creatie tot creatie kunnen vari\u00ebren. Mis deze kans niet<strong>aanbieden<\/strong> geef je kleintje een bad <strong>comfortabel<\/strong> En <strong>aangenaam<\/strong>.<\/p>\n<p>Aarzel niet om je te laten inspireren door <a href=\"https:\/\/www.facebook.com\/BidiBoocreations\">onze netwerken!\u00a0<\/a><br \/>\n<a href=\"https:\/\/www.facebook.com\/BidiBoocreations\"><img decoding=\"async\" src=\"https:\/\/bidiboo.eu\/storage\/2023\/06\/f_logo_RGB-Blue_58.png\" alt=\"logo-fb\" width=\"25\" height=\"25\" \/><\/a><\/p>\n<\/div>\n<\/div>\n<\/div>\n<\/div>\n<\/div>\n<\/div>\n<\/div>","protected":false},"excerpt":{"rendered":"<p>Offrez \u00e0 votre enfant une douceur in\u00e9gal\u00e9e avec notre ensemble de cape de bain XL. Fait main et de qualit\u00e9 sup\u00e9rieure, il garantit confort et confort lors des moments de bain. Commandez d\u00e8s maintenant chez Bidi&rsquo;Boo !<\/p>","protected":false},"featured_media":30166,"comment_status":"open","ping_status":"closed","template":"","meta":{"_editorskit_title_hidden":false,"_editorskit_reading_time":0,"_editorskit_is_block_options_detached":false,"_editorskit_block_options_position":"{}","inline_featured_image":false},"product_brand":[],"product_cat":[15,138,1136,136],"product_tag":[331,468],"class_list":{"0":"post-30189","1":"product","2":"type-product","3":"status-publish","4":"has-post-thumbnail","6":"product_cat-all","7":"product_cat-cape-de-bain","8":"product_cat-elora","9":"product_cat-soins","10":"product_tag-cape-de-bain","11":"product_tag-cape-de-bain-xl-et-gants-de-toilette","13":"first","14":"instock","15":"taxable","16":"shipping-taxable","17":"purchasable","18":"product-type-simple"},"yoast_head":"<!-- This site is optimized with the Yoast SEO plugin v25.7 - https:\/\/yoast.com\/wordpress\/plugins\/seo\/ -->\n<title>Cape de bain XL Elora - BidiBoo<\/title>\n<meta name=\"robots\" content=\"index, follow, max-snippet:-1, max-image-preview:large, max-video-preview:-1\" \/>\n<link rel=\"canonical\" href=\"https:\/\/bidiboo.eu\/nl\/product\/cape-de-bain-xl-elora\/\" \/>\n<meta property=\"og:locale\" content=\"nl_BE\" \/>\n<meta property=\"og:type\" content=\"article\" \/>\n<meta property=\"og:title\" content=\"Cape de bain XL Elora - BidiBoo\" \/>\n<meta property=\"og:description\" content=\"Offrez \u00e0 votre enfant une douceur in\u00e9gal\u00e9e avec notre ensemble de cape de bain XL. Fait main et de qualit\u00e9 sup\u00e9rieure, il garantit confort et confort lors des moments de bain. Commandez d\u00e8s maintenant chez Bidi&#039;Boo !\" \/>\n<meta property=\"og:url\" content=\"https:\/\/bidiboo.eu\/nl\/product\/cape-de-bain-xl-elora\/\" \/>\n<meta property=\"og:site_name\" content=\"BidiBoo\" \/>\n<meta property=\"article:publisher\" content=\"https:\/\/www.facebook.com\/BidiBoocreations\" \/>\n<meta property=\"article:modified_time\" content=\"2026-02-21T12:23:45+00:00\" \/>\n<meta property=\"og:image\" content=\"https:\/\/bidiboo.eu\/wp-content\/uploads\/2026\/02\/Photoroom_20260221_115402-1280x1280.jpeg\" \/>\n\t<meta property=\"og:image:width\" content=\"1280\" \/>\n\t<meta property=\"og:image:height\" content=\"1280\" \/>\n\t<meta property=\"og:image:type\" content=\"image\/jpeg\" \/>\n<meta name=\"twitter:card\" content=\"summary_large_image\" \/>\n<meta name=\"twitter:label1\" content=\"Geschatte leestijd\" \/>\n\t<meta name=\"twitter:data1\" content=\"1 minuut\" \/>\n<script type=\"application\/ld+json\" class=\"yoast-schema-graph\">{\"@context\":\"https:\/\/schema.org\",\"@graph\":[{\"@type\":\"WebPage\",\"@id\":\"https:\/\/bidiboo.eu\/produit\/cape-de-bain-xl-elora\/\",\"url\":\"https:\/\/bidiboo.eu\/produit\/cape-de-bain-xl-elora\/\",\"name\":\"Cape de bain XL Elora - BidiBoo\",\"isPartOf\":{\"@id\":\"https:\/\/bidiboo.eu\/#website\"},\"primaryImageOfPage\":{\"@id\":\"https:\/\/bidiboo.eu\/produit\/cape-de-bain-xl-elora\/#primaryimage\"},\"image\":{\"@id\":\"https:\/\/bidiboo.eu\/produit\/cape-de-bain-xl-elora\/#primaryimage\"},\"thumbnailUrl\":\"https:\/\/bidiboo.eu\/wp-content\/uploads\/2026\/02\/Photoroom_20260221_115402.jpeg\",\"datePublished\":\"2026-02-21T12:22:26+00:00\",\"dateModified\":\"2026-02-21T12:23:45+00:00\",\"breadcrumb\":{\"@id\":\"https:\/\/bidiboo.eu\/produit\/cape-de-bain-xl-elora\/#breadcrumb\"},\"inLanguage\":\"nl-BE\",\"potentialAction\":[{\"@type\":\"ReadAction\",\"target\":[\"https:\/\/bidiboo.eu\/produit\/cape-de-bain-xl-elora\/\"]}]},{\"@type\":\"ImageObject\",\"inLanguage\":\"nl-BE\",\"@id\":\"https:\/\/bidiboo.eu\/produit\/cape-de-bain-xl-elora\/#primaryimage\",\"url\":\"https:\/\/bidiboo.eu\/wp-content\/uploads\/2026\/02\/Photoroom_20260221_115402.jpeg\",\"contentUrl\":\"https:\/\/bidiboo.eu\/wp-content\/uploads\/2026\/02\/Photoroom_20260221_115402.jpeg\",\"width\":2400,\"height\":2400},{\"@type\":\"BreadcrumbList\",\"@id\":\"https:\/\/bidiboo.eu\/produit\/cape-de-bain-xl-elora\/#breadcrumb\",\"itemListElement\":[{\"@type\":\"ListItem\",\"position\":1,\"name\":\"Accueil\",\"item\":\"https:\/\/bidiboo.eu\/\"},{\"@type\":\"ListItem\",\"position\":2,\"name\":\"La Boutique Bidi&#8217;Boo\",\"item\":\"https:\/\/bidiboo.eu\/la-boutique-bidiboo\/\"},{\"@type\":\"ListItem\",\"position\":3,\"name\":\"Cape de bain XL Elora\"}]},{\"@type\":\"WebSite\",\"@id\":\"https:\/\/bidiboo.eu\/#website\",\"url\":\"https:\/\/bidiboo.eu\/\",\"name\":\"BidiBoo\",\"description\":\"\",\"publisher\":{\"@id\":\"https:\/\/bidiboo.eu\/#organization\"},\"potentialAction\":[{\"@type\":\"SearchAction\",\"target\":{\"@type\":\"EntryPoint\",\"urlTemplate\":\"https:\/\/bidiboo.eu\/?s={search_term_string}\"},\"query-input\":{\"@type\":\"PropertyValueSpecification\",\"valueRequired\":true,\"valueName\":\"search_term_string\"}}],\"inLanguage\":\"nl-BE\"},{\"@type\":\"Organization\",\"@id\":\"https:\/\/bidiboo.eu\/#organization\",\"name\":\"Bidiboo\",\"url\":\"https:\/\/bidiboo.eu\/\",\"logo\":{\"@type\":\"ImageObject\",\"inLanguage\":\"nl-BE\",\"@id\":\"https:\/\/bidiboo.eu\/#\/schema\/logo\/image\/\",\"url\":\"https:\/\/bidiboo.eu\/wp-content\/uploads\/2022\/04\/Logo-BidiBoo.png\",\"contentUrl\":\"https:\/\/bidiboo.eu\/wp-content\/uploads\/2022\/04\/Logo-BidiBoo.png\",\"width\":941,\"height\":926,\"caption\":\"Bidiboo\"},\"image\":{\"@id\":\"https:\/\/bidiboo.eu\/#\/schema\/logo\/image\/\"},\"sameAs\":[\"https:\/\/www.facebook.com\/BidiBoocreations\",\"https:\/\/www.instagram.com\/bidiboo.creations\/\"]}]}<\/script>\n<!-- \/ Yoast SEO plugin. -->","yoast_head_json":{"title":"Cape de bain XL Elora - BidiBoo","robots":{"index":"index","follow":"follow","max-snippet":"max-snippet:-1","max-image-preview":"max-image-preview:large","max-video-preview":"max-video-preview:-1"},"canonical":"https:\/\/bidiboo.eu\/nl\/product\/cape-de-bain-xl-elora\/","og_locale":"nl_BE","og_type":"article","og_title":"Cape de bain XL Elora - BidiBoo","og_description":"Offrez \u00e0 votre enfant une douceur in\u00e9gal\u00e9e avec notre ensemble de cape de bain XL. Fait main et de qualit\u00e9 sup\u00e9rieure, il garantit confort et confort lors des moments de bain. Commandez d\u00e8s maintenant chez Bidi'Boo !","og_url":"https:\/\/bidiboo.eu\/nl\/product\/cape-de-bain-xl-elora\/","og_site_name":"BidiBoo","article_publisher":"https:\/\/www.facebook.com\/BidiBoocreations","article_modified_time":"2026-02-21T12:23:45+00:00","og_image":[{"width":1280,"height":1280,"url":"https:\/\/bidiboo.eu\/wp-content\/uploads\/2026\/02\/Photoroom_20260221_115402-1280x1280.jpeg","type":"image\/jpeg"}],"twitter_card":"summary_large_image","twitter_misc":{"Geschatte leestijd":"1 minuut"},"schema":{"@context":"https:\/\/schema.org","@graph":[{"@type":"WebPage","@id":"https:\/\/bidiboo.eu\/produit\/cape-de-bain-xl-elora\/","url":"https:\/\/bidiboo.eu\/produit\/cape-de-bain-xl-elora\/","name":"Cape de bain XL Elora - BidiBoo","isPartOf":{"@id":"https:\/\/bidiboo.eu\/#website"},"primaryImageOfPage":{"@id":"https:\/\/bidiboo.eu\/produit\/cape-de-bain-xl-elora\/#primaryimage"},"image":{"@id":"https:\/\/bidiboo.eu\/produit\/cape-de-bain-xl-elora\/#primaryimage"},"thumbnailUrl":"https:\/\/bidiboo.eu\/wp-content\/uploads\/2026\/02\/Photoroom_20260221_115402.jpeg","datePublished":"2026-02-21T12:22:26+00:00","dateModified":"2026-02-21T12:23:45+00:00","breadcrumb":{"@id":"https:\/\/bidiboo.eu\/produit\/cape-de-bain-xl-elora\/#breadcrumb"},"inLanguage":"nl-BE","potentialAction":[{"@type":"ReadAction","target":["https:\/\/bidiboo.eu\/produit\/cape-de-bain-xl-elora\/"]}]},{"@type":"ImageObject","inLanguage":"nl-BE","@id":"https:\/\/bidiboo.eu\/produit\/cape-de-bain-xl-elora\/#primaryimage","url":"https:\/\/bidiboo.eu\/wp-content\/uploads\/2026\/02\/Photoroom_20260221_115402.jpeg","contentUrl":"https:\/\/bidiboo.eu\/wp-content\/uploads\/2026\/02\/Photoroom_20260221_115402.jpeg","width":2400,"height":2400},{"@type":"BreadcrumbList","@id":"https:\/\/bidiboo.eu\/produit\/cape-de-bain-xl-elora\/#breadcrumb","itemListElement":[{"@type":"ListItem","position":1,"name":"Accueil","item":"https:\/\/bidiboo.eu\/"},{"@type":"ListItem","position":2,"name":"La Boutique Bidi&#8217;Boo","item":"https:\/\/bidiboo.eu\/la-boutique-bidiboo\/"},{"@type":"ListItem","position":3,"name":"Cape de bain XL Elora"}]},{"@type":"WebSite","@id":"https:\/\/bidiboo.eu\/#website","url":"https:\/\/bidiboo.eu\/","name":"BidiBoo","description":"","publisher":{"@id":"https:\/\/bidiboo.eu\/#organization"},"potentialAction":[{"@type":"SearchAction","target":{"@type":"EntryPoint","urlTemplate":"https:\/\/bidiboo.eu\/?s={search_term_string}"},"query-input":{"@type":"PropertyValueSpecification","valueRequired":true,"valueName":"search_term_string"}}],"inLanguage":"nl-BE"},{"@type":"Organization","@id":"https:\/\/bidiboo.eu\/#organization","name":"Bidiboo","url":"https:\/\/bidiboo.eu\/","logo":{"@type":"ImageObject","inLanguage":"nl-BE","@id":"https:\/\/bidiboo.eu\/#\/schema\/logo\/image\/","url":"https:\/\/bidiboo.eu\/wp-content\/uploads\/2022\/04\/Logo-BidiBoo.png","contentUrl":"https:\/\/bidiboo.eu\/wp-content\/uploads\/2022\/04\/Logo-BidiBoo.png","width":941,"height":926,"caption":"Bidiboo"},"image":{"@id":"https:\/\/bidiboo.eu\/#\/schema\/logo\/image\/"},"sameAs":["https:\/\/www.facebook.com\/BidiBoocreations","https:\/\/www.instagram.com\/bidiboo.creations\/"]}]}},"acf":[],"jetpack_likes_enabled":false,"_links":{"self":[{"href":"https:\/\/bidiboo.eu\/nl\/wp-json\/wp\/v2\/product\/30189","targetHints":{"allow":["GET"]}}],"collection":[{"href":"https:\/\/bidiboo.eu\/nl\/wp-json\/wp\/v2\/product"}],"about":[{"href":"https:\/\/bidiboo.eu\/nl\/wp-json\/wp\/v2\/types\/product"}],"replies":[{"embeddable":true,"href":"https:\/\/bidiboo.eu\/nl\/wp-json\/wp\/v2\/comments?post=30189"}],"version-history":[{"count":0,"href":"https:\/\/bidiboo.eu\/nl\/wp-json\/wp\/v2\/product\/30189\/revisions"}],"wp:featuredmedia":[{"embeddable":true,"href":"https:\/\/bidiboo.eu\/nl\/wp-json\/wp\/v2\/media\/30166"}],"wp:attachment":[{"href":"https:\/\/bidiboo.eu\/nl\/wp-json\/wp\/v2\/media?parent=30189"}],"wp:term":[{"taxonomy":"product_brand","embeddable":true,"href":"https:\/\/bidiboo.eu\/nl\/wp-json\/wp\/v2\/product_brand?post=30189"},{"taxonomy":"product_cat","embeddable":true,"href":"https:\/\/bidiboo.eu\/nl\/wp-json\/wp\/v2\/product_cat?post=30189"},{"taxonomy":"product_tag","embeddable":true,"href":"https:\/\/bidiboo.eu\/nl\/wp-json\/wp\/v2\/product_tag?post=30189"}],"curies":[{"name":"wp","href":"https:\/\/api.w.org\/{rel}","templated":true}]}}