{"id":30140,"date":"2026-02-20T12:21:37","date_gmt":"2026-02-20T11:21:37","guid":{"rendered":"https:\/\/bidiboo.eu\/?post_type=product&#038;p=30140"},"modified":"2026-02-20T12:22:59","modified_gmt":"2026-02-20T11:22:59","slug":"couverture-mi-saison-bouclette-camel","status":"publish","type":"product","link":"https:\/\/bidiboo.eu\/nl\/product\/couverture-mi-saison-bouclette-camel\/","title":{"rendered":"Camelkleurige badstof tussendeken voor het tussenseizoen"},"content":{"rendered":"<p data-start=\"152\" data-end=\"436\">Geef je baby een knus toevluchtsoord met onze tussendeken, perfect om het hele jaar door lekker mee te knuffelen. Deze met zorg handgemaakte deken combineert de zachte warmte van badstof met de lichtheid van katoenen jersey voor ultiem comfort.<\/p>\n<p data-start=\"438\" data-end=\"651\">Met zijn praktische afmetingen van 70 x 100 cm is deze deken perfect voor in de wieg, kinderwagen of voor uitstapjes. Niet te warm en niet te licht, deze deken is speciaal ontworpen voor de overgangsperioden tussen de seizoenen.<\/p>\n<p data-start=\"653\" data-end=\"785\">Elk stuk is handgemaakt, waardoor het uniek is en er bijzondere aandacht wordt besteed aan details en afwerking.<\/p>\n<p data-start=\"787\" data-end=\"811\"><strong data-start=\"787\" data-end=\"809\">Functies :<\/strong><\/p>\n<ul data-start=\"812\" data-end=\"1018\">\n<li data-start=\"812\" data-end=\"840\">\n<p data-start=\"814\" data-end=\"840\">Afmetingen: 70 x 100 cm<\/p>\n<\/li>\n<li data-start=\"841\" data-end=\"899\">\n<p data-start=\"843\" data-end=\"899\">Materialen: zachte badstof en ademende katoenen jersey<\/p>\n<\/li>\n<li data-start=\"900\" data-end=\"928\">\n<p data-start=\"902\" data-end=\"928\">Ideaal voor het tussenseizoen.<\/p>\n<\/li>\n<li data-start=\"929\" data-end=\"955\">\n<p data-start=\"931\" data-end=\"955\">Handgemaakt<\/p>\n<\/li>\n<li data-start=\"956\" data-end=\"1018\">\n<p data-start=\"958\" data-end=\"1018\">Zacht, comfortabel en geschikt voor de gevoelige babyhuid.<\/p>\n<\/li>\n<\/ul>\n<p data-start=\"1020\" data-end=\"1134\">Een onmisbaar item voor elke dag, even praktisch als esthetisch, dat uw kind vanaf de eerste dagen zal vergezellen.<\/p>","protected":false},"excerpt":{"rendered":"<p>Offrez \u00e0 votre b\u00e9b\u00e9 un cocon de douceur avec notre couverture mi-saison, id\u00e9ale pour accompagner ses moments de repos tout au long de l\u2019ann\u00e9e. Confectionn\u00e9e \u00e0 la main avec soin, elle associe la chaleur d\u00e9licate de la bouclette \u00e0 la l\u00e9g\u00e8ret\u00e9 du jersey de coton pour un confort optimal. Avec ses dimensions pratiques de 70&#215;100 cm, elle est parfaite pour le berceau, la poussette ou les sorties. Ni trop chaude, ni trop l\u00e9g\u00e8re, cette couverture est sp\u00e9cialement pens\u00e9e pour les saisons interm\u00e9diaires. Chaque pi\u00e8ce est r\u00e9alis\u00e9e artisanalement, ce qui la rend unique et garantit une attention particuli\u00e8re aux d\u00e9tails et aux finitions. Caract\u00e9ristiques : Dimensions : 70 x 100 cm Mati\u00e8res : bouclette douce &amp; jersey de coton respirant Id\u00e9ale pour la mi-saison Fabrication artisanale Douce, confortable et adapt\u00e9e \u00e0 la peau sensible des b\u00e9b\u00e9s Un indispensable du quotidien, aussi pratique qu\u2019esth\u00e9tique, qui accompagnera votre enfant d\u00e8s ses premiers jours.<\/p>","protected":false},"featured_media":30131,"comment_status":"open","ping_status":"closed","template":"","meta":{"_editorskit_title_hidden":false,"_editorskit_reading_time":0,"_editorskit_is_block_options_detached":false,"_editorskit_block_options_position":"{}","inline_featured_image":false},"product_brand":[],"product_cat":[15,1072,1133,1135],"product_tag":[],"class_list":{"0":"post-30140","1":"product","2":"type-product","3":"status-publish","4":"has-post-thumbnail","6":"product_cat-all","7":"product_cat-bouclette-camel","8":"product_cat-couverture-voyage","9":"product_cat-couverture-2","11":"first","12":"instock","13":"taxable","14":"shipping-taxable","15":"purchasable","16":"product-type-simple"},"yoast_head":"<!-- This site is optimized with the Yoast SEO plugin v25.7 - https:\/\/yoast.com\/wordpress\/plugins\/seo\/ -->\n<title>Couverture mi-saison bouclette camel - BidiBoo<\/title>\n<meta name=\"robots\" content=\"index, follow, max-snippet:-1, max-image-preview:large, max-video-preview:-1\" \/>\n<link rel=\"canonical\" href=\"https:\/\/bidiboo.eu\/nl\/product\/couverture-mi-saison-bouclette-camel\/\" \/>\n<meta property=\"og:locale\" content=\"nl_BE\" \/>\n<meta property=\"og:type\" content=\"article\" \/>\n<meta property=\"og:title\" content=\"Couverture mi-saison bouclette camel - BidiBoo\" \/>\n<meta property=\"og:description\" content=\"Offrez \u00e0 votre b\u00e9b\u00e9 un cocon de douceur avec notre couverture mi-saison, id\u00e9ale pour accompagner ses moments de repos tout au long de l\u2019ann\u00e9e. Confectionn\u00e9e \u00e0 la main avec soin, elle associe la chaleur d\u00e9licate de la bouclette \u00e0 la l\u00e9g\u00e8ret\u00e9 du jersey de coton pour un confort optimal. Avec ses dimensions pratiques de 70&#215;100 cm, elle est parfaite pour le berceau, la poussette ou les sorties. Ni trop chaude, ni trop l\u00e9g\u00e8re, cette couverture est sp\u00e9cialement pens\u00e9e pour les saisons interm\u00e9diaires. Chaque pi\u00e8ce est r\u00e9alis\u00e9e artisanalement, ce qui la rend unique et garantit une attention particuli\u00e8re aux d\u00e9tails et aux finitions. Caract\u00e9ristiques : Dimensions : 70 x 100 cm Mati\u00e8res : bouclette douce &amp; jersey de coton respirant Id\u00e9ale pour la mi-saison Fabrication artisanale Douce, confortable et adapt\u00e9e \u00e0 la peau sensible des b\u00e9b\u00e9s Un indispensable du quotidien, aussi pratique qu\u2019esth\u00e9tique, qui accompagnera votre enfant d\u00e8s ses premiers jours.\" \/>\n<meta property=\"og:url\" content=\"https:\/\/bidiboo.eu\/nl\/product\/couverture-mi-saison-bouclette-camel\/\" \/>\n<meta property=\"og:site_name\" content=\"BidiBoo\" \/>\n<meta property=\"article:publisher\" content=\"https:\/\/www.facebook.com\/BidiBoocreations\" \/>\n<meta property=\"article:modified_time\" content=\"2026-02-20T11:22:59+00:00\" \/>\n<meta property=\"og:image\" content=\"https:\/\/bidiboo.eu\/wp-content\/uploads\/2026\/02\/Photoroom_20260220_114603-1280x1280.jpeg\" \/>\n\t<meta property=\"og:image:width\" content=\"1280\" \/>\n\t<meta property=\"og:image:height\" content=\"1280\" \/>\n\t<meta property=\"og:image:type\" content=\"image\/jpeg\" \/>\n<meta name=\"twitter:card\" content=\"summary_large_image\" \/>\n<meta name=\"twitter:label1\" content=\"Geschatte leestijd\" \/>\n\t<meta name=\"twitter:data1\" content=\"1 minuut\" \/>\n<script type=\"application\/ld+json\" class=\"yoast-schema-graph\">{\"@context\":\"https:\/\/schema.org\",\"@graph\":[{\"@type\":\"WebPage\",\"@id\":\"https:\/\/bidiboo.eu\/produit\/couverture-mi-saison-bouclette-camel\/\",\"url\":\"https:\/\/bidiboo.eu\/produit\/couverture-mi-saison-bouclette-camel\/\",\"name\":\"Couverture mi-saison bouclette camel - BidiBoo\",\"isPartOf\":{\"@id\":\"https:\/\/bidiboo.eu\/#website\"},\"primaryImageOfPage\":{\"@id\":\"https:\/\/bidiboo.eu\/produit\/couverture-mi-saison-bouclette-camel\/#primaryimage\"},\"image\":{\"@id\":\"https:\/\/bidiboo.eu\/produit\/couverture-mi-saison-bouclette-camel\/#primaryimage\"},\"thumbnailUrl\":\"https:\/\/bidiboo.eu\/wp-content\/uploads\/2026\/02\/Photoroom_20260220_114603.jpeg\",\"datePublished\":\"2026-02-20T11:21:37+00:00\",\"dateModified\":\"2026-02-20T11:22:59+00:00\",\"breadcrumb\":{\"@id\":\"https:\/\/bidiboo.eu\/produit\/couverture-mi-saison-bouclette-camel\/#breadcrumb\"},\"inLanguage\":\"nl-BE\",\"potentialAction\":[{\"@type\":\"ReadAction\",\"target\":[\"https:\/\/bidiboo.eu\/produit\/couverture-mi-saison-bouclette-camel\/\"]}]},{\"@type\":\"ImageObject\",\"inLanguage\":\"nl-BE\",\"@id\":\"https:\/\/bidiboo.eu\/produit\/couverture-mi-saison-bouclette-camel\/#primaryimage\",\"url\":\"https:\/\/bidiboo.eu\/wp-content\/uploads\/2026\/02\/Photoroom_20260220_114603.jpeg\",\"contentUrl\":\"https:\/\/bidiboo.eu\/wp-content\/uploads\/2026\/02\/Photoroom_20260220_114603.jpeg\",\"width\":2400,\"height\":2400},{\"@type\":\"BreadcrumbList\",\"@id\":\"https:\/\/bidiboo.eu\/produit\/couverture-mi-saison-bouclette-camel\/#breadcrumb\",\"itemListElement\":[{\"@type\":\"ListItem\",\"position\":1,\"name\":\"Accueil\",\"item\":\"https:\/\/bidiboo.eu\/\"},{\"@type\":\"ListItem\",\"position\":2,\"name\":\"La Boutique Bidi&#8217;Boo\",\"item\":\"https:\/\/bidiboo.eu\/la-boutique-bidiboo\/\"},{\"@type\":\"ListItem\",\"position\":3,\"name\":\"Couverture mi-saison bouclette camel\"}]},{\"@type\":\"WebSite\",\"@id\":\"https:\/\/bidiboo.eu\/#website\",\"url\":\"https:\/\/bidiboo.eu\/\",\"name\":\"BidiBoo\",\"description\":\"\",\"publisher\":{\"@id\":\"https:\/\/bidiboo.eu\/#organization\"},\"potentialAction\":[{\"@type\":\"SearchAction\",\"target\":{\"@type\":\"EntryPoint\",\"urlTemplate\":\"https:\/\/bidiboo.eu\/?s={search_term_string}\"},\"query-input\":{\"@type\":\"PropertyValueSpecification\",\"valueRequired\":true,\"valueName\":\"search_term_string\"}}],\"inLanguage\":\"nl-BE\"},{\"@type\":\"Organization\",\"@id\":\"https:\/\/bidiboo.eu\/#organization\",\"name\":\"Bidiboo\",\"url\":\"https:\/\/bidiboo.eu\/\",\"logo\":{\"@type\":\"ImageObject\",\"inLanguage\":\"nl-BE\",\"@id\":\"https:\/\/bidiboo.eu\/#\/schema\/logo\/image\/\",\"url\":\"https:\/\/bidiboo.eu\/wp-content\/uploads\/2022\/04\/Logo-BidiBoo.png\",\"contentUrl\":\"https:\/\/bidiboo.eu\/wp-content\/uploads\/2022\/04\/Logo-BidiBoo.png\",\"width\":941,\"height\":926,\"caption\":\"Bidiboo\"},\"image\":{\"@id\":\"https:\/\/bidiboo.eu\/#\/schema\/logo\/image\/\"},\"sameAs\":[\"https:\/\/www.facebook.com\/BidiBoocreations\",\"https:\/\/www.instagram.com\/bidiboo.creations\/\"]}]}<\/script>\n<!-- \/ Yoast SEO plugin. -->","yoast_head_json":{"title":"Couverture mi-saison bouclette camel - BidiBoo","robots":{"index":"index","follow":"follow","max-snippet":"max-snippet:-1","max-image-preview":"max-image-preview:large","max-video-preview":"max-video-preview:-1"},"canonical":"https:\/\/bidiboo.eu\/nl\/product\/couverture-mi-saison-bouclette-camel\/","og_locale":"nl_BE","og_type":"article","og_title":"Couverture mi-saison bouclette camel - BidiBoo","og_description":"Offrez \u00e0 votre b\u00e9b\u00e9 un cocon de douceur avec notre couverture mi-saison, id\u00e9ale pour accompagner ses moments de repos tout au long de l\u2019ann\u00e9e. Confectionn\u00e9e \u00e0 la main avec soin, elle associe la chaleur d\u00e9licate de la bouclette \u00e0 la l\u00e9g\u00e8ret\u00e9 du jersey de coton pour un confort optimal. Avec ses dimensions pratiques de 70&#215;100 cm, elle est parfaite pour le berceau, la poussette ou les sorties. Ni trop chaude, ni trop l\u00e9g\u00e8re, cette couverture est sp\u00e9cialement pens\u00e9e pour les saisons interm\u00e9diaires. Chaque pi\u00e8ce est r\u00e9alis\u00e9e artisanalement, ce qui la rend unique et garantit une attention particuli\u00e8re aux d\u00e9tails et aux finitions. Caract\u00e9ristiques : Dimensions : 70 x 100 cm Mati\u00e8res : bouclette douce &amp; jersey de coton respirant Id\u00e9ale pour la mi-saison Fabrication artisanale Douce, confortable et adapt\u00e9e \u00e0 la peau sensible des b\u00e9b\u00e9s Un indispensable du quotidien, aussi pratique qu\u2019esth\u00e9tique, qui accompagnera votre enfant d\u00e8s ses premiers jours.","og_url":"https:\/\/bidiboo.eu\/nl\/product\/couverture-mi-saison-bouclette-camel\/","og_site_name":"BidiBoo","article_publisher":"https:\/\/www.facebook.com\/BidiBoocreations","article_modified_time":"2026-02-20T11:22:59+00:00","og_image":[{"width":1280,"height":1280,"url":"https:\/\/bidiboo.eu\/wp-content\/uploads\/2026\/02\/Photoroom_20260220_114603-1280x1280.jpeg","type":"image\/jpeg"}],"twitter_card":"summary_large_image","twitter_misc":{"Geschatte leestijd":"1 minuut"},"schema":{"@context":"https:\/\/schema.org","@graph":[{"@type":"WebPage","@id":"https:\/\/bidiboo.eu\/produit\/couverture-mi-saison-bouclette-camel\/","url":"https:\/\/bidiboo.eu\/produit\/couverture-mi-saison-bouclette-camel\/","name":"Couverture mi-saison bouclette camel - BidiBoo","isPartOf":{"@id":"https:\/\/bidiboo.eu\/#website"},"primaryImageOfPage":{"@id":"https:\/\/bidiboo.eu\/produit\/couverture-mi-saison-bouclette-camel\/#primaryimage"},"image":{"@id":"https:\/\/bidiboo.eu\/produit\/couverture-mi-saison-bouclette-camel\/#primaryimage"},"thumbnailUrl":"https:\/\/bidiboo.eu\/wp-content\/uploads\/2026\/02\/Photoroom_20260220_114603.jpeg","datePublished":"2026-02-20T11:21:37+00:00","dateModified":"2026-02-20T11:22:59+00:00","breadcrumb":{"@id":"https:\/\/bidiboo.eu\/produit\/couverture-mi-saison-bouclette-camel\/#breadcrumb"},"inLanguage":"nl-BE","potentialAction":[{"@type":"ReadAction","target":["https:\/\/bidiboo.eu\/produit\/couverture-mi-saison-bouclette-camel\/"]}]},{"@type":"ImageObject","inLanguage":"nl-BE","@id":"https:\/\/bidiboo.eu\/produit\/couverture-mi-saison-bouclette-camel\/#primaryimage","url":"https:\/\/bidiboo.eu\/wp-content\/uploads\/2026\/02\/Photoroom_20260220_114603.jpeg","contentUrl":"https:\/\/bidiboo.eu\/wp-content\/uploads\/2026\/02\/Photoroom_20260220_114603.jpeg","width":2400,"height":2400},{"@type":"BreadcrumbList","@id":"https:\/\/bidiboo.eu\/produit\/couverture-mi-saison-bouclette-camel\/#breadcrumb","itemListElement":[{"@type":"ListItem","position":1,"name":"Accueil","item":"https:\/\/bidiboo.eu\/"},{"@type":"ListItem","position":2,"name":"La Boutique Bidi&#8217;Boo","item":"https:\/\/bidiboo.eu\/la-boutique-bidiboo\/"},{"@type":"ListItem","position":3,"name":"Couverture mi-saison bouclette camel"}]},{"@type":"WebSite","@id":"https:\/\/bidiboo.eu\/#website","url":"https:\/\/bidiboo.eu\/","name":"BidiBoo","description":"","publisher":{"@id":"https:\/\/bidiboo.eu\/#organization"},"potentialAction":[{"@type":"SearchAction","target":{"@type":"EntryPoint","urlTemplate":"https:\/\/bidiboo.eu\/?s={search_term_string}"},"query-input":{"@type":"PropertyValueSpecification","valueRequired":true,"valueName":"search_term_string"}}],"inLanguage":"nl-BE"},{"@type":"Organization","@id":"https:\/\/bidiboo.eu\/#organization","name":"Bidiboo","url":"https:\/\/bidiboo.eu\/","logo":{"@type":"ImageObject","inLanguage":"nl-BE","@id":"https:\/\/bidiboo.eu\/#\/schema\/logo\/image\/","url":"https:\/\/bidiboo.eu\/wp-content\/uploads\/2022\/04\/Logo-BidiBoo.png","contentUrl":"https:\/\/bidiboo.eu\/wp-content\/uploads\/2022\/04\/Logo-BidiBoo.png","width":941,"height":926,"caption":"Bidiboo"},"image":{"@id":"https:\/\/bidiboo.eu\/#\/schema\/logo\/image\/"},"sameAs":["https:\/\/www.facebook.com\/BidiBoocreations","https:\/\/www.instagram.com\/bidiboo.creations\/"]}]}},"acf":[],"jetpack_likes_enabled":false,"_links":{"self":[{"href":"https:\/\/bidiboo.eu\/nl\/wp-json\/wp\/v2\/product\/30140","targetHints":{"allow":["GET"]}}],"collection":[{"href":"https:\/\/bidiboo.eu\/nl\/wp-json\/wp\/v2\/product"}],"about":[{"href":"https:\/\/bidiboo.eu\/nl\/wp-json\/wp\/v2\/types\/product"}],"replies":[{"embeddable":true,"href":"https:\/\/bidiboo.eu\/nl\/wp-json\/wp\/v2\/comments?post=30140"}],"version-history":[{"count":0,"href":"https:\/\/bidiboo.eu\/nl\/wp-json\/wp\/v2\/product\/30140\/revisions"}],"wp:featuredmedia":[{"embeddable":true,"href":"https:\/\/bidiboo.eu\/nl\/wp-json\/wp\/v2\/media\/30131"}],"wp:attachment":[{"href":"https:\/\/bidiboo.eu\/nl\/wp-json\/wp\/v2\/media?parent=30140"}],"wp:term":[{"taxonomy":"product_brand","embeddable":true,"href":"https:\/\/bidiboo.eu\/nl\/wp-json\/wp\/v2\/product_brand?post=30140"},{"taxonomy":"product_cat","embeddable":true,"href":"https:\/\/bidiboo.eu\/nl\/wp-json\/wp\/v2\/product_cat?post=30140"},{"taxonomy":"product_tag","embeddable":true,"href":"https:\/\/bidiboo.eu\/nl\/wp-json\/wp\/v2\/product_tag?post=30140"}],"curies":[{"name":"wp","href":"https:\/\/api.w.org\/{rel}","templated":true}]}}