{"id":30071,"date":"2026-02-16T14:34:52","date_gmt":"2026-02-16T13:34:52","guid":{"rendered":"https:\/\/bidiboo.eu\/?post_type=product&#038;p=30071"},"modified":"2026-02-16T14:36:49","modified_gmt":"2026-02-16T13:36:49","slug":"bavoir-manches-noah","status":"publish","type":"product","link":"https:\/\/bidiboo.eu\/nl\/product\/bavoir-manches-noah\/","title":{"rendered":"Noah slabbetje met mouwen"},"content":{"rendered":"<p>welkom bij <a href=\"https:\/\/bidiboo.eu\/nl\/\">Bidi&#039;Boo<\/a>, waar we handgemaakte producten maken met liefde voor jouw kleintjes! Ontdek onze <a href=\"https:\/\/bidiboo.eu\/nl\/product-category\/all\/manger\/bavoir-manches-longues\/\">Slab met lange mouwen<\/a>, de perfecte metgezel voor gezinsmaaltijden.<\/p>\n<p>Ons slabbetje is gemaakt van hoogwaardige materialen om het comfort en de veiligheid van je baby te garanderen.<\/p>\n<p>De kliksluiting is eenvoudig te gebruiken om de kleding van uw kind te beschermen tegen vlekken.<\/p>\n<p>Bovendien biedt dit slabbetje met zijn lange mouwen maximale bescherming! Elke creatie is uniek met verschillende patronen, waardoor elk stuk bijzonder is. Uw kleintje zal tijdens de maaltijd comfortabel en op zijn gemak zijn dankzij ons slabbetje met lange mouwen.<\/p>\n<p>Bij Bidi&#039;Boo hechten we veel belang aan kleine details. Daarom zijn wij er trots op om ambachtelijke producten aan te bieden, handgemaakt met liefde. Bestel nu onze slabbetje met lange mouwen! Om de kleding van uw kind schoon te houden en een vleugje elegantie toe te voegen aan elke gezinsmaaltijd.<\/p>","protected":false},"excerpt":{"rendered":"<p>Bienvenue chez Bidi\u2019Boo, o\u00f9 nous cr\u00e9ons des produits faits \u00e0 la main avec amour pour vos tout-petits! D\u00e9couvrez notre Bavoir \u00e0 Longues Manches, le compagnon parfait pour les repas en famille. Notre bavoir est fabriqu\u00e9 \u00e0 partir de mat\u00e9riaux de haute qualit\u00e9 pour garantir le confort et la s\u00e9curit\u00e9 de votre b\u00e9b\u00e9. La fermeture \u00e0 pressions est facile \u00e0 utiliser pour prot\u00e9ger les v\u00eatements de votre enfant contre les taches. De plus, avec ses manches longues, ce bavoir offre une protection maximale! Chaque cr\u00e9ation est unique avec des motifs variables, rendant chaque pi\u00e8ce sp\u00e9ciale. Votre petit bout sera confortable et \u00e0 l&rsquo;aise tout au long de son repas gr\u00e2ce \u00e0 notre Bavoir \u00e0 Longues Manches. Chez Bidi\u2019Boo, nous accordons une grande importance aux petits d\u00e9tails. C&rsquo;est pourquoi nous sommes fiers de proposer des produits artisanaux faits \u00e0 la main avec amour. Commandez d\u00e8s maintenant notre Bavoir \u00e0 Longues Manches! Pour garder les v\u00eatements de votre enfant propres et ajouter une touche d&rsquo;\u00e9l\u00e9gance \u00e0 chaque repas en famille.<\/p>","protected":false},"featured_media":30065,"comment_status":"open","ping_status":"closed","template":"","meta":{"_editorskit_title_hidden":false,"_editorskit_reading_time":0,"_editorskit_is_block_options_detached":false,"_editorskit_block_options_position":"{}","inline_featured_image":false},"product_brand":[],"product_cat":[15,129,152,1125],"product_tag":[310,311,399],"class_list":{"0":"post-30071","1":"product","2":"type-product","3":"status-publish","4":"has-post-thumbnail","6":"product_cat-all","7":"product_cat-bavoir-manches-longues","8":"product_cat-manger","9":"product_cat-noah","10":"product_tag-bavoir","11":"product_tag-bavoir-longues-manches","12":"product_tag-bavoir-manches","14":"first","15":"instock","16":"taxable","17":"shipping-taxable","18":"purchasable","19":"product-type-simple"},"yoast_head":"<!-- This site is optimized with the Yoast SEO plugin v25.7 - https:\/\/yoast.com\/wordpress\/plugins\/seo\/ -->\n<title>Bavoir manches Noah - BidiBoo - bidi&#039;boo - doux<\/title>\n<meta name=\"description\" content=\"D\u00e9couvrez le bavoir totem de Bidi&#039;Boo, l&#039;accessoire parfait pour garder votre b\u00e9b\u00e9 propre et tendance pendant les repas. Avec son design unique et color\u00e9, ce bavoir offre une protection maximale contre les taches et les \u00e9claboussures.\" \/>\n<meta name=\"robots\" content=\"index, follow, max-snippet:-1, max-image-preview:large, max-video-preview:-1\" \/>\n<link rel=\"canonical\" href=\"https:\/\/bidiboo.eu\/nl\/product\/bavoir-manches-noah\/\" \/>\n<meta property=\"og:locale\" content=\"nl_BE\" \/>\n<meta property=\"og:type\" content=\"article\" \/>\n<meta property=\"og:title\" content=\"Bavoir manches Noah - BidiBoo - bidi&#039;boo - doux\" \/>\n<meta property=\"og:description\" content=\"D\u00e9couvrez le bavoir totem de Bidi&#039;Boo, l&#039;accessoire parfait pour garder votre b\u00e9b\u00e9 propre et tendance pendant les repas. Avec son design unique et color\u00e9, ce bavoir offre une protection maximale contre les taches et les \u00e9claboussures.\" \/>\n<meta property=\"og:url\" content=\"https:\/\/bidiboo.eu\/nl\/product\/bavoir-manches-noah\/\" \/>\n<meta property=\"og:site_name\" content=\"BidiBoo\" \/>\n<meta property=\"article:publisher\" content=\"https:\/\/www.facebook.com\/BidiBoocreations\" \/>\n<meta property=\"article:modified_time\" content=\"2026-02-16T13:36:49+00:00\" \/>\n<meta property=\"og:image\" content=\"https:\/\/bidiboo.eu\/wp-content\/uploads\/2026\/02\/Photoroom_20260216_141235-1280x1280.jpg\" \/>\n\t<meta property=\"og:image:width\" content=\"1280\" \/>\n\t<meta property=\"og:image:height\" content=\"1280\" \/>\n\t<meta property=\"og:image:type\" content=\"image\/jpeg\" \/>\n<meta name=\"twitter:card\" content=\"summary_large_image\" \/>\n<meta name=\"twitter:label1\" content=\"Geschatte leestijd\" \/>\n\t<meta name=\"twitter:data1\" content=\"1 minuut\" \/>\n<script type=\"application\/ld+json\" class=\"yoast-schema-graph\">{\"@context\":\"https:\/\/schema.org\",\"@graph\":[{\"@type\":\"WebPage\",\"@id\":\"https:\/\/bidiboo.eu\/produit\/bavoir-manches-noah\/\",\"url\":\"https:\/\/bidiboo.eu\/produit\/bavoir-manches-noah\/\",\"name\":\"Bavoir manches Noah - BidiBoo - bidi'boo - doux\",\"isPartOf\":{\"@id\":\"https:\/\/bidiboo.eu\/#website\"},\"primaryImageOfPage\":{\"@id\":\"https:\/\/bidiboo.eu\/produit\/bavoir-manches-noah\/#primaryimage\"},\"image\":{\"@id\":\"https:\/\/bidiboo.eu\/produit\/bavoir-manches-noah\/#primaryimage\"},\"thumbnailUrl\":\"https:\/\/bidiboo.eu\/wp-content\/uploads\/2026\/02\/Photoroom_20260216_141235.jpg\",\"datePublished\":\"2026-02-16T13:34:52+00:00\",\"dateModified\":\"2026-02-16T13:36:49+00:00\",\"description\":\"D\u00e9couvrez le bavoir totem de Bidi'Boo, l'accessoire parfait pour garder votre b\u00e9b\u00e9 propre et tendance pendant les repas. Avec son design unique et color\u00e9, ce bavoir offre une protection maximale contre les taches et les \u00e9claboussures.\",\"breadcrumb\":{\"@id\":\"https:\/\/bidiboo.eu\/produit\/bavoir-manches-noah\/#breadcrumb\"},\"inLanguage\":\"nl-BE\",\"potentialAction\":[{\"@type\":\"ReadAction\",\"target\":[\"https:\/\/bidiboo.eu\/produit\/bavoir-manches-noah\/\"]}]},{\"@type\":\"ImageObject\",\"inLanguage\":\"nl-BE\",\"@id\":\"https:\/\/bidiboo.eu\/produit\/bavoir-manches-noah\/#primaryimage\",\"url\":\"https:\/\/bidiboo.eu\/wp-content\/uploads\/2026\/02\/Photoroom_20260216_141235.jpg\",\"contentUrl\":\"https:\/\/bidiboo.eu\/wp-content\/uploads\/2026\/02\/Photoroom_20260216_141235.jpg\",\"width\":2400,\"height\":2400},{\"@type\":\"BreadcrumbList\",\"@id\":\"https:\/\/bidiboo.eu\/produit\/bavoir-manches-noah\/#breadcrumb\",\"itemListElement\":[{\"@type\":\"ListItem\",\"position\":1,\"name\":\"Accueil\",\"item\":\"https:\/\/bidiboo.eu\/\"},{\"@type\":\"ListItem\",\"position\":2,\"name\":\"La Boutique Bidi&#8217;Boo\",\"item\":\"https:\/\/bidiboo.eu\/la-boutique-bidiboo\/\"},{\"@type\":\"ListItem\",\"position\":3,\"name\":\"Bavoir manches Noah\"}]},{\"@type\":\"WebSite\",\"@id\":\"https:\/\/bidiboo.eu\/#website\",\"url\":\"https:\/\/bidiboo.eu\/\",\"name\":\"BidiBoo\",\"description\":\"\",\"publisher\":{\"@id\":\"https:\/\/bidiboo.eu\/#organization\"},\"potentialAction\":[{\"@type\":\"SearchAction\",\"target\":{\"@type\":\"EntryPoint\",\"urlTemplate\":\"https:\/\/bidiboo.eu\/?s={search_term_string}\"},\"query-input\":{\"@type\":\"PropertyValueSpecification\",\"valueRequired\":true,\"valueName\":\"search_term_string\"}}],\"inLanguage\":\"nl-BE\"},{\"@type\":\"Organization\",\"@id\":\"https:\/\/bidiboo.eu\/#organization\",\"name\":\"Bidiboo\",\"url\":\"https:\/\/bidiboo.eu\/\",\"logo\":{\"@type\":\"ImageObject\",\"inLanguage\":\"nl-BE\",\"@id\":\"https:\/\/bidiboo.eu\/#\/schema\/logo\/image\/\",\"url\":\"https:\/\/bidiboo.eu\/wp-content\/uploads\/2022\/04\/Logo-BidiBoo.png\",\"contentUrl\":\"https:\/\/bidiboo.eu\/wp-content\/uploads\/2022\/04\/Logo-BidiBoo.png\",\"width\":941,\"height\":926,\"caption\":\"Bidiboo\"},\"image\":{\"@id\":\"https:\/\/bidiboo.eu\/#\/schema\/logo\/image\/\"},\"sameAs\":[\"https:\/\/www.facebook.com\/BidiBoocreations\",\"https:\/\/www.instagram.com\/bidiboo.creations\/\"]}]}<\/script>\n<!-- \/ Yoast SEO plugin. -->","yoast_head_json":{"title":"Bavoir manches Noah - BidiBoo - bidi'boo - doux","description":"D\u00e9couvrez le bavoir totem de Bidi'Boo, l'accessoire parfait pour garder votre b\u00e9b\u00e9 propre et tendance pendant les repas. Avec son design unique et color\u00e9, ce bavoir offre une protection maximale contre les taches et les \u00e9claboussures.","robots":{"index":"index","follow":"follow","max-snippet":"max-snippet:-1","max-image-preview":"max-image-preview:large","max-video-preview":"max-video-preview:-1"},"canonical":"https:\/\/bidiboo.eu\/nl\/product\/bavoir-manches-noah\/","og_locale":"nl_BE","og_type":"article","og_title":"Bavoir manches Noah - BidiBoo - bidi'boo - doux","og_description":"D\u00e9couvrez le bavoir totem de Bidi'Boo, l'accessoire parfait pour garder votre b\u00e9b\u00e9 propre et tendance pendant les repas. Avec son design unique et color\u00e9, ce bavoir offre une protection maximale contre les taches et les \u00e9claboussures.","og_url":"https:\/\/bidiboo.eu\/nl\/product\/bavoir-manches-noah\/","og_site_name":"BidiBoo","article_publisher":"https:\/\/www.facebook.com\/BidiBoocreations","article_modified_time":"2026-02-16T13:36:49+00:00","og_image":[{"width":1280,"height":1280,"url":"https:\/\/bidiboo.eu\/wp-content\/uploads\/2026\/02\/Photoroom_20260216_141235-1280x1280.jpg","type":"image\/jpeg"}],"twitter_card":"summary_large_image","twitter_misc":{"Geschatte leestijd":"1 minuut"},"schema":{"@context":"https:\/\/schema.org","@graph":[{"@type":"WebPage","@id":"https:\/\/bidiboo.eu\/produit\/bavoir-manches-noah\/","url":"https:\/\/bidiboo.eu\/produit\/bavoir-manches-noah\/","name":"Bavoir manches Noah - BidiBoo - bidi'boo - doux","isPartOf":{"@id":"https:\/\/bidiboo.eu\/#website"},"primaryImageOfPage":{"@id":"https:\/\/bidiboo.eu\/produit\/bavoir-manches-noah\/#primaryimage"},"image":{"@id":"https:\/\/bidiboo.eu\/produit\/bavoir-manches-noah\/#primaryimage"},"thumbnailUrl":"https:\/\/bidiboo.eu\/wp-content\/uploads\/2026\/02\/Photoroom_20260216_141235.jpg","datePublished":"2026-02-16T13:34:52+00:00","dateModified":"2026-02-16T13:36:49+00:00","description":"D\u00e9couvrez le bavoir totem de Bidi'Boo, l'accessoire parfait pour garder votre b\u00e9b\u00e9 propre et tendance pendant les repas. Avec son design unique et color\u00e9, ce bavoir offre une protection maximale contre les taches et les \u00e9claboussures.","breadcrumb":{"@id":"https:\/\/bidiboo.eu\/produit\/bavoir-manches-noah\/#breadcrumb"},"inLanguage":"nl-BE","potentialAction":[{"@type":"ReadAction","target":["https:\/\/bidiboo.eu\/produit\/bavoir-manches-noah\/"]}]},{"@type":"ImageObject","inLanguage":"nl-BE","@id":"https:\/\/bidiboo.eu\/produit\/bavoir-manches-noah\/#primaryimage","url":"https:\/\/bidiboo.eu\/wp-content\/uploads\/2026\/02\/Photoroom_20260216_141235.jpg","contentUrl":"https:\/\/bidiboo.eu\/wp-content\/uploads\/2026\/02\/Photoroom_20260216_141235.jpg","width":2400,"height":2400},{"@type":"BreadcrumbList","@id":"https:\/\/bidiboo.eu\/produit\/bavoir-manches-noah\/#breadcrumb","itemListElement":[{"@type":"ListItem","position":1,"name":"Accueil","item":"https:\/\/bidiboo.eu\/"},{"@type":"ListItem","position":2,"name":"La Boutique Bidi&#8217;Boo","item":"https:\/\/bidiboo.eu\/la-boutique-bidiboo\/"},{"@type":"ListItem","position":3,"name":"Bavoir manches Noah"}]},{"@type":"WebSite","@id":"https:\/\/bidiboo.eu\/#website","url":"https:\/\/bidiboo.eu\/","name":"BidiBoo","description":"","publisher":{"@id":"https:\/\/bidiboo.eu\/#organization"},"potentialAction":[{"@type":"SearchAction","target":{"@type":"EntryPoint","urlTemplate":"https:\/\/bidiboo.eu\/?s={search_term_string}"},"query-input":{"@type":"PropertyValueSpecification","valueRequired":true,"valueName":"search_term_string"}}],"inLanguage":"nl-BE"},{"@type":"Organization","@id":"https:\/\/bidiboo.eu\/#organization","name":"Bidiboo","url":"https:\/\/bidiboo.eu\/","logo":{"@type":"ImageObject","inLanguage":"nl-BE","@id":"https:\/\/bidiboo.eu\/#\/schema\/logo\/image\/","url":"https:\/\/bidiboo.eu\/wp-content\/uploads\/2022\/04\/Logo-BidiBoo.png","contentUrl":"https:\/\/bidiboo.eu\/wp-content\/uploads\/2022\/04\/Logo-BidiBoo.png","width":941,"height":926,"caption":"Bidiboo"},"image":{"@id":"https:\/\/bidiboo.eu\/#\/schema\/logo\/image\/"},"sameAs":["https:\/\/www.facebook.com\/BidiBoocreations","https:\/\/www.instagram.com\/bidiboo.creations\/"]}]}},"acf":[],"jetpack_likes_enabled":false,"_links":{"self":[{"href":"https:\/\/bidiboo.eu\/nl\/wp-json\/wp\/v2\/product\/30071","targetHints":{"allow":["GET"]}}],"collection":[{"href":"https:\/\/bidiboo.eu\/nl\/wp-json\/wp\/v2\/product"}],"about":[{"href":"https:\/\/bidiboo.eu\/nl\/wp-json\/wp\/v2\/types\/product"}],"replies":[{"embeddable":true,"href":"https:\/\/bidiboo.eu\/nl\/wp-json\/wp\/v2\/comments?post=30071"}],"version-history":[{"count":0,"href":"https:\/\/bidiboo.eu\/nl\/wp-json\/wp\/v2\/product\/30071\/revisions"}],"wp:featuredmedia":[{"embeddable":true,"href":"https:\/\/bidiboo.eu\/nl\/wp-json\/wp\/v2\/media\/30065"}],"wp:attachment":[{"href":"https:\/\/bidiboo.eu\/nl\/wp-json\/wp\/v2\/media?parent=30071"}],"wp:term":[{"taxonomy":"product_brand","embeddable":true,"href":"https:\/\/bidiboo.eu\/nl\/wp-json\/wp\/v2\/product_brand?post=30071"},{"taxonomy":"product_cat","embeddable":true,"href":"https:\/\/bidiboo.eu\/nl\/wp-json\/wp\/v2\/product_cat?post=30071"},{"taxonomy":"product_tag","embeddable":true,"href":"https:\/\/bidiboo.eu\/nl\/wp-json\/wp\/v2\/product_tag?post=30071"}],"curies":[{"name":"wp","href":"https:\/\/api.w.org\/{rel}","templated":true}]}}