{"id":30033,"date":"2026-02-14T12:51:17","date_gmt":"2026-02-14T11:51:17","guid":{"rendered":"https:\/\/bidiboo.eu\/?post_type=product&#038;p=30033"},"modified":"2026-02-14T12:54:14","modified_gmt":"2026-02-14T11:54:14","slug":"manteau-reversible-ondine-2","status":"publish","type":"product","link":"https:\/\/bidiboo.eu\/nl\/product\/manteau-reversible-ondine-2\/","title":{"rendered":"Ondine omkeerbare jas"},"content":{"rendered":"<h3 data-start=\"163\" data-end=\"217\">Omkeerbare jas met capuchon<\/h3>\n<p data-start=\"219\" data-end=\"402\">Geef uw kind comfort, warmte en stijl met onze <strong data-start=\"278\" data-end=\"310\">omkeerbare capuchonjas<\/strong>, ontworpen om kleine avonturiers te vergezellen vanaf de eerste maanden tot hun 4e verjaardag!<\/p>\n<p data-start=\"404\" data-end=\"677\"><strong data-start=\"404\" data-end=\"426\">Twee looks in \u00e9\u00e9n!<\/strong><br data-start=\"426\" data-end=\"429\" \/>Dankzij het omkeerbare ontwerp verander je je stijl in een oogwenk: de ene kant is effen en ingetogen voor een chique en tijdloze look, de andere kant is meer chic voor een speelse en kleurrijke touch. Perfect voor alle gelegenheden en alle wensen!<\/p>\n<p data-start=\"679\" data-end=\"704\"><strong data-start=\"679\" data-end=\"702\">Praktische details:<\/strong><\/p>\n<ul data-start=\"705\" data-end=\"980\">\n<li data-start=\"705\" data-end=\"763\">\n<p data-start=\"707\" data-end=\"763\"><strong data-start=\"707\" data-end=\"727\">Ge\u00efntegreerde afzuigkap<\/strong> om je hoofd warm te houden<\/p>\n<\/li>\n<li data-start=\"764\" data-end=\"847\">\n<p data-start=\"766\" data-end=\"847\"><strong data-start=\"766\" data-end=\"793\">Kliksluiting<\/strong> gemakkelijk te hanteren, ideaal voor ouders die haast hebben<\/p>\n<\/li>\n<li data-start=\"848\" data-end=\"923\">\n<p data-start=\"850\" data-end=\"923\"><strong data-start=\"850\" data-end=\"871\">Comfortabele pasvorm<\/strong>, ontworpen om de baby bewegingsvrijheid te geven<\/p>\n<\/li>\n<li data-start=\"924\" data-end=\"980\">\n<p data-start=\"926\" data-end=\"980\"><strong data-start=\"926\" data-end=\"951\">Zachte en warme stoffen<\/strong>, geschikt voor de gevoelige huid<\/p>\n<\/li>\n<\/ul>\n<p data-start=\"982\" data-end=\"1098\">Beschikbaar vanaf <strong data-start=\"996\" data-end=\"1017\">1\/3 maand tot 4 jaar<\/strong>, deze jas is een must-have voor de herfst\/wintergarderobe van uw kind.<\/p>","protected":false},"excerpt":{"rendered":"<p>Manteau r\u00e9versible \u00e0 capuche Offrez \u00e0 votre enfant confort, chaleur et style avec notre manteau r\u00e9versible \u00e0 capuche, pens\u00e9 pour accompagner les petits aventuriers de leurs premiers mois jusqu\u2019\u00e0 leurs 4 ans ! Deux looks en un !Gr\u00e2ce \u00e0 son design r\u00e9versible, changez de style en un clin d\u2019\u0153il : un c\u00f4t\u00e9 uni et sobre pour un look chic et intemporel, l&rsquo;autre plus fantaisie pour une touche ludique et color\u00e9e. Parfait pour s\u2019adapter \u00e0 toutes les occasions et toutes les envies ! D\u00e9tails pratiques : Capuche int\u00e9gr\u00e9e pour garder la t\u00eate bien au chaud Fermeture par pressions facile \u00e0 manipuler, id\u00e9ale pour les parents press\u00e9s Coupe confortable, pens\u00e9e pour laisser b\u00e9b\u00e9 libre de ses mouvements Tissus doux et chauds, adapt\u00e9s aux peaux sensibles Disponible du 1\/3 mois au 4 ans, ce manteau est un indispensable de la garde-robe automne\/hiver de votre enfant.<\/p>","protected":false},"featured_media":30024,"comment_status":"open","ping_status":"closed","template":"","meta":{"_editorskit_title_hidden":false,"_editorskit_reading_time":0,"_editorskit_is_block_options_detached":false,"_editorskit_block_options_position":"{}","inline_featured_image":false},"product_brand":[],"product_cat":[15,105,1064,1121],"product_tag":[],"class_list":{"0":"post-30033","1":"product","2":"type-product","3":"status-publish","4":"has-post-thumbnail","6":"product_cat-all","7":"product_cat-tidado-collection-bidiboo-bebe-enfant-maman","8":"product_cat-manteaux","9":"product_cat-ondine","11":"first","12":"instock","13":"taxable","14":"shipping-taxable","15":"purchasable","16":"product-type-variable"},"yoast_head":"<!-- This site is optimized with the Yoast SEO plugin v25.7 - https:\/\/yoast.com\/wordpress\/plugins\/seo\/ -->\n<title>Manteau r\u00e9versible Ondine - BidiBoo<\/title>\n<meta name=\"robots\" content=\"index, follow, max-snippet:-1, max-image-preview:large, max-video-preview:-1\" \/>\n<link rel=\"canonical\" href=\"https:\/\/bidiboo.eu\/nl\/product\/manteau-reversible-ondine-2\/\" \/>\n<meta property=\"og:locale\" content=\"nl_BE\" \/>\n<meta property=\"og:type\" content=\"article\" \/>\n<meta property=\"og:title\" content=\"Manteau r\u00e9versible Ondine - BidiBoo\" \/>\n<meta property=\"og:description\" content=\"Manteau r\u00e9versible \u00e0 capuche Offrez \u00e0 votre enfant confort, chaleur et style avec notre manteau r\u00e9versible \u00e0 capuche, pens\u00e9 pour accompagner les petits aventuriers de leurs premiers mois jusqu\u2019\u00e0 leurs 4 ans ! Deux looks en un !Gr\u00e2ce \u00e0 son design r\u00e9versible, changez de style en un clin d\u2019\u0153il : un c\u00f4t\u00e9 uni et sobre pour un look chic et intemporel, l&rsquo;autre plus fantaisie pour une touche ludique et color\u00e9e. Parfait pour s\u2019adapter \u00e0 toutes les occasions et toutes les envies ! D\u00e9tails pratiques : Capuche int\u00e9gr\u00e9e pour garder la t\u00eate bien au chaud Fermeture par pressions facile \u00e0 manipuler, id\u00e9ale pour les parents press\u00e9s Coupe confortable, pens\u00e9e pour laisser b\u00e9b\u00e9 libre de ses mouvements Tissus doux et chauds, adapt\u00e9s aux peaux sensibles Disponible du 1\/3 mois au 4 ans, ce manteau est un indispensable de la garde-robe automne\/hiver de votre enfant.\" \/>\n<meta property=\"og:url\" content=\"https:\/\/bidiboo.eu\/nl\/product\/manteau-reversible-ondine-2\/\" \/>\n<meta property=\"og:site_name\" content=\"BidiBoo\" \/>\n<meta property=\"article:publisher\" content=\"https:\/\/www.facebook.com\/BidiBoocreations\" \/>\n<meta property=\"article:modified_time\" content=\"2026-02-14T11:54:14+00:00\" \/>\n<meta property=\"og:image\" content=\"https:\/\/bidiboo.eu\/wp-content\/uploads\/2026\/02\/Photoroom_20260214_123123.jpg\" \/>\n\t<meta property=\"og:image:width\" content=\"2400\" \/>\n\t<meta property=\"og:image:height\" content=\"2400\" \/>\n\t<meta property=\"og:image:type\" content=\"image\/jpeg\" \/>\n<meta name=\"twitter:card\" content=\"summary_large_image\" \/>\n<meta name=\"twitter:label1\" content=\"Geschatte leestijd\" \/>\n\t<meta name=\"twitter:data1\" content=\"1 minuut\" \/>\n<script type=\"application\/ld+json\" class=\"yoast-schema-graph\">{\"@context\":\"https:\/\/schema.org\",\"@graph\":[{\"@type\":\"WebPage\",\"@id\":\"https:\/\/bidiboo.eu\/produit\/manteau-reversible-ondine-2\/\",\"url\":\"https:\/\/bidiboo.eu\/produit\/manteau-reversible-ondine-2\/\",\"name\":\"Manteau r\u00e9versible Ondine - BidiBoo\",\"isPartOf\":{\"@id\":\"https:\/\/bidiboo.eu\/#website\"},\"primaryImageOfPage\":{\"@id\":\"https:\/\/bidiboo.eu\/produit\/manteau-reversible-ondine-2\/#primaryimage\"},\"image\":{\"@id\":\"https:\/\/bidiboo.eu\/produit\/manteau-reversible-ondine-2\/#primaryimage\"},\"thumbnailUrl\":\"https:\/\/bidiboo.eu\/wp-content\/uploads\/2026\/02\/Photoroom_20260214_123123.jpg\",\"datePublished\":\"2026-02-14T11:51:17+00:00\",\"dateModified\":\"2026-02-14T11:54:14+00:00\",\"breadcrumb\":{\"@id\":\"https:\/\/bidiboo.eu\/produit\/manteau-reversible-ondine-2\/#breadcrumb\"},\"inLanguage\":\"nl-BE\",\"potentialAction\":[{\"@type\":\"ReadAction\",\"target\":[\"https:\/\/bidiboo.eu\/produit\/manteau-reversible-ondine-2\/\"]}]},{\"@type\":\"ImageObject\",\"inLanguage\":\"nl-BE\",\"@id\":\"https:\/\/bidiboo.eu\/produit\/manteau-reversible-ondine-2\/#primaryimage\",\"url\":\"https:\/\/bidiboo.eu\/wp-content\/uploads\/2026\/02\/Photoroom_20260214_123123.jpg\",\"contentUrl\":\"https:\/\/bidiboo.eu\/wp-content\/uploads\/2026\/02\/Photoroom_20260214_123123.jpg\",\"width\":2400,\"height\":2400},{\"@type\":\"BreadcrumbList\",\"@id\":\"https:\/\/bidiboo.eu\/produit\/manteau-reversible-ondine-2\/#breadcrumb\",\"itemListElement\":[{\"@type\":\"ListItem\",\"position\":1,\"name\":\"Accueil\",\"item\":\"https:\/\/bidiboo.eu\/\"},{\"@type\":\"ListItem\",\"position\":2,\"name\":\"La Boutique Bidi&#8217;Boo\",\"item\":\"https:\/\/bidiboo.eu\/la-boutique-bidiboo\/\"},{\"@type\":\"ListItem\",\"position\":3,\"name\":\"Manteau r\u00e9versible Ondine\"}]},{\"@type\":\"WebSite\",\"@id\":\"https:\/\/bidiboo.eu\/#website\",\"url\":\"https:\/\/bidiboo.eu\/\",\"name\":\"BidiBoo\",\"description\":\"\",\"publisher\":{\"@id\":\"https:\/\/bidiboo.eu\/#organization\"},\"potentialAction\":[{\"@type\":\"SearchAction\",\"target\":{\"@type\":\"EntryPoint\",\"urlTemplate\":\"https:\/\/bidiboo.eu\/?s={search_term_string}\"},\"query-input\":{\"@type\":\"PropertyValueSpecification\",\"valueRequired\":true,\"valueName\":\"search_term_string\"}}],\"inLanguage\":\"nl-BE\"},{\"@type\":\"Organization\",\"@id\":\"https:\/\/bidiboo.eu\/#organization\",\"name\":\"Bidiboo\",\"url\":\"https:\/\/bidiboo.eu\/\",\"logo\":{\"@type\":\"ImageObject\",\"inLanguage\":\"nl-BE\",\"@id\":\"https:\/\/bidiboo.eu\/#\/schema\/logo\/image\/\",\"url\":\"https:\/\/bidiboo.eu\/wp-content\/uploads\/2022\/04\/Logo-BidiBoo.png\",\"contentUrl\":\"https:\/\/bidiboo.eu\/wp-content\/uploads\/2022\/04\/Logo-BidiBoo.png\",\"width\":941,\"height\":926,\"caption\":\"Bidiboo\"},\"image\":{\"@id\":\"https:\/\/bidiboo.eu\/#\/schema\/logo\/image\/\"},\"sameAs\":[\"https:\/\/www.facebook.com\/BidiBoocreations\",\"https:\/\/www.instagram.com\/bidiboo.creations\/\"]}]}<\/script>\n<!-- \/ Yoast SEO plugin. -->","yoast_head_json":{"title":"Manteau r\u00e9versible Ondine - BidiBoo","robots":{"index":"index","follow":"follow","max-snippet":"max-snippet:-1","max-image-preview":"max-image-preview:large","max-video-preview":"max-video-preview:-1"},"canonical":"https:\/\/bidiboo.eu\/nl\/product\/manteau-reversible-ondine-2\/","og_locale":"nl_BE","og_type":"article","og_title":"Manteau r\u00e9versible Ondine - BidiBoo","og_description":"Manteau r\u00e9versible \u00e0 capuche Offrez \u00e0 votre enfant confort, chaleur et style avec notre manteau r\u00e9versible \u00e0 capuche, pens\u00e9 pour accompagner les petits aventuriers de leurs premiers mois jusqu\u2019\u00e0 leurs 4 ans ! Deux looks en un !Gr\u00e2ce \u00e0 son design r\u00e9versible, changez de style en un clin d\u2019\u0153il : un c\u00f4t\u00e9 uni et sobre pour un look chic et intemporel, l&rsquo;autre plus fantaisie pour une touche ludique et color\u00e9e. Parfait pour s\u2019adapter \u00e0 toutes les occasions et toutes les envies ! D\u00e9tails pratiques : Capuche int\u00e9gr\u00e9e pour garder la t\u00eate bien au chaud Fermeture par pressions facile \u00e0 manipuler, id\u00e9ale pour les parents press\u00e9s Coupe confortable, pens\u00e9e pour laisser b\u00e9b\u00e9 libre de ses mouvements Tissus doux et chauds, adapt\u00e9s aux peaux sensibles Disponible du 1\/3 mois au 4 ans, ce manteau est un indispensable de la garde-robe automne\/hiver de votre enfant.","og_url":"https:\/\/bidiboo.eu\/nl\/product\/manteau-reversible-ondine-2\/","og_site_name":"BidiBoo","article_publisher":"https:\/\/www.facebook.com\/BidiBoocreations","article_modified_time":"2026-02-14T11:54:14+00:00","og_image":[{"width":2400,"height":2400,"url":"https:\/\/bidiboo.eu\/wp-content\/uploads\/2026\/02\/Photoroom_20260214_123123.jpg","type":"image\/jpeg"}],"twitter_card":"summary_large_image","twitter_misc":{"Geschatte leestijd":"1 minuut"},"schema":{"@context":"https:\/\/schema.org","@graph":[{"@type":"WebPage","@id":"https:\/\/bidiboo.eu\/produit\/manteau-reversible-ondine-2\/","url":"https:\/\/bidiboo.eu\/produit\/manteau-reversible-ondine-2\/","name":"Manteau r\u00e9versible Ondine - BidiBoo","isPartOf":{"@id":"https:\/\/bidiboo.eu\/#website"},"primaryImageOfPage":{"@id":"https:\/\/bidiboo.eu\/produit\/manteau-reversible-ondine-2\/#primaryimage"},"image":{"@id":"https:\/\/bidiboo.eu\/produit\/manteau-reversible-ondine-2\/#primaryimage"},"thumbnailUrl":"https:\/\/bidiboo.eu\/wp-content\/uploads\/2026\/02\/Photoroom_20260214_123123.jpg","datePublished":"2026-02-14T11:51:17+00:00","dateModified":"2026-02-14T11:54:14+00:00","breadcrumb":{"@id":"https:\/\/bidiboo.eu\/produit\/manteau-reversible-ondine-2\/#breadcrumb"},"inLanguage":"nl-BE","potentialAction":[{"@type":"ReadAction","target":["https:\/\/bidiboo.eu\/produit\/manteau-reversible-ondine-2\/"]}]},{"@type":"ImageObject","inLanguage":"nl-BE","@id":"https:\/\/bidiboo.eu\/produit\/manteau-reversible-ondine-2\/#primaryimage","url":"https:\/\/bidiboo.eu\/wp-content\/uploads\/2026\/02\/Photoroom_20260214_123123.jpg","contentUrl":"https:\/\/bidiboo.eu\/wp-content\/uploads\/2026\/02\/Photoroom_20260214_123123.jpg","width":2400,"height":2400},{"@type":"BreadcrumbList","@id":"https:\/\/bidiboo.eu\/produit\/manteau-reversible-ondine-2\/#breadcrumb","itemListElement":[{"@type":"ListItem","position":1,"name":"Accueil","item":"https:\/\/bidiboo.eu\/"},{"@type":"ListItem","position":2,"name":"La Boutique Bidi&#8217;Boo","item":"https:\/\/bidiboo.eu\/la-boutique-bidiboo\/"},{"@type":"ListItem","position":3,"name":"Manteau r\u00e9versible Ondine"}]},{"@type":"WebSite","@id":"https:\/\/bidiboo.eu\/#website","url":"https:\/\/bidiboo.eu\/","name":"BidiBoo","description":"","publisher":{"@id":"https:\/\/bidiboo.eu\/#organization"},"potentialAction":[{"@type":"SearchAction","target":{"@type":"EntryPoint","urlTemplate":"https:\/\/bidiboo.eu\/?s={search_term_string}"},"query-input":{"@type":"PropertyValueSpecification","valueRequired":true,"valueName":"search_term_string"}}],"inLanguage":"nl-BE"},{"@type":"Organization","@id":"https:\/\/bidiboo.eu\/#organization","name":"Bidiboo","url":"https:\/\/bidiboo.eu\/","logo":{"@type":"ImageObject","inLanguage":"nl-BE","@id":"https:\/\/bidiboo.eu\/#\/schema\/logo\/image\/","url":"https:\/\/bidiboo.eu\/wp-content\/uploads\/2022\/04\/Logo-BidiBoo.png","contentUrl":"https:\/\/bidiboo.eu\/wp-content\/uploads\/2022\/04\/Logo-BidiBoo.png","width":941,"height":926,"caption":"Bidiboo"},"image":{"@id":"https:\/\/bidiboo.eu\/#\/schema\/logo\/image\/"},"sameAs":["https:\/\/www.facebook.com\/BidiBoocreations","https:\/\/www.instagram.com\/bidiboo.creations\/"]}]}},"acf":[],"jetpack_likes_enabled":false,"_links":{"self":[{"href":"https:\/\/bidiboo.eu\/nl\/wp-json\/wp\/v2\/product\/30033","targetHints":{"allow":["GET"]}}],"collection":[{"href":"https:\/\/bidiboo.eu\/nl\/wp-json\/wp\/v2\/product"}],"about":[{"href":"https:\/\/bidiboo.eu\/nl\/wp-json\/wp\/v2\/types\/product"}],"replies":[{"embeddable":true,"href":"https:\/\/bidiboo.eu\/nl\/wp-json\/wp\/v2\/comments?post=30033"}],"version-history":[{"count":0,"href":"https:\/\/bidiboo.eu\/nl\/wp-json\/wp\/v2\/product\/30033\/revisions"}],"wp:featuredmedia":[{"embeddable":true,"href":"https:\/\/bidiboo.eu\/nl\/wp-json\/wp\/v2\/media\/30024"}],"wp:attachment":[{"href":"https:\/\/bidiboo.eu\/nl\/wp-json\/wp\/v2\/media?parent=30033"}],"wp:term":[{"taxonomy":"product_brand","embeddable":true,"href":"https:\/\/bidiboo.eu\/nl\/wp-json\/wp\/v2\/product_brand?post=30033"},{"taxonomy":"product_cat","embeddable":true,"href":"https:\/\/bidiboo.eu\/nl\/wp-json\/wp\/v2\/product_cat?post=30033"},{"taxonomy":"product_tag","embeddable":true,"href":"https:\/\/bidiboo.eu\/nl\/wp-json\/wp\/v2\/product_tag?post=30033"}],"curies":[{"name":"wp","href":"https:\/\/api.w.org\/{rel}","templated":true}]}}