{"id":29909,"date":"2026-02-11T13:19:31","date_gmt":"2026-02-11T12:19:31","guid":{"rendered":"https:\/\/bidiboo.eu\/?post_type=product&#038;p=29909"},"modified":"2026-02-11T13:22:40","modified_gmt":"2026-02-11T12:22:40","slug":"bonnet-mi-saison-noisette","status":"publish","type":"product","link":"https:\/\/bidiboo.eu\/nl\/product\/bonnet-mi-saison-noisette\/","title":{"rendered":"Hazelnoot tussenseizoenhoed"},"content":{"rendered":"<h2 data-start=\"164\" data-end=\"205\">Muts voor het midden van het seizoen<\/h2>\n<p data-start=\"207\" data-end=\"562\"><strong data-start=\"207\" data-end=\"222\">Beschrijving<\/strong><br data-start=\"222\" data-end=\"225\" \/>Word helemaal verliefd op deze muts voor het tussenseizoen. <strong data-start=\"283\" data-end=\"307\">Handgemaakt met liefde<\/strong>Dit product is ontworpen om het hoofdje van uw kind te beschermen op koele lente- en herfstdagen en combineert verschillende eigenschappen. <strong data-start=\"416\" data-end=\"445\">comfort, zachtheid en stijl<\/strong>Lichtgewicht maar toch voldoende bedekkend, is het de perfecte metgezel voor alledaagse avonturen, op school of tijdens wandelingen.<\/p>\n<p data-start=\"564\" data-end=\"670\">Elke hoed is handgemaakt, waardoor elk exemplaar uniek is. <strong data-start=\"636\" data-end=\"646\">uniek<\/strong> met een nauwkeurige afwerking.<\/p>","protected":false},"excerpt":{"rendered":"<p>Bonnet mi-saison DescriptionCraquez pour ce bonnet mi-saison, enti\u00e8rement fait main avec amour. Con\u00e7u pour prot\u00e9ger la t\u00eate de votre enfant lors des journ\u00e9es fra\u00eeches de printemps et d\u2019automne, il allie confort, douceur et style. L\u00e9ger mais suffisamment couvrant, il accompagne parfaitement les aventures du quotidien, \u00e0 l\u2019\u00e9cole comme en balade. Chaque bonnet est confectionn\u00e9 artisanalement, ce qui en fait une pi\u00e8ce unique aux finitions soign\u00e9es.<\/p>","protected":false},"featured_media":29882,"comment_status":"open","ping_status":"closed","template":"","meta":{"_editorskit_title_hidden":false,"_editorskit_reading_time":0,"_editorskit_is_block_options_detached":false,"_editorskit_block_options_position":"{}","inline_featured_image":false},"product_brand":[],"product_cat":[15,1127],"product_tag":[],"class_list":{"0":"post-29909","1":"product","2":"type-product","3":"status-publish","4":"has-post-thumbnail","6":"product_cat-all","7":"product_cat-bonnet-mi-saison","9":"first","10":"instock","11":"taxable","12":"shipping-taxable","13":"purchasable","14":"product-type-variable"},"yoast_head":"<!-- This site is optimized with the Yoast SEO plugin v25.7 - https:\/\/yoast.com\/wordpress\/plugins\/seo\/ -->\n<title>Bonnet mi-saison noisette - BidiBoo<\/title>\n<meta name=\"robots\" content=\"index, follow, max-snippet:-1, max-image-preview:large, max-video-preview:-1\" \/>\n<link rel=\"canonical\" href=\"https:\/\/bidiboo.eu\/nl\/product\/bonnet-mi-saison-noisette\/\" \/>\n<meta property=\"og:locale\" content=\"nl_BE\" \/>\n<meta property=\"og:type\" content=\"article\" \/>\n<meta property=\"og:title\" content=\"Bonnet mi-saison noisette - BidiBoo\" \/>\n<meta property=\"og:description\" content=\"Bonnet mi-saison DescriptionCraquez pour ce bonnet mi-saison, enti\u00e8rement fait main avec amour. Con\u00e7u pour prot\u00e9ger la t\u00eate de votre enfant lors des journ\u00e9es fra\u00eeches de printemps et d\u2019automne, il allie confort, douceur et style. L\u00e9ger mais suffisamment couvrant, il accompagne parfaitement les aventures du quotidien, \u00e0 l\u2019\u00e9cole comme en balade. Chaque bonnet est confectionn\u00e9 artisanalement, ce qui en fait une pi\u00e8ce unique aux finitions soign\u00e9es.\" \/>\n<meta property=\"og:url\" content=\"https:\/\/bidiboo.eu\/nl\/product\/bonnet-mi-saison-noisette\/\" \/>\n<meta property=\"og:site_name\" content=\"BidiBoo\" \/>\n<meta property=\"article:publisher\" content=\"https:\/\/www.facebook.com\/BidiBoocreations\" \/>\n<meta property=\"article:modified_time\" content=\"2026-02-11T12:22:40+00:00\" \/>\n<meta property=\"og:image\" content=\"https:\/\/bidiboo.eu\/wp-content\/uploads\/2026\/01\/Photoroom_20260211_112914-1280x1280.jpeg\" \/>\n\t<meta property=\"og:image:width\" content=\"1280\" \/>\n\t<meta property=\"og:image:height\" content=\"1280\" \/>\n\t<meta property=\"og:image:type\" content=\"image\/jpeg\" \/>\n<meta name=\"twitter:card\" content=\"summary_large_image\" \/>\n<script type=\"application\/ld+json\" class=\"yoast-schema-graph\">{\"@context\":\"https:\/\/schema.org\",\"@graph\":[{\"@type\":\"WebPage\",\"@id\":\"https:\/\/bidiboo.eu\/produit\/bonnet-mi-saison-noisette\/\",\"url\":\"https:\/\/bidiboo.eu\/produit\/bonnet-mi-saison-noisette\/\",\"name\":\"Bonnet mi-saison noisette - BidiBoo\",\"isPartOf\":{\"@id\":\"https:\/\/bidiboo.eu\/#website\"},\"primaryImageOfPage\":{\"@id\":\"https:\/\/bidiboo.eu\/produit\/bonnet-mi-saison-noisette\/#primaryimage\"},\"image\":{\"@id\":\"https:\/\/bidiboo.eu\/produit\/bonnet-mi-saison-noisette\/#primaryimage\"},\"thumbnailUrl\":\"https:\/\/bidiboo.eu\/wp-content\/uploads\/2026\/01\/Photoroom_20260211_112914.jpeg\",\"datePublished\":\"2026-02-11T12:19:31+00:00\",\"dateModified\":\"2026-02-11T12:22:40+00:00\",\"breadcrumb\":{\"@id\":\"https:\/\/bidiboo.eu\/produit\/bonnet-mi-saison-noisette\/#breadcrumb\"},\"inLanguage\":\"nl-BE\",\"potentialAction\":[{\"@type\":\"ReadAction\",\"target\":[\"https:\/\/bidiboo.eu\/produit\/bonnet-mi-saison-noisette\/\"]}]},{\"@type\":\"ImageObject\",\"inLanguage\":\"nl-BE\",\"@id\":\"https:\/\/bidiboo.eu\/produit\/bonnet-mi-saison-noisette\/#primaryimage\",\"url\":\"https:\/\/bidiboo.eu\/wp-content\/uploads\/2026\/01\/Photoroom_20260211_112914.jpeg\",\"contentUrl\":\"https:\/\/bidiboo.eu\/wp-content\/uploads\/2026\/01\/Photoroom_20260211_112914.jpeg\",\"width\":2400,\"height\":2400},{\"@type\":\"BreadcrumbList\",\"@id\":\"https:\/\/bidiboo.eu\/produit\/bonnet-mi-saison-noisette\/#breadcrumb\",\"itemListElement\":[{\"@type\":\"ListItem\",\"position\":1,\"name\":\"Accueil\",\"item\":\"https:\/\/bidiboo.eu\/\"},{\"@type\":\"ListItem\",\"position\":2,\"name\":\"La Boutique Bidi&#8217;Boo\",\"item\":\"https:\/\/bidiboo.eu\/la-boutique-bidiboo\/\"},{\"@type\":\"ListItem\",\"position\":3,\"name\":\"Bonnet mi-saison noisette\"}]},{\"@type\":\"WebSite\",\"@id\":\"https:\/\/bidiboo.eu\/#website\",\"url\":\"https:\/\/bidiboo.eu\/\",\"name\":\"BidiBoo\",\"description\":\"\",\"publisher\":{\"@id\":\"https:\/\/bidiboo.eu\/#organization\"},\"potentialAction\":[{\"@type\":\"SearchAction\",\"target\":{\"@type\":\"EntryPoint\",\"urlTemplate\":\"https:\/\/bidiboo.eu\/?s={search_term_string}\"},\"query-input\":{\"@type\":\"PropertyValueSpecification\",\"valueRequired\":true,\"valueName\":\"search_term_string\"}}],\"inLanguage\":\"nl-BE\"},{\"@type\":\"Organization\",\"@id\":\"https:\/\/bidiboo.eu\/#organization\",\"name\":\"Bidiboo\",\"url\":\"https:\/\/bidiboo.eu\/\",\"logo\":{\"@type\":\"ImageObject\",\"inLanguage\":\"nl-BE\",\"@id\":\"https:\/\/bidiboo.eu\/#\/schema\/logo\/image\/\",\"url\":\"https:\/\/bidiboo.eu\/wp-content\/uploads\/2022\/04\/Logo-BidiBoo.png\",\"contentUrl\":\"https:\/\/bidiboo.eu\/wp-content\/uploads\/2022\/04\/Logo-BidiBoo.png\",\"width\":941,\"height\":926,\"caption\":\"Bidiboo\"},\"image\":{\"@id\":\"https:\/\/bidiboo.eu\/#\/schema\/logo\/image\/\"},\"sameAs\":[\"https:\/\/www.facebook.com\/BidiBoocreations\",\"https:\/\/www.instagram.com\/bidiboo.creations\/\"]}]}<\/script>\n<!-- \/ Yoast SEO plugin. -->","yoast_head_json":{"title":"Bonnet mi-saison noisette - BidiBoo","robots":{"index":"index","follow":"follow","max-snippet":"max-snippet:-1","max-image-preview":"max-image-preview:large","max-video-preview":"max-video-preview:-1"},"canonical":"https:\/\/bidiboo.eu\/nl\/product\/bonnet-mi-saison-noisette\/","og_locale":"nl_BE","og_type":"article","og_title":"Bonnet mi-saison noisette - BidiBoo","og_description":"Bonnet mi-saison DescriptionCraquez pour ce bonnet mi-saison, enti\u00e8rement fait main avec amour. Con\u00e7u pour prot\u00e9ger la t\u00eate de votre enfant lors des journ\u00e9es fra\u00eeches de printemps et d\u2019automne, il allie confort, douceur et style. L\u00e9ger mais suffisamment couvrant, il accompagne parfaitement les aventures du quotidien, \u00e0 l\u2019\u00e9cole comme en balade. Chaque bonnet est confectionn\u00e9 artisanalement, ce qui en fait une pi\u00e8ce unique aux finitions soign\u00e9es.","og_url":"https:\/\/bidiboo.eu\/nl\/product\/bonnet-mi-saison-noisette\/","og_site_name":"BidiBoo","article_publisher":"https:\/\/www.facebook.com\/BidiBoocreations","article_modified_time":"2026-02-11T12:22:40+00:00","og_image":[{"width":1280,"height":1280,"url":"https:\/\/bidiboo.eu\/wp-content\/uploads\/2026\/01\/Photoroom_20260211_112914-1280x1280.jpeg","type":"image\/jpeg"}],"twitter_card":"summary_large_image","schema":{"@context":"https:\/\/schema.org","@graph":[{"@type":"WebPage","@id":"https:\/\/bidiboo.eu\/produit\/bonnet-mi-saison-noisette\/","url":"https:\/\/bidiboo.eu\/produit\/bonnet-mi-saison-noisette\/","name":"Bonnet mi-saison noisette - BidiBoo","isPartOf":{"@id":"https:\/\/bidiboo.eu\/#website"},"primaryImageOfPage":{"@id":"https:\/\/bidiboo.eu\/produit\/bonnet-mi-saison-noisette\/#primaryimage"},"image":{"@id":"https:\/\/bidiboo.eu\/produit\/bonnet-mi-saison-noisette\/#primaryimage"},"thumbnailUrl":"https:\/\/bidiboo.eu\/wp-content\/uploads\/2026\/01\/Photoroom_20260211_112914.jpeg","datePublished":"2026-02-11T12:19:31+00:00","dateModified":"2026-02-11T12:22:40+00:00","breadcrumb":{"@id":"https:\/\/bidiboo.eu\/produit\/bonnet-mi-saison-noisette\/#breadcrumb"},"inLanguage":"nl-BE","potentialAction":[{"@type":"ReadAction","target":["https:\/\/bidiboo.eu\/produit\/bonnet-mi-saison-noisette\/"]}]},{"@type":"ImageObject","inLanguage":"nl-BE","@id":"https:\/\/bidiboo.eu\/produit\/bonnet-mi-saison-noisette\/#primaryimage","url":"https:\/\/bidiboo.eu\/wp-content\/uploads\/2026\/01\/Photoroom_20260211_112914.jpeg","contentUrl":"https:\/\/bidiboo.eu\/wp-content\/uploads\/2026\/01\/Photoroom_20260211_112914.jpeg","width":2400,"height":2400},{"@type":"BreadcrumbList","@id":"https:\/\/bidiboo.eu\/produit\/bonnet-mi-saison-noisette\/#breadcrumb","itemListElement":[{"@type":"ListItem","position":1,"name":"Accueil","item":"https:\/\/bidiboo.eu\/"},{"@type":"ListItem","position":2,"name":"La Boutique Bidi&#8217;Boo","item":"https:\/\/bidiboo.eu\/la-boutique-bidiboo\/"},{"@type":"ListItem","position":3,"name":"Bonnet mi-saison noisette"}]},{"@type":"WebSite","@id":"https:\/\/bidiboo.eu\/#website","url":"https:\/\/bidiboo.eu\/","name":"BidiBoo","description":"","publisher":{"@id":"https:\/\/bidiboo.eu\/#organization"},"potentialAction":[{"@type":"SearchAction","target":{"@type":"EntryPoint","urlTemplate":"https:\/\/bidiboo.eu\/?s={search_term_string}"},"query-input":{"@type":"PropertyValueSpecification","valueRequired":true,"valueName":"search_term_string"}}],"inLanguage":"nl-BE"},{"@type":"Organization","@id":"https:\/\/bidiboo.eu\/#organization","name":"Bidiboo","url":"https:\/\/bidiboo.eu\/","logo":{"@type":"ImageObject","inLanguage":"nl-BE","@id":"https:\/\/bidiboo.eu\/#\/schema\/logo\/image\/","url":"https:\/\/bidiboo.eu\/wp-content\/uploads\/2022\/04\/Logo-BidiBoo.png","contentUrl":"https:\/\/bidiboo.eu\/wp-content\/uploads\/2022\/04\/Logo-BidiBoo.png","width":941,"height":926,"caption":"Bidiboo"},"image":{"@id":"https:\/\/bidiboo.eu\/#\/schema\/logo\/image\/"},"sameAs":["https:\/\/www.facebook.com\/BidiBoocreations","https:\/\/www.instagram.com\/bidiboo.creations\/"]}]}},"acf":[],"jetpack_likes_enabled":false,"_links":{"self":[{"href":"https:\/\/bidiboo.eu\/nl\/wp-json\/wp\/v2\/product\/29909","targetHints":{"allow":["GET"]}}],"collection":[{"href":"https:\/\/bidiboo.eu\/nl\/wp-json\/wp\/v2\/product"}],"about":[{"href":"https:\/\/bidiboo.eu\/nl\/wp-json\/wp\/v2\/types\/product"}],"replies":[{"embeddable":true,"href":"https:\/\/bidiboo.eu\/nl\/wp-json\/wp\/v2\/comments?post=29909"}],"version-history":[{"count":0,"href":"https:\/\/bidiboo.eu\/nl\/wp-json\/wp\/v2\/product\/29909\/revisions"}],"wp:featuredmedia":[{"embeddable":true,"href":"https:\/\/bidiboo.eu\/nl\/wp-json\/wp\/v2\/media\/29882"}],"wp:attachment":[{"href":"https:\/\/bidiboo.eu\/nl\/wp-json\/wp\/v2\/media?parent=29909"}],"wp:term":[{"taxonomy":"product_brand","embeddable":true,"href":"https:\/\/bidiboo.eu\/nl\/wp-json\/wp\/v2\/product_brand?post=29909"},{"taxonomy":"product_cat","embeddable":true,"href":"https:\/\/bidiboo.eu\/nl\/wp-json\/wp\/v2\/product_cat?post=29909"},{"taxonomy":"product_tag","embeddable":true,"href":"https:\/\/bidiboo.eu\/nl\/wp-json\/wp\/v2\/product_tag?post=29909"}],"curies":[{"name":"wp","href":"https:\/\/api.w.org\/{rel}","templated":true}]}}