{"id":29573,"date":"2026-01-21T12:55:11","date_gmt":"2026-01-21T11:55:11","guid":{"rendered":"https:\/\/bidiboo.eu\/?post_type=product&#038;p=29573"},"modified":"2026-01-21T12:56:39","modified_gmt":"2026-01-21T11:56:39","slug":"foulard-bandana-bianca","status":"publish","type":"product","link":"https:\/\/bidiboo.eu\/nl\/product\/foulard-bandana-bianca\/","title":{"rendered":"Bianca bandana sjaal"},"content":{"rendered":"<p>De baby-bandanasjaal is een veelzijdig accessoire dat een vleugje stijl toevoegt aan de outfit van je baby en tegelijkertijd extra bescherming biedt. De bandanasjaal is ontworpen om om de nek of als kleine sjaal te worden gedragen en is ideaal om je baby warm te houden bij koud weer.<\/p>\n<p>&nbsp;<\/p>\n<ol>\n<li>Zacht materiaal: de bandana-sjaal is gemaakt van zachte en comfortabele stoffen en is ontworpen om de gevoelige huid van uw baby niet te irriteren.<\/li>\n<li>Trendy stijl: de bandanasjaal voegt een vleugje stijl toe aan de garderobe van je baby.<\/li>\n<\/ol>\n<p>Elke Bidi&#039;Boo-sjaal is uniek, met patronen en arrangementen die kunnen vari\u00ebren, waardoor het een speciaal en exclusief stuk is voor je baby.<\/p>","protected":false},"excerpt":{"rendered":"<p>Le foulard bandana pour b\u00e9b\u00e9 est un accessoire polyvalent qui ajoute une touche de style \u00e0 la tenue de votre b\u00e9b\u00e9 tout en offrant une protection suppl\u00e9mentaire. Con\u00e7u pour \u00eatre port\u00e9 autour du cou ou comme une petite \u00e9charpe, le foulard bandana est id\u00e9al pour garder votre b\u00e9b\u00e9 au chaud par temps frais. &nbsp; Mat\u00e9riau doux : Fabriqu\u00e9 \u00e0 partir de tissus doux et confortables, le foulard bandana est con\u00e7u pour ne pas irriter la peau d\u00e9licate de votre b\u00e9b\u00e9. Style tendance : Le foulard bandana ajoute une touche de style \u00e0 la garde-robe de votre b\u00e9b\u00e9. Chaque foulard Bidi\u2019Boo est unique, avec des motifs et des dispositions qui peuvent varier, ce qui en fait une pi\u00e8ce sp\u00e9ciale et exclusive pour votre b\u00e9b\u00e9.<\/p>","protected":false},"featured_media":29486,"comment_status":"open","ping_status":"closed","template":"","meta":{"_editorskit_title_hidden":false,"_editorskit_reading_time":0,"_editorskit_is_block_options_detached":false,"_editorskit_block_options_position":"{}","inline_featured_image":false},"product_brand":[],"product_cat":[15,483,1128],"product_tag":[361],"class_list":{"0":"post-29573","1":"product","2":"type-product","3":"status-publish","4":"has-post-thumbnail","6":"product_cat-all","7":"product_cat-accessoires","8":"product_cat-bianca","9":"product_tag-foulard-bebe","11":"first","12":"instock","13":"taxable","14":"shipping-taxable","15":"purchasable","16":"product-type-simple"},"yoast_head":"<!-- This site is optimized with the Yoast SEO plugin v25.7 - https:\/\/yoast.com\/wordpress\/plugins\/seo\/ -->\n<title>Foulard bandana Bianca - BidiBoo<\/title>\n<meta name=\"robots\" content=\"index, follow, max-snippet:-1, max-image-preview:large, max-video-preview:-1\" \/>\n<link rel=\"canonical\" href=\"https:\/\/bidiboo.eu\/nl\/product\/foulard-bandana-bianca\/\" \/>\n<meta property=\"og:locale\" content=\"nl_BE\" \/>\n<meta property=\"og:type\" content=\"article\" \/>\n<meta property=\"og:title\" content=\"Foulard bandana Bianca - BidiBoo\" \/>\n<meta property=\"og:description\" content=\"Le foulard bandana pour b\u00e9b\u00e9 est un accessoire polyvalent qui ajoute une touche de style \u00e0 la tenue de votre b\u00e9b\u00e9 tout en offrant une protection suppl\u00e9mentaire. Con\u00e7u pour \u00eatre port\u00e9 autour du cou ou comme une petite \u00e9charpe, le foulard bandana est id\u00e9al pour garder votre b\u00e9b\u00e9 au chaud par temps frais. &nbsp; Mat\u00e9riau doux : Fabriqu\u00e9 \u00e0 partir de tissus doux et confortables, le foulard bandana est con\u00e7u pour ne pas irriter la peau d\u00e9licate de votre b\u00e9b\u00e9. Style tendance : Le foulard bandana ajoute une touche de style \u00e0 la garde-robe de votre b\u00e9b\u00e9. Chaque foulard Bidi\u2019Boo est unique, avec des motifs et des dispositions qui peuvent varier, ce qui en fait une pi\u00e8ce sp\u00e9ciale et exclusive pour votre b\u00e9b\u00e9.\" \/>\n<meta property=\"og:url\" content=\"https:\/\/bidiboo.eu\/nl\/product\/foulard-bandana-bianca\/\" \/>\n<meta property=\"og:site_name\" content=\"BidiBoo\" \/>\n<meta property=\"article:publisher\" content=\"https:\/\/www.facebook.com\/BidiBoocreations\" \/>\n<meta property=\"article:modified_time\" content=\"2026-01-21T11:56:39+00:00\" \/>\n<meta property=\"og:image\" content=\"https:\/\/bidiboo.eu\/wp-content\/uploads\/2026\/01\/Photoroom_20260121_111209-1280x1280.jpg\" \/>\n\t<meta property=\"og:image:width\" content=\"1280\" \/>\n\t<meta property=\"og:image:height\" content=\"1280\" \/>\n\t<meta property=\"og:image:type\" content=\"image\/jpeg\" \/>\n<meta name=\"twitter:card\" content=\"summary_large_image\" \/>\n<meta name=\"twitter:label1\" content=\"Geschatte leestijd\" \/>\n\t<meta name=\"twitter:data1\" content=\"1 minuut\" \/>\n<script type=\"application\/ld+json\" class=\"yoast-schema-graph\">{\"@context\":\"https:\/\/schema.org\",\"@graph\":[{\"@type\":\"WebPage\",\"@id\":\"https:\/\/bidiboo.eu\/produit\/foulard-bandana-bianca\/\",\"url\":\"https:\/\/bidiboo.eu\/produit\/foulard-bandana-bianca\/\",\"name\":\"Foulard bandana Bianca - BidiBoo\",\"isPartOf\":{\"@id\":\"https:\/\/bidiboo.eu\/#website\"},\"primaryImageOfPage\":{\"@id\":\"https:\/\/bidiboo.eu\/produit\/foulard-bandana-bianca\/#primaryimage\"},\"image\":{\"@id\":\"https:\/\/bidiboo.eu\/produit\/foulard-bandana-bianca\/#primaryimage\"},\"thumbnailUrl\":\"https:\/\/bidiboo.eu\/wp-content\/uploads\/2026\/01\/Photoroom_20260121_111209.jpg\",\"datePublished\":\"2026-01-21T11:55:11+00:00\",\"dateModified\":\"2026-01-21T11:56:39+00:00\",\"breadcrumb\":{\"@id\":\"https:\/\/bidiboo.eu\/produit\/foulard-bandana-bianca\/#breadcrumb\"},\"inLanguage\":\"nl-BE\",\"potentialAction\":[{\"@type\":\"ReadAction\",\"target\":[\"https:\/\/bidiboo.eu\/produit\/foulard-bandana-bianca\/\"]}]},{\"@type\":\"ImageObject\",\"inLanguage\":\"nl-BE\",\"@id\":\"https:\/\/bidiboo.eu\/produit\/foulard-bandana-bianca\/#primaryimage\",\"url\":\"https:\/\/bidiboo.eu\/wp-content\/uploads\/2026\/01\/Photoroom_20260121_111209.jpg\",\"contentUrl\":\"https:\/\/bidiboo.eu\/wp-content\/uploads\/2026\/01\/Photoroom_20260121_111209.jpg\",\"width\":2400,\"height\":2400},{\"@type\":\"BreadcrumbList\",\"@id\":\"https:\/\/bidiboo.eu\/produit\/foulard-bandana-bianca\/#breadcrumb\",\"itemListElement\":[{\"@type\":\"ListItem\",\"position\":1,\"name\":\"Accueil\",\"item\":\"https:\/\/bidiboo.eu\/\"},{\"@type\":\"ListItem\",\"position\":2,\"name\":\"La Boutique Bidi&#8217;Boo\",\"item\":\"https:\/\/bidiboo.eu\/la-boutique-bidiboo\/\"},{\"@type\":\"ListItem\",\"position\":3,\"name\":\"Foulard bandana Bianca\"}]},{\"@type\":\"WebSite\",\"@id\":\"https:\/\/bidiboo.eu\/#website\",\"url\":\"https:\/\/bidiboo.eu\/\",\"name\":\"BidiBoo\",\"description\":\"\",\"publisher\":{\"@id\":\"https:\/\/bidiboo.eu\/#organization\"},\"potentialAction\":[{\"@type\":\"SearchAction\",\"target\":{\"@type\":\"EntryPoint\",\"urlTemplate\":\"https:\/\/bidiboo.eu\/?s={search_term_string}\"},\"query-input\":{\"@type\":\"PropertyValueSpecification\",\"valueRequired\":true,\"valueName\":\"search_term_string\"}}],\"inLanguage\":\"nl-BE\"},{\"@type\":\"Organization\",\"@id\":\"https:\/\/bidiboo.eu\/#organization\",\"name\":\"Bidiboo\",\"url\":\"https:\/\/bidiboo.eu\/\",\"logo\":{\"@type\":\"ImageObject\",\"inLanguage\":\"nl-BE\",\"@id\":\"https:\/\/bidiboo.eu\/#\/schema\/logo\/image\/\",\"url\":\"https:\/\/bidiboo.eu\/wp-content\/uploads\/2022\/04\/Logo-BidiBoo.png\",\"contentUrl\":\"https:\/\/bidiboo.eu\/wp-content\/uploads\/2022\/04\/Logo-BidiBoo.png\",\"width\":941,\"height\":926,\"caption\":\"Bidiboo\"},\"image\":{\"@id\":\"https:\/\/bidiboo.eu\/#\/schema\/logo\/image\/\"},\"sameAs\":[\"https:\/\/www.facebook.com\/BidiBoocreations\",\"https:\/\/www.instagram.com\/bidiboo.creations\/\"]}]}<\/script>\n<!-- \/ Yoast SEO plugin. -->","yoast_head_json":{"title":"Foulard bandana Bianca - BidiBoo","robots":{"index":"index","follow":"follow","max-snippet":"max-snippet:-1","max-image-preview":"max-image-preview:large","max-video-preview":"max-video-preview:-1"},"canonical":"https:\/\/bidiboo.eu\/nl\/product\/foulard-bandana-bianca\/","og_locale":"nl_BE","og_type":"article","og_title":"Foulard bandana Bianca - BidiBoo","og_description":"Le foulard bandana pour b\u00e9b\u00e9 est un accessoire polyvalent qui ajoute une touche de style \u00e0 la tenue de votre b\u00e9b\u00e9 tout en offrant une protection suppl\u00e9mentaire. Con\u00e7u pour \u00eatre port\u00e9 autour du cou ou comme une petite \u00e9charpe, le foulard bandana est id\u00e9al pour garder votre b\u00e9b\u00e9 au chaud par temps frais. &nbsp; Mat\u00e9riau doux : Fabriqu\u00e9 \u00e0 partir de tissus doux et confortables, le foulard bandana est con\u00e7u pour ne pas irriter la peau d\u00e9licate de votre b\u00e9b\u00e9. Style tendance : Le foulard bandana ajoute une touche de style \u00e0 la garde-robe de votre b\u00e9b\u00e9. Chaque foulard Bidi\u2019Boo est unique, avec des motifs et des dispositions qui peuvent varier, ce qui en fait une pi\u00e8ce sp\u00e9ciale et exclusive pour votre b\u00e9b\u00e9.","og_url":"https:\/\/bidiboo.eu\/nl\/product\/foulard-bandana-bianca\/","og_site_name":"BidiBoo","article_publisher":"https:\/\/www.facebook.com\/BidiBoocreations","article_modified_time":"2026-01-21T11:56:39+00:00","og_image":[{"width":1280,"height":1280,"url":"https:\/\/bidiboo.eu\/wp-content\/uploads\/2026\/01\/Photoroom_20260121_111209-1280x1280.jpg","type":"image\/jpeg"}],"twitter_card":"summary_large_image","twitter_misc":{"Geschatte leestijd":"1 minuut"},"schema":{"@context":"https:\/\/schema.org","@graph":[{"@type":"WebPage","@id":"https:\/\/bidiboo.eu\/produit\/foulard-bandana-bianca\/","url":"https:\/\/bidiboo.eu\/produit\/foulard-bandana-bianca\/","name":"Foulard bandana Bianca - BidiBoo","isPartOf":{"@id":"https:\/\/bidiboo.eu\/#website"},"primaryImageOfPage":{"@id":"https:\/\/bidiboo.eu\/produit\/foulard-bandana-bianca\/#primaryimage"},"image":{"@id":"https:\/\/bidiboo.eu\/produit\/foulard-bandana-bianca\/#primaryimage"},"thumbnailUrl":"https:\/\/bidiboo.eu\/wp-content\/uploads\/2026\/01\/Photoroom_20260121_111209.jpg","datePublished":"2026-01-21T11:55:11+00:00","dateModified":"2026-01-21T11:56:39+00:00","breadcrumb":{"@id":"https:\/\/bidiboo.eu\/produit\/foulard-bandana-bianca\/#breadcrumb"},"inLanguage":"nl-BE","potentialAction":[{"@type":"ReadAction","target":["https:\/\/bidiboo.eu\/produit\/foulard-bandana-bianca\/"]}]},{"@type":"ImageObject","inLanguage":"nl-BE","@id":"https:\/\/bidiboo.eu\/produit\/foulard-bandana-bianca\/#primaryimage","url":"https:\/\/bidiboo.eu\/wp-content\/uploads\/2026\/01\/Photoroom_20260121_111209.jpg","contentUrl":"https:\/\/bidiboo.eu\/wp-content\/uploads\/2026\/01\/Photoroom_20260121_111209.jpg","width":2400,"height":2400},{"@type":"BreadcrumbList","@id":"https:\/\/bidiboo.eu\/produit\/foulard-bandana-bianca\/#breadcrumb","itemListElement":[{"@type":"ListItem","position":1,"name":"Accueil","item":"https:\/\/bidiboo.eu\/"},{"@type":"ListItem","position":2,"name":"La Boutique Bidi&#8217;Boo","item":"https:\/\/bidiboo.eu\/la-boutique-bidiboo\/"},{"@type":"ListItem","position":3,"name":"Foulard bandana Bianca"}]},{"@type":"WebSite","@id":"https:\/\/bidiboo.eu\/#website","url":"https:\/\/bidiboo.eu\/","name":"BidiBoo","description":"","publisher":{"@id":"https:\/\/bidiboo.eu\/#organization"},"potentialAction":[{"@type":"SearchAction","target":{"@type":"EntryPoint","urlTemplate":"https:\/\/bidiboo.eu\/?s={search_term_string}"},"query-input":{"@type":"PropertyValueSpecification","valueRequired":true,"valueName":"search_term_string"}}],"inLanguage":"nl-BE"},{"@type":"Organization","@id":"https:\/\/bidiboo.eu\/#organization","name":"Bidiboo","url":"https:\/\/bidiboo.eu\/","logo":{"@type":"ImageObject","inLanguage":"nl-BE","@id":"https:\/\/bidiboo.eu\/#\/schema\/logo\/image\/","url":"https:\/\/bidiboo.eu\/wp-content\/uploads\/2022\/04\/Logo-BidiBoo.png","contentUrl":"https:\/\/bidiboo.eu\/wp-content\/uploads\/2022\/04\/Logo-BidiBoo.png","width":941,"height":926,"caption":"Bidiboo"},"image":{"@id":"https:\/\/bidiboo.eu\/#\/schema\/logo\/image\/"},"sameAs":["https:\/\/www.facebook.com\/BidiBoocreations","https:\/\/www.instagram.com\/bidiboo.creations\/"]}]}},"acf":[],"jetpack_likes_enabled":false,"_links":{"self":[{"href":"https:\/\/bidiboo.eu\/nl\/wp-json\/wp\/v2\/product\/29573","targetHints":{"allow":["GET"]}}],"collection":[{"href":"https:\/\/bidiboo.eu\/nl\/wp-json\/wp\/v2\/product"}],"about":[{"href":"https:\/\/bidiboo.eu\/nl\/wp-json\/wp\/v2\/types\/product"}],"replies":[{"embeddable":true,"href":"https:\/\/bidiboo.eu\/nl\/wp-json\/wp\/v2\/comments?post=29573"}],"version-history":[{"count":0,"href":"https:\/\/bidiboo.eu\/nl\/wp-json\/wp\/v2\/product\/29573\/revisions"}],"wp:featuredmedia":[{"embeddable":true,"href":"https:\/\/bidiboo.eu\/nl\/wp-json\/wp\/v2\/media\/29486"}],"wp:attachment":[{"href":"https:\/\/bidiboo.eu\/nl\/wp-json\/wp\/v2\/media?parent=29573"}],"wp:term":[{"taxonomy":"product_brand","embeddable":true,"href":"https:\/\/bidiboo.eu\/nl\/wp-json\/wp\/v2\/product_brand?post=29573"},{"taxonomy":"product_cat","embeddable":true,"href":"https:\/\/bidiboo.eu\/nl\/wp-json\/wp\/v2\/product_cat?post=29573"},{"taxonomy":"product_tag","embeddable":true,"href":"https:\/\/bidiboo.eu\/nl\/wp-json\/wp\/v2\/product_tag?post=29573"}],"curies":[{"name":"wp","href":"https:\/\/api.w.org\/{rel}","templated":true}]}}