{"id":27108,"date":"2025-09-01T12:09:15","date_gmt":"2025-09-01T10:09:15","guid":{"rendered":"https:\/\/bidiboo.eu\/?post_type=product&#038;p=27108"},"modified":"2025-09-01T12:14:53","modified_gmt":"2025-09-01T10:14:53","slug":"bonnet-pompon-bouclette-moka","status":"publish","type":"product","link":"https:\/\/bidiboo.eu\/nl\/product\/bonnet-pompon-bouclette-moka\/","title":{"rendered":"Mocha badstof pomponmuts"},"content":{"rendered":"<h4>Bidi&#039;Boo-pomponmuts: comfort, stijl en functionaliteit in \u00e9\u00e9n accessoire<\/h4>\n<p>Ontdek de Bidi&#039;Boo-muts, het essenti\u00eble accessoire om je baby de hele winter stijlvol en comfortabel warm te houden. Deze hoed heeft een afneembare pompon voor eenvoudig wassen en is zowel praktisch als schattig. Handgemaakt met liefde, elke Bidi&#039;Boo-hoed is uniek, met patronen en lay-outs die een ambachtelijk tintje toevoegen aan elke creatie.<\/p>\n<h4>Onge\u00ebvenaard comfort voor uw baby<\/h4>\n<p>Het Bidi&#039;Boo-pomponmutsje is ontworpen om uw baby optimaal comfort te bieden. Deze muts is gemaakt van zachte, hoogwaardige stoffen en houdt het hoofdje van je kleintje warm bij koud weer. De perfecte pasvorm zorgt ervoor dat hij op zijn plaats blijft zitten en tegelijkertijd comfortabel is voor je baby.<\/p>\n<p>Dankzij het naadloze ontwerp en de ademende materialen veroorzaakt het Bidi&#039;Boo mutsje geen irritatie op de gevoelige huid van je baby. Het is ideaal voor familie-uitjes, winterwandelingen en elke gelegenheid waarbij u uw baby comfortabel en warm wilt houden.<\/p>\n<h4>Een leuke en unieke stijl<\/h4>\n<p>De Bidi&#039;Boo-hoed offert stijl niet op voor comfort. Met zijn schattige ontwerp en trendy kleuren past hij perfect bij de outfits van je baby en voegt hij een vleugje elegantie toe aan zijn of haar uiterlijk. De afneembare pompon zorgt voor een speelse touch en is bovendien gemakkelijk in onderhoud.<\/p>\n<p>Elke Bidi&#039;Boo-hoed is zorgvuldig vervaardigd om ervoor te zorgen dat hij opvalt tussen de rest. De gevarieerde patronen en unieke indelingen maken het tot een origineel accessoire dat het ambachtelijke karakter van ons merk weerspiegelt.<\/p>\n<p>Bied uw baby vandaag nog het comfort, de stijl en het gebruiksgemak van de Bidi&#039;Boo-muts! Bestel nu om uw kleintje warm te houden en er schattig uit te zien. Voeg dit unieke, handgemaakte stuk toe aan hun accessoirecollectie of geef het cadeau aan een familielid of vriend. Mis deze kans niet om te genieten van het kwaliteitsvakmanschap van Bidi&#039;Boo.<\/p>\n<p>De Bidi&#039;Boo-hoed is veel meer dan een eenvoudig accessoire. Het biedt het behaaglijke comfort dat je baby nodig heeft op koude dagen, terwijl het een vleugje stijl en originaliteit aan zijn outfits toevoegt. Kies voor het Bidi&#039;Boo mutsje en geef je baby nu een warme en trendy ervaring!<\/p>","protected":false},"excerpt":{"rendered":"<p>DOOR Bidi&#039;Boo<\/p>","protected":false},"featured_media":27050,"comment_status":"open","ping_status":"closed","template":"","meta":{"_editorskit_title_hidden":false,"_editorskit_reading_time":0,"_editorskit_is_block_options_detached":false,"_editorskit_block_options_position":"{}","inline_featured_image":false},"product_brand":[],"product_cat":[15,483,222,573,105,1056],"product_tag":[386],"class_list":{"0":"post-27108","1":"product","2":"type-product","3":"status-publish","4":"has-post-thumbnail","6":"product_cat-all","7":"product_cat-accessoires","8":"product_cat-bonnet-pompon","9":"product_cat-bouclette","10":"product_cat-tidado-collection-bidiboo-bebe-enfant-maman","11":"product_cat-luca","12":"product_tag-bonnet-enfant","14":"first","15":"instock","16":"taxable","17":"shipping-taxable","18":"purchasable","19":"product-type-variable"},"yoast_head":"<!-- This site is optimized with the Yoast SEO plugin v25.7 - https:\/\/yoast.com\/wordpress\/plugins\/seo\/ -->\n<title>Bonnet pompon bouclette moka - BidiBoo -Bonnet- automne-hiver- avec style !<\/title>\n<meta name=\"description\" content=\"D\u00e9couvrez le bonnet pompon Dahlia Bidi&#039;Boo : un m\u00e9lange parfait de confort et de style pour garder votre b\u00e9b\u00e9 au chaud. Pompon amovible!\" \/>\n<meta name=\"robots\" content=\"index, follow, max-snippet:-1, max-image-preview:large, max-video-preview:-1\" \/>\n<link rel=\"canonical\" href=\"https:\/\/bidiboo.eu\/nl\/product\/bonnet-pompon-bouclette-moka\/\" \/>\n<meta property=\"og:locale\" content=\"nl_BE\" \/>\n<meta property=\"og:type\" content=\"article\" \/>\n<meta property=\"og:title\" content=\"Bonnet pompon bouclette moka - BidiBoo -Bonnet- automne-hiver- avec style !\" \/>\n<meta property=\"og:description\" content=\"D\u00e9couvrez le bonnet pompon Dahlia Bidi&#039;Boo : un m\u00e9lange parfait de confort et de style pour garder votre b\u00e9b\u00e9 au chaud. Pompon amovible!\" \/>\n<meta property=\"og:url\" content=\"https:\/\/bidiboo.eu\/nl\/product\/bonnet-pompon-bouclette-moka\/\" \/>\n<meta property=\"og:site_name\" content=\"BidiBoo\" \/>\n<meta property=\"article:publisher\" content=\"https:\/\/www.facebook.com\/BidiBoocreations\" \/>\n<meta property=\"article:modified_time\" content=\"2025-09-01T10:14:53+00:00\" \/>\n<meta property=\"og:image\" content=\"https:\/\/bidiboo.eu\/wp-content\/uploads\/2025\/08\/Photoroom_20250901_103541-1280x1280.jpg\" \/>\n\t<meta property=\"og:image:width\" content=\"1280\" \/>\n\t<meta property=\"og:image:height\" content=\"1280\" \/>\n\t<meta property=\"og:image:type\" content=\"image\/jpeg\" \/>\n<meta name=\"twitter:card\" content=\"summary_large_image\" \/>\n<meta name=\"twitter:label1\" content=\"Geschatte leestijd\" \/>\n\t<meta name=\"twitter:data1\" content=\"2 minuten\" \/>\n<script type=\"application\/ld+json\" class=\"yoast-schema-graph\">{\"@context\":\"https:\/\/schema.org\",\"@graph\":[{\"@type\":\"WebPage\",\"@id\":\"https:\/\/bidiboo.eu\/produit\/bonnet-pompon-bouclette-moka\/\",\"url\":\"https:\/\/bidiboo.eu\/produit\/bonnet-pompon-bouclette-moka\/\",\"name\":\"Bonnet pompon bouclette moka - BidiBoo -Bonnet- automne-hiver- avec style !\",\"isPartOf\":{\"@id\":\"https:\/\/bidiboo.eu\/#website\"},\"primaryImageOfPage\":{\"@id\":\"https:\/\/bidiboo.eu\/produit\/bonnet-pompon-bouclette-moka\/#primaryimage\"},\"image\":{\"@id\":\"https:\/\/bidiboo.eu\/produit\/bonnet-pompon-bouclette-moka\/#primaryimage\"},\"thumbnailUrl\":\"https:\/\/bidiboo.eu\/wp-content\/uploads\/2025\/08\/Photoroom_20250901_103541.jpg\",\"datePublished\":\"2025-09-01T10:09:15+00:00\",\"dateModified\":\"2025-09-01T10:14:53+00:00\",\"description\":\"D\u00e9couvrez le bonnet pompon Dahlia Bidi'Boo : un m\u00e9lange parfait de confort et de style pour garder votre b\u00e9b\u00e9 au chaud. Pompon amovible!\",\"breadcrumb\":{\"@id\":\"https:\/\/bidiboo.eu\/produit\/bonnet-pompon-bouclette-moka\/#breadcrumb\"},\"inLanguage\":\"nl-BE\",\"potentialAction\":[{\"@type\":\"ReadAction\",\"target\":[\"https:\/\/bidiboo.eu\/produit\/bonnet-pompon-bouclette-moka\/\"]}]},{\"@type\":\"ImageObject\",\"inLanguage\":\"nl-BE\",\"@id\":\"https:\/\/bidiboo.eu\/produit\/bonnet-pompon-bouclette-moka\/#primaryimage\",\"url\":\"https:\/\/bidiboo.eu\/wp-content\/uploads\/2025\/08\/Photoroom_20250901_103541.jpg\",\"contentUrl\":\"https:\/\/bidiboo.eu\/wp-content\/uploads\/2025\/08\/Photoroom_20250901_103541.jpg\",\"width\":2400,\"height\":2400},{\"@type\":\"BreadcrumbList\",\"@id\":\"https:\/\/bidiboo.eu\/produit\/bonnet-pompon-bouclette-moka\/#breadcrumb\",\"itemListElement\":[{\"@type\":\"ListItem\",\"position\":1,\"name\":\"Accueil\",\"item\":\"https:\/\/bidiboo.eu\/\"},{\"@type\":\"ListItem\",\"position\":2,\"name\":\"La Boutique Bidi&#8217;Boo\",\"item\":\"https:\/\/bidiboo.eu\/la-boutique-bidiboo\/\"},{\"@type\":\"ListItem\",\"position\":3,\"name\":\"Bonnet pompon bouclette moka\"}]},{\"@type\":\"WebSite\",\"@id\":\"https:\/\/bidiboo.eu\/#website\",\"url\":\"https:\/\/bidiboo.eu\/\",\"name\":\"BidiBoo\",\"description\":\"\",\"publisher\":{\"@id\":\"https:\/\/bidiboo.eu\/#organization\"},\"potentialAction\":[{\"@type\":\"SearchAction\",\"target\":{\"@type\":\"EntryPoint\",\"urlTemplate\":\"https:\/\/bidiboo.eu\/?s={search_term_string}\"},\"query-input\":{\"@type\":\"PropertyValueSpecification\",\"valueRequired\":true,\"valueName\":\"search_term_string\"}}],\"inLanguage\":\"nl-BE\"},{\"@type\":\"Organization\",\"@id\":\"https:\/\/bidiboo.eu\/#organization\",\"name\":\"Bidiboo\",\"url\":\"https:\/\/bidiboo.eu\/\",\"logo\":{\"@type\":\"ImageObject\",\"inLanguage\":\"nl-BE\",\"@id\":\"https:\/\/bidiboo.eu\/#\/schema\/logo\/image\/\",\"url\":\"https:\/\/bidiboo.eu\/wp-content\/uploads\/2022\/04\/Logo-BidiBoo.png\",\"contentUrl\":\"https:\/\/bidiboo.eu\/wp-content\/uploads\/2022\/04\/Logo-BidiBoo.png\",\"width\":941,\"height\":926,\"caption\":\"Bidiboo\"},\"image\":{\"@id\":\"https:\/\/bidiboo.eu\/#\/schema\/logo\/image\/\"},\"sameAs\":[\"https:\/\/www.facebook.com\/BidiBoocreations\",\"https:\/\/www.instagram.com\/bidiboo.creations\/\"]}]}<\/script>\n<!-- \/ Yoast SEO plugin. -->","yoast_head_json":{"title":"Bonnet pompon bouclette moka - BidiBoo -Bonnet- automne-hiver- avec style !","description":"D\u00e9couvrez le bonnet pompon Dahlia Bidi'Boo : un m\u00e9lange parfait de confort et de style pour garder votre b\u00e9b\u00e9 au chaud. Pompon amovible!","robots":{"index":"index","follow":"follow","max-snippet":"max-snippet:-1","max-image-preview":"max-image-preview:large","max-video-preview":"max-video-preview:-1"},"canonical":"https:\/\/bidiboo.eu\/nl\/product\/bonnet-pompon-bouclette-moka\/","og_locale":"nl_BE","og_type":"article","og_title":"Bonnet pompon bouclette moka - BidiBoo -Bonnet- automne-hiver- avec style !","og_description":"D\u00e9couvrez le bonnet pompon Dahlia Bidi'Boo : un m\u00e9lange parfait de confort et de style pour garder votre b\u00e9b\u00e9 au chaud. Pompon amovible!","og_url":"https:\/\/bidiboo.eu\/nl\/product\/bonnet-pompon-bouclette-moka\/","og_site_name":"BidiBoo","article_publisher":"https:\/\/www.facebook.com\/BidiBoocreations","article_modified_time":"2025-09-01T10:14:53+00:00","og_image":[{"width":1280,"height":1280,"url":"https:\/\/bidiboo.eu\/wp-content\/uploads\/2025\/08\/Photoroom_20250901_103541-1280x1280.jpg","type":"image\/jpeg"}],"twitter_card":"summary_large_image","twitter_misc":{"Geschatte leestijd":"2 minuten"},"schema":{"@context":"https:\/\/schema.org","@graph":[{"@type":"WebPage","@id":"https:\/\/bidiboo.eu\/produit\/bonnet-pompon-bouclette-moka\/","url":"https:\/\/bidiboo.eu\/produit\/bonnet-pompon-bouclette-moka\/","name":"Bonnet pompon bouclette moka - BidiBoo -Bonnet- automne-hiver- avec style !","isPartOf":{"@id":"https:\/\/bidiboo.eu\/#website"},"primaryImageOfPage":{"@id":"https:\/\/bidiboo.eu\/produit\/bonnet-pompon-bouclette-moka\/#primaryimage"},"image":{"@id":"https:\/\/bidiboo.eu\/produit\/bonnet-pompon-bouclette-moka\/#primaryimage"},"thumbnailUrl":"https:\/\/bidiboo.eu\/wp-content\/uploads\/2025\/08\/Photoroom_20250901_103541.jpg","datePublished":"2025-09-01T10:09:15+00:00","dateModified":"2025-09-01T10:14:53+00:00","description":"D\u00e9couvrez le bonnet pompon Dahlia Bidi'Boo : un m\u00e9lange parfait de confort et de style pour garder votre b\u00e9b\u00e9 au chaud. Pompon amovible!","breadcrumb":{"@id":"https:\/\/bidiboo.eu\/produit\/bonnet-pompon-bouclette-moka\/#breadcrumb"},"inLanguage":"nl-BE","potentialAction":[{"@type":"ReadAction","target":["https:\/\/bidiboo.eu\/produit\/bonnet-pompon-bouclette-moka\/"]}]},{"@type":"ImageObject","inLanguage":"nl-BE","@id":"https:\/\/bidiboo.eu\/produit\/bonnet-pompon-bouclette-moka\/#primaryimage","url":"https:\/\/bidiboo.eu\/wp-content\/uploads\/2025\/08\/Photoroom_20250901_103541.jpg","contentUrl":"https:\/\/bidiboo.eu\/wp-content\/uploads\/2025\/08\/Photoroom_20250901_103541.jpg","width":2400,"height":2400},{"@type":"BreadcrumbList","@id":"https:\/\/bidiboo.eu\/produit\/bonnet-pompon-bouclette-moka\/#breadcrumb","itemListElement":[{"@type":"ListItem","position":1,"name":"Accueil","item":"https:\/\/bidiboo.eu\/"},{"@type":"ListItem","position":2,"name":"La Boutique Bidi&#8217;Boo","item":"https:\/\/bidiboo.eu\/la-boutique-bidiboo\/"},{"@type":"ListItem","position":3,"name":"Bonnet pompon bouclette moka"}]},{"@type":"WebSite","@id":"https:\/\/bidiboo.eu\/#website","url":"https:\/\/bidiboo.eu\/","name":"BidiBoo","description":"","publisher":{"@id":"https:\/\/bidiboo.eu\/#organization"},"potentialAction":[{"@type":"SearchAction","target":{"@type":"EntryPoint","urlTemplate":"https:\/\/bidiboo.eu\/?s={search_term_string}"},"query-input":{"@type":"PropertyValueSpecification","valueRequired":true,"valueName":"search_term_string"}}],"inLanguage":"nl-BE"},{"@type":"Organization","@id":"https:\/\/bidiboo.eu\/#organization","name":"Bidiboo","url":"https:\/\/bidiboo.eu\/","logo":{"@type":"ImageObject","inLanguage":"nl-BE","@id":"https:\/\/bidiboo.eu\/#\/schema\/logo\/image\/","url":"https:\/\/bidiboo.eu\/wp-content\/uploads\/2022\/04\/Logo-BidiBoo.png","contentUrl":"https:\/\/bidiboo.eu\/wp-content\/uploads\/2022\/04\/Logo-BidiBoo.png","width":941,"height":926,"caption":"Bidiboo"},"image":{"@id":"https:\/\/bidiboo.eu\/#\/schema\/logo\/image\/"},"sameAs":["https:\/\/www.facebook.com\/BidiBoocreations","https:\/\/www.instagram.com\/bidiboo.creations\/"]}]}},"acf":[],"jetpack_likes_enabled":false,"_links":{"self":[{"href":"https:\/\/bidiboo.eu\/nl\/wp-json\/wp\/v2\/product\/27108","targetHints":{"allow":["GET"]}}],"collection":[{"href":"https:\/\/bidiboo.eu\/nl\/wp-json\/wp\/v2\/product"}],"about":[{"href":"https:\/\/bidiboo.eu\/nl\/wp-json\/wp\/v2\/types\/product"}],"replies":[{"embeddable":true,"href":"https:\/\/bidiboo.eu\/nl\/wp-json\/wp\/v2\/comments?post=27108"}],"version-history":[{"count":0,"href":"https:\/\/bidiboo.eu\/nl\/wp-json\/wp\/v2\/product\/27108\/revisions"}],"wp:featuredmedia":[{"embeddable":true,"href":"https:\/\/bidiboo.eu\/nl\/wp-json\/wp\/v2\/media\/27050"}],"wp:attachment":[{"href":"https:\/\/bidiboo.eu\/nl\/wp-json\/wp\/v2\/media?parent=27108"}],"wp:term":[{"taxonomy":"product_brand","embeddable":true,"href":"https:\/\/bidiboo.eu\/nl\/wp-json\/wp\/v2\/product_brand?post=27108"},{"taxonomy":"product_cat","embeddable":true,"href":"https:\/\/bidiboo.eu\/nl\/wp-json\/wp\/v2\/product_cat?post=27108"},{"taxonomy":"product_tag","embeddable":true,"href":"https:\/\/bidiboo.eu\/nl\/wp-json\/wp\/v2\/product_tag?post=27108"}],"curies":[{"name":"wp","href":"https:\/\/api.w.org\/{rel}","templated":true}]}}