{"id":26287,"date":"2025-08-02T18:01:08","date_gmt":"2025-08-02T16:01:08","guid":{"rendered":"https:\/\/bidiboo.eu\/?post_type=product&#038;p=26287"},"modified":"2025-08-04T10:09:13","modified_gmt":"2025-08-04T08:09:13","slug":"bonnet-pompon-rib-beige","status":"publish","type":"product","link":"https:\/\/bidiboo.eu\/nl\/product\/bonnet-pompon-rib-beige\/","title":{"rendered":"Beige geribbelde pomponmuts"},"content":{"rendered":"<p data-start=\"230\" data-end=\"513\">Houd het hoofdje van je kleintje stijlvol warm! Deze <strong data-start=\"290\" data-end=\"318\">afneembare pomponmuts<\/strong> is speciaal ontworpen voor baby&#039;s en kinderen: zacht, comfortabel en praktisch. Dankzij de <strong data-start=\"417\" data-end=\"438\">drukknoop pompon<\/strong>, je kunt het gemakkelijk verwijderen om te wassen of om je look te veranderen!<\/p>\n<h4 data-start=\"515\" data-end=\"554\">\u00a0Comfort en veiligheid boven alles:<\/h4>\n<ul data-start=\"555\" data-end=\"803\">\n<li data-start=\"555\" data-end=\"627\">\n<p data-start=\"557\" data-end=\"627\"><strong data-start=\"557\" data-end=\"590\">Ultrazacht en warm materiaal<\/strong> : perfect voor de gevoelige huid.<\/p>\n<\/li>\n<li data-start=\"628\" data-end=\"720\">\n<p data-start=\"630\" data-end=\"720\"><strong data-start=\"630\" data-end=\"649\">Afneembare pompon<\/strong> door veilige druk: geen afneembare onderdelen die gevaarlijk zijn voor de baby.<\/p>\n<\/li>\n<li data-start=\"721\" data-end=\"803\">\n<p data-start=\"723\" data-end=\"803\"><strong data-start=\"723\" data-end=\"763\">Geen vervelende naden aan de binnenkant<\/strong> : optimaal comfort voor peuters.<\/p>\n<\/li>\n<\/ul>\n<h4 data-start=\"1146\" data-end=\"1175\">\u00a0Gemakkelijk te onderhouden:<\/h4>\n<p data-start=\"1176\" data-end=\"1302\">De pompon kan met \u00e9\u00e9n beweging worden verwijderd voordat de muts in de wasmachine wordt gedaan. Hij is wasbestendig en behoudt zijn vorm en zachtheid.<\/p>","protected":false},"excerpt":{"rendered":"<p>Gardez la t\u00eate de votre petit bien au chaud avec style ! Ce bonnet \u00e0 pompon amovible est sp\u00e9cialement con\u00e7u pour les b\u00e9b\u00e9s et les enfants : doux, confortable et pratique. Gr\u00e2ce \u00e0 son pompon \u00e0 pression, vous pouvez l\u2019enlever facilement pour le lavage ou pour changer de look ! \u00a0Confort &amp; S\u00e9curit\u00e9 avant tout : Mati\u00e8re ultra douce et chaude : parfaite pour les peaux sensibles. Pompon amovible par pression s\u00e9curis\u00e9e : aucune pi\u00e8ce d\u00e9tachable dangereuse pour b\u00e9b\u00e9. Sans coutures g\u00eanantes \u00e0 l\u2019int\u00e9rieur : confort optimal pour les tout-petits. \u00a0Facile \u00e0 entretenir : Le pompon se retire d\u2019un geste avant de passer le bonnet en machine. R\u00e9siste au lavage tout en gardant sa forme et sa douceur.<\/p>","protected":false},"featured_media":26289,"comment_status":"open","ping_status":"closed","template":"","meta":{"_editorskit_title_hidden":false,"_editorskit_reading_time":0,"_editorskit_is_block_options_detached":false,"_editorskit_block_options_position":"{}","inline_featured_image":false},"product_brand":[],"product_cat":[222,105,1003],"product_tag":[],"class_list":{"0":"post-26287","1":"product","2":"type-product","3":"status-publish","4":"has-post-thumbnail","6":"product_cat-bonnet-pompon","7":"product_cat-tidado-collection-bidiboo-bebe-enfant-maman","8":"product_cat-rib-beige","10":"first","11":"instock","12":"taxable","13":"shipping-taxable","14":"purchasable","15":"product-type-variable"},"yoast_head":"<!-- This site is optimized with the Yoast SEO plugin v25.7 - https:\/\/yoast.com\/wordpress\/plugins\/seo\/ -->\n<title>Bonnet pompon rib beige - BidiBoo<\/title>\n<meta name=\"robots\" content=\"index, follow, max-snippet:-1, max-image-preview:large, max-video-preview:-1\" \/>\n<link rel=\"canonical\" href=\"https:\/\/bidiboo.eu\/nl\/product\/bonnet-pompon-rib-beige\/\" \/>\n<meta property=\"og:locale\" content=\"nl_BE\" \/>\n<meta property=\"og:type\" content=\"article\" \/>\n<meta property=\"og:title\" content=\"Bonnet pompon rib beige - BidiBoo\" \/>\n<meta property=\"og:description\" content=\"Gardez la t\u00eate de votre petit bien au chaud avec style ! Ce bonnet \u00e0 pompon amovible est sp\u00e9cialement con\u00e7u pour les b\u00e9b\u00e9s et les enfants : doux, confortable et pratique. Gr\u00e2ce \u00e0 son pompon \u00e0 pression, vous pouvez l\u2019enlever facilement pour le lavage ou pour changer de look ! \u00a0Confort &amp; S\u00e9curit\u00e9 avant tout : Mati\u00e8re ultra douce et chaude : parfaite pour les peaux sensibles. Pompon amovible par pression s\u00e9curis\u00e9e : aucune pi\u00e8ce d\u00e9tachable dangereuse pour b\u00e9b\u00e9. Sans coutures g\u00eanantes \u00e0 l\u2019int\u00e9rieur : confort optimal pour les tout-petits. \u00a0Facile \u00e0 entretenir : Le pompon se retire d\u2019un geste avant de passer le bonnet en machine. R\u00e9siste au lavage tout en gardant sa forme et sa douceur.\" \/>\n<meta property=\"og:url\" content=\"https:\/\/bidiboo.eu\/nl\/product\/bonnet-pompon-rib-beige\/\" \/>\n<meta property=\"og:site_name\" content=\"BidiBoo\" \/>\n<meta property=\"article:publisher\" content=\"https:\/\/www.facebook.com\/BidiBoocreations\" \/>\n<meta property=\"article:modified_time\" content=\"2025-08-04T08:09:13+00:00\" \/>\n<meta property=\"og:image\" content=\"https:\/\/bidiboo.eu\/wp-content\/uploads\/2025\/08\/WhatsApp-Image-2025-08-02-a-15.25.42_ec415a3e.jpg\" \/>\n\t<meta property=\"og:image:width\" content=\"1600\" \/>\n\t<meta property=\"og:image:height\" content=\"1600\" \/>\n\t<meta property=\"og:image:type\" content=\"image\/jpeg\" \/>\n<meta name=\"twitter:card\" content=\"summary_large_image\" \/>\n<meta name=\"twitter:label1\" content=\"Geschatte leestijd\" \/>\n\t<meta name=\"twitter:data1\" content=\"1 minuut\" \/>\n<script type=\"application\/ld+json\" class=\"yoast-schema-graph\">{\"@context\":\"https:\/\/schema.org\",\"@graph\":[{\"@type\":\"WebPage\",\"@id\":\"https:\/\/bidiboo.eu\/produit\/bonnet-pompon-rib-beige\/\",\"url\":\"https:\/\/bidiboo.eu\/produit\/bonnet-pompon-rib-beige\/\",\"name\":\"Bonnet pompon rib beige - BidiBoo\",\"isPartOf\":{\"@id\":\"https:\/\/bidiboo.eu\/#website\"},\"primaryImageOfPage\":{\"@id\":\"https:\/\/bidiboo.eu\/produit\/bonnet-pompon-rib-beige\/#primaryimage\"},\"image\":{\"@id\":\"https:\/\/bidiboo.eu\/produit\/bonnet-pompon-rib-beige\/#primaryimage\"},\"thumbnailUrl\":\"https:\/\/bidiboo.eu\/wp-content\/uploads\/2025\/08\/WhatsApp-Image-2025-08-02-a-15.25.42_ec415a3e.jpg\",\"datePublished\":\"2025-08-02T16:01:08+00:00\",\"dateModified\":\"2025-08-04T08:09:13+00:00\",\"breadcrumb\":{\"@id\":\"https:\/\/bidiboo.eu\/produit\/bonnet-pompon-rib-beige\/#breadcrumb\"},\"inLanguage\":\"nl-BE\",\"potentialAction\":[{\"@type\":\"ReadAction\",\"target\":[\"https:\/\/bidiboo.eu\/produit\/bonnet-pompon-rib-beige\/\"]}]},{\"@type\":\"ImageObject\",\"inLanguage\":\"nl-BE\",\"@id\":\"https:\/\/bidiboo.eu\/produit\/bonnet-pompon-rib-beige\/#primaryimage\",\"url\":\"https:\/\/bidiboo.eu\/wp-content\/uploads\/2025\/08\/WhatsApp-Image-2025-08-02-a-15.25.42_ec415a3e.jpg\",\"contentUrl\":\"https:\/\/bidiboo.eu\/wp-content\/uploads\/2025\/08\/WhatsApp-Image-2025-08-02-a-15.25.42_ec415a3e.jpg\",\"width\":1600,\"height\":1600},{\"@type\":\"BreadcrumbList\",\"@id\":\"https:\/\/bidiboo.eu\/produit\/bonnet-pompon-rib-beige\/#breadcrumb\",\"itemListElement\":[{\"@type\":\"ListItem\",\"position\":1,\"name\":\"Accueil\",\"item\":\"https:\/\/bidiboo.eu\/\"},{\"@type\":\"ListItem\",\"position\":2,\"name\":\"La Boutique Bidi&#8217;Boo\",\"item\":\"https:\/\/bidiboo.eu\/la-boutique-bidiboo\/\"},{\"@type\":\"ListItem\",\"position\":3,\"name\":\"Bonnet pompon rib beige\"}]},{\"@type\":\"WebSite\",\"@id\":\"https:\/\/bidiboo.eu\/#website\",\"url\":\"https:\/\/bidiboo.eu\/\",\"name\":\"BidiBoo\",\"description\":\"\",\"publisher\":{\"@id\":\"https:\/\/bidiboo.eu\/#organization\"},\"potentialAction\":[{\"@type\":\"SearchAction\",\"target\":{\"@type\":\"EntryPoint\",\"urlTemplate\":\"https:\/\/bidiboo.eu\/?s={search_term_string}\"},\"query-input\":{\"@type\":\"PropertyValueSpecification\",\"valueRequired\":true,\"valueName\":\"search_term_string\"}}],\"inLanguage\":\"nl-BE\"},{\"@type\":\"Organization\",\"@id\":\"https:\/\/bidiboo.eu\/#organization\",\"name\":\"Bidiboo\",\"url\":\"https:\/\/bidiboo.eu\/\",\"logo\":{\"@type\":\"ImageObject\",\"inLanguage\":\"nl-BE\",\"@id\":\"https:\/\/bidiboo.eu\/#\/schema\/logo\/image\/\",\"url\":\"https:\/\/bidiboo.eu\/wp-content\/uploads\/2022\/04\/Logo-BidiBoo.png\",\"contentUrl\":\"https:\/\/bidiboo.eu\/wp-content\/uploads\/2022\/04\/Logo-BidiBoo.png\",\"width\":941,\"height\":926,\"caption\":\"Bidiboo\"},\"image\":{\"@id\":\"https:\/\/bidiboo.eu\/#\/schema\/logo\/image\/\"},\"sameAs\":[\"https:\/\/www.facebook.com\/BidiBoocreations\",\"https:\/\/www.instagram.com\/bidiboo.creations\/\"]}]}<\/script>\n<!-- \/ Yoast SEO plugin. -->","yoast_head_json":{"title":"Bonnet pompon rib beige - BidiBoo","robots":{"index":"index","follow":"follow","max-snippet":"max-snippet:-1","max-image-preview":"max-image-preview:large","max-video-preview":"max-video-preview:-1"},"canonical":"https:\/\/bidiboo.eu\/nl\/product\/bonnet-pompon-rib-beige\/","og_locale":"nl_BE","og_type":"article","og_title":"Bonnet pompon rib beige - BidiBoo","og_description":"Gardez la t\u00eate de votre petit bien au chaud avec style ! Ce bonnet \u00e0 pompon amovible est sp\u00e9cialement con\u00e7u pour les b\u00e9b\u00e9s et les enfants : doux, confortable et pratique. Gr\u00e2ce \u00e0 son pompon \u00e0 pression, vous pouvez l\u2019enlever facilement pour le lavage ou pour changer de look ! \u00a0Confort &amp; S\u00e9curit\u00e9 avant tout : Mati\u00e8re ultra douce et chaude : parfaite pour les peaux sensibles. Pompon amovible par pression s\u00e9curis\u00e9e : aucune pi\u00e8ce d\u00e9tachable dangereuse pour b\u00e9b\u00e9. Sans coutures g\u00eanantes \u00e0 l\u2019int\u00e9rieur : confort optimal pour les tout-petits. \u00a0Facile \u00e0 entretenir : Le pompon se retire d\u2019un geste avant de passer le bonnet en machine. R\u00e9siste au lavage tout en gardant sa forme et sa douceur.","og_url":"https:\/\/bidiboo.eu\/nl\/product\/bonnet-pompon-rib-beige\/","og_site_name":"BidiBoo","article_publisher":"https:\/\/www.facebook.com\/BidiBoocreations","article_modified_time":"2025-08-04T08:09:13+00:00","og_image":[{"width":1600,"height":1600,"url":"https:\/\/bidiboo.eu\/wp-content\/uploads\/2025\/08\/WhatsApp-Image-2025-08-02-a-15.25.42_ec415a3e.jpg","type":"image\/jpeg"}],"twitter_card":"summary_large_image","twitter_misc":{"Geschatte leestijd":"1 minuut"},"schema":{"@context":"https:\/\/schema.org","@graph":[{"@type":"WebPage","@id":"https:\/\/bidiboo.eu\/produit\/bonnet-pompon-rib-beige\/","url":"https:\/\/bidiboo.eu\/produit\/bonnet-pompon-rib-beige\/","name":"Bonnet pompon rib beige - BidiBoo","isPartOf":{"@id":"https:\/\/bidiboo.eu\/#website"},"primaryImageOfPage":{"@id":"https:\/\/bidiboo.eu\/produit\/bonnet-pompon-rib-beige\/#primaryimage"},"image":{"@id":"https:\/\/bidiboo.eu\/produit\/bonnet-pompon-rib-beige\/#primaryimage"},"thumbnailUrl":"https:\/\/bidiboo.eu\/wp-content\/uploads\/2025\/08\/WhatsApp-Image-2025-08-02-a-15.25.42_ec415a3e.jpg","datePublished":"2025-08-02T16:01:08+00:00","dateModified":"2025-08-04T08:09:13+00:00","breadcrumb":{"@id":"https:\/\/bidiboo.eu\/produit\/bonnet-pompon-rib-beige\/#breadcrumb"},"inLanguage":"nl-BE","potentialAction":[{"@type":"ReadAction","target":["https:\/\/bidiboo.eu\/produit\/bonnet-pompon-rib-beige\/"]}]},{"@type":"ImageObject","inLanguage":"nl-BE","@id":"https:\/\/bidiboo.eu\/produit\/bonnet-pompon-rib-beige\/#primaryimage","url":"https:\/\/bidiboo.eu\/wp-content\/uploads\/2025\/08\/WhatsApp-Image-2025-08-02-a-15.25.42_ec415a3e.jpg","contentUrl":"https:\/\/bidiboo.eu\/wp-content\/uploads\/2025\/08\/WhatsApp-Image-2025-08-02-a-15.25.42_ec415a3e.jpg","width":1600,"height":1600},{"@type":"BreadcrumbList","@id":"https:\/\/bidiboo.eu\/produit\/bonnet-pompon-rib-beige\/#breadcrumb","itemListElement":[{"@type":"ListItem","position":1,"name":"Accueil","item":"https:\/\/bidiboo.eu\/"},{"@type":"ListItem","position":2,"name":"La Boutique Bidi&#8217;Boo","item":"https:\/\/bidiboo.eu\/la-boutique-bidiboo\/"},{"@type":"ListItem","position":3,"name":"Bonnet pompon rib beige"}]},{"@type":"WebSite","@id":"https:\/\/bidiboo.eu\/#website","url":"https:\/\/bidiboo.eu\/","name":"BidiBoo","description":"","publisher":{"@id":"https:\/\/bidiboo.eu\/#organization"},"potentialAction":[{"@type":"SearchAction","target":{"@type":"EntryPoint","urlTemplate":"https:\/\/bidiboo.eu\/?s={search_term_string}"},"query-input":{"@type":"PropertyValueSpecification","valueRequired":true,"valueName":"search_term_string"}}],"inLanguage":"nl-BE"},{"@type":"Organization","@id":"https:\/\/bidiboo.eu\/#organization","name":"Bidiboo","url":"https:\/\/bidiboo.eu\/","logo":{"@type":"ImageObject","inLanguage":"nl-BE","@id":"https:\/\/bidiboo.eu\/#\/schema\/logo\/image\/","url":"https:\/\/bidiboo.eu\/wp-content\/uploads\/2022\/04\/Logo-BidiBoo.png","contentUrl":"https:\/\/bidiboo.eu\/wp-content\/uploads\/2022\/04\/Logo-BidiBoo.png","width":941,"height":926,"caption":"Bidiboo"},"image":{"@id":"https:\/\/bidiboo.eu\/#\/schema\/logo\/image\/"},"sameAs":["https:\/\/www.facebook.com\/BidiBoocreations","https:\/\/www.instagram.com\/bidiboo.creations\/"]}]}},"acf":[],"jetpack_likes_enabled":false,"_links":{"self":[{"href":"https:\/\/bidiboo.eu\/nl\/wp-json\/wp\/v2\/product\/26287","targetHints":{"allow":["GET"]}}],"collection":[{"href":"https:\/\/bidiboo.eu\/nl\/wp-json\/wp\/v2\/product"}],"about":[{"href":"https:\/\/bidiboo.eu\/nl\/wp-json\/wp\/v2\/types\/product"}],"replies":[{"embeddable":true,"href":"https:\/\/bidiboo.eu\/nl\/wp-json\/wp\/v2\/comments?post=26287"}],"version-history":[{"count":0,"href":"https:\/\/bidiboo.eu\/nl\/wp-json\/wp\/v2\/product\/26287\/revisions"}],"wp:featuredmedia":[{"embeddable":true,"href":"https:\/\/bidiboo.eu\/nl\/wp-json\/wp\/v2\/media\/26289"}],"wp:attachment":[{"href":"https:\/\/bidiboo.eu\/nl\/wp-json\/wp\/v2\/media?parent=26287"}],"wp:term":[{"taxonomy":"product_brand","embeddable":true,"href":"https:\/\/bidiboo.eu\/nl\/wp-json\/wp\/v2\/product_brand?post=26287"},{"taxonomy":"product_cat","embeddable":true,"href":"https:\/\/bidiboo.eu\/nl\/wp-json\/wp\/v2\/product_cat?post=26287"},{"taxonomy":"product_tag","embeddable":true,"href":"https:\/\/bidiboo.eu\/nl\/wp-json\/wp\/v2\/product_tag?post=26287"}],"curies":[{"name":"wp","href":"https:\/\/api.w.org\/{rel}","templated":true}]}}