{"id":25486,"date":"2025-06-06T18:13:14","date_gmt":"2025-06-06T16:13:14","guid":{"rendered":"https:\/\/bidiboo.eu\/?post_type=product&#038;p=25486"},"modified":"2025-06-06T18:16:32","modified_gmt":"2025-06-06T16:16:32","slug":"bandeau-noeud-ajustable-raquel","status":"publish","type":"product","link":"https:\/\/bidiboo.eu\/nl\/product\/bandeau-noeud-ajustable-raquel\/","title":{"rendered":"Raquel Verstelbare Knoop Hoofdband"},"content":{"rendered":"<div class=\"xdj266r x14z9mp xat24cr x1lziwak x1vvkbs x126k92a\">\n<div dir=\"auto\">De verstelbare knoophoofdband waar je zo lang om hebt gevraagd!<\/div>\n<\/div>\n<div class=\"x14z9mp xat24cr x1lziwak x1vvkbs xtlvy1s x126k92a\">\n<div dir=\"auto\">Een nieuwe essential: onze verstelbare knoophoofdband, die elk hoofd mooier maakt<\/div>\n<\/div>\n<div class=\"x14z9mp xat24cr x1lziwak x1vvkbs xtlvy1s x126k92a\">\n<div dir=\"auto\"><\/div>\n<div dir=\"auto\">Waarom zul je dit geweldig vinden?<\/div>\n<div dir=\"auto\">\u2022 Comfortabel en zacht voor alle huidtypes, zelfs de meest gevoelige<\/div>\n<div dir=\"auto\">\u2022 Verstelbaar voor een perfecte pasvorm zonder te strak te zitten<\/div>\n<div dir=\"auto\">\u2022 Verkrijgbaar in verschillende ultra-trendy kleuren<\/div>\n<div dir=\"auto\">\u2022 Ideaal om looks te matchen met familie of vrienden<\/div>\n<div dir=\"auto\">\u2022 Een accessoire dat op alle foto&#039;s het verschil maakt!<\/div>\n<\/div>\n<div class=\"x14z9mp xat24cr x1lziwak x1vvkbs xtlvy1s x126k92a\"><\/div>","protected":false},"excerpt":{"rendered":"<p>De verstelbare knoophoofdband waar je zo lang om hebt gevraagd! Een nieuwe must-have: onze verstelbare knoophoofdband, die elk hoofd accentueert. Waarom zul je er dol op zijn? \u2022 Comfortabel en zacht voor alle huidtypen, zelfs de meest gevoelige \u2022 Verstelbaar voor een perfecte pasvorm zonder te strak te zitten \u2022 Verkrijgbaar in verschillende ultratrendy kleuren \u2022 Ideaal voor het matchen van looks met familie of vrienden \u2022 Een accessoire dat op elke foto het verschil maakt!<\/p>","protected":false},"featured_media":25457,"comment_status":"open","ping_status":"closed","template":"","meta":{"_editorskit_title_hidden":false,"_editorskit_reading_time":0,"_editorskit_is_block_options_detached":false,"_editorskit_block_options_position":"{}","inline_featured_image":false},"product_brand":[],"product_cat":[15,1033,1029],"product_tag":[],"class_list":{"0":"post-25486","1":"product","2":"type-product","3":"status-publish","4":"has-post-thumbnail","6":"product_cat-all","7":"product_cat-les-bandeaux","8":"product_cat-raquel","10":"first","11":"instock","12":"taxable","13":"shipping-taxable","14":"purchasable","15":"product-type-variable"},"yoast_head":"<!-- This site is optimized with the Yoast SEO plugin v25.7 - https:\/\/yoast.com\/wordpress\/plugins\/seo\/ -->\n<title>Bandeau noeud ajustable Raquel - BidiBoo<\/title>\n<meta name=\"robots\" content=\"index, follow, max-snippet:-1, max-image-preview:large, max-video-preview:-1\" \/>\n<link rel=\"canonical\" href=\"https:\/\/bidiboo.eu\/nl\/product\/bandeau-noeud-ajustable-raquel\/\" \/>\n<meta property=\"og:locale\" content=\"nl_BE\" \/>\n<meta property=\"og:type\" content=\"article\" \/>\n<meta property=\"og:title\" content=\"Bandeau noeud ajustable Raquel - BidiBoo\" \/>\n<meta property=\"og:description\" content=\"Le bandeau n\u0153ud ajustable que vous me demandez tant ! Un nouvel indispensable : notre bandeau n\u0153ud ajustable, pour sublimer toutes les t\u00eates Pourquoi vous allez l\u2019adorer ? \u2022 Confortable et doux pour toutes les peaux, m\u00eame les plus sensibles \u2022 Ajustable pour un maintien parfait sans serrer \u2022 Disponible dans plusieurs coloris ultra tendance \u2022 Id\u00e9al pour assortir les looks en famille ou entre copines \u2022 Un accessoire qui fait la diff\u00e9rence sur toutes les photos !\" \/>\n<meta property=\"og:url\" content=\"https:\/\/bidiboo.eu\/nl\/product\/bandeau-noeud-ajustable-raquel\/\" \/>\n<meta property=\"og:site_name\" content=\"BidiBoo\" \/>\n<meta property=\"article:publisher\" content=\"https:\/\/www.facebook.com\/BidiBoocreations\" \/>\n<meta property=\"article:modified_time\" content=\"2025-06-06T16:16:32+00:00\" \/>\n<meta property=\"og:image\" content=\"https:\/\/bidiboo.eu\/wp-content\/uploads\/2025\/06\/Photoroom_20250606_173220-1280x1280.jpeg\" \/>\n\t<meta property=\"og:image:width\" content=\"1280\" \/>\n\t<meta property=\"og:image:height\" content=\"1280\" \/>\n\t<meta property=\"og:image:type\" content=\"image\/jpeg\" \/>\n<meta name=\"twitter:card\" content=\"summary_large_image\" \/>\n<script type=\"application\/ld+json\" class=\"yoast-schema-graph\">{\"@context\":\"https:\/\/schema.org\",\"@graph\":[{\"@type\":\"WebPage\",\"@id\":\"https:\/\/bidiboo.eu\/produit\/bandeau-noeud-ajustable-raquel\/\",\"url\":\"https:\/\/bidiboo.eu\/produit\/bandeau-noeud-ajustable-raquel\/\",\"name\":\"Bandeau noeud ajustable Raquel - BidiBoo\",\"isPartOf\":{\"@id\":\"https:\/\/bidiboo.eu\/#website\"},\"primaryImageOfPage\":{\"@id\":\"https:\/\/bidiboo.eu\/produit\/bandeau-noeud-ajustable-raquel\/#primaryimage\"},\"image\":{\"@id\":\"https:\/\/bidiboo.eu\/produit\/bandeau-noeud-ajustable-raquel\/#primaryimage\"},\"thumbnailUrl\":\"https:\/\/bidiboo.eu\/wp-content\/uploads\/2025\/06\/Photoroom_20250606_173220.jpeg\",\"datePublished\":\"2025-06-06T16:13:14+00:00\",\"dateModified\":\"2025-06-06T16:16:32+00:00\",\"breadcrumb\":{\"@id\":\"https:\/\/bidiboo.eu\/produit\/bandeau-noeud-ajustable-raquel\/#breadcrumb\"},\"inLanguage\":\"nl-BE\",\"potentialAction\":[{\"@type\":\"ReadAction\",\"target\":[\"https:\/\/bidiboo.eu\/produit\/bandeau-noeud-ajustable-raquel\/\"]}]},{\"@type\":\"ImageObject\",\"inLanguage\":\"nl-BE\",\"@id\":\"https:\/\/bidiboo.eu\/produit\/bandeau-noeud-ajustable-raquel\/#primaryimage\",\"url\":\"https:\/\/bidiboo.eu\/wp-content\/uploads\/2025\/06\/Photoroom_20250606_173220.jpeg\",\"contentUrl\":\"https:\/\/bidiboo.eu\/wp-content\/uploads\/2025\/06\/Photoroom_20250606_173220.jpeg\",\"width\":2400,\"height\":2400},{\"@type\":\"BreadcrumbList\",\"@id\":\"https:\/\/bidiboo.eu\/produit\/bandeau-noeud-ajustable-raquel\/#breadcrumb\",\"itemListElement\":[{\"@type\":\"ListItem\",\"position\":1,\"name\":\"Accueil\",\"item\":\"https:\/\/bidiboo.eu\/\"},{\"@type\":\"ListItem\",\"position\":2,\"name\":\"La Boutique Bidi&#8217;Boo\",\"item\":\"https:\/\/bidiboo.eu\/la-boutique-bidiboo\/\"},{\"@type\":\"ListItem\",\"position\":3,\"name\":\"Bandeau noeud ajustable Raquel\"}]},{\"@type\":\"WebSite\",\"@id\":\"https:\/\/bidiboo.eu\/#website\",\"url\":\"https:\/\/bidiboo.eu\/\",\"name\":\"BidiBoo\",\"description\":\"\",\"publisher\":{\"@id\":\"https:\/\/bidiboo.eu\/#organization\"},\"potentialAction\":[{\"@type\":\"SearchAction\",\"target\":{\"@type\":\"EntryPoint\",\"urlTemplate\":\"https:\/\/bidiboo.eu\/?s={search_term_string}\"},\"query-input\":{\"@type\":\"PropertyValueSpecification\",\"valueRequired\":true,\"valueName\":\"search_term_string\"}}],\"inLanguage\":\"nl-BE\"},{\"@type\":\"Organization\",\"@id\":\"https:\/\/bidiboo.eu\/#organization\",\"name\":\"Bidiboo\",\"url\":\"https:\/\/bidiboo.eu\/\",\"logo\":{\"@type\":\"ImageObject\",\"inLanguage\":\"nl-BE\",\"@id\":\"https:\/\/bidiboo.eu\/#\/schema\/logo\/image\/\",\"url\":\"https:\/\/bidiboo.eu\/wp-content\/uploads\/2022\/04\/Logo-BidiBoo.png\",\"contentUrl\":\"https:\/\/bidiboo.eu\/wp-content\/uploads\/2022\/04\/Logo-BidiBoo.png\",\"width\":941,\"height\":926,\"caption\":\"Bidiboo\"},\"image\":{\"@id\":\"https:\/\/bidiboo.eu\/#\/schema\/logo\/image\/\"},\"sameAs\":[\"https:\/\/www.facebook.com\/BidiBoocreations\",\"https:\/\/www.instagram.com\/bidiboo.creations\/\"]}]}<\/script>\n<!-- \/ Yoast SEO plugin. -->","yoast_head_json":{"title":"Bandeau noeud ajustable Raquel - BidiBoo","robots":{"index":"index","follow":"follow","max-snippet":"max-snippet:-1","max-image-preview":"max-image-preview:large","max-video-preview":"max-video-preview:-1"},"canonical":"https:\/\/bidiboo.eu\/nl\/product\/bandeau-noeud-ajustable-raquel\/","og_locale":"nl_BE","og_type":"article","og_title":"Bandeau noeud ajustable Raquel - BidiBoo","og_description":"Le bandeau n\u0153ud ajustable que vous me demandez tant ! Un nouvel indispensable : notre bandeau n\u0153ud ajustable, pour sublimer toutes les t\u00eates Pourquoi vous allez l\u2019adorer ? \u2022 Confortable et doux pour toutes les peaux, m\u00eame les plus sensibles \u2022 Ajustable pour un maintien parfait sans serrer \u2022 Disponible dans plusieurs coloris ultra tendance \u2022 Id\u00e9al pour assortir les looks en famille ou entre copines \u2022 Un accessoire qui fait la diff\u00e9rence sur toutes les photos !","og_url":"https:\/\/bidiboo.eu\/nl\/product\/bandeau-noeud-ajustable-raquel\/","og_site_name":"BidiBoo","article_publisher":"https:\/\/www.facebook.com\/BidiBoocreations","article_modified_time":"2025-06-06T16:16:32+00:00","og_image":[{"width":1280,"height":1280,"url":"https:\/\/bidiboo.eu\/wp-content\/uploads\/2025\/06\/Photoroom_20250606_173220-1280x1280.jpeg","type":"image\/jpeg"}],"twitter_card":"summary_large_image","schema":{"@context":"https:\/\/schema.org","@graph":[{"@type":"WebPage","@id":"https:\/\/bidiboo.eu\/produit\/bandeau-noeud-ajustable-raquel\/","url":"https:\/\/bidiboo.eu\/produit\/bandeau-noeud-ajustable-raquel\/","name":"Bandeau noeud ajustable Raquel - BidiBoo","isPartOf":{"@id":"https:\/\/bidiboo.eu\/#website"},"primaryImageOfPage":{"@id":"https:\/\/bidiboo.eu\/produit\/bandeau-noeud-ajustable-raquel\/#primaryimage"},"image":{"@id":"https:\/\/bidiboo.eu\/produit\/bandeau-noeud-ajustable-raquel\/#primaryimage"},"thumbnailUrl":"https:\/\/bidiboo.eu\/wp-content\/uploads\/2025\/06\/Photoroom_20250606_173220.jpeg","datePublished":"2025-06-06T16:13:14+00:00","dateModified":"2025-06-06T16:16:32+00:00","breadcrumb":{"@id":"https:\/\/bidiboo.eu\/produit\/bandeau-noeud-ajustable-raquel\/#breadcrumb"},"inLanguage":"nl-BE","potentialAction":[{"@type":"ReadAction","target":["https:\/\/bidiboo.eu\/produit\/bandeau-noeud-ajustable-raquel\/"]}]},{"@type":"ImageObject","inLanguage":"nl-BE","@id":"https:\/\/bidiboo.eu\/produit\/bandeau-noeud-ajustable-raquel\/#primaryimage","url":"https:\/\/bidiboo.eu\/wp-content\/uploads\/2025\/06\/Photoroom_20250606_173220.jpeg","contentUrl":"https:\/\/bidiboo.eu\/wp-content\/uploads\/2025\/06\/Photoroom_20250606_173220.jpeg","width":2400,"height":2400},{"@type":"BreadcrumbList","@id":"https:\/\/bidiboo.eu\/produit\/bandeau-noeud-ajustable-raquel\/#breadcrumb","itemListElement":[{"@type":"ListItem","position":1,"name":"Accueil","item":"https:\/\/bidiboo.eu\/"},{"@type":"ListItem","position":2,"name":"La Boutique Bidi&#8217;Boo","item":"https:\/\/bidiboo.eu\/la-boutique-bidiboo\/"},{"@type":"ListItem","position":3,"name":"Bandeau noeud ajustable Raquel"}]},{"@type":"WebSite","@id":"https:\/\/bidiboo.eu\/#website","url":"https:\/\/bidiboo.eu\/","name":"BidiBoo","description":"","publisher":{"@id":"https:\/\/bidiboo.eu\/#organization"},"potentialAction":[{"@type":"SearchAction","target":{"@type":"EntryPoint","urlTemplate":"https:\/\/bidiboo.eu\/?s={search_term_string}"},"query-input":{"@type":"PropertyValueSpecification","valueRequired":true,"valueName":"search_term_string"}}],"inLanguage":"nl-BE"},{"@type":"Organization","@id":"https:\/\/bidiboo.eu\/#organization","name":"Bidiboo","url":"https:\/\/bidiboo.eu\/","logo":{"@type":"ImageObject","inLanguage":"nl-BE","@id":"https:\/\/bidiboo.eu\/#\/schema\/logo\/image\/","url":"https:\/\/bidiboo.eu\/wp-content\/uploads\/2022\/04\/Logo-BidiBoo.png","contentUrl":"https:\/\/bidiboo.eu\/wp-content\/uploads\/2022\/04\/Logo-BidiBoo.png","width":941,"height":926,"caption":"Bidiboo"},"image":{"@id":"https:\/\/bidiboo.eu\/#\/schema\/logo\/image\/"},"sameAs":["https:\/\/www.facebook.com\/BidiBoocreations","https:\/\/www.instagram.com\/bidiboo.creations\/"]}]}},"acf":[],"jetpack_likes_enabled":false,"_links":{"self":[{"href":"https:\/\/bidiboo.eu\/nl\/wp-json\/wp\/v2\/product\/25486","targetHints":{"allow":["GET"]}}],"collection":[{"href":"https:\/\/bidiboo.eu\/nl\/wp-json\/wp\/v2\/product"}],"about":[{"href":"https:\/\/bidiboo.eu\/nl\/wp-json\/wp\/v2\/types\/product"}],"replies":[{"embeddable":true,"href":"https:\/\/bidiboo.eu\/nl\/wp-json\/wp\/v2\/comments?post=25486"}],"version-history":[{"count":0,"href":"https:\/\/bidiboo.eu\/nl\/wp-json\/wp\/v2\/product\/25486\/revisions"}],"wp:featuredmedia":[{"embeddable":true,"href":"https:\/\/bidiboo.eu\/nl\/wp-json\/wp\/v2\/media\/25457"}],"wp:attachment":[{"href":"https:\/\/bidiboo.eu\/nl\/wp-json\/wp\/v2\/media?parent=25486"}],"wp:term":[{"taxonomy":"product_brand","embeddable":true,"href":"https:\/\/bidiboo.eu\/nl\/wp-json\/wp\/v2\/product_brand?post=25486"},{"taxonomy":"product_cat","embeddable":true,"href":"https:\/\/bidiboo.eu\/nl\/wp-json\/wp\/v2\/product_cat?post=25486"},{"taxonomy":"product_tag","embeddable":true,"href":"https:\/\/bidiboo.eu\/nl\/wp-json\/wp\/v2\/product_tag?post=25486"}],"curies":[{"name":"wp","href":"https:\/\/api.w.org\/{rel}","templated":true}]}}