{"id":24892,"date":"2025-04-24T22:33:01","date_gmt":"2025-04-24T20:33:01","guid":{"rendered":"https:\/\/bidiboo.eu\/?post_type=product&#038;p=24892"},"modified":"2025-04-24T23:10:11","modified_gmt":"2025-04-24T21:10:11","slug":"foulard-a-nouer-enfant-foxy","status":"publish","type":"product","link":"https:\/\/bidiboo.eu\/nl\/product\/foulard-a-nouer-enfant-foxy\/","title":{"rendered":"Foxy kindersjaal met stropdas"},"content":{"rendered":"<div class=\"group w-full text-gray-800 dark:text-gray-100 border-b border-black\/10 dark:border-gray-900\/50 bg-gray-50 dark:bg-[#444654]\">\n<div class=\"text-base gap-4 md:gap-6 md:max-w-2xl lg:max-w-xl xl:max-w-3xl p-4 md:py-6 flex lg:px-0 m-auto\">\n<div class=\"relative flex w-[calc(100%-50px)] flex-col gap-1 md:gap-3 lg:w-[calc(100%-115px)]\">\n<div class=\"flex flex-grow flex-col gap-3\">\n<div class=\"min-h-[20px] flex flex-col items-start gap-4 whitespace-pre-wrap break-words\">\n<div class=\"markdown prose w-full break-words dark:prose-invert light\">\n<p>Voeg een vleugje stijl en comfort toe aan de garderobe van uw kind met deze prachtige <a href=\"https:\/\/bidiboo.eu\/nl\/product-category\/all\/collection-textile-by-bidiboo\/foulard-a-nouer\/\">sjaal om te strikken<\/a>.<\/p>\n<p>Gemaakt van zachte, lichtgewicht stof. Deze kindersjaal geeft een gevoel van comfort en warmte en voegt een vleugje kleur toe aan elke outfit. De leuke ontwerpen en felle kleuren zijn perfect voor kinderen van alle leeftijden, jongens of meisjes.<\/p>\n<p>De dassjaal is gemakkelijk te dragen, zelfs voor de jongste kinderen. Knoop de sjaal eenvoudig om je nek en je krijgt een elegante en comfortabele outfit.Voor de kleintjes hebben we drukknopen voorzien om het aantrekken van de sjaal makkelijker te maken.<\/p>\n<p>Deze sjaal is verkrijgbaar in verschillende maten, geschikt voor kinderen van verschillende leeftijden en maten.<\/p>\n<p>Gemaakt van hoogwaardige materialen, allemaal OEKO-TEX gecertificeerd.<\/p>\n<p>Deze stropdassjaal is duurzaam en bestand tegen herhaaldelijk wassen.<\/p>\n<p>Of het nu gaat om het toevoegen van een vleugje stijl aan een casual outfit of het toevoegen van warmte en kleur aan een meer formele outfit. Deze kinderstropdas is een stijlvolle en praktische keuze voor kinderen van alle leeftijden.<\/p>\n<\/div>\n<\/div>\n<\/div>\n<div class=\"flex justify-between lg:block\">\n<div class=\"text-gray-400 flex self-end lg:self-center justify-center mt-2 gap-2 md:gap-3 lg:gap-1 lg:absolute lg:top-0 lg:translate-x-full lg:right-0 lg:mt-0 lg:pl-2 visible\"><a href=\"https:\/\/www.facebook.com\/BidiBoocreations\">DOOR Bidi&#039;Boo<\/a><\/div>\n<\/div>\n<\/div>\n<\/div>\n<\/div>\n<div><\/div>\n<div>Handgemaakt<\/div>\n<div>De patronen en hun arrangementen kunnen van creatie tot creatie vari\u00ebren vanwege hun ambachtelijke karakter<\/div>","protected":false},"excerpt":{"rendered":"<p>Ajoutez une touche de style et de confort \u00e0 la garde-robe de votre enfant avec ce magnifique foulard \u00e0 nouer. Fabriqu\u00e9 en tissu doux et l\u00e9ger. Ce foulard enfant offre une sensation de confort et de chaleur tout en ajoutant une touche de couleur \u00e0 n&rsquo;importe quelle tenue. Les motifs amusants et les couleurs vives sont parfaits pour les enfants de tous \u00e2ges, gar\u00e7ons ou filles. Le foulard \u00e0 nouer est facile \u00e0 porter, m\u00eame pour les plus jeunes enfants. Il suffit de nouer le foulard autour du cou pour obtenir une tenue \u00e9l\u00e9gante et confortable, pour les plus petits, nous avons pr\u00e9vu des pressions pour faciliter la mise du foulard. Ce foulard est disponible dans une vari\u00e9t\u00e9 de tailles pour s&rsquo;adapter aux enfants de diff\u00e9rents \u00e2ges et de diff\u00e9rentes tailles. Fabriqu\u00e9 \u00e0 partir de mat\u00e9riaux de qualit\u00e9 sup\u00e9rieure tous certifi\u00e9s OEKO-TEX. Ce foulard \u00e0 nouer est durable et r\u00e9sistant aux lavages r\u00e9p\u00e9t\u00e9s. Que ce soit pour ajouter une touche de style \u00e0 une tenue d\u00e9contract\u00e9e ou pour ajouter de la chaleur et de la couleur \u00e0 une tenue plus formelle. Ce foulard \u00e0 nouer pour enfants est un choix \u00e9l\u00e9gant et pratique pour les enfants de tous \u00e2ges. BY Bidi\u2019Boo Fait main Les motifs et leurs dispositions peuvent varier d\u2019une cr\u00e9ation \u00e0 l\u2019autre en raison de leur caract\u00e8re artisanal<\/p>","protected":false},"featured_media":16775,"comment_status":"open","ping_status":"closed","template":"","meta":{"_editorskit_title_hidden":false,"_editorskit_reading_time":0,"_editorskit_is_block_options_detached":false,"_editorskit_block_options_position":"{}","inline_featured_image":false},"product_brand":[],"product_cat":[15,483,105,223,880],"product_tag":[436,317,361,339],"class_list":{"0":"post-24892","1":"product","2":"type-product","3":"status-publish","4":"has-post-thumbnail","6":"product_cat-all","7":"product_cat-accessoires","8":"product_cat-tidado-collection-bidiboo-bebe-enfant-maman","9":"product_cat-foulard-a-nouer","10":"product_cat-foxy","11":"product_tag-foulard","12":"product_tag-foulard-a-nouer","13":"product_tag-foulard-bebe","14":"product_tag-foulard-enfant","16":"first","17":"instock","18":"taxable","19":"shipping-taxable","20":"purchasable","21":"product-type-simple"},"yoast_head":"<!-- This site is optimized with the Yoast SEO plugin v25.7 - https:\/\/yoast.com\/wordpress\/plugins\/seo\/ -->\n<title>Foulard \u00e0 nouer enfant Foxy - BidiBoo<\/title>\n<meta name=\"robots\" content=\"index, follow, max-snippet:-1, max-image-preview:large, max-video-preview:-1\" \/>\n<link rel=\"canonical\" href=\"https:\/\/bidiboo.eu\/nl\/product\/foulard-a-nouer-enfant-foxy\/\" \/>\n<meta property=\"og:locale\" content=\"nl_BE\" \/>\n<meta property=\"og:type\" content=\"article\" \/>\n<meta property=\"og:title\" content=\"Foulard \u00e0 nouer enfant Foxy - BidiBoo\" \/>\n<meta property=\"og:description\" content=\"Ajoutez une touche de style et de confort \u00e0 la garde-robe de votre enfant avec ce magnifique foulard \u00e0 nouer. Fabriqu\u00e9 en tissu doux et l\u00e9ger. Ce foulard enfant offre une sensation de confort et de chaleur tout en ajoutant une touche de couleur \u00e0 n&rsquo;importe quelle tenue. Les motifs amusants et les couleurs vives sont parfaits pour les enfants de tous \u00e2ges, gar\u00e7ons ou filles. Le foulard \u00e0 nouer est facile \u00e0 porter, m\u00eame pour les plus jeunes enfants. Il suffit de nouer le foulard autour du cou pour obtenir une tenue \u00e9l\u00e9gante et confortable, pour les plus petits, nous avons pr\u00e9vu des pressions pour faciliter la mise du foulard. Ce foulard est disponible dans une vari\u00e9t\u00e9 de tailles pour s&rsquo;adapter aux enfants de diff\u00e9rents \u00e2ges et de diff\u00e9rentes tailles. Fabriqu\u00e9 \u00e0 partir de mat\u00e9riaux de qualit\u00e9 sup\u00e9rieure tous certifi\u00e9s OEKO-TEX. Ce foulard \u00e0 nouer est durable et r\u00e9sistant aux lavages r\u00e9p\u00e9t\u00e9s. Que ce soit pour ajouter une touche de style \u00e0 une tenue d\u00e9contract\u00e9e ou pour ajouter de la chaleur et de la couleur \u00e0 une tenue plus formelle. Ce foulard \u00e0 nouer pour enfants est un choix \u00e9l\u00e9gant et pratique pour les enfants de tous \u00e2ges. BY Bidi\u2019Boo Fait main Les motifs et leurs dispositions peuvent varier d\u2019une cr\u00e9ation \u00e0 l\u2019autre en raison de leur caract\u00e8re artisanal\" \/>\n<meta property=\"og:url\" content=\"https:\/\/bidiboo.eu\/nl\/product\/foulard-a-nouer-enfant-foxy\/\" \/>\n<meta property=\"og:site_name\" content=\"BidiBoo\" \/>\n<meta property=\"article:publisher\" content=\"https:\/\/www.facebook.com\/BidiBoocreations\" \/>\n<meta property=\"article:modified_time\" content=\"2025-04-24T21:10:11+00:00\" \/>\n<meta property=\"og:image\" content=\"https:\/\/bidiboo.eu\/wp-content\/uploads\/2024\/01\/PhotoRoom_20240118_121956-1280x1280.jpg\" \/>\n\t<meta property=\"og:image:width\" content=\"1280\" \/>\n\t<meta property=\"og:image:height\" content=\"1280\" \/>\n\t<meta property=\"og:image:type\" content=\"image\/jpeg\" \/>\n<meta name=\"twitter:card\" content=\"summary_large_image\" \/>\n<meta name=\"twitter:label1\" content=\"Geschatte leestijd\" \/>\n\t<meta name=\"twitter:data1\" content=\"1 minuut\" \/>\n<script type=\"application\/ld+json\" class=\"yoast-schema-graph\">{\"@context\":\"https:\/\/schema.org\",\"@graph\":[{\"@type\":\"WebPage\",\"@id\":\"https:\/\/bidiboo.eu\/produit\/foulard-a-nouer-enfant-foxy\/\",\"url\":\"https:\/\/bidiboo.eu\/produit\/foulard-a-nouer-enfant-foxy\/\",\"name\":\"Foulard \u00e0 nouer enfant Foxy - BidiBoo\",\"isPartOf\":{\"@id\":\"https:\/\/bidiboo.eu\/#website\"},\"primaryImageOfPage\":{\"@id\":\"https:\/\/bidiboo.eu\/produit\/foulard-a-nouer-enfant-foxy\/#primaryimage\"},\"image\":{\"@id\":\"https:\/\/bidiboo.eu\/produit\/foulard-a-nouer-enfant-foxy\/#primaryimage\"},\"thumbnailUrl\":\"https:\/\/bidiboo.eu\/wp-content\/uploads\/2024\/01\/PhotoRoom_20240118_121956.jpg\",\"datePublished\":\"2025-04-24T20:33:01+00:00\",\"dateModified\":\"2025-04-24T21:10:11+00:00\",\"breadcrumb\":{\"@id\":\"https:\/\/bidiboo.eu\/produit\/foulard-a-nouer-enfant-foxy\/#breadcrumb\"},\"inLanguage\":\"nl-BE\",\"potentialAction\":[{\"@type\":\"ReadAction\",\"target\":[\"https:\/\/bidiboo.eu\/produit\/foulard-a-nouer-enfant-foxy\/\"]}]},{\"@type\":\"ImageObject\",\"inLanguage\":\"nl-BE\",\"@id\":\"https:\/\/bidiboo.eu\/produit\/foulard-a-nouer-enfant-foxy\/#primaryimage\",\"url\":\"https:\/\/bidiboo.eu\/wp-content\/uploads\/2024\/01\/PhotoRoom_20240118_121956.jpg\",\"contentUrl\":\"https:\/\/bidiboo.eu\/wp-content\/uploads\/2024\/01\/PhotoRoom_20240118_121956.jpg\",\"width\":2400,\"height\":2400},{\"@type\":\"BreadcrumbList\",\"@id\":\"https:\/\/bidiboo.eu\/produit\/foulard-a-nouer-enfant-foxy\/#breadcrumb\",\"itemListElement\":[{\"@type\":\"ListItem\",\"position\":1,\"name\":\"Accueil\",\"item\":\"https:\/\/bidiboo.eu\/\"},{\"@type\":\"ListItem\",\"position\":2,\"name\":\"La Boutique Bidi&#8217;Boo\",\"item\":\"https:\/\/bidiboo.eu\/la-boutique-bidiboo\/\"},{\"@type\":\"ListItem\",\"position\":3,\"name\":\"Foulard \u00e0 nouer enfant Foxy\"}]},{\"@type\":\"WebSite\",\"@id\":\"https:\/\/bidiboo.eu\/#website\",\"url\":\"https:\/\/bidiboo.eu\/\",\"name\":\"BidiBoo\",\"description\":\"\",\"publisher\":{\"@id\":\"https:\/\/bidiboo.eu\/#organization\"},\"potentialAction\":[{\"@type\":\"SearchAction\",\"target\":{\"@type\":\"EntryPoint\",\"urlTemplate\":\"https:\/\/bidiboo.eu\/?s={search_term_string}\"},\"query-input\":{\"@type\":\"PropertyValueSpecification\",\"valueRequired\":true,\"valueName\":\"search_term_string\"}}],\"inLanguage\":\"nl-BE\"},{\"@type\":\"Organization\",\"@id\":\"https:\/\/bidiboo.eu\/#organization\",\"name\":\"Bidiboo\",\"url\":\"https:\/\/bidiboo.eu\/\",\"logo\":{\"@type\":\"ImageObject\",\"inLanguage\":\"nl-BE\",\"@id\":\"https:\/\/bidiboo.eu\/#\/schema\/logo\/image\/\",\"url\":\"https:\/\/bidiboo.eu\/wp-content\/uploads\/2022\/04\/Logo-BidiBoo.png\",\"contentUrl\":\"https:\/\/bidiboo.eu\/wp-content\/uploads\/2022\/04\/Logo-BidiBoo.png\",\"width\":941,\"height\":926,\"caption\":\"Bidiboo\"},\"image\":{\"@id\":\"https:\/\/bidiboo.eu\/#\/schema\/logo\/image\/\"},\"sameAs\":[\"https:\/\/www.facebook.com\/BidiBoocreations\",\"https:\/\/www.instagram.com\/bidiboo.creations\/\"]}]}<\/script>\n<!-- \/ Yoast SEO plugin. -->","yoast_head_json":{"title":"Foulard \u00e0 nouer enfant Foxy - BidiBoo","robots":{"index":"index","follow":"follow","max-snippet":"max-snippet:-1","max-image-preview":"max-image-preview:large","max-video-preview":"max-video-preview:-1"},"canonical":"https:\/\/bidiboo.eu\/nl\/product\/foulard-a-nouer-enfant-foxy\/","og_locale":"nl_BE","og_type":"article","og_title":"Foulard \u00e0 nouer enfant Foxy - BidiBoo","og_description":"Ajoutez une touche de style et de confort \u00e0 la garde-robe de votre enfant avec ce magnifique foulard \u00e0 nouer. Fabriqu\u00e9 en tissu doux et l\u00e9ger. Ce foulard enfant offre une sensation de confort et de chaleur tout en ajoutant une touche de couleur \u00e0 n&rsquo;importe quelle tenue. Les motifs amusants et les couleurs vives sont parfaits pour les enfants de tous \u00e2ges, gar\u00e7ons ou filles. Le foulard \u00e0 nouer est facile \u00e0 porter, m\u00eame pour les plus jeunes enfants. Il suffit de nouer le foulard autour du cou pour obtenir une tenue \u00e9l\u00e9gante et confortable, pour les plus petits, nous avons pr\u00e9vu des pressions pour faciliter la mise du foulard. Ce foulard est disponible dans une vari\u00e9t\u00e9 de tailles pour s&rsquo;adapter aux enfants de diff\u00e9rents \u00e2ges et de diff\u00e9rentes tailles. Fabriqu\u00e9 \u00e0 partir de mat\u00e9riaux de qualit\u00e9 sup\u00e9rieure tous certifi\u00e9s OEKO-TEX. Ce foulard \u00e0 nouer est durable et r\u00e9sistant aux lavages r\u00e9p\u00e9t\u00e9s. Que ce soit pour ajouter une touche de style \u00e0 une tenue d\u00e9contract\u00e9e ou pour ajouter de la chaleur et de la couleur \u00e0 une tenue plus formelle. Ce foulard \u00e0 nouer pour enfants est un choix \u00e9l\u00e9gant et pratique pour les enfants de tous \u00e2ges. BY Bidi\u2019Boo Fait main Les motifs et leurs dispositions peuvent varier d\u2019une cr\u00e9ation \u00e0 l\u2019autre en raison de leur caract\u00e8re artisanal","og_url":"https:\/\/bidiboo.eu\/nl\/product\/foulard-a-nouer-enfant-foxy\/","og_site_name":"BidiBoo","article_publisher":"https:\/\/www.facebook.com\/BidiBoocreations","article_modified_time":"2025-04-24T21:10:11+00:00","og_image":[{"width":1280,"height":1280,"url":"https:\/\/bidiboo.eu\/wp-content\/uploads\/2024\/01\/PhotoRoom_20240118_121956-1280x1280.jpg","type":"image\/jpeg"}],"twitter_card":"summary_large_image","twitter_misc":{"Geschatte leestijd":"1 minuut"},"schema":{"@context":"https:\/\/schema.org","@graph":[{"@type":"WebPage","@id":"https:\/\/bidiboo.eu\/produit\/foulard-a-nouer-enfant-foxy\/","url":"https:\/\/bidiboo.eu\/produit\/foulard-a-nouer-enfant-foxy\/","name":"Foulard \u00e0 nouer enfant Foxy - BidiBoo","isPartOf":{"@id":"https:\/\/bidiboo.eu\/#website"},"primaryImageOfPage":{"@id":"https:\/\/bidiboo.eu\/produit\/foulard-a-nouer-enfant-foxy\/#primaryimage"},"image":{"@id":"https:\/\/bidiboo.eu\/produit\/foulard-a-nouer-enfant-foxy\/#primaryimage"},"thumbnailUrl":"https:\/\/bidiboo.eu\/wp-content\/uploads\/2024\/01\/PhotoRoom_20240118_121956.jpg","datePublished":"2025-04-24T20:33:01+00:00","dateModified":"2025-04-24T21:10:11+00:00","breadcrumb":{"@id":"https:\/\/bidiboo.eu\/produit\/foulard-a-nouer-enfant-foxy\/#breadcrumb"},"inLanguage":"nl-BE","potentialAction":[{"@type":"ReadAction","target":["https:\/\/bidiboo.eu\/produit\/foulard-a-nouer-enfant-foxy\/"]}]},{"@type":"ImageObject","inLanguage":"nl-BE","@id":"https:\/\/bidiboo.eu\/produit\/foulard-a-nouer-enfant-foxy\/#primaryimage","url":"https:\/\/bidiboo.eu\/wp-content\/uploads\/2024\/01\/PhotoRoom_20240118_121956.jpg","contentUrl":"https:\/\/bidiboo.eu\/wp-content\/uploads\/2024\/01\/PhotoRoom_20240118_121956.jpg","width":2400,"height":2400},{"@type":"BreadcrumbList","@id":"https:\/\/bidiboo.eu\/produit\/foulard-a-nouer-enfant-foxy\/#breadcrumb","itemListElement":[{"@type":"ListItem","position":1,"name":"Accueil","item":"https:\/\/bidiboo.eu\/"},{"@type":"ListItem","position":2,"name":"La Boutique Bidi&#8217;Boo","item":"https:\/\/bidiboo.eu\/la-boutique-bidiboo\/"},{"@type":"ListItem","position":3,"name":"Foulard \u00e0 nouer enfant Foxy"}]},{"@type":"WebSite","@id":"https:\/\/bidiboo.eu\/#website","url":"https:\/\/bidiboo.eu\/","name":"BidiBoo","description":"","publisher":{"@id":"https:\/\/bidiboo.eu\/#organization"},"potentialAction":[{"@type":"SearchAction","target":{"@type":"EntryPoint","urlTemplate":"https:\/\/bidiboo.eu\/?s={search_term_string}"},"query-input":{"@type":"PropertyValueSpecification","valueRequired":true,"valueName":"search_term_string"}}],"inLanguage":"nl-BE"},{"@type":"Organization","@id":"https:\/\/bidiboo.eu\/#organization","name":"Bidiboo","url":"https:\/\/bidiboo.eu\/","logo":{"@type":"ImageObject","inLanguage":"nl-BE","@id":"https:\/\/bidiboo.eu\/#\/schema\/logo\/image\/","url":"https:\/\/bidiboo.eu\/wp-content\/uploads\/2022\/04\/Logo-BidiBoo.png","contentUrl":"https:\/\/bidiboo.eu\/wp-content\/uploads\/2022\/04\/Logo-BidiBoo.png","width":941,"height":926,"caption":"Bidiboo"},"image":{"@id":"https:\/\/bidiboo.eu\/#\/schema\/logo\/image\/"},"sameAs":["https:\/\/www.facebook.com\/BidiBoocreations","https:\/\/www.instagram.com\/bidiboo.creations\/"]}]}},"acf":[],"jetpack_likes_enabled":false,"_links":{"self":[{"href":"https:\/\/bidiboo.eu\/nl\/wp-json\/wp\/v2\/product\/24892","targetHints":{"allow":["GET"]}}],"collection":[{"href":"https:\/\/bidiboo.eu\/nl\/wp-json\/wp\/v2\/product"}],"about":[{"href":"https:\/\/bidiboo.eu\/nl\/wp-json\/wp\/v2\/types\/product"}],"replies":[{"embeddable":true,"href":"https:\/\/bidiboo.eu\/nl\/wp-json\/wp\/v2\/comments?post=24892"}],"version-history":[{"count":0,"href":"https:\/\/bidiboo.eu\/nl\/wp-json\/wp\/v2\/product\/24892\/revisions"}],"wp:featuredmedia":[{"embeddable":true,"href":"https:\/\/bidiboo.eu\/nl\/wp-json\/wp\/v2\/media\/16775"}],"wp:attachment":[{"href":"https:\/\/bidiboo.eu\/nl\/wp-json\/wp\/v2\/media?parent=24892"}],"wp:term":[{"taxonomy":"product_brand","embeddable":true,"href":"https:\/\/bidiboo.eu\/nl\/wp-json\/wp\/v2\/product_brand?post=24892"},{"taxonomy":"product_cat","embeddable":true,"href":"https:\/\/bidiboo.eu\/nl\/wp-json\/wp\/v2\/product_cat?post=24892"},{"taxonomy":"product_tag","embeddable":true,"href":"https:\/\/bidiboo.eu\/nl\/wp-json\/wp\/v2\/product_tag?post=24892"}],"curies":[{"name":"wp","href":"https:\/\/api.w.org\/{rel}","templated":true}]}}