{"id":23874,"date":"2025-02-13T11:19:43","date_gmt":"2025-02-13T10:19:43","guid":{"rendered":"https:\/\/bidiboo.eu\/?post_type=product&#038;p=23874"},"modified":"2025-02-13T12:45:52","modified_gmt":"2025-02-13T11:45:52","slug":"turban-carmine","status":"publish","type":"product","link":"https:\/\/bidiboo.eu\/nl\/product\/turban-carmine\/","title":{"rendered":"Karmijnrode tulband"},"content":{"rendered":"<div class=\"elementor-element elementor-element-e92c4e6 e-flex e-con-boxed wpr-particle-no wpr-jarallax-no wpr-parallax-no wpr-sticky-section-no e-con e-parent e-lazyloaded\" data-id=\"e92c4e6\" data-element_type=\"container\">\n<div class=\"e-con-inner\">\n<div class=\"elementor-element elementor-element-e688d4f elementor-widget elementor-widget-wl-product-data-tabs\" data-id=\"e688d4f\" data-element_type=\"widget\" data-widget_type=\"wl-product-data-tabs.default\">\n<div class=\"elementor-widget-container\">\n<div class=\"woocommerce-tabs wc-tabs-wrapper\">\n<div id=\"tab-description\" class=\"woocommerce-Tabs-panel woocommerce-Tabs-panel--description panel entry-content wc-tab\" role=\"tabpanel\" aria-labelledby=\"tab-title-description\">\n<p>De wintertulband biedt je een veelzijdige oplossing om je baby te beschermen tegen wind en kou en tegelijkertijd een trendy look te hebben.<\/p>\n<p>Dankzij het doordachte ontwerp past de Bidi&#039;Boo wintertulband zich aan de outfits van uw kleintje aan en voegt een vleugje elegantie en persoonlijkheid toe. Met een verscheidenheid aan unieke kleuren en patronen is elke creatie een origineel, handgemaakt stuk dat een vleugje charme aan elke look toevoegt.<\/p>\n<h2>Comfort en liefde in elke creatie<\/h2>\n<p><a href=\"https:\/\/www.facebook.com\/BidiBoocreations\">Bij Bidi&#039;Boo<\/a>, besteden we speciale liefde en aandacht aan elke tulband die we met de hand maken. We gebruiken zachte, hoogwaardige stoffen om uw baby de hele dag optimaal comfort te garanderen.<\/p>\n<p>Elke Bidi&#039;Boo-tulband is uniek, met patronen en arrangementen die kunnen vari\u00ebren, waardoor het een speciaal en exclusief stuk is voor je baby. Wij geloven in de waarde van vakmanschap en elke creatie weerspiegelt onze toewijding om unieke kwaliteitsproducten te leveren.<\/p>\n<\/div>\n<\/div>\n<\/div>\n<\/div>\n<\/div>\n<\/div>\n<div class=\"elementor-element elementor-element-976c9da e-flex e-con-boxed wpr-particle-no wpr-jarallax-no wpr-parallax-no wpr-sticky-section-no e-con e-parent e-lazyloaded\" data-id=\"976c9da\" data-element_type=\"container\">\n<div class=\"e-con-inner\">\n<div class=\"elementor-element elementor-element-1ac2bbe products-heading-show elementor-grid-4 elementor-grid-tablet-3 elementor-grid-mobile-2 elementor-products-grid elementor-wc-products elementor-widget elementor-widget-woocommerce-products\" data-id=\"1ac2bbe\" data-element_type=\"widget\" data-widget_type=\"woocommerce-products.default\">\n<div class=\"elementor-widget-container\"><\/div>\n<\/div>\n<\/div>\n<\/div>","protected":false},"excerpt":{"rendered":"<p>De wintertulband biedt een veelzijdige oplossing om je baby te beschermen tegen wind en kou, terwijl hij er trendy uitziet. Dankzij het doordachte ontwerp past de Bidi&#039;Boo wintertulband zich aan alle outfits van je kleintje aan en voegt een vleugje elegantie en persoonlijkheid toe. Met een verscheidenheid aan unieke kleuren en patronen is elke creatie een origineel en handgemaakt stuk dat een vleugje charme toevoegt aan elke look. Comfort en liefde in elke creatie Bij Bidi&#039;Boo steken we speciale liefde en aandacht in elke tulband die we met de hand maken. We gebruiken zachte, hoogwaardige stoffen om optimaal comfort voor je baby de hele dag te garanderen. Elke Bidi&#039;Boo tulband is uniek, met patronen en lay-outs die kunnen vari\u00ebren, waardoor het een speciaal en exclusief stuk voor je baby is. Wij geloven in de waarde van vakmanschap en elke creatie weerspiegelt onze toewijding om unieke, hoogwaardige producten te leveren.<\/p>","protected":false},"featured_media":23937,"comment_status":"open","ping_status":"closed","template":"","meta":{"_editorskit_title_hidden":false,"_editorskit_reading_time":0,"_editorskit_is_block_options_detached":false,"_editorskit_block_options_position":"{}","inline_featured_image":false},"product_brand":[],"product_cat":[15,994,989],"product_tag":[],"class_list":{"0":"post-23874","1":"product","2":"type-product","3":"status-publish","4":"has-post-thumbnail","6":"product_cat-all","7":"product_cat-nahia","8":"product_cat-turbans-hiver","10":"first","11":"instock","12":"taxable","13":"shipping-taxable","14":"purchasable","15":"product-type-variable"},"yoast_head":"<!-- This site is optimized with the Yoast SEO plugin v25.7 - https:\/\/yoast.com\/wordpress\/plugins\/seo\/ -->\n<title>Turban Carmine - BidiBoo<\/title>\n<meta name=\"robots\" content=\"index, follow, max-snippet:-1, max-image-preview:large, max-video-preview:-1\" \/>\n<link rel=\"canonical\" href=\"https:\/\/bidiboo.eu\/nl\/product\/turban-carmine\/\" \/>\n<meta property=\"og:locale\" content=\"nl_BE\" \/>\n<meta property=\"og:type\" content=\"article\" \/>\n<meta property=\"og:title\" content=\"Turban Carmine - BidiBoo\" \/>\n<meta property=\"og:description\" content=\"Le turban hiver vous offre une solution polyvalente pour garder votre b\u00e9b\u00e9 \u00e0 l\u2019abri du vent et du froid tout en ayant un look tendance. Gr\u00e2ce \u00e0 sa conception soigneusement pens\u00e9e, le turban hiver Bidi\u2019Boo s\u2019adapte \u00e0 toutes les tenues de votre tout-petit, ajoutant une touche d\u2019\u00e9l\u00e9gance et de personnalit\u00e9. Avec une vari\u00e9t\u00e9 de couleurs et de motifs uniques, chaque cr\u00e9ation est une pi\u00e8ce originale et artisanale qui ajoute une touche de charme \u00e0 chaque look. Confort et amour dans chaque cr\u00e9ation Chez Bidi\u2019Boo, nous mettons un amour et une attention particuli\u00e8re dans chaque turban que nous fabriquons \u00e0 la main. Nous utilisons des tissus doux et de haute qualit\u00e9 pour assurer un confort optimal \u00e0 votre b\u00e9b\u00e9 tout au long de la journ\u00e9e. Chaque turban Bidi\u2019Boo est unique, avec des motifs et des dispositions qui peuvent varier, ce qui en fait une pi\u00e8ce sp\u00e9ciale et exclusive pour votre b\u00e9b\u00e9. Nous croyons en la valeur de l\u2019artisanat et chaque cr\u00e9ation refl\u00e8te notre d\u00e9vouement \u00e0 fournir des produits uniques et de qualit\u00e9.\" \/>\n<meta property=\"og:url\" content=\"https:\/\/bidiboo.eu\/nl\/product\/turban-carmine\/\" \/>\n<meta property=\"og:site_name\" content=\"BidiBoo\" \/>\n<meta property=\"article:publisher\" content=\"https:\/\/www.facebook.com\/BidiBoocreations\" \/>\n<meta property=\"article:modified_time\" content=\"2025-02-13T11:45:52+00:00\" \/>\n<meta property=\"og:image\" content=\"https:\/\/bidiboo.eu\/wp-content\/uploads\/2025\/02\/Photoroom_20250213_105515-2-1280x1280.jpg\" \/>\n\t<meta property=\"og:image:width\" content=\"1280\" \/>\n\t<meta property=\"og:image:height\" content=\"1280\" \/>\n\t<meta property=\"og:image:type\" content=\"image\/jpeg\" \/>\n<meta name=\"twitter:card\" content=\"summary_large_image\" \/>\n<meta name=\"twitter:label1\" content=\"Geschatte leestijd\" \/>\n\t<meta name=\"twitter:data1\" content=\"1 minuut\" \/>\n<script type=\"application\/ld+json\" class=\"yoast-schema-graph\">{\"@context\":\"https:\/\/schema.org\",\"@graph\":[{\"@type\":\"WebPage\",\"@id\":\"https:\/\/bidiboo.eu\/produit\/turban-carmine\/\",\"url\":\"https:\/\/bidiboo.eu\/produit\/turban-carmine\/\",\"name\":\"Turban Carmine - BidiBoo\",\"isPartOf\":{\"@id\":\"https:\/\/bidiboo.eu\/#website\"},\"primaryImageOfPage\":{\"@id\":\"https:\/\/bidiboo.eu\/produit\/turban-carmine\/#primaryimage\"},\"image\":{\"@id\":\"https:\/\/bidiboo.eu\/produit\/turban-carmine\/#primaryimage\"},\"thumbnailUrl\":\"https:\/\/bidiboo.eu\/wp-content\/uploads\/2025\/02\/Photoroom_20250213_105515-2.jpg\",\"datePublished\":\"2025-02-13T10:19:43+00:00\",\"dateModified\":\"2025-02-13T11:45:52+00:00\",\"breadcrumb\":{\"@id\":\"https:\/\/bidiboo.eu\/produit\/turban-carmine\/#breadcrumb\"},\"inLanguage\":\"nl-BE\",\"potentialAction\":[{\"@type\":\"ReadAction\",\"target\":[\"https:\/\/bidiboo.eu\/produit\/turban-carmine\/\"]}]},{\"@type\":\"ImageObject\",\"inLanguage\":\"nl-BE\",\"@id\":\"https:\/\/bidiboo.eu\/produit\/turban-carmine\/#primaryimage\",\"url\":\"https:\/\/bidiboo.eu\/wp-content\/uploads\/2025\/02\/Photoroom_20250213_105515-2.jpg\",\"contentUrl\":\"https:\/\/bidiboo.eu\/wp-content\/uploads\/2025\/02\/Photoroom_20250213_105515-2.jpg\",\"width\":2400,\"height\":2400},{\"@type\":\"BreadcrumbList\",\"@id\":\"https:\/\/bidiboo.eu\/produit\/turban-carmine\/#breadcrumb\",\"itemListElement\":[{\"@type\":\"ListItem\",\"position\":1,\"name\":\"Accueil\",\"item\":\"https:\/\/bidiboo.eu\/\"},{\"@type\":\"ListItem\",\"position\":2,\"name\":\"La Boutique Bidi&#8217;Boo\",\"item\":\"https:\/\/bidiboo.eu\/la-boutique-bidiboo\/\"},{\"@type\":\"ListItem\",\"position\":3,\"name\":\"Turban Carmine\"}]},{\"@type\":\"WebSite\",\"@id\":\"https:\/\/bidiboo.eu\/#website\",\"url\":\"https:\/\/bidiboo.eu\/\",\"name\":\"BidiBoo\",\"description\":\"\",\"publisher\":{\"@id\":\"https:\/\/bidiboo.eu\/#organization\"},\"potentialAction\":[{\"@type\":\"SearchAction\",\"target\":{\"@type\":\"EntryPoint\",\"urlTemplate\":\"https:\/\/bidiboo.eu\/?s={search_term_string}\"},\"query-input\":{\"@type\":\"PropertyValueSpecification\",\"valueRequired\":true,\"valueName\":\"search_term_string\"}}],\"inLanguage\":\"nl-BE\"},{\"@type\":\"Organization\",\"@id\":\"https:\/\/bidiboo.eu\/#organization\",\"name\":\"Bidiboo\",\"url\":\"https:\/\/bidiboo.eu\/\",\"logo\":{\"@type\":\"ImageObject\",\"inLanguage\":\"nl-BE\",\"@id\":\"https:\/\/bidiboo.eu\/#\/schema\/logo\/image\/\",\"url\":\"https:\/\/bidiboo.eu\/wp-content\/uploads\/2022\/04\/Logo-BidiBoo.png\",\"contentUrl\":\"https:\/\/bidiboo.eu\/wp-content\/uploads\/2022\/04\/Logo-BidiBoo.png\",\"width\":941,\"height\":926,\"caption\":\"Bidiboo\"},\"image\":{\"@id\":\"https:\/\/bidiboo.eu\/#\/schema\/logo\/image\/\"},\"sameAs\":[\"https:\/\/www.facebook.com\/BidiBoocreations\",\"https:\/\/www.instagram.com\/bidiboo.creations\/\"]}]}<\/script>\n<!-- \/ Yoast SEO plugin. -->","yoast_head_json":{"title":"Turban Carmine - BidiBoo","robots":{"index":"index","follow":"follow","max-snippet":"max-snippet:-1","max-image-preview":"max-image-preview:large","max-video-preview":"max-video-preview:-1"},"canonical":"https:\/\/bidiboo.eu\/nl\/product\/turban-carmine\/","og_locale":"nl_BE","og_type":"article","og_title":"Turban Carmine - BidiBoo","og_description":"Le turban hiver vous offre une solution polyvalente pour garder votre b\u00e9b\u00e9 \u00e0 l\u2019abri du vent et du froid tout en ayant un look tendance. Gr\u00e2ce \u00e0 sa conception soigneusement pens\u00e9e, le turban hiver Bidi\u2019Boo s\u2019adapte \u00e0 toutes les tenues de votre tout-petit, ajoutant une touche d\u2019\u00e9l\u00e9gance et de personnalit\u00e9. Avec une vari\u00e9t\u00e9 de couleurs et de motifs uniques, chaque cr\u00e9ation est une pi\u00e8ce originale et artisanale qui ajoute une touche de charme \u00e0 chaque look. Confort et amour dans chaque cr\u00e9ation Chez Bidi\u2019Boo, nous mettons un amour et une attention particuli\u00e8re dans chaque turban que nous fabriquons \u00e0 la main. Nous utilisons des tissus doux et de haute qualit\u00e9 pour assurer un confort optimal \u00e0 votre b\u00e9b\u00e9 tout au long de la journ\u00e9e. Chaque turban Bidi\u2019Boo est unique, avec des motifs et des dispositions qui peuvent varier, ce qui en fait une pi\u00e8ce sp\u00e9ciale et exclusive pour votre b\u00e9b\u00e9. Nous croyons en la valeur de l\u2019artisanat et chaque cr\u00e9ation refl\u00e8te notre d\u00e9vouement \u00e0 fournir des produits uniques et de qualit\u00e9.","og_url":"https:\/\/bidiboo.eu\/nl\/product\/turban-carmine\/","og_site_name":"BidiBoo","article_publisher":"https:\/\/www.facebook.com\/BidiBoocreations","article_modified_time":"2025-02-13T11:45:52+00:00","og_image":[{"width":1280,"height":1280,"url":"https:\/\/bidiboo.eu\/wp-content\/uploads\/2025\/02\/Photoroom_20250213_105515-2-1280x1280.jpg","type":"image\/jpeg"}],"twitter_card":"summary_large_image","twitter_misc":{"Geschatte leestijd":"1 minuut"},"schema":{"@context":"https:\/\/schema.org","@graph":[{"@type":"WebPage","@id":"https:\/\/bidiboo.eu\/produit\/turban-carmine\/","url":"https:\/\/bidiboo.eu\/produit\/turban-carmine\/","name":"Turban Carmine - BidiBoo","isPartOf":{"@id":"https:\/\/bidiboo.eu\/#website"},"primaryImageOfPage":{"@id":"https:\/\/bidiboo.eu\/produit\/turban-carmine\/#primaryimage"},"image":{"@id":"https:\/\/bidiboo.eu\/produit\/turban-carmine\/#primaryimage"},"thumbnailUrl":"https:\/\/bidiboo.eu\/wp-content\/uploads\/2025\/02\/Photoroom_20250213_105515-2.jpg","datePublished":"2025-02-13T10:19:43+00:00","dateModified":"2025-02-13T11:45:52+00:00","breadcrumb":{"@id":"https:\/\/bidiboo.eu\/produit\/turban-carmine\/#breadcrumb"},"inLanguage":"nl-BE","potentialAction":[{"@type":"ReadAction","target":["https:\/\/bidiboo.eu\/produit\/turban-carmine\/"]}]},{"@type":"ImageObject","inLanguage":"nl-BE","@id":"https:\/\/bidiboo.eu\/produit\/turban-carmine\/#primaryimage","url":"https:\/\/bidiboo.eu\/wp-content\/uploads\/2025\/02\/Photoroom_20250213_105515-2.jpg","contentUrl":"https:\/\/bidiboo.eu\/wp-content\/uploads\/2025\/02\/Photoroom_20250213_105515-2.jpg","width":2400,"height":2400},{"@type":"BreadcrumbList","@id":"https:\/\/bidiboo.eu\/produit\/turban-carmine\/#breadcrumb","itemListElement":[{"@type":"ListItem","position":1,"name":"Accueil","item":"https:\/\/bidiboo.eu\/"},{"@type":"ListItem","position":2,"name":"La Boutique Bidi&#8217;Boo","item":"https:\/\/bidiboo.eu\/la-boutique-bidiboo\/"},{"@type":"ListItem","position":3,"name":"Turban Carmine"}]},{"@type":"WebSite","@id":"https:\/\/bidiboo.eu\/#website","url":"https:\/\/bidiboo.eu\/","name":"BidiBoo","description":"","publisher":{"@id":"https:\/\/bidiboo.eu\/#organization"},"potentialAction":[{"@type":"SearchAction","target":{"@type":"EntryPoint","urlTemplate":"https:\/\/bidiboo.eu\/?s={search_term_string}"},"query-input":{"@type":"PropertyValueSpecification","valueRequired":true,"valueName":"search_term_string"}}],"inLanguage":"nl-BE"},{"@type":"Organization","@id":"https:\/\/bidiboo.eu\/#organization","name":"Bidiboo","url":"https:\/\/bidiboo.eu\/","logo":{"@type":"ImageObject","inLanguage":"nl-BE","@id":"https:\/\/bidiboo.eu\/#\/schema\/logo\/image\/","url":"https:\/\/bidiboo.eu\/wp-content\/uploads\/2022\/04\/Logo-BidiBoo.png","contentUrl":"https:\/\/bidiboo.eu\/wp-content\/uploads\/2022\/04\/Logo-BidiBoo.png","width":941,"height":926,"caption":"Bidiboo"},"image":{"@id":"https:\/\/bidiboo.eu\/#\/schema\/logo\/image\/"},"sameAs":["https:\/\/www.facebook.com\/BidiBoocreations","https:\/\/www.instagram.com\/bidiboo.creations\/"]}]}},"acf":[],"jetpack_likes_enabled":false,"_links":{"self":[{"href":"https:\/\/bidiboo.eu\/nl\/wp-json\/wp\/v2\/product\/23874","targetHints":{"allow":["GET"]}}],"collection":[{"href":"https:\/\/bidiboo.eu\/nl\/wp-json\/wp\/v2\/product"}],"about":[{"href":"https:\/\/bidiboo.eu\/nl\/wp-json\/wp\/v2\/types\/product"}],"replies":[{"embeddable":true,"href":"https:\/\/bidiboo.eu\/nl\/wp-json\/wp\/v2\/comments?post=23874"}],"version-history":[{"count":0,"href":"https:\/\/bidiboo.eu\/nl\/wp-json\/wp\/v2\/product\/23874\/revisions"}],"wp:featuredmedia":[{"embeddable":true,"href":"https:\/\/bidiboo.eu\/nl\/wp-json\/wp\/v2\/media\/23937"}],"wp:attachment":[{"href":"https:\/\/bidiboo.eu\/nl\/wp-json\/wp\/v2\/media?parent=23874"}],"wp:term":[{"taxonomy":"product_brand","embeddable":true,"href":"https:\/\/bidiboo.eu\/nl\/wp-json\/wp\/v2\/product_brand?post=23874"},{"taxonomy":"product_cat","embeddable":true,"href":"https:\/\/bidiboo.eu\/nl\/wp-json\/wp\/v2\/product_cat?post=23874"},{"taxonomy":"product_tag","embeddable":true,"href":"https:\/\/bidiboo.eu\/nl\/wp-json\/wp\/v2\/product_tag?post=23874"}],"curies":[{"name":"wp","href":"https:\/\/api.w.org\/{rel}","templated":true}]}}