{"id":23786,"date":"2025-02-11T18:01:20","date_gmt":"2025-02-11T17:01:20","guid":{"rendered":"https:\/\/bidiboo.eu\/?post_type=product&#038;p=23786"},"modified":"2025-12-19T12:18:07","modified_gmt":"2025-12-19T11:18:07","slug":"le-sac-a-dos-bidiboo-carla","status":"publish","type":"product","link":"https:\/\/bidiboo.eu\/nl\/product\/le-sac-a-dos-bidiboo-carla\/","title":{"rendered":"De Bidi&#039;Boo Carla-rugzak"},"content":{"rendered":"<h4><strong>Ontdek onze nieuwste innovatie:<\/strong><\/h4>\n<p>de rugzak <a href=\"https:\/\/www.facebook.com\/BidiBoocreations\">Bidi&#039;Boo<\/a> waterdicht, perfect voor de kleintjes op de kleuterschool en op school! Deze rugzak is zorgvuldig ontworpen om aan de specifieke behoeften van jonge kinderen te voldoen en is zowel praktisch als duurzaam.<\/p>\n<h4><strong>Geschikt voor kinderdagverblijf en school:<\/strong><\/h4>\n<p>De rugzak <a href=\"https:\/\/www.facebook.com\/BidiBoocreations\">Bidi&#039;Boo<\/a> is ontworpen om perfect te passen in de routine van de kleuterschool en school. Het compacte formaat is geschikt voor de kleintjes en biedt een comfortabele pasvorm zonder de schouders te overbelasten. Het is ideaal voor het meenemen van essenti\u00eble spullen zoals een deken, schone kleding, snacks of activiteitenboeken.<\/p>\n<h4><strong>Waterdicht en gemakkelijk schoon te maken:<\/strong><\/h4>\n<p>Kinderen kunnen onvoorspelbaar zijn, vooral als ze op de cr\u00e8che of op school zitten. Daarom heeft de Bidi&#039;Boo-rugzak een waterdichte binnencoating die de spullen van je kind beschermt tegen spatten en ongelukken. U kunt er dus gerust op zijn, wetende dat hun artikelen droog en schoon blijven.<\/p>\n<p>Bovendien is de buitenkant van de rugzak behandeld met een waterafstotende coating, waardoor deze gemakkelijk schoon te maken is. Vlekken en vuil kunnen eenvoudig worden afgeveegd met een vochtige doek, zodat de rugzak ook na vele levendige avonturen op de kleuterschool of op school in perfecte staat blijft.<\/p>\n<h4><strong>Veiligheid en bruikbaarheid:<\/strong><\/h4>\n<p>De veiligheid van uw kind is onze topprioriteit. De Bidi&#039;Boo rugzak is voorzien van een praktische magnetische druksluiting. Hij is gemakkelijk te hanteren en zorgt voor een snelle opening en sluiting van de tas, zodat uw kind gemakkelijk bij zijn spullen kan. De bandjes zijn verstelbaar voor een comfortabele en veilige pasvorm.<\/p>\n<h4><strong>De perfecte keuze voor uw kind:<\/strong><\/h4>\n<p>Geef je kind de waterdichte Bidi&#039;Boo-rugzak, een betrouwbare metgezel voor de dagen op de cr\u00e8che en op school. Met zijn praktische ontwerp, weerbestendige eigenschappen en eenvoudige verzorging is deze rugzak afgestemd op de behoeften van uw kleintje. Bestel nu en bereid uw kind vol vertrouwen voor op dagen vol leren en avontuur!<\/p>","protected":false},"excerpt":{"rendered":"<p>D\u00e9couvrez le sac \u00e0 dos Bidi&rsquo;Boo imperm\u00e9able, id\u00e9al pour les tout-petits \u00e0 la cr\u00e8che et \u00e0 l&rsquo;\u00e9cole. Pratique, r\u00e9sistant et s\u00e9curis\u00e9, il prot\u00e8ge les affaires de votre enfant tout en offrant un port confortable. Commandez d\u00e8s maintenant et pr\u00e9parez-le \u00e0 de nouvelles aventures en toute confiance !<\/p>","protected":false},"featured_media":23787,"comment_status":"open","ping_status":"closed","template":"","meta":{"_editorskit_title_hidden":false,"_editorskit_reading_time":0,"_editorskit_is_block_options_detached":false,"_editorskit_block_options_position":"{}","inline_featured_image":false},"product_brand":[],"product_cat":[15,1022,555],"product_tag":[560,557,558,559,556],"class_list":{"0":"post-23786","1":"product","2":"type-product","3":"status-publish","4":"has-post-thumbnail","6":"product_cat-all","7":"product_cat-carla","8":"product_cat-sacs-a-dos","9":"product_tag-back-to-school","10":"product_tag-creche","11":"product_tag-ecole","12":"product_tag-maternelle","13":"product_tag-sac-a-dos","15":"first","16":"instock","17":"taxable","18":"shipping-taxable","19":"purchasable","20":"product-type-simple"},"yoast_head":"<!-- This site is optimized with the Yoast SEO plugin v25.7 - https:\/\/yoast.com\/wordpress\/plugins\/seo\/ -->\n<title>Le Sac \u00e0 Dos Bidi&#039;Boo Carla - BidiBoo - Pratique - \u00e9cole - cr\u00e8che - Voyage !<\/title>\n<meta name=\"description\" content=\"Nouveau sac \u00e0 dos Bidi&#039;Boo imperm\u00e9able pour tout-petits \u00e0 la cr\u00e8che et \u00e0 l&#039;\u00e9cole. Pratique, r\u00e9sistant et s\u00e9curis\u00e9. Commandez d\u00e8s maintenant !\" \/>\n<meta name=\"robots\" content=\"index, follow, max-snippet:-1, max-image-preview:large, max-video-preview:-1\" \/>\n<link rel=\"canonical\" href=\"https:\/\/bidiboo.eu\/nl\/product\/le-sac-a-dos-bidiboo-carla\/\" \/>\n<meta property=\"og:locale\" content=\"nl_BE\" \/>\n<meta property=\"og:type\" content=\"article\" \/>\n<meta property=\"og:title\" content=\"Le Sac \u00e0 Dos Bidi&#039;Boo Carla - BidiBoo - Pratique - \u00e9cole - cr\u00e8che - Voyage !\" \/>\n<meta property=\"og:description\" content=\"Nouveau sac \u00e0 dos Bidi&#039;Boo imperm\u00e9able pour tout-petits \u00e0 la cr\u00e8che et \u00e0 l&#039;\u00e9cole. Pratique, r\u00e9sistant et s\u00e9curis\u00e9. Commandez d\u00e8s maintenant !\" \/>\n<meta property=\"og:url\" content=\"https:\/\/bidiboo.eu\/nl\/product\/le-sac-a-dos-bidiboo-carla\/\" \/>\n<meta property=\"og:site_name\" content=\"BidiBoo\" \/>\n<meta property=\"article:publisher\" content=\"https:\/\/www.facebook.com\/BidiBoocreations\" \/>\n<meta property=\"article:modified_time\" content=\"2025-12-19T11:18:07+00:00\" \/>\n<meta property=\"og:image\" content=\"https:\/\/bidiboo.eu\/wp-content\/uploads\/2025\/02\/WhatsApp-Image-2025-02-11-a-18.00.36_067221c3.jpg\" \/>\n\t<meta property=\"og:image:width\" content=\"1600\" \/>\n\t<meta property=\"og:image:height\" content=\"1600\" \/>\n\t<meta property=\"og:image:type\" content=\"image\/jpeg\" \/>\n<meta name=\"twitter:card\" content=\"summary_large_image\" \/>\n<meta name=\"twitter:label1\" content=\"Geschatte leestijd\" \/>\n\t<meta name=\"twitter:data1\" content=\"2 minuten\" \/>\n<script type=\"application\/ld+json\" class=\"yoast-schema-graph\">{\"@context\":\"https:\/\/schema.org\",\"@graph\":[{\"@type\":\"WebPage\",\"@id\":\"https:\/\/bidiboo.eu\/produit\/le-sac-a-dos-bidiboo-carla\/\",\"url\":\"https:\/\/bidiboo.eu\/produit\/le-sac-a-dos-bidiboo-carla\/\",\"name\":\"Le Sac \u00e0 Dos Bidi'Boo Carla - BidiBoo - Pratique - \u00e9cole - cr\u00e8che - Voyage !\",\"isPartOf\":{\"@id\":\"https:\/\/bidiboo.eu\/#website\"},\"primaryImageOfPage\":{\"@id\":\"https:\/\/bidiboo.eu\/produit\/le-sac-a-dos-bidiboo-carla\/#primaryimage\"},\"image\":{\"@id\":\"https:\/\/bidiboo.eu\/produit\/le-sac-a-dos-bidiboo-carla\/#primaryimage\"},\"thumbnailUrl\":\"https:\/\/bidiboo.eu\/wp-content\/uploads\/2025\/02\/WhatsApp-Image-2025-02-11-a-18.00.36_067221c3.jpg\",\"datePublished\":\"2025-02-11T17:01:20+00:00\",\"dateModified\":\"2025-12-19T11:18:07+00:00\",\"description\":\"Nouveau sac \u00e0 dos Bidi'Boo imperm\u00e9able pour tout-petits \u00e0 la cr\u00e8che et \u00e0 l'\u00e9cole. Pratique, r\u00e9sistant et s\u00e9curis\u00e9. Commandez d\u00e8s maintenant !\",\"breadcrumb\":{\"@id\":\"https:\/\/bidiboo.eu\/produit\/le-sac-a-dos-bidiboo-carla\/#breadcrumb\"},\"inLanguage\":\"nl-BE\",\"potentialAction\":[{\"@type\":\"ReadAction\",\"target\":[\"https:\/\/bidiboo.eu\/produit\/le-sac-a-dos-bidiboo-carla\/\"]}]},{\"@type\":\"ImageObject\",\"inLanguage\":\"nl-BE\",\"@id\":\"https:\/\/bidiboo.eu\/produit\/le-sac-a-dos-bidiboo-carla\/#primaryimage\",\"url\":\"https:\/\/bidiboo.eu\/wp-content\/uploads\/2025\/02\/WhatsApp-Image-2025-02-11-a-18.00.36_067221c3.jpg\",\"contentUrl\":\"https:\/\/bidiboo.eu\/wp-content\/uploads\/2025\/02\/WhatsApp-Image-2025-02-11-a-18.00.36_067221c3.jpg\",\"width\":1600,\"height\":1600},{\"@type\":\"BreadcrumbList\",\"@id\":\"https:\/\/bidiboo.eu\/produit\/le-sac-a-dos-bidiboo-carla\/#breadcrumb\",\"itemListElement\":[{\"@type\":\"ListItem\",\"position\":1,\"name\":\"Accueil\",\"item\":\"https:\/\/bidiboo.eu\/\"},{\"@type\":\"ListItem\",\"position\":2,\"name\":\"La Boutique Bidi&#8217;Boo\",\"item\":\"https:\/\/bidiboo.eu\/la-boutique-bidiboo\/\"},{\"@type\":\"ListItem\",\"position\":3,\"name\":\"Le Sac \u00e0 Dos Bidi&#8217;Boo Carla\"}]},{\"@type\":\"WebSite\",\"@id\":\"https:\/\/bidiboo.eu\/#website\",\"url\":\"https:\/\/bidiboo.eu\/\",\"name\":\"BidiBoo\",\"description\":\"\",\"publisher\":{\"@id\":\"https:\/\/bidiboo.eu\/#organization\"},\"potentialAction\":[{\"@type\":\"SearchAction\",\"target\":{\"@type\":\"EntryPoint\",\"urlTemplate\":\"https:\/\/bidiboo.eu\/?s={search_term_string}\"},\"query-input\":{\"@type\":\"PropertyValueSpecification\",\"valueRequired\":true,\"valueName\":\"search_term_string\"}}],\"inLanguage\":\"nl-BE\"},{\"@type\":\"Organization\",\"@id\":\"https:\/\/bidiboo.eu\/#organization\",\"name\":\"Bidiboo\",\"url\":\"https:\/\/bidiboo.eu\/\",\"logo\":{\"@type\":\"ImageObject\",\"inLanguage\":\"nl-BE\",\"@id\":\"https:\/\/bidiboo.eu\/#\/schema\/logo\/image\/\",\"url\":\"https:\/\/bidiboo.eu\/wp-content\/uploads\/2022\/04\/Logo-BidiBoo.png\",\"contentUrl\":\"https:\/\/bidiboo.eu\/wp-content\/uploads\/2022\/04\/Logo-BidiBoo.png\",\"width\":941,\"height\":926,\"caption\":\"Bidiboo\"},\"image\":{\"@id\":\"https:\/\/bidiboo.eu\/#\/schema\/logo\/image\/\"},\"sameAs\":[\"https:\/\/www.facebook.com\/BidiBoocreations\",\"https:\/\/www.instagram.com\/bidiboo.creations\/\"]}]}<\/script>\n<!-- \/ Yoast SEO plugin. -->","yoast_head_json":{"title":"Le Sac \u00e0 Dos Bidi'Boo Carla - BidiBoo - Pratique - \u00e9cole - cr\u00e8che - Voyage !","description":"Nouveau sac \u00e0 dos Bidi'Boo imperm\u00e9able pour tout-petits \u00e0 la cr\u00e8che et \u00e0 l'\u00e9cole. Pratique, r\u00e9sistant et s\u00e9curis\u00e9. Commandez d\u00e8s maintenant !","robots":{"index":"index","follow":"follow","max-snippet":"max-snippet:-1","max-image-preview":"max-image-preview:large","max-video-preview":"max-video-preview:-1"},"canonical":"https:\/\/bidiboo.eu\/nl\/product\/le-sac-a-dos-bidiboo-carla\/","og_locale":"nl_BE","og_type":"article","og_title":"Le Sac \u00e0 Dos Bidi'Boo Carla - BidiBoo - Pratique - \u00e9cole - cr\u00e8che - Voyage !","og_description":"Nouveau sac \u00e0 dos Bidi'Boo imperm\u00e9able pour tout-petits \u00e0 la cr\u00e8che et \u00e0 l'\u00e9cole. Pratique, r\u00e9sistant et s\u00e9curis\u00e9. Commandez d\u00e8s maintenant !","og_url":"https:\/\/bidiboo.eu\/nl\/product\/le-sac-a-dos-bidiboo-carla\/","og_site_name":"BidiBoo","article_publisher":"https:\/\/www.facebook.com\/BidiBoocreations","article_modified_time":"2025-12-19T11:18:07+00:00","og_image":[{"width":1600,"height":1600,"url":"https:\/\/bidiboo.eu\/wp-content\/uploads\/2025\/02\/WhatsApp-Image-2025-02-11-a-18.00.36_067221c3.jpg","type":"image\/jpeg"}],"twitter_card":"summary_large_image","twitter_misc":{"Geschatte leestijd":"2 minuten"},"schema":{"@context":"https:\/\/schema.org","@graph":[{"@type":"WebPage","@id":"https:\/\/bidiboo.eu\/produit\/le-sac-a-dos-bidiboo-carla\/","url":"https:\/\/bidiboo.eu\/produit\/le-sac-a-dos-bidiboo-carla\/","name":"Le Sac \u00e0 Dos Bidi'Boo Carla - BidiBoo - Pratique - \u00e9cole - cr\u00e8che - Voyage !","isPartOf":{"@id":"https:\/\/bidiboo.eu\/#website"},"primaryImageOfPage":{"@id":"https:\/\/bidiboo.eu\/produit\/le-sac-a-dos-bidiboo-carla\/#primaryimage"},"image":{"@id":"https:\/\/bidiboo.eu\/produit\/le-sac-a-dos-bidiboo-carla\/#primaryimage"},"thumbnailUrl":"https:\/\/bidiboo.eu\/wp-content\/uploads\/2025\/02\/WhatsApp-Image-2025-02-11-a-18.00.36_067221c3.jpg","datePublished":"2025-02-11T17:01:20+00:00","dateModified":"2025-12-19T11:18:07+00:00","description":"Nouveau sac \u00e0 dos Bidi'Boo imperm\u00e9able pour tout-petits \u00e0 la cr\u00e8che et \u00e0 l'\u00e9cole. Pratique, r\u00e9sistant et s\u00e9curis\u00e9. Commandez d\u00e8s maintenant !","breadcrumb":{"@id":"https:\/\/bidiboo.eu\/produit\/le-sac-a-dos-bidiboo-carla\/#breadcrumb"},"inLanguage":"nl-BE","potentialAction":[{"@type":"ReadAction","target":["https:\/\/bidiboo.eu\/produit\/le-sac-a-dos-bidiboo-carla\/"]}]},{"@type":"ImageObject","inLanguage":"nl-BE","@id":"https:\/\/bidiboo.eu\/produit\/le-sac-a-dos-bidiboo-carla\/#primaryimage","url":"https:\/\/bidiboo.eu\/wp-content\/uploads\/2025\/02\/WhatsApp-Image-2025-02-11-a-18.00.36_067221c3.jpg","contentUrl":"https:\/\/bidiboo.eu\/wp-content\/uploads\/2025\/02\/WhatsApp-Image-2025-02-11-a-18.00.36_067221c3.jpg","width":1600,"height":1600},{"@type":"BreadcrumbList","@id":"https:\/\/bidiboo.eu\/produit\/le-sac-a-dos-bidiboo-carla\/#breadcrumb","itemListElement":[{"@type":"ListItem","position":1,"name":"Accueil","item":"https:\/\/bidiboo.eu\/"},{"@type":"ListItem","position":2,"name":"La Boutique Bidi&#8217;Boo","item":"https:\/\/bidiboo.eu\/la-boutique-bidiboo\/"},{"@type":"ListItem","position":3,"name":"Le Sac \u00e0 Dos Bidi&#8217;Boo Carla"}]},{"@type":"WebSite","@id":"https:\/\/bidiboo.eu\/#website","url":"https:\/\/bidiboo.eu\/","name":"BidiBoo","description":"","publisher":{"@id":"https:\/\/bidiboo.eu\/#organization"},"potentialAction":[{"@type":"SearchAction","target":{"@type":"EntryPoint","urlTemplate":"https:\/\/bidiboo.eu\/?s={search_term_string}"},"query-input":{"@type":"PropertyValueSpecification","valueRequired":true,"valueName":"search_term_string"}}],"inLanguage":"nl-BE"},{"@type":"Organization","@id":"https:\/\/bidiboo.eu\/#organization","name":"Bidiboo","url":"https:\/\/bidiboo.eu\/","logo":{"@type":"ImageObject","inLanguage":"nl-BE","@id":"https:\/\/bidiboo.eu\/#\/schema\/logo\/image\/","url":"https:\/\/bidiboo.eu\/wp-content\/uploads\/2022\/04\/Logo-BidiBoo.png","contentUrl":"https:\/\/bidiboo.eu\/wp-content\/uploads\/2022\/04\/Logo-BidiBoo.png","width":941,"height":926,"caption":"Bidiboo"},"image":{"@id":"https:\/\/bidiboo.eu\/#\/schema\/logo\/image\/"},"sameAs":["https:\/\/www.facebook.com\/BidiBoocreations","https:\/\/www.instagram.com\/bidiboo.creations\/"]}]}},"acf":[],"jetpack_likes_enabled":false,"_links":{"self":[{"href":"https:\/\/bidiboo.eu\/nl\/wp-json\/wp\/v2\/product\/23786","targetHints":{"allow":["GET"]}}],"collection":[{"href":"https:\/\/bidiboo.eu\/nl\/wp-json\/wp\/v2\/product"}],"about":[{"href":"https:\/\/bidiboo.eu\/nl\/wp-json\/wp\/v2\/types\/product"}],"replies":[{"embeddable":true,"href":"https:\/\/bidiboo.eu\/nl\/wp-json\/wp\/v2\/comments?post=23786"}],"version-history":[{"count":0,"href":"https:\/\/bidiboo.eu\/nl\/wp-json\/wp\/v2\/product\/23786\/revisions"}],"wp:featuredmedia":[{"embeddable":true,"href":"https:\/\/bidiboo.eu\/nl\/wp-json\/wp\/v2\/media\/23787"}],"wp:attachment":[{"href":"https:\/\/bidiboo.eu\/nl\/wp-json\/wp\/v2\/media?parent=23786"}],"wp:term":[{"taxonomy":"product_brand","embeddable":true,"href":"https:\/\/bidiboo.eu\/nl\/wp-json\/wp\/v2\/product_brand?post=23786"},{"taxonomy":"product_cat","embeddable":true,"href":"https:\/\/bidiboo.eu\/nl\/wp-json\/wp\/v2\/product_cat?post=23786"},{"taxonomy":"product_tag","embeddable":true,"href":"https:\/\/bidiboo.eu\/nl\/wp-json\/wp\/v2\/product_tag?post=23786"}],"curies":[{"name":"wp","href":"https:\/\/api.w.org\/{rel}","templated":true}]}}