{"id":21207,"date":"2024-08-30T10:03:37","date_gmt":"2024-08-30T08:03:37","guid":{"rendered":"https:\/\/bidiboo.eu\/?post_type=product&#038;p=21207"},"modified":"2024-08-30T10:09:06","modified_gmt":"2024-08-30T08:09:06","slug":"bonnet-chullo-rib-rose","status":"publish","type":"product","link":"https:\/\/bidiboo.eu\/nl\/product\/bonnet-chullo-rib-rose\/","title":{"rendered":"Roze chullo-ribbeanie"},"content":{"rendered":"<h3>Chullo-muts voor baby&#039;s<\/h3>\n<p>Houd je baby warm met onze winter-chullo-muts. Dit model is perfect voor koude dagen en biedt zowel warmte als stijl.<\/p>\n<p><strong>Voordelen :<\/strong><\/p>\n<ul>\n<li><strong>Warmte:<\/strong> Uitstekend geschikt voor koud weer<\/li>\n<li><strong>Comfort:<\/strong> Zacht en aangenaam om aan te raken<\/li>\n<li><strong>Bescherming:<\/strong> Bedekt oren en nek voor maximale warmte<\/li>\n<\/ul>\n<p>Patronen en lay-outs kunnen per ontwerp enigszins vari\u00ebren, waardoor elke muts ontstaat <strong>uniek<\/strong> En<strong> speciaal.<\/strong><\/p>","protected":false},"excerpt":{"rendered":"<p>Bonnet Chullo d&rsquo;Hiver B\u00e9b\u00e9 Gardez votre b\u00e9b\u00e9 bien au chaud avec notre bonnet chullo d&rsquo;hiver. Ce mod\u00e8le est parfait pour les journ\u00e9es froides, offrant \u00e0 la fois chaleur et style. Avantages : Chaleur : Excellent pour les temps froids Confort : Doux et agr\u00e9able au toucher Protection : Couvre les oreilles et la nuque pour une chaleur maximale Les motifs et les dispositions peuvent l\u00e9g\u00e8rement varier d\u2019une cr\u00e9ation \u00e0 l\u2019autre, ce qui rend chaque bonnet unique et sp\u00e9cial.<\/p>","protected":false},"featured_media":21215,"comment_status":"open","ping_status":"closed","template":"","meta":{"_editorskit_title_hidden":false,"_editorskit_reading_time":0,"_editorskit_is_block_options_detached":false,"_editorskit_block_options_position":"{}","inline_featured_image":false},"product_brand":[],"product_cat":[15,105,1007],"product_tag":[],"class_list":{"0":"post-21207","1":"product","2":"type-product","3":"status-publish","4":"has-post-thumbnail","6":"product_cat-all","7":"product_cat-tidado-collection-bidiboo-bebe-enfant-maman","8":"product_cat-rib-rose","10":"first","11":"instock","12":"taxable","13":"shipping-taxable","14":"purchasable","15":"product-type-variable"},"yoast_head":"<!-- This site is optimized with the Yoast SEO plugin v25.7 - https:\/\/yoast.com\/wordpress\/plugins\/seo\/ -->\n<title>Bonnet chullo rib rose - BidiBoo<\/title>\n<meta name=\"robots\" content=\"index, follow, max-snippet:-1, max-image-preview:large, max-video-preview:-1\" \/>\n<link rel=\"canonical\" href=\"https:\/\/bidiboo.eu\/nl\/product\/bonnet-chullo-rib-rose\/\" \/>\n<meta property=\"og:locale\" content=\"nl_BE\" \/>\n<meta property=\"og:type\" content=\"article\" \/>\n<meta property=\"og:title\" content=\"Bonnet chullo rib rose - BidiBoo\" \/>\n<meta property=\"og:description\" content=\"Bonnet Chullo d&rsquo;Hiver B\u00e9b\u00e9 Gardez votre b\u00e9b\u00e9 bien au chaud avec notre bonnet chullo d&rsquo;hiver. Ce mod\u00e8le est parfait pour les journ\u00e9es froides, offrant \u00e0 la fois chaleur et style. Avantages : Chaleur : Excellent pour les temps froids Confort : Doux et agr\u00e9able au toucher Protection : Couvre les oreilles et la nuque pour une chaleur maximale Les motifs et les dispositions peuvent l\u00e9g\u00e8rement varier d\u2019une cr\u00e9ation \u00e0 l\u2019autre, ce qui rend chaque bonnet unique et sp\u00e9cial.\" \/>\n<meta property=\"og:url\" content=\"https:\/\/bidiboo.eu\/nl\/product\/bonnet-chullo-rib-rose\/\" \/>\n<meta property=\"og:site_name\" content=\"BidiBoo\" \/>\n<meta property=\"article:publisher\" content=\"https:\/\/www.facebook.com\/BidiBoocreations\" \/>\n<meta property=\"article:modified_time\" content=\"2024-08-30T08:09:06+00:00\" \/>\n<meta property=\"og:image\" content=\"https:\/\/bidiboo.eu\/wp-content\/uploads\/2024\/08\/Photoroom_20240830_095338.jpg\" \/>\n\t<meta property=\"og:image:width\" content=\"2000\" \/>\n\t<meta property=\"og:image:height\" content=\"2000\" \/>\n\t<meta property=\"og:image:type\" content=\"image\/jpeg\" \/>\n<meta name=\"twitter:card\" content=\"summary_large_image\" \/>\n<script type=\"application\/ld+json\" class=\"yoast-schema-graph\">{\"@context\":\"https:\/\/schema.org\",\"@graph\":[{\"@type\":\"WebPage\",\"@id\":\"https:\/\/bidiboo.eu\/produit\/bonnet-chullo-rib-rose\/\",\"url\":\"https:\/\/bidiboo.eu\/produit\/bonnet-chullo-rib-rose\/\",\"name\":\"Bonnet chullo rib rose - BidiBoo\",\"isPartOf\":{\"@id\":\"https:\/\/bidiboo.eu\/#website\"},\"primaryImageOfPage\":{\"@id\":\"https:\/\/bidiboo.eu\/produit\/bonnet-chullo-rib-rose\/#primaryimage\"},\"image\":{\"@id\":\"https:\/\/bidiboo.eu\/produit\/bonnet-chullo-rib-rose\/#primaryimage\"},\"thumbnailUrl\":\"https:\/\/bidiboo.eu\/wp-content\/uploads\/2024\/08\/Photoroom_20240830_095338.jpg\",\"datePublished\":\"2024-08-30T08:03:37+00:00\",\"dateModified\":\"2024-08-30T08:09:06+00:00\",\"breadcrumb\":{\"@id\":\"https:\/\/bidiboo.eu\/produit\/bonnet-chullo-rib-rose\/#breadcrumb\"},\"inLanguage\":\"nl-BE\",\"potentialAction\":[{\"@type\":\"ReadAction\",\"target\":[\"https:\/\/bidiboo.eu\/produit\/bonnet-chullo-rib-rose\/\"]}]},{\"@type\":\"ImageObject\",\"inLanguage\":\"nl-BE\",\"@id\":\"https:\/\/bidiboo.eu\/produit\/bonnet-chullo-rib-rose\/#primaryimage\",\"url\":\"https:\/\/bidiboo.eu\/wp-content\/uploads\/2024\/08\/Photoroom_20240830_095338.jpg\",\"contentUrl\":\"https:\/\/bidiboo.eu\/wp-content\/uploads\/2024\/08\/Photoroom_20240830_095338.jpg\",\"width\":2000,\"height\":2000},{\"@type\":\"BreadcrumbList\",\"@id\":\"https:\/\/bidiboo.eu\/produit\/bonnet-chullo-rib-rose\/#breadcrumb\",\"itemListElement\":[{\"@type\":\"ListItem\",\"position\":1,\"name\":\"Accueil\",\"item\":\"https:\/\/bidiboo.eu\/\"},{\"@type\":\"ListItem\",\"position\":2,\"name\":\"La Boutique Bidi&#8217;Boo\",\"item\":\"https:\/\/bidiboo.eu\/la-boutique-bidiboo\/\"},{\"@type\":\"ListItem\",\"position\":3,\"name\":\"Bonnet chullo rib rose\"}]},{\"@type\":\"WebSite\",\"@id\":\"https:\/\/bidiboo.eu\/#website\",\"url\":\"https:\/\/bidiboo.eu\/\",\"name\":\"BidiBoo\",\"description\":\"\",\"publisher\":{\"@id\":\"https:\/\/bidiboo.eu\/#organization\"},\"potentialAction\":[{\"@type\":\"SearchAction\",\"target\":{\"@type\":\"EntryPoint\",\"urlTemplate\":\"https:\/\/bidiboo.eu\/?s={search_term_string}\"},\"query-input\":{\"@type\":\"PropertyValueSpecification\",\"valueRequired\":true,\"valueName\":\"search_term_string\"}}],\"inLanguage\":\"nl-BE\"},{\"@type\":\"Organization\",\"@id\":\"https:\/\/bidiboo.eu\/#organization\",\"name\":\"Bidiboo\",\"url\":\"https:\/\/bidiboo.eu\/\",\"logo\":{\"@type\":\"ImageObject\",\"inLanguage\":\"nl-BE\",\"@id\":\"https:\/\/bidiboo.eu\/#\/schema\/logo\/image\/\",\"url\":\"https:\/\/bidiboo.eu\/wp-content\/uploads\/2022\/04\/Logo-BidiBoo.png\",\"contentUrl\":\"https:\/\/bidiboo.eu\/wp-content\/uploads\/2022\/04\/Logo-BidiBoo.png\",\"width\":941,\"height\":926,\"caption\":\"Bidiboo\"},\"image\":{\"@id\":\"https:\/\/bidiboo.eu\/#\/schema\/logo\/image\/\"},\"sameAs\":[\"https:\/\/www.facebook.com\/BidiBoocreations\",\"https:\/\/www.instagram.com\/bidiboo.creations\/\"]}]}<\/script>\n<!-- \/ Yoast SEO plugin. -->","yoast_head_json":{"title":"Bonnet chullo rib rose - BidiBoo","robots":{"index":"index","follow":"follow","max-snippet":"max-snippet:-1","max-image-preview":"max-image-preview:large","max-video-preview":"max-video-preview:-1"},"canonical":"https:\/\/bidiboo.eu\/nl\/product\/bonnet-chullo-rib-rose\/","og_locale":"nl_BE","og_type":"article","og_title":"Bonnet chullo rib rose - BidiBoo","og_description":"Bonnet Chullo d&rsquo;Hiver B\u00e9b\u00e9 Gardez votre b\u00e9b\u00e9 bien au chaud avec notre bonnet chullo d&rsquo;hiver. Ce mod\u00e8le est parfait pour les journ\u00e9es froides, offrant \u00e0 la fois chaleur et style. Avantages : Chaleur : Excellent pour les temps froids Confort : Doux et agr\u00e9able au toucher Protection : Couvre les oreilles et la nuque pour une chaleur maximale Les motifs et les dispositions peuvent l\u00e9g\u00e8rement varier d\u2019une cr\u00e9ation \u00e0 l\u2019autre, ce qui rend chaque bonnet unique et sp\u00e9cial.","og_url":"https:\/\/bidiboo.eu\/nl\/product\/bonnet-chullo-rib-rose\/","og_site_name":"BidiBoo","article_publisher":"https:\/\/www.facebook.com\/BidiBoocreations","article_modified_time":"2024-08-30T08:09:06+00:00","og_image":[{"width":2000,"height":2000,"url":"https:\/\/bidiboo.eu\/wp-content\/uploads\/2024\/08\/Photoroom_20240830_095338.jpg","type":"image\/jpeg"}],"twitter_card":"summary_large_image","schema":{"@context":"https:\/\/schema.org","@graph":[{"@type":"WebPage","@id":"https:\/\/bidiboo.eu\/produit\/bonnet-chullo-rib-rose\/","url":"https:\/\/bidiboo.eu\/produit\/bonnet-chullo-rib-rose\/","name":"Bonnet chullo rib rose - BidiBoo","isPartOf":{"@id":"https:\/\/bidiboo.eu\/#website"},"primaryImageOfPage":{"@id":"https:\/\/bidiboo.eu\/produit\/bonnet-chullo-rib-rose\/#primaryimage"},"image":{"@id":"https:\/\/bidiboo.eu\/produit\/bonnet-chullo-rib-rose\/#primaryimage"},"thumbnailUrl":"https:\/\/bidiboo.eu\/wp-content\/uploads\/2024\/08\/Photoroom_20240830_095338.jpg","datePublished":"2024-08-30T08:03:37+00:00","dateModified":"2024-08-30T08:09:06+00:00","breadcrumb":{"@id":"https:\/\/bidiboo.eu\/produit\/bonnet-chullo-rib-rose\/#breadcrumb"},"inLanguage":"nl-BE","potentialAction":[{"@type":"ReadAction","target":["https:\/\/bidiboo.eu\/produit\/bonnet-chullo-rib-rose\/"]}]},{"@type":"ImageObject","inLanguage":"nl-BE","@id":"https:\/\/bidiboo.eu\/produit\/bonnet-chullo-rib-rose\/#primaryimage","url":"https:\/\/bidiboo.eu\/wp-content\/uploads\/2024\/08\/Photoroom_20240830_095338.jpg","contentUrl":"https:\/\/bidiboo.eu\/wp-content\/uploads\/2024\/08\/Photoroom_20240830_095338.jpg","width":2000,"height":2000},{"@type":"BreadcrumbList","@id":"https:\/\/bidiboo.eu\/produit\/bonnet-chullo-rib-rose\/#breadcrumb","itemListElement":[{"@type":"ListItem","position":1,"name":"Accueil","item":"https:\/\/bidiboo.eu\/"},{"@type":"ListItem","position":2,"name":"La Boutique Bidi&#8217;Boo","item":"https:\/\/bidiboo.eu\/la-boutique-bidiboo\/"},{"@type":"ListItem","position":3,"name":"Bonnet chullo rib rose"}]},{"@type":"WebSite","@id":"https:\/\/bidiboo.eu\/#website","url":"https:\/\/bidiboo.eu\/","name":"BidiBoo","description":"","publisher":{"@id":"https:\/\/bidiboo.eu\/#organization"},"potentialAction":[{"@type":"SearchAction","target":{"@type":"EntryPoint","urlTemplate":"https:\/\/bidiboo.eu\/?s={search_term_string}"},"query-input":{"@type":"PropertyValueSpecification","valueRequired":true,"valueName":"search_term_string"}}],"inLanguage":"nl-BE"},{"@type":"Organization","@id":"https:\/\/bidiboo.eu\/#organization","name":"Bidiboo","url":"https:\/\/bidiboo.eu\/","logo":{"@type":"ImageObject","inLanguage":"nl-BE","@id":"https:\/\/bidiboo.eu\/#\/schema\/logo\/image\/","url":"https:\/\/bidiboo.eu\/wp-content\/uploads\/2022\/04\/Logo-BidiBoo.png","contentUrl":"https:\/\/bidiboo.eu\/wp-content\/uploads\/2022\/04\/Logo-BidiBoo.png","width":941,"height":926,"caption":"Bidiboo"},"image":{"@id":"https:\/\/bidiboo.eu\/#\/schema\/logo\/image\/"},"sameAs":["https:\/\/www.facebook.com\/BidiBoocreations","https:\/\/www.instagram.com\/bidiboo.creations\/"]}]}},"acf":[],"jetpack_likes_enabled":false,"_links":{"self":[{"href":"https:\/\/bidiboo.eu\/nl\/wp-json\/wp\/v2\/product\/21207","targetHints":{"allow":["GET"]}}],"collection":[{"href":"https:\/\/bidiboo.eu\/nl\/wp-json\/wp\/v2\/product"}],"about":[{"href":"https:\/\/bidiboo.eu\/nl\/wp-json\/wp\/v2\/types\/product"}],"replies":[{"embeddable":true,"href":"https:\/\/bidiboo.eu\/nl\/wp-json\/wp\/v2\/comments?post=21207"}],"version-history":[{"count":0,"href":"https:\/\/bidiboo.eu\/nl\/wp-json\/wp\/v2\/product\/21207\/revisions"}],"wp:featuredmedia":[{"embeddable":true,"href":"https:\/\/bidiboo.eu\/nl\/wp-json\/wp\/v2\/media\/21215"}],"wp:attachment":[{"href":"https:\/\/bidiboo.eu\/nl\/wp-json\/wp\/v2\/media?parent=21207"}],"wp:term":[{"taxonomy":"product_brand","embeddable":true,"href":"https:\/\/bidiboo.eu\/nl\/wp-json\/wp\/v2\/product_brand?post=21207"},{"taxonomy":"product_cat","embeddable":true,"href":"https:\/\/bidiboo.eu\/nl\/wp-json\/wp\/v2\/product_cat?post=21207"},{"taxonomy":"product_tag","embeddable":true,"href":"https:\/\/bidiboo.eu\/nl\/wp-json\/wp\/v2\/product_tag?post=21207"}],"curies":[{"name":"wp","href":"https:\/\/api.w.org\/{rel}","templated":true}]}}