{"id":19986,"date":"2024-05-27T19:06:20","date_gmt":"2024-05-27T17:06:20","guid":{"rendered":"https:\/\/bidiboo.eu\/?post_type=product&#038;p=19986"},"modified":"2025-09-01T21:49:24","modified_gmt":"2025-09-01T19:49:24","slug":"tapis-a-langer-de-bouclette-kaki","status":"publish","type":"product","link":"https:\/\/bidiboo.eu\/nl\/product\/tapis-a-langer-de-bouclette-kaki\/","title":{"rendered":"Kaki aankleedkussen van badstof"},"content":{"rendered":"<div class=\"woocommerce-tabs wc-tabs-wrapper\">\n<div id=\"tab-description\" class=\"woocommerce-Tabs-panel woocommerce-Tabs-panel--description panel entry-content wc-tab\" role=\"tabpanel\" aria-labelledby=\"tab-title-description\">\n<div class=\"kvgmc6g5 cxmmr5t8 oygrvhab hcukyx3x c1et5uql\">Ontdek onze<a href=\"https:\/\/bidiboo.eu\/nl\/product-category\/all\/voyage\/tapis-a-langer\/\"> aankleedkussen<\/a> reistas, het essenti\u00eble accessoire voor nomadische ouders!<\/div>\n<div class=\"kvgmc6g5 cxmmr5t8 oygrvhab hcukyx3x c1et5uql\">Gemakkelijk te vervoeren, zodat u uw baby veilig en comfortabel kunt verschonen, waar u ook bent.<\/div>\n<div><\/div>\n<div class=\"kvgmc6g5 cxmmr5t8 oygrvhab hcukyx3x c1et5uql\">Dankzij de twee praktische zakken heb je alles wat je nodig hebt om je kleintje te verschonen bij de hand, zonder dat je een zware en grote tas hoeft mee te slepen.<\/div>\n<div class=\"kvgmc6g5 cxmmr5t8 oygrvhab hcukyx3x c1et5uql\">Kies voor functionaliteit en comfort met het reisaankleedkussen van <a href=\"https:\/\/www.facebook.com\/BidiBoocreations\">bidi&#039;boe<\/a> !<\/div>\n<div><\/div>\n<div>\n<div>Handgemaakt<\/div>\n<div>De patronen en hun arrangementen kunnen van creatie tot creatie vari\u00ebren vanwege hun ambachtelijke karakter<\/div>\n<\/div>\n<\/div>\n<\/div>","protected":false},"excerpt":{"rendered":"<p>D\u00e9couvrez notre tapis \u00e0 langer de voyage, l&rsquo;accessoire indispensable pour les parents nomades ! Facile \u00e0 transporter, il vous permettra de changer votre b\u00e9b\u00e9 en toute s\u00e9curit\u00e9 et confortablement, o\u00f9 que vous soyez. Ses deux poches pratiques vous permettront d&rsquo;avoir \u00e0 port\u00e9e de main tout ce dont vous avez besoin pour changer votre petit bout de chou, sans avoir \u00e0 transporter un sac lourd et encombrant. Optez pour la praticit\u00e9 et le confort, avec le tapis \u00e0 langer de voyage de bidi&rsquo;boo ! Fait main Les motifs et leurs dispositions peuvent varier d\u2019une cr\u00e9ation \u00e0 l\u2019autre en raison de leur caract\u00e8re artisanal<\/p>","protected":false},"featured_media":19904,"comment_status":"open","ping_status":"closed","template":"","meta":{"_editorskit_title_hidden":false,"_editorskit_reading_time":0,"_editorskit_is_block_options_detached":false,"_editorskit_block_options_position":"{}","inline_featured_image":false},"product_brand":[],"product_cat":[15,573,1069,134,132],"product_tag":[],"class_list":{"0":"post-19986","1":"product","2":"type-product","3":"status-publish","4":"has-post-thumbnail","6":"product_cat-all","7":"product_cat-bouclette","8":"product_cat-bouclette-kaki","9":"product_cat-tapis-a-langer","10":"product_cat-voyage","12":"first","13":"instock","14":"taxable","15":"shipping-taxable","16":"purchasable","17":"product-type-simple"},"yoast_head":"<!-- This site is optimized with the Yoast SEO plugin v25.7 - https:\/\/yoast.com\/wordpress\/plugins\/seo\/ -->\n<title>Tapis \u00e0 langer bouclette kaki - BidiBoo<\/title>\n<meta name=\"robots\" content=\"index, follow, max-snippet:-1, max-image-preview:large, max-video-preview:-1\" \/>\n<link rel=\"canonical\" href=\"https:\/\/bidiboo.eu\/nl\/product\/tapis-a-langer-de-bouclette-kaki\/\" \/>\n<meta property=\"og:locale\" content=\"nl_BE\" \/>\n<meta property=\"og:type\" content=\"article\" \/>\n<meta property=\"og:title\" content=\"Tapis \u00e0 langer bouclette kaki - BidiBoo\" \/>\n<meta property=\"og:description\" content=\"D\u00e9couvrez notre tapis \u00e0 langer de voyage, l&rsquo;accessoire indispensable pour les parents nomades ! Facile \u00e0 transporter, il vous permettra de changer votre b\u00e9b\u00e9 en toute s\u00e9curit\u00e9 et confortablement, o\u00f9 que vous soyez. Ses deux poches pratiques vous permettront d&rsquo;avoir \u00e0 port\u00e9e de main tout ce dont vous avez besoin pour changer votre petit bout de chou, sans avoir \u00e0 transporter un sac lourd et encombrant. Optez pour la praticit\u00e9 et le confort, avec le tapis \u00e0 langer de voyage de bidi&rsquo;boo ! Fait main Les motifs et leurs dispositions peuvent varier d\u2019une cr\u00e9ation \u00e0 l\u2019autre en raison de leur caract\u00e8re artisanal\" \/>\n<meta property=\"og:url\" content=\"https:\/\/bidiboo.eu\/nl\/product\/tapis-a-langer-de-bouclette-kaki\/\" \/>\n<meta property=\"og:site_name\" content=\"BidiBoo\" \/>\n<meta property=\"article:publisher\" content=\"https:\/\/www.facebook.com\/BidiBoocreations\" \/>\n<meta property=\"article:modified_time\" content=\"2025-09-01T19:49:24+00:00\" \/>\n<meta property=\"og:image\" content=\"https:\/\/bidiboo.eu\/wp-content\/uploads\/2024\/05\/Photoroom_20240521_212713.jpg\" \/>\n\t<meta property=\"og:image:width\" content=\"2000\" \/>\n\t<meta property=\"og:image:height\" content=\"2000\" \/>\n\t<meta property=\"og:image:type\" content=\"image\/jpeg\" \/>\n<meta name=\"twitter:card\" content=\"summary_large_image\" \/>\n<meta name=\"twitter:label1\" content=\"Geschatte leestijd\" \/>\n\t<meta name=\"twitter:data1\" content=\"1 minuut\" \/>\n<script type=\"application\/ld+json\" class=\"yoast-schema-graph\">{\"@context\":\"https:\/\/schema.org\",\"@graph\":[{\"@type\":\"WebPage\",\"@id\":\"https:\/\/bidiboo.eu\/produit\/tapis-a-langer-de-bouclette-kaki\/\",\"url\":\"https:\/\/bidiboo.eu\/produit\/tapis-a-langer-de-bouclette-kaki\/\",\"name\":\"Tapis \u00e0 langer bouclette kaki - BidiBoo\",\"isPartOf\":{\"@id\":\"https:\/\/bidiboo.eu\/#website\"},\"primaryImageOfPage\":{\"@id\":\"https:\/\/bidiboo.eu\/produit\/tapis-a-langer-de-bouclette-kaki\/#primaryimage\"},\"image\":{\"@id\":\"https:\/\/bidiboo.eu\/produit\/tapis-a-langer-de-bouclette-kaki\/#primaryimage\"},\"thumbnailUrl\":\"https:\/\/bidiboo.eu\/wp-content\/uploads\/2024\/05\/Photoroom_20240521_212713.jpg\",\"datePublished\":\"2024-05-27T17:06:20+00:00\",\"dateModified\":\"2025-09-01T19:49:24+00:00\",\"breadcrumb\":{\"@id\":\"https:\/\/bidiboo.eu\/produit\/tapis-a-langer-de-bouclette-kaki\/#breadcrumb\"},\"inLanguage\":\"nl-BE\",\"potentialAction\":[{\"@type\":\"ReadAction\",\"target\":[\"https:\/\/bidiboo.eu\/produit\/tapis-a-langer-de-bouclette-kaki\/\"]}]},{\"@type\":\"ImageObject\",\"inLanguage\":\"nl-BE\",\"@id\":\"https:\/\/bidiboo.eu\/produit\/tapis-a-langer-de-bouclette-kaki\/#primaryimage\",\"url\":\"https:\/\/bidiboo.eu\/wp-content\/uploads\/2024\/05\/Photoroom_20240521_212713.jpg\",\"contentUrl\":\"https:\/\/bidiboo.eu\/wp-content\/uploads\/2024\/05\/Photoroom_20240521_212713.jpg\",\"width\":2000,\"height\":2000},{\"@type\":\"BreadcrumbList\",\"@id\":\"https:\/\/bidiboo.eu\/produit\/tapis-a-langer-de-bouclette-kaki\/#breadcrumb\",\"itemListElement\":[{\"@type\":\"ListItem\",\"position\":1,\"name\":\"Accueil\",\"item\":\"https:\/\/bidiboo.eu\/\"},{\"@type\":\"ListItem\",\"position\":2,\"name\":\"La Boutique Bidi&#8217;Boo\",\"item\":\"https:\/\/bidiboo.eu\/la-boutique-bidiboo\/\"},{\"@type\":\"ListItem\",\"position\":3,\"name\":\"Tapis \u00e0 langer bouclette kaki\"}]},{\"@type\":\"WebSite\",\"@id\":\"https:\/\/bidiboo.eu\/#website\",\"url\":\"https:\/\/bidiboo.eu\/\",\"name\":\"BidiBoo\",\"description\":\"\",\"publisher\":{\"@id\":\"https:\/\/bidiboo.eu\/#organization\"},\"potentialAction\":[{\"@type\":\"SearchAction\",\"target\":{\"@type\":\"EntryPoint\",\"urlTemplate\":\"https:\/\/bidiboo.eu\/?s={search_term_string}\"},\"query-input\":{\"@type\":\"PropertyValueSpecification\",\"valueRequired\":true,\"valueName\":\"search_term_string\"}}],\"inLanguage\":\"nl-BE\"},{\"@type\":\"Organization\",\"@id\":\"https:\/\/bidiboo.eu\/#organization\",\"name\":\"Bidiboo\",\"url\":\"https:\/\/bidiboo.eu\/\",\"logo\":{\"@type\":\"ImageObject\",\"inLanguage\":\"nl-BE\",\"@id\":\"https:\/\/bidiboo.eu\/#\/schema\/logo\/image\/\",\"url\":\"https:\/\/bidiboo.eu\/wp-content\/uploads\/2022\/04\/Logo-BidiBoo.png\",\"contentUrl\":\"https:\/\/bidiboo.eu\/wp-content\/uploads\/2022\/04\/Logo-BidiBoo.png\",\"width\":941,\"height\":926,\"caption\":\"Bidiboo\"},\"image\":{\"@id\":\"https:\/\/bidiboo.eu\/#\/schema\/logo\/image\/\"},\"sameAs\":[\"https:\/\/www.facebook.com\/BidiBoocreations\",\"https:\/\/www.instagram.com\/bidiboo.creations\/\"]}]}<\/script>\n<!-- \/ Yoast SEO plugin. -->","yoast_head_json":{"title":"Tapis \u00e0 langer bouclette kaki - BidiBoo","robots":{"index":"index","follow":"follow","max-snippet":"max-snippet:-1","max-image-preview":"max-image-preview:large","max-video-preview":"max-video-preview:-1"},"canonical":"https:\/\/bidiboo.eu\/nl\/product\/tapis-a-langer-de-bouclette-kaki\/","og_locale":"nl_BE","og_type":"article","og_title":"Tapis \u00e0 langer bouclette kaki - BidiBoo","og_description":"D\u00e9couvrez notre tapis \u00e0 langer de voyage, l&rsquo;accessoire indispensable pour les parents nomades ! Facile \u00e0 transporter, il vous permettra de changer votre b\u00e9b\u00e9 en toute s\u00e9curit\u00e9 et confortablement, o\u00f9 que vous soyez. Ses deux poches pratiques vous permettront d&rsquo;avoir \u00e0 port\u00e9e de main tout ce dont vous avez besoin pour changer votre petit bout de chou, sans avoir \u00e0 transporter un sac lourd et encombrant. Optez pour la praticit\u00e9 et le confort, avec le tapis \u00e0 langer de voyage de bidi&rsquo;boo ! Fait main Les motifs et leurs dispositions peuvent varier d\u2019une cr\u00e9ation \u00e0 l\u2019autre en raison de leur caract\u00e8re artisanal","og_url":"https:\/\/bidiboo.eu\/nl\/product\/tapis-a-langer-de-bouclette-kaki\/","og_site_name":"BidiBoo","article_publisher":"https:\/\/www.facebook.com\/BidiBoocreations","article_modified_time":"2025-09-01T19:49:24+00:00","og_image":[{"width":2000,"height":2000,"url":"https:\/\/bidiboo.eu\/wp-content\/uploads\/2024\/05\/Photoroom_20240521_212713.jpg","type":"image\/jpeg"}],"twitter_card":"summary_large_image","twitter_misc":{"Geschatte leestijd":"1 minuut"},"schema":{"@context":"https:\/\/schema.org","@graph":[{"@type":"WebPage","@id":"https:\/\/bidiboo.eu\/produit\/tapis-a-langer-de-bouclette-kaki\/","url":"https:\/\/bidiboo.eu\/produit\/tapis-a-langer-de-bouclette-kaki\/","name":"Tapis \u00e0 langer bouclette kaki - BidiBoo","isPartOf":{"@id":"https:\/\/bidiboo.eu\/#website"},"primaryImageOfPage":{"@id":"https:\/\/bidiboo.eu\/produit\/tapis-a-langer-de-bouclette-kaki\/#primaryimage"},"image":{"@id":"https:\/\/bidiboo.eu\/produit\/tapis-a-langer-de-bouclette-kaki\/#primaryimage"},"thumbnailUrl":"https:\/\/bidiboo.eu\/wp-content\/uploads\/2024\/05\/Photoroom_20240521_212713.jpg","datePublished":"2024-05-27T17:06:20+00:00","dateModified":"2025-09-01T19:49:24+00:00","breadcrumb":{"@id":"https:\/\/bidiboo.eu\/produit\/tapis-a-langer-de-bouclette-kaki\/#breadcrumb"},"inLanguage":"nl-BE","potentialAction":[{"@type":"ReadAction","target":["https:\/\/bidiboo.eu\/produit\/tapis-a-langer-de-bouclette-kaki\/"]}]},{"@type":"ImageObject","inLanguage":"nl-BE","@id":"https:\/\/bidiboo.eu\/produit\/tapis-a-langer-de-bouclette-kaki\/#primaryimage","url":"https:\/\/bidiboo.eu\/wp-content\/uploads\/2024\/05\/Photoroom_20240521_212713.jpg","contentUrl":"https:\/\/bidiboo.eu\/wp-content\/uploads\/2024\/05\/Photoroom_20240521_212713.jpg","width":2000,"height":2000},{"@type":"BreadcrumbList","@id":"https:\/\/bidiboo.eu\/produit\/tapis-a-langer-de-bouclette-kaki\/#breadcrumb","itemListElement":[{"@type":"ListItem","position":1,"name":"Accueil","item":"https:\/\/bidiboo.eu\/"},{"@type":"ListItem","position":2,"name":"La Boutique Bidi&#8217;Boo","item":"https:\/\/bidiboo.eu\/la-boutique-bidiboo\/"},{"@type":"ListItem","position":3,"name":"Tapis \u00e0 langer bouclette kaki"}]},{"@type":"WebSite","@id":"https:\/\/bidiboo.eu\/#website","url":"https:\/\/bidiboo.eu\/","name":"BidiBoo","description":"","publisher":{"@id":"https:\/\/bidiboo.eu\/#organization"},"potentialAction":[{"@type":"SearchAction","target":{"@type":"EntryPoint","urlTemplate":"https:\/\/bidiboo.eu\/?s={search_term_string}"},"query-input":{"@type":"PropertyValueSpecification","valueRequired":true,"valueName":"search_term_string"}}],"inLanguage":"nl-BE"},{"@type":"Organization","@id":"https:\/\/bidiboo.eu\/#organization","name":"Bidiboo","url":"https:\/\/bidiboo.eu\/","logo":{"@type":"ImageObject","inLanguage":"nl-BE","@id":"https:\/\/bidiboo.eu\/#\/schema\/logo\/image\/","url":"https:\/\/bidiboo.eu\/wp-content\/uploads\/2022\/04\/Logo-BidiBoo.png","contentUrl":"https:\/\/bidiboo.eu\/wp-content\/uploads\/2022\/04\/Logo-BidiBoo.png","width":941,"height":926,"caption":"Bidiboo"},"image":{"@id":"https:\/\/bidiboo.eu\/#\/schema\/logo\/image\/"},"sameAs":["https:\/\/www.facebook.com\/BidiBoocreations","https:\/\/www.instagram.com\/bidiboo.creations\/"]}]}},"acf":[],"jetpack_likes_enabled":false,"_links":{"self":[{"href":"https:\/\/bidiboo.eu\/nl\/wp-json\/wp\/v2\/product\/19986","targetHints":{"allow":["GET"]}}],"collection":[{"href":"https:\/\/bidiboo.eu\/nl\/wp-json\/wp\/v2\/product"}],"about":[{"href":"https:\/\/bidiboo.eu\/nl\/wp-json\/wp\/v2\/types\/product"}],"replies":[{"embeddable":true,"href":"https:\/\/bidiboo.eu\/nl\/wp-json\/wp\/v2\/comments?post=19986"}],"version-history":[{"count":0,"href":"https:\/\/bidiboo.eu\/nl\/wp-json\/wp\/v2\/product\/19986\/revisions"}],"wp:featuredmedia":[{"embeddable":true,"href":"https:\/\/bidiboo.eu\/nl\/wp-json\/wp\/v2\/media\/19904"}],"wp:attachment":[{"href":"https:\/\/bidiboo.eu\/nl\/wp-json\/wp\/v2\/media?parent=19986"}],"wp:term":[{"taxonomy":"product_brand","embeddable":true,"href":"https:\/\/bidiboo.eu\/nl\/wp-json\/wp\/v2\/product_brand?post=19986"},{"taxonomy":"product_cat","embeddable":true,"href":"https:\/\/bidiboo.eu\/nl\/wp-json\/wp\/v2\/product_cat?post=19986"},{"taxonomy":"product_tag","embeddable":true,"href":"https:\/\/bidiboo.eu\/nl\/wp-json\/wp\/v2\/product_tag?post=19986"}],"curies":[{"name":"wp","href":"https:\/\/api.w.org\/{rel}","templated":true}]}}