{"id":19969,"date":"2024-05-27T18:34:04","date_gmt":"2024-05-27T16:34:04","guid":{"rendered":"https:\/\/bidiboo.eu\/?post_type=product&#038;p=19969"},"modified":"2025-12-19T06:07:10","modified_gmt":"2025-12-19T05:07:10","slug":"bavoir-0-12mois-kenya","status":"publish","type":"product","link":"https:\/\/bidiboo.eu\/nl\/product\/bavoir-0-12mois-kenya\/","title":{"rendered":"Slab 0-12 maanden Kenia"},"content":{"rendered":"<h4>Bidi&#039;Boo slabbetje 0-12 maanden: Perfecte bescherming vanaf de geboorte!<\/h4>\n<p>Bereid je voor op vlekvrije maaltijden met ons slabbetje, speciaal ontworpen voor baby&#039;s van 0 tot 12 maanden. Dankzij de drukknoopsluiting en de ambachtelijke productie is dit slabbetje zowel praktisch als uniek.<\/p>\n<h4>Gemakkelijke sluiting voor een perfecte pasvorm<\/h4>\n<p>Ons slabbetje heeft een drukknoopsluiting waardoor hij gemakkelijk en snel te verstellen is. Geen gedoe meer met ingewikkelde knopen of stropdassen. In een handomdraai is je baby, zonder gedoe, klaar voor zijn maaltijd.<\/p>\n<h4>Handgemaakt met liefde voor een ambachtelijke touch<\/h4>\n<p><a href=\"https:\/\/bidiboo.eu\/nl\/a-propos-de-bidiboo\/\">Bij Bidi&#039;Boo<\/a>, we steken heel ons hart in het maken <a href=\"https:\/\/bidiboo.eu\/nl\/product-category\/all\/manger\/bavoirs\/\">elk slabbetje<\/a>. Elk stuk is met liefde handgemaakt, waardoor het een uniek en bijzonder product is. De patronen en hun arrangementen kunnen vari\u00ebren van creatie tot creatie, waardoor elk slabbetje een vleugje originaliteit krijgt.<\/p>\n<p>Als je op zoek bent naar een functioneel, praktisch en uniek slabbetje, dan is ons slabbetje voor 0-12 maanden iets voor jou. Het biedt optimale bescherming tegen vlekken en is dankzij de kliksluiting eenvoudig in gebruik. Bovendien geeft de ambachtelijke productie het een charmante en originele esthetiek.<\/p>\n<h4>Houd de kleding van uw baby vlekkeloos<\/h4>\n<p>Wij begrijpen hoe frustrerend het kan zijn om bij elke maaltijd vlekken op de kleding van uw baby te zien. Ons slabbetje is speciaal ontworpen om deze incidenten te voorkomen. Het bedekt het torsogebied goed en biedt maximale bescherming tegen voedselspatten.<\/p>\n<h4>Een uniek cadeau voor nieuwe ouders<\/h4>\n<p>Als u op zoek bent naar<strong> een bijzonder geschenk<\/strong> Voor vrienden of familieleden die een baby verwachten, is ons slabbetje voor 0-12 maanden een perfecte keuze. Het vakmanschap geeft het extra sentimentele waarde, terwijl de functionaliteit het tot een praktisch en nuttig geschenk maakt.<\/p>\n<p>Laat vlekken de maaltijden van uw baby niet opnieuw verpesten. Kies voor ons slabbetje voor 0-12 maanden, voorzien van een praktische kliksluiting en liefdevol handgemaakt. Elk slabbetje is uniek, met patronen en arrangementen die per creatie kunnen vari\u00ebren. Geef uw baby een onberispelijke bescherming en voeg een vleugje originaliteit toe aan elke maaltijd. Koop nu ons slabbetje voor 0-12 maanden en geniet van een vlekvrije ervaring voor jou en je baby!<\/p>\n<p>Volg ons op <a href=\"https:\/\/www.facebook.com\/BidiBoocreations\">onze netwerken \ud83d\ude42\u00a0<\/a><\/p>","protected":false},"excerpt":{"rendered":"<p>Bavoir Bidi&rsquo;Boo 0-12 mois : Une protection parfaite d\u00e8s la naissance ! Pr\u00e9parez-vous \u00e0 passer des repas sans taches gr\u00e2ce \u00e0 notre bavoir sp\u00e9cialement con\u00e7u pour les b\u00e9b\u00e9s de 0 \u00e0 12 mois. Avec sa fermeture par pressions et sa fabrication artisanale, ce bavoir est \u00e0 la fois pratique et unique. Une fermeture facile pour un ajustement parfait Notre bavoir est dot\u00e9 d&rsquo;une fermeture par pressions qui permet un ajustement facile et rapide. Plus besoin de vous battre avec des n\u0153uds ou des liens compliqu\u00e9s. En un instant, votre b\u00e9b\u00e9 sera pr\u00eat pour son repas, sans aucun tracas. Fait main avec amour pour une touche artisanale Chez Bidi&rsquo;Boo, nous mettons tout notre c\u0153ur dans la fabrication de chaque bavoir. Chaque pi\u00e8ce est faite \u00e0 la main avec amour, ce qui en fait un produit unique et sp\u00e9cial. Les motifs et leurs dispositions peuvent varier d&rsquo;une cr\u00e9ation \u00e0 l&rsquo;autre, ajoutant une touche d&rsquo;originalit\u00e9 \u00e0 chaque bavoir. Si vous recherchez un bavoir fonctionnel, pratique et unique, notre bavoir 0-12 mois est fait pour vous. Il offre une protection optimale contre les taches tout en \u00e9tant facile \u00e0 utiliser gr\u00e2ce \u00e0 sa fermeture par pressions. De plus, sa fabrication artisanale lui conf\u00e8re une esth\u00e9tique charmante et originale. Gardez les v\u00eatements de votre b\u00e9b\u00e9 impeccables Nous comprenons \u00e0 quel point il peut \u00eatre frustrant de voir les v\u00eatements de votre b\u00e9b\u00e9 se tacher \u00e0 chaque repas. Notre bavoir est con\u00e7u sp\u00e9cialement pour \u00e9viter ces incidents. Il couvre bien la zone du torse, offrant ainsi une protection maximale contre les \u00e9claboussures de nourriture. Un cadeau unique pour les nouveaux parents Si vous recherchez un cadeau sp\u00e9cial pour des amis ou des proches qui attendent un b\u00e9b\u00e9, notre bavoir 0-12 mois est un choix parfait. Sa fabrication artisanale lui conf\u00e8re une valeur sentimentale suppl\u00e9mentaire, tandis que sa fonctionnalit\u00e9 en fait un cadeau pratique et utile. Ne laissez plus les taches g\u00e2cher les repas de votre b\u00e9b\u00e9. Optez pour notre bavoir 0-12 mois, dot\u00e9 d&rsquo;une fermeture pratique par pressions et fabriqu\u00e9 \u00e0 la main avec amour. Chaque bavoir est unique, avec des motifs et des dispositions qui peuvent varier d&rsquo;une cr\u00e9ation \u00e0 l&rsquo;autre. Offrez \u00e0 votre b\u00e9b\u00e9 une protection impeccable et ajoutez une touche d&rsquo;originalit\u00e9 \u00e0 chaque repas. Achetez d\u00e8s maintenant notre bavoir 0-12 mois et profitez d&rsquo;une exp\u00e9rience sans taches pour vous et votre b\u00e9b\u00e9 ! suivez-nous sur nos r\u00e9seaux \ud83d\ude42\u00a0<\/p>","protected":false},"featured_media":19956,"comment_status":"open","ping_status":"closed","template":"","meta":{"_editorskit_title_hidden":false,"_editorskit_reading_time":0,"_editorskit_is_block_options_detached":false,"_editorskit_block_options_position":"{}","inline_featured_image":false},"product_brand":[],"product_cat":[15,153,984,152],"product_tag":[],"class_list":{"0":"post-19969","1":"product","2":"type-product","3":"status-publish","4":"has-post-thumbnail","6":"product_cat-all","7":"product_cat-bavoirs","8":"product_cat-kenya","9":"product_cat-manger","11":"first","12":"instock","13":"taxable","14":"shipping-taxable","15":"purchasable","16":"product-type-simple"},"yoast_head":"<!-- This site is optimized with the Yoast SEO plugin v25.7 - https:\/\/yoast.com\/wordpress\/plugins\/seo\/ -->\n<title>Bavoir 0-12mois Kenya - BidiBoo -100% made in BELGIUM<\/title>\n<meta name=\"description\" content=\"Achetez notre bavoir 0-12 mois fait main, id\u00e9al d\u00e8s la naissance, pour des repas sans taches. Fermeture pratique, motifs uniques.\" \/>\n<meta name=\"robots\" content=\"index, follow, max-snippet:-1, max-image-preview:large, max-video-preview:-1\" \/>\n<link rel=\"canonical\" href=\"https:\/\/bidiboo.eu\/nl\/product\/bavoir-0-12mois-kenya\/\" \/>\n<meta property=\"og:locale\" content=\"nl_BE\" \/>\n<meta property=\"og:type\" content=\"article\" \/>\n<meta property=\"og:title\" content=\"Bavoir 0-12mois Kenya - BidiBoo -100% made in BELGIUM\" \/>\n<meta property=\"og:description\" content=\"Achetez notre bavoir 0-12 mois fait main, id\u00e9al d\u00e8s la naissance, pour des repas sans taches. Fermeture pratique, motifs uniques.\" \/>\n<meta property=\"og:url\" content=\"https:\/\/bidiboo.eu\/nl\/product\/bavoir-0-12mois-kenya\/\" \/>\n<meta property=\"og:site_name\" content=\"BidiBoo\" \/>\n<meta property=\"article:publisher\" content=\"https:\/\/www.facebook.com\/BidiBoocreations\" \/>\n<meta property=\"article:modified_time\" content=\"2025-12-19T05:07:10+00:00\" \/>\n<meta property=\"og:image\" content=\"https:\/\/bidiboo.eu\/wp-content\/uploads\/2024\/05\/Photoroom_20240505_111818.jpg\" \/>\n\t<meta property=\"og:image:width\" content=\"2000\" \/>\n\t<meta property=\"og:image:height\" content=\"2000\" \/>\n\t<meta property=\"og:image:type\" content=\"image\/jpeg\" \/>\n<meta name=\"twitter:card\" content=\"summary_large_image\" \/>\n<meta name=\"twitter:label1\" content=\"Geschatte leestijd\" \/>\n\t<meta name=\"twitter:data1\" content=\"2 minuten\" \/>\n<script type=\"application\/ld+json\" class=\"yoast-schema-graph\">{\"@context\":\"https:\/\/schema.org\",\"@graph\":[{\"@type\":\"WebPage\",\"@id\":\"https:\/\/bidiboo.eu\/produit\/bavoir-0-12mois-kenya\/\",\"url\":\"https:\/\/bidiboo.eu\/produit\/bavoir-0-12mois-kenya\/\",\"name\":\"Bavoir 0-12mois Kenya - BidiBoo -100% made in BELGIUM\",\"isPartOf\":{\"@id\":\"https:\/\/bidiboo.eu\/#website\"},\"primaryImageOfPage\":{\"@id\":\"https:\/\/bidiboo.eu\/produit\/bavoir-0-12mois-kenya\/#primaryimage\"},\"image\":{\"@id\":\"https:\/\/bidiboo.eu\/produit\/bavoir-0-12mois-kenya\/#primaryimage\"},\"thumbnailUrl\":\"https:\/\/bidiboo.eu\/wp-content\/uploads\/2024\/05\/Photoroom_20240505_111818.jpg\",\"datePublished\":\"2024-05-27T16:34:04+00:00\",\"dateModified\":\"2025-12-19T05:07:10+00:00\",\"description\":\"Achetez notre bavoir 0-12 mois fait main, id\u00e9al d\u00e8s la naissance, pour des repas sans taches. Fermeture pratique, motifs uniques.\",\"breadcrumb\":{\"@id\":\"https:\/\/bidiboo.eu\/produit\/bavoir-0-12mois-kenya\/#breadcrumb\"},\"inLanguage\":\"nl-BE\",\"potentialAction\":[{\"@type\":\"ReadAction\",\"target\":[\"https:\/\/bidiboo.eu\/produit\/bavoir-0-12mois-kenya\/\"]}]},{\"@type\":\"ImageObject\",\"inLanguage\":\"nl-BE\",\"@id\":\"https:\/\/bidiboo.eu\/produit\/bavoir-0-12mois-kenya\/#primaryimage\",\"url\":\"https:\/\/bidiboo.eu\/wp-content\/uploads\/2024\/05\/Photoroom_20240505_111818.jpg\",\"contentUrl\":\"https:\/\/bidiboo.eu\/wp-content\/uploads\/2024\/05\/Photoroom_20240505_111818.jpg\",\"width\":2000,\"height\":2000},{\"@type\":\"BreadcrumbList\",\"@id\":\"https:\/\/bidiboo.eu\/produit\/bavoir-0-12mois-kenya\/#breadcrumb\",\"itemListElement\":[{\"@type\":\"ListItem\",\"position\":1,\"name\":\"Accueil\",\"item\":\"https:\/\/bidiboo.eu\/\"},{\"@type\":\"ListItem\",\"position\":2,\"name\":\"La Boutique Bidi&#8217;Boo\",\"item\":\"https:\/\/bidiboo.eu\/la-boutique-bidiboo\/\"},{\"@type\":\"ListItem\",\"position\":3,\"name\":\"Bavoir 0-12mois Kenya\"}]},{\"@type\":\"WebSite\",\"@id\":\"https:\/\/bidiboo.eu\/#website\",\"url\":\"https:\/\/bidiboo.eu\/\",\"name\":\"BidiBoo\",\"description\":\"\",\"publisher\":{\"@id\":\"https:\/\/bidiboo.eu\/#organization\"},\"potentialAction\":[{\"@type\":\"SearchAction\",\"target\":{\"@type\":\"EntryPoint\",\"urlTemplate\":\"https:\/\/bidiboo.eu\/?s={search_term_string}\"},\"query-input\":{\"@type\":\"PropertyValueSpecification\",\"valueRequired\":true,\"valueName\":\"search_term_string\"}}],\"inLanguage\":\"nl-BE\"},{\"@type\":\"Organization\",\"@id\":\"https:\/\/bidiboo.eu\/#organization\",\"name\":\"Bidiboo\",\"url\":\"https:\/\/bidiboo.eu\/\",\"logo\":{\"@type\":\"ImageObject\",\"inLanguage\":\"nl-BE\",\"@id\":\"https:\/\/bidiboo.eu\/#\/schema\/logo\/image\/\",\"url\":\"https:\/\/bidiboo.eu\/wp-content\/uploads\/2022\/04\/Logo-BidiBoo.png\",\"contentUrl\":\"https:\/\/bidiboo.eu\/wp-content\/uploads\/2022\/04\/Logo-BidiBoo.png\",\"width\":941,\"height\":926,\"caption\":\"Bidiboo\"},\"image\":{\"@id\":\"https:\/\/bidiboo.eu\/#\/schema\/logo\/image\/\"},\"sameAs\":[\"https:\/\/www.facebook.com\/BidiBoocreations\",\"https:\/\/www.instagram.com\/bidiboo.creations\/\"]}]}<\/script>\n<!-- \/ Yoast SEO plugin. -->","yoast_head_json":{"title":"Bavoir 0-12mois Kenya - BidiBoo -100% made in BELGIUM","description":"Achetez notre bavoir 0-12 mois fait main, id\u00e9al d\u00e8s la naissance, pour des repas sans taches. Fermeture pratique, motifs uniques.","robots":{"index":"index","follow":"follow","max-snippet":"max-snippet:-1","max-image-preview":"max-image-preview:large","max-video-preview":"max-video-preview:-1"},"canonical":"https:\/\/bidiboo.eu\/nl\/product\/bavoir-0-12mois-kenya\/","og_locale":"nl_BE","og_type":"article","og_title":"Bavoir 0-12mois Kenya - BidiBoo -100% made in BELGIUM","og_description":"Achetez notre bavoir 0-12 mois fait main, id\u00e9al d\u00e8s la naissance, pour des repas sans taches. Fermeture pratique, motifs uniques.","og_url":"https:\/\/bidiboo.eu\/nl\/product\/bavoir-0-12mois-kenya\/","og_site_name":"BidiBoo","article_publisher":"https:\/\/www.facebook.com\/BidiBoocreations","article_modified_time":"2025-12-19T05:07:10+00:00","og_image":[{"width":2000,"height":2000,"url":"https:\/\/bidiboo.eu\/wp-content\/uploads\/2024\/05\/Photoroom_20240505_111818.jpg","type":"image\/jpeg"}],"twitter_card":"summary_large_image","twitter_misc":{"Geschatte leestijd":"2 minuten"},"schema":{"@context":"https:\/\/schema.org","@graph":[{"@type":"WebPage","@id":"https:\/\/bidiboo.eu\/produit\/bavoir-0-12mois-kenya\/","url":"https:\/\/bidiboo.eu\/produit\/bavoir-0-12mois-kenya\/","name":"Bavoir 0-12mois Kenya - BidiBoo -100% made in BELGIUM","isPartOf":{"@id":"https:\/\/bidiboo.eu\/#website"},"primaryImageOfPage":{"@id":"https:\/\/bidiboo.eu\/produit\/bavoir-0-12mois-kenya\/#primaryimage"},"image":{"@id":"https:\/\/bidiboo.eu\/produit\/bavoir-0-12mois-kenya\/#primaryimage"},"thumbnailUrl":"https:\/\/bidiboo.eu\/wp-content\/uploads\/2024\/05\/Photoroom_20240505_111818.jpg","datePublished":"2024-05-27T16:34:04+00:00","dateModified":"2025-12-19T05:07:10+00:00","description":"Achetez notre bavoir 0-12 mois fait main, id\u00e9al d\u00e8s la naissance, pour des repas sans taches. Fermeture pratique, motifs uniques.","breadcrumb":{"@id":"https:\/\/bidiboo.eu\/produit\/bavoir-0-12mois-kenya\/#breadcrumb"},"inLanguage":"nl-BE","potentialAction":[{"@type":"ReadAction","target":["https:\/\/bidiboo.eu\/produit\/bavoir-0-12mois-kenya\/"]}]},{"@type":"ImageObject","inLanguage":"nl-BE","@id":"https:\/\/bidiboo.eu\/produit\/bavoir-0-12mois-kenya\/#primaryimage","url":"https:\/\/bidiboo.eu\/wp-content\/uploads\/2024\/05\/Photoroom_20240505_111818.jpg","contentUrl":"https:\/\/bidiboo.eu\/wp-content\/uploads\/2024\/05\/Photoroom_20240505_111818.jpg","width":2000,"height":2000},{"@type":"BreadcrumbList","@id":"https:\/\/bidiboo.eu\/produit\/bavoir-0-12mois-kenya\/#breadcrumb","itemListElement":[{"@type":"ListItem","position":1,"name":"Accueil","item":"https:\/\/bidiboo.eu\/"},{"@type":"ListItem","position":2,"name":"La Boutique Bidi&#8217;Boo","item":"https:\/\/bidiboo.eu\/la-boutique-bidiboo\/"},{"@type":"ListItem","position":3,"name":"Bavoir 0-12mois Kenya"}]},{"@type":"WebSite","@id":"https:\/\/bidiboo.eu\/#website","url":"https:\/\/bidiboo.eu\/","name":"BidiBoo","description":"","publisher":{"@id":"https:\/\/bidiboo.eu\/#organization"},"potentialAction":[{"@type":"SearchAction","target":{"@type":"EntryPoint","urlTemplate":"https:\/\/bidiboo.eu\/?s={search_term_string}"},"query-input":{"@type":"PropertyValueSpecification","valueRequired":true,"valueName":"search_term_string"}}],"inLanguage":"nl-BE"},{"@type":"Organization","@id":"https:\/\/bidiboo.eu\/#organization","name":"Bidiboo","url":"https:\/\/bidiboo.eu\/","logo":{"@type":"ImageObject","inLanguage":"nl-BE","@id":"https:\/\/bidiboo.eu\/#\/schema\/logo\/image\/","url":"https:\/\/bidiboo.eu\/wp-content\/uploads\/2022\/04\/Logo-BidiBoo.png","contentUrl":"https:\/\/bidiboo.eu\/wp-content\/uploads\/2022\/04\/Logo-BidiBoo.png","width":941,"height":926,"caption":"Bidiboo"},"image":{"@id":"https:\/\/bidiboo.eu\/#\/schema\/logo\/image\/"},"sameAs":["https:\/\/www.facebook.com\/BidiBoocreations","https:\/\/www.instagram.com\/bidiboo.creations\/"]}]}},"acf":[],"jetpack_likes_enabled":false,"_links":{"self":[{"href":"https:\/\/bidiboo.eu\/nl\/wp-json\/wp\/v2\/product\/19969","targetHints":{"allow":["GET"]}}],"collection":[{"href":"https:\/\/bidiboo.eu\/nl\/wp-json\/wp\/v2\/product"}],"about":[{"href":"https:\/\/bidiboo.eu\/nl\/wp-json\/wp\/v2\/types\/product"}],"replies":[{"embeddable":true,"href":"https:\/\/bidiboo.eu\/nl\/wp-json\/wp\/v2\/comments?post=19969"}],"version-history":[{"count":0,"href":"https:\/\/bidiboo.eu\/nl\/wp-json\/wp\/v2\/product\/19969\/revisions"}],"wp:featuredmedia":[{"embeddable":true,"href":"https:\/\/bidiboo.eu\/nl\/wp-json\/wp\/v2\/media\/19956"}],"wp:attachment":[{"href":"https:\/\/bidiboo.eu\/nl\/wp-json\/wp\/v2\/media?parent=19969"}],"wp:term":[{"taxonomy":"product_brand","embeddable":true,"href":"https:\/\/bidiboo.eu\/nl\/wp-json\/wp\/v2\/product_brand?post=19969"},{"taxonomy":"product_cat","embeddable":true,"href":"https:\/\/bidiboo.eu\/nl\/wp-json\/wp\/v2\/product_cat?post=19969"},{"taxonomy":"product_tag","embeddable":true,"href":"https:\/\/bidiboo.eu\/nl\/wp-json\/wp\/v2\/product_tag?post=19969"}],"curies":[{"name":"wp","href":"https:\/\/api.w.org\/{rel}","templated":true}]}}