{"id":18908,"date":"2024-03-15T10:36:11","date_gmt":"2024-03-15T09:36:11","guid":{"rendered":"https:\/\/bidiboo.eu\/?post_type=product&#038;p=18908"},"modified":"2026-03-15T20:34:30","modified_gmt":"2026-03-15T19:34:30","slug":"turban-noeud-blue-shadow","status":"publish","type":"product","link":"https:\/\/bidiboo.eu\/nl\/product\/turban-noeud-blue-shadow\/","title":{"rendered":"Blauwe schaduwknoop tulband"},"content":{"rendered":"<h2>Bescherm je baby in stijl tegen wind en zon met de Bidi&#039;Boo tulband!<\/h2>\n<p>Ontdekken <a href=\"https:\/\/bidiboo.eu\/nl\/product-category\/all\/collection-textile-by-bidiboo\/turban\/\">de Bidi&#039;Boo-tulband<\/a>, het perfecte accessoire om je baby te beschermen tegen wind en zon en tegelijkertijd een vleugje stijl aan zijn outfits toe te voegen. Met liefde gemaakt en ontworpen om optimaal comfort te bieden, is deze handgemaakte tulband een must-have vanaf de geboorte tot volwassen maat. Bovendien is het niet alleen beperkt tot baby&#039;s, het kan ook een waardevolle bron van comfort en elegantie zijn voor mensen die chemotherapie ondergaan.<\/p>\n<h2>Een geweldige stijl voor alle seizoenen<\/h2>\n<p><a href=\"https:\/\/bidiboo.eu\/nl\/product-category\/all\/collection-textile-by-bidiboo\/turban\/\">De Bidi&#039;Boo-tulband<\/a> biedt je een veelzijdige oplossing om je baby te beschermen tegen wind en zon en er tegelijkertijd trendy uit te zien. Of het nu gaat om een wandeling in de zomer, een koele dag in de lente, een herfstuitje of zelfs in de winter, deze tulband is ideaal in alle seizoenen.<\/p>\n<p>Dankzij het doordachte ontwerp past de Bidi&#039;Boo-tulband zich aan de outfits van uw kleintje aan en voegt een vleugje elegantie en persoonlijkheid toe. Met een verscheidenheid aan unieke kleuren en patronen is elke creatie een origineel, handgemaakt stuk dat een vleugje charme aan elke look toevoegt.<\/p>\n<h2>Comfort en liefde in elke creatie<\/h2>\n<p><a href=\"https:\/\/www.facebook.com\/BidiBoocreations\">Bij Bidi&#039;Boo<\/a>, besteden we speciale liefde en aandacht aan elke tulband die we met de hand maken. We gebruiken zachte, hoogwaardige stoffen om uw baby de hele dag optimaal comfort te garanderen.<\/p>\n<p>Elke Bidi&#039;Boo-tulband is uniek, met patronen en arrangementen die kunnen vari\u00ebren, waardoor het een speciaal en exclusief stuk is voor je baby. Wij geloven in de waarde van vakmanschap en elke creatie weerspiegelt onze toewijding om unieke kwaliteitsproducten te leveren.<\/p>\n<h3>Het is tijd om uw baby het onvergelijkbare comfort en de stijl van de Bidi&#039;Boo-tulband te bieden.<\/h3>\n<p>Bestel nu en laat je kleintje stralen met dit charmante accessoire. Bovendien brengt de Bidi&#039;Boo-tulband voor mensen die chemotherapie ondergaan zachtheid en elegantie tijdens deze beproeving.<\/p>\n<p>Zoek niet verder, de Bidi&#039;Boo tulband is het perfecte accessoire om je baby in stijl te beschermen tegen wind en zon. Gemaakt met liefde en aandacht voor detail, elke tulband is uniek en voegt een vleugje vakmanschap toe aan elke outfit. Bestel nu en geef je baby het comfort en de elegantie die hij verdient met de Bidi&#039;Boo tulband.<\/p>","protected":false},"excerpt":{"rendered":"<p>BY Bidi&rsquo;Boo<\/p>","protected":false},"featured_media":18913,"comment_status":"open","ping_status":"closed","template":"","meta":{"_editorskit_title_hidden":false,"_editorskit_reading_time":0,"_editorskit_is_block_options_detached":false,"_editorskit_block_options_position":"{}","inline_featured_image":false},"product_brand":[],"product_cat":[15,483,105,159],"product_tag":[314,471,473,472],"class_list":{"0":"post-18908","1":"product","2":"type-product","3":"status-publish","4":"has-post-thumbnail","6":"product_cat-all","7":"product_cat-accessoires","8":"product_cat-tidado-collection-bidiboo-bebe-enfant-maman","9":"product_cat-turban","10":"product_tag-turban","11":"product_tag-turban-bebe","12":"product_tag-turban-botanica","13":"product_tag-turban-maman","15":"first","16":"instock","17":"taxable","18":"shipping-taxable","19":"purchasable","20":"product-type-variable"},"yoast_head":"<!-- This site is optimized with the Yoast SEO plugin v25.7 - https:\/\/yoast.com\/wordpress\/plugins\/seo\/ -->\n<title>Turban noeud blue shadow - BidiBoo - bidi&#039;boo -wow!-la qualit\u00e9 et l&#039;\u00e9l\u00e9gance !<\/title>\n<meta name=\"description\" content=\"Turbans Bidi&#039;Boo : style et confort pour vos b\u00e9b\u00e9s ! Prot\u00e9gez-les du vent et du soleil avec \u00e9l\u00e9gance gr\u00e2ce \u00e0 nos turbans uniques et doux. L&#039;accessoire essentiel pour des tenues adorables.\" \/>\n<meta name=\"robots\" content=\"index, follow, max-snippet:-1, max-image-preview:large, max-video-preview:-1\" \/>\n<link rel=\"canonical\" href=\"https:\/\/bidiboo.eu\/nl\/product\/turban-noeud-blue-shadow\/\" \/>\n<meta property=\"og:locale\" content=\"nl_BE\" \/>\n<meta property=\"og:type\" content=\"article\" \/>\n<meta property=\"og:title\" content=\"Turban noeud blue shadow - BidiBoo - bidi&#039;boo -wow!-la qualit\u00e9 et l&#039;\u00e9l\u00e9gance !\" \/>\n<meta property=\"og:description\" content=\"Turbans Bidi&#039;Boo : style et confort pour vos b\u00e9b\u00e9s ! Prot\u00e9gez-les du vent et du soleil avec \u00e9l\u00e9gance gr\u00e2ce \u00e0 nos turbans uniques et doux. L&#039;accessoire essentiel pour des tenues adorables.\" \/>\n<meta property=\"og:url\" content=\"https:\/\/bidiboo.eu\/nl\/product\/turban-noeud-blue-shadow\/\" \/>\n<meta property=\"og:site_name\" content=\"BidiBoo\" \/>\n<meta property=\"article:publisher\" content=\"https:\/\/www.facebook.com\/BidiBoocreations\" \/>\n<meta property=\"article:modified_time\" content=\"2026-03-15T19:34:30+00:00\" \/>\n<meta property=\"og:image\" content=\"https:\/\/bidiboo.eu\/wp-content\/uploads\/2024\/03\/Photoroom_20240314_101459.jpg\" \/>\n\t<meta property=\"og:image:width\" content=\"2000\" \/>\n\t<meta property=\"og:image:height\" content=\"2000\" \/>\n\t<meta property=\"og:image:type\" content=\"image\/jpeg\" \/>\n<meta name=\"twitter:card\" content=\"summary_large_image\" \/>\n<meta name=\"twitter:label1\" content=\"Geschatte leestijd\" \/>\n\t<meta name=\"twitter:data1\" content=\"2 minuten\" \/>\n<script type=\"application\/ld+json\" class=\"yoast-schema-graph\">{\"@context\":\"https:\/\/schema.org\",\"@graph\":[{\"@type\":\"WebPage\",\"@id\":\"https:\/\/bidiboo.eu\/produit\/turban-noeud-blue-shadow\/\",\"url\":\"https:\/\/bidiboo.eu\/produit\/turban-noeud-blue-shadow\/\",\"name\":\"Turban noeud blue shadow - BidiBoo - bidi'boo -wow!-la qualit\u00e9 et l'\u00e9l\u00e9gance !\",\"isPartOf\":{\"@id\":\"https:\/\/bidiboo.eu\/#website\"},\"primaryImageOfPage\":{\"@id\":\"https:\/\/bidiboo.eu\/produit\/turban-noeud-blue-shadow\/#primaryimage\"},\"image\":{\"@id\":\"https:\/\/bidiboo.eu\/produit\/turban-noeud-blue-shadow\/#primaryimage\"},\"thumbnailUrl\":\"https:\/\/bidiboo.eu\/wp-content\/uploads\/2024\/03\/Photoroom_20240314_101459.jpg\",\"datePublished\":\"2024-03-15T09:36:11+00:00\",\"dateModified\":\"2026-03-15T19:34:30+00:00\",\"description\":\"Turbans Bidi'Boo : style et confort pour vos b\u00e9b\u00e9s ! Prot\u00e9gez-les du vent et du soleil avec \u00e9l\u00e9gance gr\u00e2ce \u00e0 nos turbans uniques et doux. L'accessoire essentiel pour des tenues adorables.\",\"breadcrumb\":{\"@id\":\"https:\/\/bidiboo.eu\/produit\/turban-noeud-blue-shadow\/#breadcrumb\"},\"inLanguage\":\"nl-BE\",\"potentialAction\":[{\"@type\":\"ReadAction\",\"target\":[\"https:\/\/bidiboo.eu\/produit\/turban-noeud-blue-shadow\/\"]}]},{\"@type\":\"ImageObject\",\"inLanguage\":\"nl-BE\",\"@id\":\"https:\/\/bidiboo.eu\/produit\/turban-noeud-blue-shadow\/#primaryimage\",\"url\":\"https:\/\/bidiboo.eu\/wp-content\/uploads\/2024\/03\/Photoroom_20240314_101459.jpg\",\"contentUrl\":\"https:\/\/bidiboo.eu\/wp-content\/uploads\/2024\/03\/Photoroom_20240314_101459.jpg\",\"width\":2000,\"height\":2000},{\"@type\":\"BreadcrumbList\",\"@id\":\"https:\/\/bidiboo.eu\/produit\/turban-noeud-blue-shadow\/#breadcrumb\",\"itemListElement\":[{\"@type\":\"ListItem\",\"position\":1,\"name\":\"Accueil\",\"item\":\"https:\/\/bidiboo.eu\/\"},{\"@type\":\"ListItem\",\"position\":2,\"name\":\"La Boutique Bidi&#8217;Boo\",\"item\":\"https:\/\/bidiboo.eu\/la-boutique-bidiboo\/\"},{\"@type\":\"ListItem\",\"position\":3,\"name\":\"Turban noeud blue shadow\"}]},{\"@type\":\"WebSite\",\"@id\":\"https:\/\/bidiboo.eu\/#website\",\"url\":\"https:\/\/bidiboo.eu\/\",\"name\":\"BidiBoo\",\"description\":\"\",\"publisher\":{\"@id\":\"https:\/\/bidiboo.eu\/#organization\"},\"potentialAction\":[{\"@type\":\"SearchAction\",\"target\":{\"@type\":\"EntryPoint\",\"urlTemplate\":\"https:\/\/bidiboo.eu\/?s={search_term_string}\"},\"query-input\":{\"@type\":\"PropertyValueSpecification\",\"valueRequired\":true,\"valueName\":\"search_term_string\"}}],\"inLanguage\":\"nl-BE\"},{\"@type\":\"Organization\",\"@id\":\"https:\/\/bidiboo.eu\/#organization\",\"name\":\"Bidiboo\",\"url\":\"https:\/\/bidiboo.eu\/\",\"logo\":{\"@type\":\"ImageObject\",\"inLanguage\":\"nl-BE\",\"@id\":\"https:\/\/bidiboo.eu\/#\/schema\/logo\/image\/\",\"url\":\"https:\/\/bidiboo.eu\/wp-content\/uploads\/2022\/04\/Logo-BidiBoo.png\",\"contentUrl\":\"https:\/\/bidiboo.eu\/wp-content\/uploads\/2022\/04\/Logo-BidiBoo.png\",\"width\":941,\"height\":926,\"caption\":\"Bidiboo\"},\"image\":{\"@id\":\"https:\/\/bidiboo.eu\/#\/schema\/logo\/image\/\"},\"sameAs\":[\"https:\/\/www.facebook.com\/BidiBoocreations\",\"https:\/\/www.instagram.com\/bidiboo.creations\/\"]}]}<\/script>\n<!-- \/ Yoast SEO plugin. -->","yoast_head_json":{"title":"Turban noeud blue shadow - BidiBoo - bidi'boo -wow!-la qualit\u00e9 et l'\u00e9l\u00e9gance !","description":"Turbans Bidi'Boo : style et confort pour vos b\u00e9b\u00e9s ! Prot\u00e9gez-les du vent et du soleil avec \u00e9l\u00e9gance gr\u00e2ce \u00e0 nos turbans uniques et doux. L'accessoire essentiel pour des tenues adorables.","robots":{"index":"index","follow":"follow","max-snippet":"max-snippet:-1","max-image-preview":"max-image-preview:large","max-video-preview":"max-video-preview:-1"},"canonical":"https:\/\/bidiboo.eu\/nl\/product\/turban-noeud-blue-shadow\/","og_locale":"nl_BE","og_type":"article","og_title":"Turban noeud blue shadow - BidiBoo - bidi'boo -wow!-la qualit\u00e9 et l'\u00e9l\u00e9gance !","og_description":"Turbans Bidi'Boo : style et confort pour vos b\u00e9b\u00e9s ! Prot\u00e9gez-les du vent et du soleil avec \u00e9l\u00e9gance gr\u00e2ce \u00e0 nos turbans uniques et doux. L'accessoire essentiel pour des tenues adorables.","og_url":"https:\/\/bidiboo.eu\/nl\/product\/turban-noeud-blue-shadow\/","og_site_name":"BidiBoo","article_publisher":"https:\/\/www.facebook.com\/BidiBoocreations","article_modified_time":"2026-03-15T19:34:30+00:00","og_image":[{"width":2000,"height":2000,"url":"https:\/\/bidiboo.eu\/wp-content\/uploads\/2024\/03\/Photoroom_20240314_101459.jpg","type":"image\/jpeg"}],"twitter_card":"summary_large_image","twitter_misc":{"Geschatte leestijd":"2 minuten"},"schema":{"@context":"https:\/\/schema.org","@graph":[{"@type":"WebPage","@id":"https:\/\/bidiboo.eu\/produit\/turban-noeud-blue-shadow\/","url":"https:\/\/bidiboo.eu\/produit\/turban-noeud-blue-shadow\/","name":"Turban noeud blue shadow - BidiBoo - bidi'boo -wow!-la qualit\u00e9 et l'\u00e9l\u00e9gance !","isPartOf":{"@id":"https:\/\/bidiboo.eu\/#website"},"primaryImageOfPage":{"@id":"https:\/\/bidiboo.eu\/produit\/turban-noeud-blue-shadow\/#primaryimage"},"image":{"@id":"https:\/\/bidiboo.eu\/produit\/turban-noeud-blue-shadow\/#primaryimage"},"thumbnailUrl":"https:\/\/bidiboo.eu\/wp-content\/uploads\/2024\/03\/Photoroom_20240314_101459.jpg","datePublished":"2024-03-15T09:36:11+00:00","dateModified":"2026-03-15T19:34:30+00:00","description":"Turbans Bidi'Boo : style et confort pour vos b\u00e9b\u00e9s ! Prot\u00e9gez-les du vent et du soleil avec \u00e9l\u00e9gance gr\u00e2ce \u00e0 nos turbans uniques et doux. L'accessoire essentiel pour des tenues adorables.","breadcrumb":{"@id":"https:\/\/bidiboo.eu\/produit\/turban-noeud-blue-shadow\/#breadcrumb"},"inLanguage":"nl-BE","potentialAction":[{"@type":"ReadAction","target":["https:\/\/bidiboo.eu\/produit\/turban-noeud-blue-shadow\/"]}]},{"@type":"ImageObject","inLanguage":"nl-BE","@id":"https:\/\/bidiboo.eu\/produit\/turban-noeud-blue-shadow\/#primaryimage","url":"https:\/\/bidiboo.eu\/wp-content\/uploads\/2024\/03\/Photoroom_20240314_101459.jpg","contentUrl":"https:\/\/bidiboo.eu\/wp-content\/uploads\/2024\/03\/Photoroom_20240314_101459.jpg","width":2000,"height":2000},{"@type":"BreadcrumbList","@id":"https:\/\/bidiboo.eu\/produit\/turban-noeud-blue-shadow\/#breadcrumb","itemListElement":[{"@type":"ListItem","position":1,"name":"Accueil","item":"https:\/\/bidiboo.eu\/"},{"@type":"ListItem","position":2,"name":"La Boutique Bidi&#8217;Boo","item":"https:\/\/bidiboo.eu\/la-boutique-bidiboo\/"},{"@type":"ListItem","position":3,"name":"Turban noeud blue shadow"}]},{"@type":"WebSite","@id":"https:\/\/bidiboo.eu\/#website","url":"https:\/\/bidiboo.eu\/","name":"BidiBoo","description":"","publisher":{"@id":"https:\/\/bidiboo.eu\/#organization"},"potentialAction":[{"@type":"SearchAction","target":{"@type":"EntryPoint","urlTemplate":"https:\/\/bidiboo.eu\/?s={search_term_string}"},"query-input":{"@type":"PropertyValueSpecification","valueRequired":true,"valueName":"search_term_string"}}],"inLanguage":"nl-BE"},{"@type":"Organization","@id":"https:\/\/bidiboo.eu\/#organization","name":"Bidiboo","url":"https:\/\/bidiboo.eu\/","logo":{"@type":"ImageObject","inLanguage":"nl-BE","@id":"https:\/\/bidiboo.eu\/#\/schema\/logo\/image\/","url":"https:\/\/bidiboo.eu\/wp-content\/uploads\/2022\/04\/Logo-BidiBoo.png","contentUrl":"https:\/\/bidiboo.eu\/wp-content\/uploads\/2022\/04\/Logo-BidiBoo.png","width":941,"height":926,"caption":"Bidiboo"},"image":{"@id":"https:\/\/bidiboo.eu\/#\/schema\/logo\/image\/"},"sameAs":["https:\/\/www.facebook.com\/BidiBoocreations","https:\/\/www.instagram.com\/bidiboo.creations\/"]}]}},"acf":[],"jetpack_likes_enabled":false,"_links":{"self":[{"href":"https:\/\/bidiboo.eu\/nl\/wp-json\/wp\/v2\/product\/18908","targetHints":{"allow":["GET"]}}],"collection":[{"href":"https:\/\/bidiboo.eu\/nl\/wp-json\/wp\/v2\/product"}],"about":[{"href":"https:\/\/bidiboo.eu\/nl\/wp-json\/wp\/v2\/types\/product"}],"replies":[{"embeddable":true,"href":"https:\/\/bidiboo.eu\/nl\/wp-json\/wp\/v2\/comments?post=18908"}],"version-history":[{"count":0,"href":"https:\/\/bidiboo.eu\/nl\/wp-json\/wp\/v2\/product\/18908\/revisions"}],"wp:featuredmedia":[{"embeddable":true,"href":"https:\/\/bidiboo.eu\/nl\/wp-json\/wp\/v2\/media\/18913"}],"wp:attachment":[{"href":"https:\/\/bidiboo.eu\/nl\/wp-json\/wp\/v2\/media?parent=18908"}],"wp:term":[{"taxonomy":"product_brand","embeddable":true,"href":"https:\/\/bidiboo.eu\/nl\/wp-json\/wp\/v2\/product_brand?post=18908"},{"taxonomy":"product_cat","embeddable":true,"href":"https:\/\/bidiboo.eu\/nl\/wp-json\/wp\/v2\/product_cat?post=18908"},{"taxonomy":"product_tag","embeddable":true,"href":"https:\/\/bidiboo.eu\/nl\/wp-json\/wp\/v2\/product_tag?post=18908"}],"curies":[{"name":"wp","href":"https:\/\/api.w.org\/{rel}","templated":true}]}}