{"id":18567,"date":"2024-03-01T15:28:02","date_gmt":"2024-03-01T14:28:02","guid":{"rendered":"https:\/\/bidiboo.eu\/?post_type=product&#038;p=18567"},"modified":"2025-09-14T18:24:45","modified_gmt":"2025-09-14T16:24:45","slug":"bonnet-lutin-to-the-moon","status":"publish","type":"product","link":"https:\/\/bidiboo.eu\/nl\/product\/bonnet-lutin-to-the-moon\/","title":{"rendered":"Naar de maan pixiehoed"},"content":{"rendered":"<h4>Bidi&#039;Boo Elfenhoed: comfort en stijl gecombineerd<\/h4>\n<p>De pixiehoed <strong>Bidi&#039;Boo<\/strong> is de perfecte keuze om te combineren <strong>comfort<\/strong> En <strong>stijl<\/strong>. Met zorg gemaakt<strong> met de hand<\/strong>Deze beanie is ontworpen om optimale warmte te bieden en tegelijkertijd een vleugje warmte toe te voegen <strong>charme<\/strong> bij de outfit van uw kind. Ontdek de magie van de elfenhoed en laat je kind zijn of haar mening uiten <strong>unieke stijl<\/strong>.<\/p>\n<h4>Onge\u00ebvenaard comfort:<\/h4>\n<p>De pixiehoed <strong>Bidi&#039;Boo<\/strong> is gemaakt met materialen van <strong>hoge kwaliteit<\/strong>, het garanderen van een<strong> snoep<\/strong> en een <strong>comfort<\/strong> onge\u00ebvenaard. Zijn speelse vorm en zijn<strong> nette stiksels<\/strong> pasvorm aanbieden <strong>Perfect<\/strong> en prettig voor het hoofdje van uw kind. Met deze hoed blijft je kind<strong> warm<\/strong>, of u nu buiten of binnen gaat.<\/p>\n<h4>Unieke stijl:<\/h4>\n<p>De pixiehoed heeft patronen en<strong> zachte kleuren<\/strong> die een vleugje fantasie toevoegen <strong>elke outfit<\/strong>. De details <strong>ambachtelijk<\/strong>, zoals de patronen en hun variabele arrangementen van de ene creatie naar de andere, geven elke hoed een tintje <strong>uniek<\/strong>. Hiermee zal uw kind opvallen <strong>originele hoed<\/strong> die jong en oud doet glimlachen.<\/p>\n<p>Geef je kind de Bidi&#039;Boo elfenhoed en laat hem of haar stralen <strong>stijl<\/strong> en van <strong>comfort.<\/strong> Bestel nu <strong>NU<\/strong> om je garderobe compleet te maken met dit essenti\u00eble en unieke stuk.<\/p>\n<h4>Handgemaakt met liefde:<\/h4>\n<p>Elke pixiehoed is dat wel <strong>diepgaand<\/strong> handgemaakt met<strong> Liefde<\/strong>. De vakmensen van Bidi&#039;Boo zorgen ervoor <strong>elk detail<\/strong>, waardoor er een limiet ontstaat van <strong>superieure kwaliteit<\/strong>. U kunt er zeker van zijn dat uw aankoop een uniek stuk is, gemaakt met <strong>zorg<\/strong> En <strong>aandacht<\/strong>.<\/p>\n<h4>Conclusie:<\/h4>\n<p>De Bidi&#039;Boo-pixiehoed is dat wel <strong>de ideale keuze<\/strong> om comfort en stijl voor uw kind te combineren. Met zijn levendige patronen en <strong>kwaliteit<\/strong> handgemaakt, het voegt een vleugje charme toe aan elke outfit. Mis dit niet<strong> mogelijkheid<\/strong> om uw kind een hoed aan te bieden waar hij zich goed bij voelt<strong> Op de plaats rust<\/strong> en geef hem <strong>vertrouwen<\/strong> qua geluid <strong>unieke stijl<\/strong>. Bestel nu en laat <strong>jouw kind<\/strong> schitter met de pixiehoed \u00a0<a href=\"https:\/\/www.facebook.com\/BidiBoocreations\">Bidi&#039;Boo<\/a>.<\/p>","protected":false},"excerpt":{"rendered":"<p>Bonnet Lutin \u00a0Bidi&rsquo;Boo : Confort et Style R\u00e9unis Le bonnet lutin de Bidi&rsquo;Boo est le choix parfait pour allier confort et style. Fabriqu\u00e9 avec soin \u00e0 la main, ce bonnet est con\u00e7u pour offrir une chaleur optimale tout en ajoutant une touche de charme \u00e0 la tenue de votre enfant. D\u00e9couvrez la magie du bonnet lutin et laissez votre enfant exprimer son style unique. Un Confort In\u00e9gal\u00e9: Le bonnet lutin Bidi&rsquo;Boo est confectionn\u00e9 avec des mat\u00e9riaux de haute qualit\u00e9, garantissant une douceur et un confort in\u00e9gal\u00e9s. Sa forme ludique et ses coutures soign\u00e9es offrent un ajustement parfait et agr\u00e9able pour la t\u00eate de votre enfant. Avec ce bonnet, votre enfant restera bien au chaud, que ce soit lors de sorties en plein air ou \u00e0 l&rsquo;int\u00e9rieur. Style Unique: Le bonnet lutin arbore des motifs et des couleurs douces qui ajoutent une touche de fantaisie \u00e0 chaque tenue. Les d\u00e9tails artisanaux, tels que les motifs et leurs dispositions variables d&rsquo;une cr\u00e9ation \u00e0 l&rsquo;autre, conf\u00e8rent \u00e0 chaque bonnet une touche unique. Votre enfant se d\u00e9marquera avec ce bonnet original qui fait sourire petits et grands. Offrez \u00e0 votre enfant le bonnet lutin \u00a0Bidi&rsquo;Boo et laissez-le rayonner de style et de confort. Commandez d\u00e8s maintenant pour compl\u00e9ter sa garde-robe avec cette pi\u00e8ce incontournable et unique. Fait Main avec Amour: Chaque bonnet lutin est soigneusement fait main avec amour. Les artisans de Bidi&rsquo;Boo veillent \u00e0 chaque d\u00e9tail, cr\u00e9ant ainsi un bonnet de qualit\u00e9 sup\u00e9rieure. Vous pouvez \u00eatre s\u00fbr que votre achat est une pi\u00e8ce unique, confectionn\u00e9e avec soin et attention. Conclusion: Le bonnet lutin Bidi&rsquo;Boo est le choix id\u00e9al pour allier confort et style pour votre enfant. Avec ses motifs vifs et sa qualit\u00e9 artisanale, il ajoutera une touche de charme \u00e0 toutes les tenues. Ne manquez pas cette opportunit\u00e9 d&rsquo;offrir \u00e0 votre enfant un bonnet qui le fera se sentir \u00e0 l&rsquo;aise et lui donnera confiance en son style unique. Commandez d\u00e8s maintenant et laissez votre enfant briller avec le bonnet lutin \u00a0Bidi&rsquo;Boo.<\/p>","protected":false},"featured_media":18528,"comment_status":"open","ping_status":"closed","template":"","meta":{"_editorskit_title_hidden":false,"_editorskit_reading_time":0,"_editorskit_is_block_options_detached":false,"_editorskit_block_options_position":"{}","inline_featured_image":false},"product_brand":[],"product_cat":[15,483,157,105,966],"product_tag":[360,386,299,476],"class_list":{"0":"post-18567","1":"product","2":"type-product","3":"status-publish","4":"has-post-thumbnail","6":"product_cat-all","7":"product_cat-accessoires","8":"product_cat-bonnet-lutin","9":"product_cat-tidado-collection-bidiboo-bebe-enfant-maman","10":"product_cat-to-the-moon","11":"product_tag-bonnet-bebe","12":"product_tag-bonnet-enfant","13":"product_tag-bonnet-lutin","14":"product_tag-bonnet-sia","16":"first","17":"instock","18":"taxable","19":"shipping-taxable","20":"purchasable","21":"product-type-variable"},"yoast_head":"<!-- This site is optimized with the Yoast SEO plugin v25.7 - https:\/\/yoast.com\/wordpress\/plugins\/seo\/ -->\n<title>Bonnet lutin To the moon - BidiBoo<\/title>\n<meta name=\"description\" content=\"D\u00e9couvrez le bonnet lutin Bidi&#039;Boo Nina : confortable, styl\u00e9 et fait main, pour ajouter une touche de charme \u00e0 la tenue de votre enfant.\" \/>\n<meta name=\"robots\" content=\"index, follow, max-snippet:-1, max-image-preview:large, max-video-preview:-1\" \/>\n<link rel=\"canonical\" href=\"https:\/\/bidiboo.eu\/nl\/product\/bonnet-lutin-to-the-moon\/\" \/>\n<meta property=\"og:locale\" content=\"nl_BE\" \/>\n<meta property=\"og:type\" content=\"article\" \/>\n<meta property=\"og:title\" content=\"Bonnet lutin To the moon - BidiBoo\" \/>\n<meta property=\"og:description\" content=\"D\u00e9couvrez le bonnet lutin Bidi&#039;Boo Nina : confortable, styl\u00e9 et fait main, pour ajouter une touche de charme \u00e0 la tenue de votre enfant.\" \/>\n<meta property=\"og:url\" content=\"https:\/\/bidiboo.eu\/nl\/product\/bonnet-lutin-to-the-moon\/\" \/>\n<meta property=\"og:site_name\" content=\"BidiBoo\" \/>\n<meta property=\"article:publisher\" content=\"https:\/\/www.facebook.com\/BidiBoocreations\" \/>\n<meta property=\"article:modified_time\" content=\"2025-09-14T16:24:45+00:00\" \/>\n<meta property=\"og:image\" content=\"https:\/\/bidiboo.eu\/wp-content\/uploads\/2024\/03\/Photoroom_20240301_142920-1280x1280.jpg\" \/>\n\t<meta property=\"og:image:width\" content=\"1280\" \/>\n\t<meta property=\"og:image:height\" content=\"1280\" \/>\n\t<meta property=\"og:image:type\" content=\"image\/jpeg\" \/>\n<meta name=\"twitter:card\" content=\"summary_large_image\" \/>\n<meta name=\"twitter:label1\" content=\"Geschatte leestijd\" \/>\n\t<meta name=\"twitter:data1\" content=\"2 minuten\" \/>\n<script type=\"application\/ld+json\" class=\"yoast-schema-graph\">{\"@context\":\"https:\/\/schema.org\",\"@graph\":[{\"@type\":\"WebPage\",\"@id\":\"https:\/\/bidiboo.eu\/produit\/bonnet-lutin-to-the-moon\/\",\"url\":\"https:\/\/bidiboo.eu\/produit\/bonnet-lutin-to-the-moon\/\",\"name\":\"Bonnet lutin To the moon - BidiBoo\",\"isPartOf\":{\"@id\":\"https:\/\/bidiboo.eu\/#website\"},\"primaryImageOfPage\":{\"@id\":\"https:\/\/bidiboo.eu\/produit\/bonnet-lutin-to-the-moon\/#primaryimage\"},\"image\":{\"@id\":\"https:\/\/bidiboo.eu\/produit\/bonnet-lutin-to-the-moon\/#primaryimage\"},\"thumbnailUrl\":\"https:\/\/bidiboo.eu\/wp-content\/uploads\/2024\/03\/Photoroom_20240301_142920.jpg\",\"datePublished\":\"2024-03-01T14:28:02+00:00\",\"dateModified\":\"2025-09-14T16:24:45+00:00\",\"description\":\"D\u00e9couvrez le bonnet lutin Bidi'Boo Nina : confortable, styl\u00e9 et fait main, pour ajouter une touche de charme \u00e0 la tenue de votre enfant.\",\"breadcrumb\":{\"@id\":\"https:\/\/bidiboo.eu\/produit\/bonnet-lutin-to-the-moon\/#breadcrumb\"},\"inLanguage\":\"nl-BE\",\"potentialAction\":[{\"@type\":\"ReadAction\",\"target\":[\"https:\/\/bidiboo.eu\/produit\/bonnet-lutin-to-the-moon\/\"]}]},{\"@type\":\"ImageObject\",\"inLanguage\":\"nl-BE\",\"@id\":\"https:\/\/bidiboo.eu\/produit\/bonnet-lutin-to-the-moon\/#primaryimage\",\"url\":\"https:\/\/bidiboo.eu\/wp-content\/uploads\/2024\/03\/Photoroom_20240301_142920.jpg\",\"contentUrl\":\"https:\/\/bidiboo.eu\/wp-content\/uploads\/2024\/03\/Photoroom_20240301_142920.jpg\",\"width\":2400,\"height\":2400},{\"@type\":\"BreadcrumbList\",\"@id\":\"https:\/\/bidiboo.eu\/produit\/bonnet-lutin-to-the-moon\/#breadcrumb\",\"itemListElement\":[{\"@type\":\"ListItem\",\"position\":1,\"name\":\"Accueil\",\"item\":\"https:\/\/bidiboo.eu\/\"},{\"@type\":\"ListItem\",\"position\":2,\"name\":\"La Boutique Bidi&#8217;Boo\",\"item\":\"https:\/\/bidiboo.eu\/la-boutique-bidiboo\/\"},{\"@type\":\"ListItem\",\"position\":3,\"name\":\"Bonnet lutin To the moon\"}]},{\"@type\":\"WebSite\",\"@id\":\"https:\/\/bidiboo.eu\/#website\",\"url\":\"https:\/\/bidiboo.eu\/\",\"name\":\"BidiBoo\",\"description\":\"\",\"publisher\":{\"@id\":\"https:\/\/bidiboo.eu\/#organization\"},\"potentialAction\":[{\"@type\":\"SearchAction\",\"target\":{\"@type\":\"EntryPoint\",\"urlTemplate\":\"https:\/\/bidiboo.eu\/?s={search_term_string}\"},\"query-input\":{\"@type\":\"PropertyValueSpecification\",\"valueRequired\":true,\"valueName\":\"search_term_string\"}}],\"inLanguage\":\"nl-BE\"},{\"@type\":\"Organization\",\"@id\":\"https:\/\/bidiboo.eu\/#organization\",\"name\":\"Bidiboo\",\"url\":\"https:\/\/bidiboo.eu\/\",\"logo\":{\"@type\":\"ImageObject\",\"inLanguage\":\"nl-BE\",\"@id\":\"https:\/\/bidiboo.eu\/#\/schema\/logo\/image\/\",\"url\":\"https:\/\/bidiboo.eu\/wp-content\/uploads\/2022\/04\/Logo-BidiBoo.png\",\"contentUrl\":\"https:\/\/bidiboo.eu\/wp-content\/uploads\/2022\/04\/Logo-BidiBoo.png\",\"width\":941,\"height\":926,\"caption\":\"Bidiboo\"},\"image\":{\"@id\":\"https:\/\/bidiboo.eu\/#\/schema\/logo\/image\/\"},\"sameAs\":[\"https:\/\/www.facebook.com\/BidiBoocreations\",\"https:\/\/www.instagram.com\/bidiboo.creations\/\"]}]}<\/script>\n<!-- \/ Yoast SEO plugin. -->","yoast_head_json":{"title":"Bonnet lutin To the moon - BidiBoo","description":"D\u00e9couvrez le bonnet lutin Bidi'Boo Nina : confortable, styl\u00e9 et fait main, pour ajouter une touche de charme \u00e0 la tenue de votre enfant.","robots":{"index":"index","follow":"follow","max-snippet":"max-snippet:-1","max-image-preview":"max-image-preview:large","max-video-preview":"max-video-preview:-1"},"canonical":"https:\/\/bidiboo.eu\/nl\/product\/bonnet-lutin-to-the-moon\/","og_locale":"nl_BE","og_type":"article","og_title":"Bonnet lutin To the moon - BidiBoo","og_description":"D\u00e9couvrez le bonnet lutin Bidi'Boo Nina : confortable, styl\u00e9 et fait main, pour ajouter une touche de charme \u00e0 la tenue de votre enfant.","og_url":"https:\/\/bidiboo.eu\/nl\/product\/bonnet-lutin-to-the-moon\/","og_site_name":"BidiBoo","article_publisher":"https:\/\/www.facebook.com\/BidiBoocreations","article_modified_time":"2025-09-14T16:24:45+00:00","og_image":[{"width":1280,"height":1280,"url":"https:\/\/bidiboo.eu\/wp-content\/uploads\/2024\/03\/Photoroom_20240301_142920-1280x1280.jpg","type":"image\/jpeg"}],"twitter_card":"summary_large_image","twitter_misc":{"Geschatte leestijd":"2 minuten"},"schema":{"@context":"https:\/\/schema.org","@graph":[{"@type":"WebPage","@id":"https:\/\/bidiboo.eu\/produit\/bonnet-lutin-to-the-moon\/","url":"https:\/\/bidiboo.eu\/produit\/bonnet-lutin-to-the-moon\/","name":"Bonnet lutin To the moon - BidiBoo","isPartOf":{"@id":"https:\/\/bidiboo.eu\/#website"},"primaryImageOfPage":{"@id":"https:\/\/bidiboo.eu\/produit\/bonnet-lutin-to-the-moon\/#primaryimage"},"image":{"@id":"https:\/\/bidiboo.eu\/produit\/bonnet-lutin-to-the-moon\/#primaryimage"},"thumbnailUrl":"https:\/\/bidiboo.eu\/wp-content\/uploads\/2024\/03\/Photoroom_20240301_142920.jpg","datePublished":"2024-03-01T14:28:02+00:00","dateModified":"2025-09-14T16:24:45+00:00","description":"D\u00e9couvrez le bonnet lutin Bidi'Boo Nina : confortable, styl\u00e9 et fait main, pour ajouter une touche de charme \u00e0 la tenue de votre enfant.","breadcrumb":{"@id":"https:\/\/bidiboo.eu\/produit\/bonnet-lutin-to-the-moon\/#breadcrumb"},"inLanguage":"nl-BE","potentialAction":[{"@type":"ReadAction","target":["https:\/\/bidiboo.eu\/produit\/bonnet-lutin-to-the-moon\/"]}]},{"@type":"ImageObject","inLanguage":"nl-BE","@id":"https:\/\/bidiboo.eu\/produit\/bonnet-lutin-to-the-moon\/#primaryimage","url":"https:\/\/bidiboo.eu\/wp-content\/uploads\/2024\/03\/Photoroom_20240301_142920.jpg","contentUrl":"https:\/\/bidiboo.eu\/wp-content\/uploads\/2024\/03\/Photoroom_20240301_142920.jpg","width":2400,"height":2400},{"@type":"BreadcrumbList","@id":"https:\/\/bidiboo.eu\/produit\/bonnet-lutin-to-the-moon\/#breadcrumb","itemListElement":[{"@type":"ListItem","position":1,"name":"Accueil","item":"https:\/\/bidiboo.eu\/"},{"@type":"ListItem","position":2,"name":"La Boutique Bidi&#8217;Boo","item":"https:\/\/bidiboo.eu\/la-boutique-bidiboo\/"},{"@type":"ListItem","position":3,"name":"Bonnet lutin To the moon"}]},{"@type":"WebSite","@id":"https:\/\/bidiboo.eu\/#website","url":"https:\/\/bidiboo.eu\/","name":"BidiBoo","description":"","publisher":{"@id":"https:\/\/bidiboo.eu\/#organization"},"potentialAction":[{"@type":"SearchAction","target":{"@type":"EntryPoint","urlTemplate":"https:\/\/bidiboo.eu\/?s={search_term_string}"},"query-input":{"@type":"PropertyValueSpecification","valueRequired":true,"valueName":"search_term_string"}}],"inLanguage":"nl-BE"},{"@type":"Organization","@id":"https:\/\/bidiboo.eu\/#organization","name":"Bidiboo","url":"https:\/\/bidiboo.eu\/","logo":{"@type":"ImageObject","inLanguage":"nl-BE","@id":"https:\/\/bidiboo.eu\/#\/schema\/logo\/image\/","url":"https:\/\/bidiboo.eu\/wp-content\/uploads\/2022\/04\/Logo-BidiBoo.png","contentUrl":"https:\/\/bidiboo.eu\/wp-content\/uploads\/2022\/04\/Logo-BidiBoo.png","width":941,"height":926,"caption":"Bidiboo"},"image":{"@id":"https:\/\/bidiboo.eu\/#\/schema\/logo\/image\/"},"sameAs":["https:\/\/www.facebook.com\/BidiBoocreations","https:\/\/www.instagram.com\/bidiboo.creations\/"]}]}},"acf":[],"jetpack_likes_enabled":false,"_links":{"self":[{"href":"https:\/\/bidiboo.eu\/nl\/wp-json\/wp\/v2\/product\/18567","targetHints":{"allow":["GET"]}}],"collection":[{"href":"https:\/\/bidiboo.eu\/nl\/wp-json\/wp\/v2\/product"}],"about":[{"href":"https:\/\/bidiboo.eu\/nl\/wp-json\/wp\/v2\/types\/product"}],"replies":[{"embeddable":true,"href":"https:\/\/bidiboo.eu\/nl\/wp-json\/wp\/v2\/comments?post=18567"}],"version-history":[{"count":0,"href":"https:\/\/bidiboo.eu\/nl\/wp-json\/wp\/v2\/product\/18567\/revisions"}],"wp:featuredmedia":[{"embeddable":true,"href":"https:\/\/bidiboo.eu\/nl\/wp-json\/wp\/v2\/media\/18528"}],"wp:attachment":[{"href":"https:\/\/bidiboo.eu\/nl\/wp-json\/wp\/v2\/media?parent=18567"}],"wp:term":[{"taxonomy":"product_brand","embeddable":true,"href":"https:\/\/bidiboo.eu\/nl\/wp-json\/wp\/v2\/product_brand?post=18567"},{"taxonomy":"product_cat","embeddable":true,"href":"https:\/\/bidiboo.eu\/nl\/wp-json\/wp\/v2\/product_cat?post=18567"},{"taxonomy":"product_tag","embeddable":true,"href":"https:\/\/bidiboo.eu\/nl\/wp-json\/wp\/v2\/product_tag?post=18567"}],"curies":[{"name":"wp","href":"https:\/\/api.w.org\/{rel}","templated":true}]}}