{"id":18235,"date":"2024-02-11T14:38:47","date_gmt":"2024-02-11T13:38:47","guid":{"rendered":"https:\/\/bidiboo.eu\/?post_type=product&#038;p=18235"},"modified":"2024-06-16T19:28:46","modified_gmt":"2024-06-16T17:28:46","slug":"tapis-de-parc-bouclette-rouille","status":"publish","type":"product","link":"https:\/\/bidiboo.eu\/nl\/product\/tapis-de-parc-bouclette-rouille\/","title":{"rendered":"Roest badstof boxkleed"},"content":{"rendered":"<p>Het babyboxkleed is ontworpen om uw kind een veilige en comfortabele ruimte te bieden en tegelijkertijd de motorische en sensorische ontwikkeling te bevorderen. Het biedt een ideale plek voor uw baby om te spelen, uit te rusten en de wereld om hem heen te verkennen.<\/p>\n<p><strong>Aanbevolen gebruik:<\/strong><\/p>\n<ul>\n<li>Interactieve speeltijd<\/li>\n<li>Dutje en ontspanning<\/li>\n<li>Oefeningen voor motorische ontwikkeling<\/li>\n<li>Babymassage sessies<\/li>\n<\/ul>\n<p>Afmetingen: 75\/95 CM<\/p>\n<p>&nbsp;<\/p>\n<p>Door de ambachtelijke productie en zorgvuldige details is elk Bidi&#039;Boo boxkleed een uniek stuk. Vertrouw op Bidi&#039;Boo om uw kind te voorzien van een boxkleed van topkwaliteit.<\/p>","protected":false},"excerpt":{"rendered":"<p>Le tapis de parc pour b\u00e9b\u00e9 est con\u00e7u pour offrir un espace s\u00fbr et confortable \u00e0 votre enfant tout en favorisant son d\u00e9veloppement moteur et sensoriel. Il constitue un endroit id\u00e9al pour que votre b\u00e9b\u00e9 puisse jouer, se reposer et explorer le monde qui l&rsquo;entoure. Utilisations Recommand\u00e9es : Temps de jeu interactif Sieste et relaxation Exercices de d\u00e9veloppement moteur S\u00e9ances de massage pour b\u00e9b\u00e9 Dimensions: 75\/95 CM &nbsp; Avec sa fabrication artisanale et ses d\u00e9tails soign\u00e9s, chaque tapis des parc Bidi\u2019Boo est une pi\u00e8ce unique. Faites confiance \u00e0 Bidi\u2019Boo pour fournir \u00e0 votre enfant un tapis de parc de qualit\u00e9 sup\u00e9rieure.<\/p>","protected":false},"featured_media":18225,"comment_status":"open","ping_status":"closed","template":"","meta":{"_editorskit_title_hidden":false,"_editorskit_reading_time":0,"_editorskit_is_block_options_detached":false,"_editorskit_block_options_position":"{}","inline_featured_image":false},"product_brand":[],"product_cat":[15,573,276,961],"product_tag":[],"class_list":{"0":"post-18235","1":"product","2":"type-product","3":"status-publish","4":"has-post-thumbnail","6":"product_cat-all","7":"product_cat-bouclette","8":"product_cat-pour-le-parc","9":"product_cat-tapis-de-parc","11":"first","12":"instock","13":"taxable","14":"shipping-taxable","15":"purchasable","16":"product-type-simple"},"yoast_head":"<!-- This site is optimized with the Yoast SEO plugin v25.7 - https:\/\/yoast.com\/wordpress\/plugins\/seo\/ -->\n<title>Tapis de parc bouclette rouille - BidiBoo<\/title>\n<meta name=\"robots\" content=\"index, follow, max-snippet:-1, max-image-preview:large, max-video-preview:-1\" \/>\n<link rel=\"canonical\" href=\"https:\/\/bidiboo.eu\/nl\/product\/tapis-de-parc-bouclette-rouille\/\" \/>\n<meta property=\"og:locale\" content=\"nl_BE\" \/>\n<meta property=\"og:type\" content=\"article\" \/>\n<meta property=\"og:title\" content=\"Tapis de parc bouclette rouille - BidiBoo\" \/>\n<meta property=\"og:description\" content=\"Le tapis de parc pour b\u00e9b\u00e9 est con\u00e7u pour offrir un espace s\u00fbr et confortable \u00e0 votre enfant tout en favorisant son d\u00e9veloppement moteur et sensoriel. Il constitue un endroit id\u00e9al pour que votre b\u00e9b\u00e9 puisse jouer, se reposer et explorer le monde qui l&rsquo;entoure. Utilisations Recommand\u00e9es : Temps de jeu interactif Sieste et relaxation Exercices de d\u00e9veloppement moteur S\u00e9ances de massage pour b\u00e9b\u00e9 Dimensions: 75\/95 CM &nbsp; Avec sa fabrication artisanale et ses d\u00e9tails soign\u00e9s, chaque tapis des parc Bidi\u2019Boo est une pi\u00e8ce unique. Faites confiance \u00e0 Bidi\u2019Boo pour fournir \u00e0 votre enfant un tapis de parc de qualit\u00e9 sup\u00e9rieure.\" \/>\n<meta property=\"og:url\" content=\"https:\/\/bidiboo.eu\/nl\/product\/tapis-de-parc-bouclette-rouille\/\" \/>\n<meta property=\"og:site_name\" content=\"BidiBoo\" \/>\n<meta property=\"article:publisher\" content=\"https:\/\/www.facebook.com\/BidiBoocreations\" \/>\n<meta property=\"article:modified_time\" content=\"2024-06-16T17:28:46+00:00\" \/>\n<meta property=\"og:image\" content=\"https:\/\/bidiboo.eu\/wp-content\/uploads\/2024\/02\/Photoroom_20240211_141145.jpg\" \/>\n\t<meta property=\"og:image:width\" content=\"2000\" \/>\n\t<meta property=\"og:image:height\" content=\"2000\" \/>\n\t<meta property=\"og:image:type\" content=\"image\/jpeg\" \/>\n<meta name=\"twitter:card\" content=\"summary_large_image\" \/>\n<meta name=\"twitter:label1\" content=\"Geschatte leestijd\" \/>\n\t<meta name=\"twitter:data1\" content=\"1 minuut\" \/>\n<script type=\"application\/ld+json\" class=\"yoast-schema-graph\">{\"@context\":\"https:\/\/schema.org\",\"@graph\":[{\"@type\":\"WebPage\",\"@id\":\"https:\/\/bidiboo.eu\/produit\/tapis-de-parc-bouclette-rouille\/\",\"url\":\"https:\/\/bidiboo.eu\/produit\/tapis-de-parc-bouclette-rouille\/\",\"name\":\"Tapis de parc bouclette rouille - BidiBoo\",\"isPartOf\":{\"@id\":\"https:\/\/bidiboo.eu\/#website\"},\"primaryImageOfPage\":{\"@id\":\"https:\/\/bidiboo.eu\/produit\/tapis-de-parc-bouclette-rouille\/#primaryimage\"},\"image\":{\"@id\":\"https:\/\/bidiboo.eu\/produit\/tapis-de-parc-bouclette-rouille\/#primaryimage\"},\"thumbnailUrl\":\"https:\/\/bidiboo.eu\/wp-content\/uploads\/2024\/02\/Photoroom_20240211_141145.jpg\",\"datePublished\":\"2024-02-11T13:38:47+00:00\",\"dateModified\":\"2024-06-16T17:28:46+00:00\",\"breadcrumb\":{\"@id\":\"https:\/\/bidiboo.eu\/produit\/tapis-de-parc-bouclette-rouille\/#breadcrumb\"},\"inLanguage\":\"nl-BE\",\"potentialAction\":[{\"@type\":\"ReadAction\",\"target\":[\"https:\/\/bidiboo.eu\/produit\/tapis-de-parc-bouclette-rouille\/\"]}]},{\"@type\":\"ImageObject\",\"inLanguage\":\"nl-BE\",\"@id\":\"https:\/\/bidiboo.eu\/produit\/tapis-de-parc-bouclette-rouille\/#primaryimage\",\"url\":\"https:\/\/bidiboo.eu\/wp-content\/uploads\/2024\/02\/Photoroom_20240211_141145.jpg\",\"contentUrl\":\"https:\/\/bidiboo.eu\/wp-content\/uploads\/2024\/02\/Photoroom_20240211_141145.jpg\",\"width\":2000,\"height\":2000},{\"@type\":\"BreadcrumbList\",\"@id\":\"https:\/\/bidiboo.eu\/produit\/tapis-de-parc-bouclette-rouille\/#breadcrumb\",\"itemListElement\":[{\"@type\":\"ListItem\",\"position\":1,\"name\":\"Accueil\",\"item\":\"https:\/\/bidiboo.eu\/\"},{\"@type\":\"ListItem\",\"position\":2,\"name\":\"La Boutique Bidi&#8217;Boo\",\"item\":\"https:\/\/bidiboo.eu\/la-boutique-bidiboo\/\"},{\"@type\":\"ListItem\",\"position\":3,\"name\":\"Tapis de parc bouclette rouille\"}]},{\"@type\":\"WebSite\",\"@id\":\"https:\/\/bidiboo.eu\/#website\",\"url\":\"https:\/\/bidiboo.eu\/\",\"name\":\"BidiBoo\",\"description\":\"\",\"publisher\":{\"@id\":\"https:\/\/bidiboo.eu\/#organization\"},\"potentialAction\":[{\"@type\":\"SearchAction\",\"target\":{\"@type\":\"EntryPoint\",\"urlTemplate\":\"https:\/\/bidiboo.eu\/?s={search_term_string}\"},\"query-input\":{\"@type\":\"PropertyValueSpecification\",\"valueRequired\":true,\"valueName\":\"search_term_string\"}}],\"inLanguage\":\"nl-BE\"},{\"@type\":\"Organization\",\"@id\":\"https:\/\/bidiboo.eu\/#organization\",\"name\":\"Bidiboo\",\"url\":\"https:\/\/bidiboo.eu\/\",\"logo\":{\"@type\":\"ImageObject\",\"inLanguage\":\"nl-BE\",\"@id\":\"https:\/\/bidiboo.eu\/#\/schema\/logo\/image\/\",\"url\":\"https:\/\/bidiboo.eu\/wp-content\/uploads\/2022\/04\/Logo-BidiBoo.png\",\"contentUrl\":\"https:\/\/bidiboo.eu\/wp-content\/uploads\/2022\/04\/Logo-BidiBoo.png\",\"width\":941,\"height\":926,\"caption\":\"Bidiboo\"},\"image\":{\"@id\":\"https:\/\/bidiboo.eu\/#\/schema\/logo\/image\/\"},\"sameAs\":[\"https:\/\/www.facebook.com\/BidiBoocreations\",\"https:\/\/www.instagram.com\/bidiboo.creations\/\"]}]}<\/script>\n<!-- \/ Yoast SEO plugin. -->","yoast_head_json":{"title":"Tapis de parc bouclette rouille - BidiBoo","robots":{"index":"index","follow":"follow","max-snippet":"max-snippet:-1","max-image-preview":"max-image-preview:large","max-video-preview":"max-video-preview:-1"},"canonical":"https:\/\/bidiboo.eu\/nl\/product\/tapis-de-parc-bouclette-rouille\/","og_locale":"nl_BE","og_type":"article","og_title":"Tapis de parc bouclette rouille - BidiBoo","og_description":"Le tapis de parc pour b\u00e9b\u00e9 est con\u00e7u pour offrir un espace s\u00fbr et confortable \u00e0 votre enfant tout en favorisant son d\u00e9veloppement moteur et sensoriel. Il constitue un endroit id\u00e9al pour que votre b\u00e9b\u00e9 puisse jouer, se reposer et explorer le monde qui l&rsquo;entoure. Utilisations Recommand\u00e9es : Temps de jeu interactif Sieste et relaxation Exercices de d\u00e9veloppement moteur S\u00e9ances de massage pour b\u00e9b\u00e9 Dimensions: 75\/95 CM &nbsp; Avec sa fabrication artisanale et ses d\u00e9tails soign\u00e9s, chaque tapis des parc Bidi\u2019Boo est une pi\u00e8ce unique. Faites confiance \u00e0 Bidi\u2019Boo pour fournir \u00e0 votre enfant un tapis de parc de qualit\u00e9 sup\u00e9rieure.","og_url":"https:\/\/bidiboo.eu\/nl\/product\/tapis-de-parc-bouclette-rouille\/","og_site_name":"BidiBoo","article_publisher":"https:\/\/www.facebook.com\/BidiBoocreations","article_modified_time":"2024-06-16T17:28:46+00:00","og_image":[{"width":2000,"height":2000,"url":"https:\/\/bidiboo.eu\/wp-content\/uploads\/2024\/02\/Photoroom_20240211_141145.jpg","type":"image\/jpeg"}],"twitter_card":"summary_large_image","twitter_misc":{"Geschatte leestijd":"1 minuut"},"schema":{"@context":"https:\/\/schema.org","@graph":[{"@type":"WebPage","@id":"https:\/\/bidiboo.eu\/produit\/tapis-de-parc-bouclette-rouille\/","url":"https:\/\/bidiboo.eu\/produit\/tapis-de-parc-bouclette-rouille\/","name":"Tapis de parc bouclette rouille - BidiBoo","isPartOf":{"@id":"https:\/\/bidiboo.eu\/#website"},"primaryImageOfPage":{"@id":"https:\/\/bidiboo.eu\/produit\/tapis-de-parc-bouclette-rouille\/#primaryimage"},"image":{"@id":"https:\/\/bidiboo.eu\/produit\/tapis-de-parc-bouclette-rouille\/#primaryimage"},"thumbnailUrl":"https:\/\/bidiboo.eu\/wp-content\/uploads\/2024\/02\/Photoroom_20240211_141145.jpg","datePublished":"2024-02-11T13:38:47+00:00","dateModified":"2024-06-16T17:28:46+00:00","breadcrumb":{"@id":"https:\/\/bidiboo.eu\/produit\/tapis-de-parc-bouclette-rouille\/#breadcrumb"},"inLanguage":"nl-BE","potentialAction":[{"@type":"ReadAction","target":["https:\/\/bidiboo.eu\/produit\/tapis-de-parc-bouclette-rouille\/"]}]},{"@type":"ImageObject","inLanguage":"nl-BE","@id":"https:\/\/bidiboo.eu\/produit\/tapis-de-parc-bouclette-rouille\/#primaryimage","url":"https:\/\/bidiboo.eu\/wp-content\/uploads\/2024\/02\/Photoroom_20240211_141145.jpg","contentUrl":"https:\/\/bidiboo.eu\/wp-content\/uploads\/2024\/02\/Photoroom_20240211_141145.jpg","width":2000,"height":2000},{"@type":"BreadcrumbList","@id":"https:\/\/bidiboo.eu\/produit\/tapis-de-parc-bouclette-rouille\/#breadcrumb","itemListElement":[{"@type":"ListItem","position":1,"name":"Accueil","item":"https:\/\/bidiboo.eu\/"},{"@type":"ListItem","position":2,"name":"La Boutique Bidi&#8217;Boo","item":"https:\/\/bidiboo.eu\/la-boutique-bidiboo\/"},{"@type":"ListItem","position":3,"name":"Tapis de parc bouclette rouille"}]},{"@type":"WebSite","@id":"https:\/\/bidiboo.eu\/#website","url":"https:\/\/bidiboo.eu\/","name":"BidiBoo","description":"","publisher":{"@id":"https:\/\/bidiboo.eu\/#organization"},"potentialAction":[{"@type":"SearchAction","target":{"@type":"EntryPoint","urlTemplate":"https:\/\/bidiboo.eu\/?s={search_term_string}"},"query-input":{"@type":"PropertyValueSpecification","valueRequired":true,"valueName":"search_term_string"}}],"inLanguage":"nl-BE"},{"@type":"Organization","@id":"https:\/\/bidiboo.eu\/#organization","name":"Bidiboo","url":"https:\/\/bidiboo.eu\/","logo":{"@type":"ImageObject","inLanguage":"nl-BE","@id":"https:\/\/bidiboo.eu\/#\/schema\/logo\/image\/","url":"https:\/\/bidiboo.eu\/wp-content\/uploads\/2022\/04\/Logo-BidiBoo.png","contentUrl":"https:\/\/bidiboo.eu\/wp-content\/uploads\/2022\/04\/Logo-BidiBoo.png","width":941,"height":926,"caption":"Bidiboo"},"image":{"@id":"https:\/\/bidiboo.eu\/#\/schema\/logo\/image\/"},"sameAs":["https:\/\/www.facebook.com\/BidiBoocreations","https:\/\/www.instagram.com\/bidiboo.creations\/"]}]}},"acf":[],"jetpack_likes_enabled":false,"_links":{"self":[{"href":"https:\/\/bidiboo.eu\/nl\/wp-json\/wp\/v2\/product\/18235","targetHints":{"allow":["GET"]}}],"collection":[{"href":"https:\/\/bidiboo.eu\/nl\/wp-json\/wp\/v2\/product"}],"about":[{"href":"https:\/\/bidiboo.eu\/nl\/wp-json\/wp\/v2\/types\/product"}],"replies":[{"embeddable":true,"href":"https:\/\/bidiboo.eu\/nl\/wp-json\/wp\/v2\/comments?post=18235"}],"version-history":[{"count":0,"href":"https:\/\/bidiboo.eu\/nl\/wp-json\/wp\/v2\/product\/18235\/revisions"}],"wp:featuredmedia":[{"embeddable":true,"href":"https:\/\/bidiboo.eu\/nl\/wp-json\/wp\/v2\/media\/18225"}],"wp:attachment":[{"href":"https:\/\/bidiboo.eu\/nl\/wp-json\/wp\/v2\/media?parent=18235"}],"wp:term":[{"taxonomy":"product_brand","embeddable":true,"href":"https:\/\/bidiboo.eu\/nl\/wp-json\/wp\/v2\/product_brand?post=18235"},{"taxonomy":"product_cat","embeddable":true,"href":"https:\/\/bidiboo.eu\/nl\/wp-json\/wp\/v2\/product_cat?post=18235"},{"taxonomy":"product_tag","embeddable":true,"href":"https:\/\/bidiboo.eu\/nl\/wp-json\/wp\/v2\/product_tag?post=18235"}],"curies":[{"name":"wp","href":"https:\/\/api.w.org\/{rel}","templated":true}]}}