{"id":14897,"date":"2023-08-10T16:54:39","date_gmt":"2023-08-10T14:54:39","guid":{"rendered":"https:\/\/bidiboo.eu\/?post_type=product&#038;p=14897"},"modified":"2025-09-01T22:16:32","modified_gmt":"2025-09-01T20:16:32","slug":"attache-tetine-bouclette-camel","status":"publish","type":"product","link":"https:\/\/bidiboo.eu\/nl\/product\/attache-tetine-bouclette-camel\/","title":{"rendered":"Fopspeenclip met kameellusje"},"content":{"rendered":"<div>\n<div>Dit mooie en praktische speenkoord in de vorm van een ster zorgt ervoor dat de baby de fopspeen altijd bij de hand heeft.<\/div>\n<div>Hecht aan alle materialen zonder te beschadigen.<\/div>\n<\/div>\n<div>\n<p>DOOR Bidi&#039;Boo<\/p>\n<div><\/div>\n<div>Handgemaakt<\/div>\n<div>De patronen en hun arrangementen kunnen van creatie tot creatie vari\u00ebren vanwege hun ambachtelijke karakter<\/div>\n<\/div>","protected":false},"excerpt":{"rendered":"<p>Dit mooie en praktische speenkoord in de vorm van een ster zorgt ervoor dat de baby de fopspeen altijd bij de hand heeft. Hecht aan alle materialen zonder te beschadigen. DOOR Bidi&#039;Boo Handgemaakt De patronen en hun arrangementen kunnen per creatie vari\u00ebren vanwege hun ambachtelijke karakter<\/p>","protected":false},"featured_media":14889,"comment_status":"open","ping_status":"closed","template":"","meta":{"_editorskit_title_hidden":false,"_editorskit_reading_time":0,"_editorskit_is_block_options_detached":false,"_editorskit_block_options_position":"{}","inline_featured_image":false},"product_brand":[],"product_cat":[15,150,573,1072,105,143,572],"product_tag":[304,579,580],"class_list":{"0":"post-14897","1":"product","2":"type-product","3":"status-publish","4":"has-post-thumbnail","6":"product_cat-all","7":"product_cat-attaches-tetines","8":"product_cat-bouclette","9":"product_cat-bouclette-camel","10":"product_cat-tidado-collection-bidiboo-bebe-enfant-maman","11":"product_cat-rever","12":"product_cat-truck","13":"product_tag-attache-tetine","14":"product_tag-attache-tetine-bouclette-kaki","15":"product_tag-tutute","17":"first","18":"instock","19":"taxable","20":"shipping-taxable","21":"purchasable","22":"product-type-simple"},"yoast_head":"<!-- This site is optimized with the Yoast SEO plugin v25.7 - https:\/\/yoast.com\/wordpress\/plugins\/seo\/ -->\n<title>Attache t\u00e9tine bouclette camel - BidiBoo - beaut\u00e9 -100% made in BELGIUM<\/title>\n<meta name=\"robots\" content=\"index, follow, max-snippet:-1, max-image-preview:large, max-video-preview:-1\" \/>\n<link rel=\"canonical\" href=\"https:\/\/bidiboo.eu\/nl\/product\/attache-tetine-bouclette-camel\/\" \/>\n<meta property=\"og:locale\" content=\"nl_BE\" \/>\n<meta property=\"og:type\" content=\"article\" \/>\n<meta property=\"og:title\" content=\"Attache t\u00e9tine bouclette camel - BidiBoo - beaut\u00e9 -100% made in BELGIUM\" \/>\n<meta property=\"og:description\" content=\"Belle et pratique, cette attache t\u00e9tine en forme d\u2019\u00e9toile permettra \u00e0 b\u00e9b\u00e9 d\u2019avoir toujours la t\u00e9tine \u00e0 proximit\u00e9. S\u2019attache \u00e0 toutes les mati\u00e8res sans abimer. BY Bidi\u2019Boo Fait main Les motifs et leurs dispositions peuvent varier d\u2019une cr\u00e9ation \u00e0 l\u2019autre en raison de leur caract\u00e8re artisanal\" \/>\n<meta property=\"og:url\" content=\"https:\/\/bidiboo.eu\/nl\/product\/attache-tetine-bouclette-camel\/\" \/>\n<meta property=\"og:site_name\" content=\"BidiBoo\" \/>\n<meta property=\"article:publisher\" content=\"https:\/\/www.facebook.com\/BidiBoocreations\" \/>\n<meta property=\"article:modified_time\" content=\"2025-09-01T20:16:32+00:00\" \/>\n<meta property=\"og:image\" content=\"https:\/\/bidiboo.eu\/wp-content\/uploads\/2023\/08\/PhotoRoom_20230810_162810.jpeg\" \/>\n\t<meta property=\"og:image:width\" content=\"2400\" \/>\n\t<meta property=\"og:image:height\" content=\"2400\" \/>\n\t<meta property=\"og:image:type\" content=\"image\/jpeg\" \/>\n<meta name=\"twitter:card\" content=\"summary_large_image\" \/>\n<meta name=\"twitter:label1\" content=\"Geschatte leestijd\" \/>\n\t<meta name=\"twitter:data1\" content=\"1 minuut\" \/>\n<script type=\"application\/ld+json\" class=\"yoast-schema-graph\">{\"@context\":\"https:\/\/schema.org\",\"@graph\":[{\"@type\":\"WebPage\",\"@id\":\"https:\/\/bidiboo.eu\/produit\/attache-tetine-bouclette-camel\/\",\"url\":\"https:\/\/bidiboo.eu\/produit\/attache-tetine-bouclette-camel\/\",\"name\":\"Attache t\u00e9tine bouclette camel - BidiBoo - beaut\u00e9 -100% made in BELGIUM\",\"isPartOf\":{\"@id\":\"https:\/\/bidiboo.eu\/#website\"},\"primaryImageOfPage\":{\"@id\":\"https:\/\/bidiboo.eu\/produit\/attache-tetine-bouclette-camel\/#primaryimage\"},\"image\":{\"@id\":\"https:\/\/bidiboo.eu\/produit\/attache-tetine-bouclette-camel\/#primaryimage\"},\"thumbnailUrl\":\"https:\/\/bidiboo.eu\/wp-content\/uploads\/2023\/08\/PhotoRoom_20230810_162810.jpeg\",\"datePublished\":\"2023-08-10T14:54:39+00:00\",\"dateModified\":\"2025-09-01T20:16:32+00:00\",\"breadcrumb\":{\"@id\":\"https:\/\/bidiboo.eu\/produit\/attache-tetine-bouclette-camel\/#breadcrumb\"},\"inLanguage\":\"nl-BE\",\"potentialAction\":[{\"@type\":\"ReadAction\",\"target\":[\"https:\/\/bidiboo.eu\/produit\/attache-tetine-bouclette-camel\/\"]}]},{\"@type\":\"ImageObject\",\"inLanguage\":\"nl-BE\",\"@id\":\"https:\/\/bidiboo.eu\/produit\/attache-tetine-bouclette-camel\/#primaryimage\",\"url\":\"https:\/\/bidiboo.eu\/wp-content\/uploads\/2023\/08\/PhotoRoom_20230810_162810.jpeg\",\"contentUrl\":\"https:\/\/bidiboo.eu\/wp-content\/uploads\/2023\/08\/PhotoRoom_20230810_162810.jpeg\",\"width\":2400,\"height\":2400,\"caption\":\"Attache t\u00e9tine bouclette camel\"},{\"@type\":\"BreadcrumbList\",\"@id\":\"https:\/\/bidiboo.eu\/produit\/attache-tetine-bouclette-camel\/#breadcrumb\",\"itemListElement\":[{\"@type\":\"ListItem\",\"position\":1,\"name\":\"Accueil\",\"item\":\"https:\/\/bidiboo.eu\/\"},{\"@type\":\"ListItem\",\"position\":2,\"name\":\"La Boutique Bidi&#8217;Boo\",\"item\":\"https:\/\/bidiboo.eu\/la-boutique-bidiboo\/\"},{\"@type\":\"ListItem\",\"position\":3,\"name\":\"Attache t\u00e9tine bouclette camel\"}]},{\"@type\":\"WebSite\",\"@id\":\"https:\/\/bidiboo.eu\/#website\",\"url\":\"https:\/\/bidiboo.eu\/\",\"name\":\"BidiBoo\",\"description\":\"\",\"publisher\":{\"@id\":\"https:\/\/bidiboo.eu\/#organization\"},\"potentialAction\":[{\"@type\":\"SearchAction\",\"target\":{\"@type\":\"EntryPoint\",\"urlTemplate\":\"https:\/\/bidiboo.eu\/?s={search_term_string}\"},\"query-input\":{\"@type\":\"PropertyValueSpecification\",\"valueRequired\":true,\"valueName\":\"search_term_string\"}}],\"inLanguage\":\"nl-BE\"},{\"@type\":\"Organization\",\"@id\":\"https:\/\/bidiboo.eu\/#organization\",\"name\":\"Bidiboo\",\"url\":\"https:\/\/bidiboo.eu\/\",\"logo\":{\"@type\":\"ImageObject\",\"inLanguage\":\"nl-BE\",\"@id\":\"https:\/\/bidiboo.eu\/#\/schema\/logo\/image\/\",\"url\":\"https:\/\/bidiboo.eu\/wp-content\/uploads\/2022\/04\/Logo-BidiBoo.png\",\"contentUrl\":\"https:\/\/bidiboo.eu\/wp-content\/uploads\/2022\/04\/Logo-BidiBoo.png\",\"width\":941,\"height\":926,\"caption\":\"Bidiboo\"},\"image\":{\"@id\":\"https:\/\/bidiboo.eu\/#\/schema\/logo\/image\/\"},\"sameAs\":[\"https:\/\/www.facebook.com\/BidiBoocreations\",\"https:\/\/www.instagram.com\/bidiboo.creations\/\"]}]}<\/script>\n<!-- \/ Yoast SEO plugin. -->","yoast_head_json":{"title":"Attache t\u00e9tine bouclette camel - BidiBoo - beaut\u00e9 -100% made in BELGIUM","robots":{"index":"index","follow":"follow","max-snippet":"max-snippet:-1","max-image-preview":"max-image-preview:large","max-video-preview":"max-video-preview:-1"},"canonical":"https:\/\/bidiboo.eu\/nl\/product\/attache-tetine-bouclette-camel\/","og_locale":"nl_BE","og_type":"article","og_title":"Attache t\u00e9tine bouclette camel - BidiBoo - beaut\u00e9 -100% made in BELGIUM","og_description":"Belle et pratique, cette attache t\u00e9tine en forme d\u2019\u00e9toile permettra \u00e0 b\u00e9b\u00e9 d\u2019avoir toujours la t\u00e9tine \u00e0 proximit\u00e9. S\u2019attache \u00e0 toutes les mati\u00e8res sans abimer. BY Bidi\u2019Boo Fait main Les motifs et leurs dispositions peuvent varier d\u2019une cr\u00e9ation \u00e0 l\u2019autre en raison de leur caract\u00e8re artisanal","og_url":"https:\/\/bidiboo.eu\/nl\/product\/attache-tetine-bouclette-camel\/","og_site_name":"BidiBoo","article_publisher":"https:\/\/www.facebook.com\/BidiBoocreations","article_modified_time":"2025-09-01T20:16:32+00:00","og_image":[{"width":2400,"height":2400,"url":"https:\/\/bidiboo.eu\/wp-content\/uploads\/2023\/08\/PhotoRoom_20230810_162810.jpeg","type":"image\/jpeg"}],"twitter_card":"summary_large_image","twitter_misc":{"Geschatte leestijd":"1 minuut"},"schema":{"@context":"https:\/\/schema.org","@graph":[{"@type":"WebPage","@id":"https:\/\/bidiboo.eu\/produit\/attache-tetine-bouclette-camel\/","url":"https:\/\/bidiboo.eu\/produit\/attache-tetine-bouclette-camel\/","name":"Attache t\u00e9tine bouclette camel - BidiBoo - beaut\u00e9 -100% made in BELGIUM","isPartOf":{"@id":"https:\/\/bidiboo.eu\/#website"},"primaryImageOfPage":{"@id":"https:\/\/bidiboo.eu\/produit\/attache-tetine-bouclette-camel\/#primaryimage"},"image":{"@id":"https:\/\/bidiboo.eu\/produit\/attache-tetine-bouclette-camel\/#primaryimage"},"thumbnailUrl":"https:\/\/bidiboo.eu\/wp-content\/uploads\/2023\/08\/PhotoRoom_20230810_162810.jpeg","datePublished":"2023-08-10T14:54:39+00:00","dateModified":"2025-09-01T20:16:32+00:00","breadcrumb":{"@id":"https:\/\/bidiboo.eu\/produit\/attache-tetine-bouclette-camel\/#breadcrumb"},"inLanguage":"nl-BE","potentialAction":[{"@type":"ReadAction","target":["https:\/\/bidiboo.eu\/produit\/attache-tetine-bouclette-camel\/"]}]},{"@type":"ImageObject","inLanguage":"nl-BE","@id":"https:\/\/bidiboo.eu\/produit\/attache-tetine-bouclette-camel\/#primaryimage","url":"https:\/\/bidiboo.eu\/wp-content\/uploads\/2023\/08\/PhotoRoom_20230810_162810.jpeg","contentUrl":"https:\/\/bidiboo.eu\/wp-content\/uploads\/2023\/08\/PhotoRoom_20230810_162810.jpeg","width":2400,"height":2400,"caption":"Attache t\u00e9tine bouclette camel"},{"@type":"BreadcrumbList","@id":"https:\/\/bidiboo.eu\/produit\/attache-tetine-bouclette-camel\/#breadcrumb","itemListElement":[{"@type":"ListItem","position":1,"name":"Accueil","item":"https:\/\/bidiboo.eu\/"},{"@type":"ListItem","position":2,"name":"La Boutique Bidi&#8217;Boo","item":"https:\/\/bidiboo.eu\/la-boutique-bidiboo\/"},{"@type":"ListItem","position":3,"name":"Attache t\u00e9tine bouclette camel"}]},{"@type":"WebSite","@id":"https:\/\/bidiboo.eu\/#website","url":"https:\/\/bidiboo.eu\/","name":"BidiBoo","description":"","publisher":{"@id":"https:\/\/bidiboo.eu\/#organization"},"potentialAction":[{"@type":"SearchAction","target":{"@type":"EntryPoint","urlTemplate":"https:\/\/bidiboo.eu\/?s={search_term_string}"},"query-input":{"@type":"PropertyValueSpecification","valueRequired":true,"valueName":"search_term_string"}}],"inLanguage":"nl-BE"},{"@type":"Organization","@id":"https:\/\/bidiboo.eu\/#organization","name":"Bidiboo","url":"https:\/\/bidiboo.eu\/","logo":{"@type":"ImageObject","inLanguage":"nl-BE","@id":"https:\/\/bidiboo.eu\/#\/schema\/logo\/image\/","url":"https:\/\/bidiboo.eu\/wp-content\/uploads\/2022\/04\/Logo-BidiBoo.png","contentUrl":"https:\/\/bidiboo.eu\/wp-content\/uploads\/2022\/04\/Logo-BidiBoo.png","width":941,"height":926,"caption":"Bidiboo"},"image":{"@id":"https:\/\/bidiboo.eu\/#\/schema\/logo\/image\/"},"sameAs":["https:\/\/www.facebook.com\/BidiBoocreations","https:\/\/www.instagram.com\/bidiboo.creations\/"]}]}},"acf":[],"jetpack_likes_enabled":false,"_links":{"self":[{"href":"https:\/\/bidiboo.eu\/nl\/wp-json\/wp\/v2\/product\/14897","targetHints":{"allow":["GET"]}}],"collection":[{"href":"https:\/\/bidiboo.eu\/nl\/wp-json\/wp\/v2\/product"}],"about":[{"href":"https:\/\/bidiboo.eu\/nl\/wp-json\/wp\/v2\/types\/product"}],"replies":[{"embeddable":true,"href":"https:\/\/bidiboo.eu\/nl\/wp-json\/wp\/v2\/comments?post=14897"}],"version-history":[{"count":0,"href":"https:\/\/bidiboo.eu\/nl\/wp-json\/wp\/v2\/product\/14897\/revisions"}],"wp:featuredmedia":[{"embeddable":true,"href":"https:\/\/bidiboo.eu\/nl\/wp-json\/wp\/v2\/media\/14889"}],"wp:attachment":[{"href":"https:\/\/bidiboo.eu\/nl\/wp-json\/wp\/v2\/media?parent=14897"}],"wp:term":[{"taxonomy":"product_brand","embeddable":true,"href":"https:\/\/bidiboo.eu\/nl\/wp-json\/wp\/v2\/product_brand?post=14897"},{"taxonomy":"product_cat","embeddable":true,"href":"https:\/\/bidiboo.eu\/nl\/wp-json\/wp\/v2\/product_cat?post=14897"},{"taxonomy":"product_tag","embeddable":true,"href":"https:\/\/bidiboo.eu\/nl\/wp-json\/wp\/v2\/product_tag?post=14897"}],"curies":[{"name":"wp","href":"https:\/\/api.w.org\/{rel}","templated":true}]}}