{"id":14429,"date":"2023-06-15T13:47:44","date_gmt":"2023-06-15T11:47:44","guid":{"rendered":"https:\/\/bidiboo.eu\/?post_type=product&#038;p=14429"},"modified":"2025-02-02T18:04:03","modified_gmt":"2025-02-02T17:04:03","slug":"tapis-a-langer-de-voyage-monkey-2","status":"publish","type":"product","link":"https:\/\/bidiboo.eu\/nl\/product\/tapis-a-langer-de-voyage-monkey-2\/","title":{"rendered":"Aap reisaankleedkussen"},"content":{"rendered":"<div class=\"woocommerce-tabs wc-tabs-wrapper\">\n<div id=\"tab-description\" class=\"woocommerce-Tabs-panel woocommerce-Tabs-panel--description panel entry-content wc-tab\" role=\"tabpanel\" aria-labelledby=\"tab-title-description\">\n<div class=\"kvgmc6g5 cxmmr5t8 oygrvhab hcukyx3x c1et5uql\">\n<div class=\"kvgmc6g5 cxmmr5t8 oygrvhab hcukyx3x c1et5uql\">\n<p>Nomadische ouders kunnen niet zonder <a href=\"https:\/\/bidiboo.eu\/nl\/product-category\/all\/voyage\/ &lt;yoastmark class=\/\">bidi&#039;boo reisaankleedkussen.<\/a> Je hebt alle hulpmiddelen nodig om je baby snel en veilig te verschonen, waar je ook bent. Dit aankleedkussen is gemakkelijk te vervoeren en zorgt ervoor dat je je baby veilig en comfortabel kunt verschonen.<\/p>\n<p>Het Monkey reisaankleedkussen <a href=\"https:\/\/www.facebook.com\/BidiBoocreations\">bidi&#039;boe<\/a> heeft twee praktische zakken, waarin u alle benodigde spullen kunt opbergen om uw baby te verschonen zonder een zware en omvangrijke tas te hoeven dragen. Of u nu op reis bent, op vakantie bent of gewoon op bezoek gaat bij vrienden. Je kunt je baby met een gerust hart verschonen en alles binnen handbereik hebben.<\/p>\n<p>Het Monkey reisaankleedkussen van bidi&#039;boo is zacht en comfortabel voor je baby dankzij de kwalitatieve materialen. Het is gemakkelijk schoon te maken en heeft een waterdicht oppervlak dat het beschermt tegen vloeistoffen.<\/p>\n<p>Kies voor functionaliteit en comfort met het bidi&#039;boo aankleedkussen. Het is een essentieel reisaccessoire voor ouders die onderweg zijn en hun baby veilig en comfortabel willen verschonen. Ontdek nu dit kwaliteitsaankleedkussen voor eenvoudiger en praktischer verschonen van luiers!<\/p>\n<\/div>\n<div>\n<div>Handgemaakt!<\/div>\n<div>De patronen en hun arrangementen kunnen van creatie tot creatie vari\u00ebren vanwege hun ambachtelijke karakter.<\/div>\n<\/div>\n<\/div>\n<\/div>\n<\/div>","protected":false},"excerpt":{"rendered":"<p>Le tapis \u00e0 langer de voyage Monkey de bidi&rsquo;boo est l&rsquo;accessoire indispensable pour les parents nomades. Avec ses deux poches pratiques, il vous permet de changer rapidement et en toute s\u00e9curit\u00e9 votre b\u00e9b\u00e9, o\u00f9 que vous soyez. Fabriqu\u00e9 avec des mat\u00e9riaux de qualit\u00e9, il offre douceur et confort \u00e0 votre petit. Facile \u00e0 nettoyer et imperm\u00e9able, il prot\u00e8ge des liquides. Optez pour la praticit\u00e9 et le confort avec le tapis \u00e0 langer de bidi&rsquo;boo, fait main avec des motifs uniques.<\/p>","protected":false},"featured_media":14413,"comment_status":"open","ping_status":"closed","template":"","meta":{"_editorskit_title_hidden":false,"_editorskit_reading_time":0,"_editorskit_is_block_options_detached":false,"_editorskit_block_options_position":"{}","inline_featured_image":false},"product_brand":[],"product_cat":[15,105,423,134,132],"product_tag":[385,352,384],"class_list":{"0":"post-14429","1":"product","2":"type-product","3":"status-publish","4":"has-post-thumbnail","6":"product_cat-all","7":"product_cat-tidado-collection-bidiboo-bebe-enfant-maman","8":"product_cat-monkey","9":"product_cat-tapis-a-langer","10":"product_cat-voyage","11":"product_tag-tapis-a-langer","12":"product_tag-tapis-a-langer-de-voyage","13":"product_tag-tapis-a-langer-nomade","15":"first","16":"instock","17":"taxable","18":"shipping-taxable","19":"purchasable","20":"product-type-simple"},"yoast_head":"<!-- This site is optimized with the Yoast SEO plugin v25.7 - https:\/\/yoast.com\/wordpress\/plugins\/seo\/ -->\n<title>Tapis \u00e0 langer de voyage Monkey - BidiBoo -bidi&#039;boo-qualit\u00e9<\/title>\n<meta name=\"description\" content=\"Changez votre b\u00e9b\u00e9 en toute s\u00e9curit\u00e9 et confortablement, o\u00f9 que vous soyez, avec le tapis \u00e0 langer de voyage bidi&#039;boo. Accessoire indispensable !\" \/>\n<meta name=\"robots\" content=\"index, follow, max-snippet:-1, max-image-preview:large, max-video-preview:-1\" \/>\n<link rel=\"canonical\" href=\"https:\/\/bidiboo.eu\/nl\/product\/tapis-a-langer-de-voyage-monkey-2\/\" \/>\n<meta property=\"og:locale\" content=\"nl_BE\" \/>\n<meta property=\"og:type\" content=\"article\" \/>\n<meta property=\"og:title\" content=\"Tapis \u00e0 langer de voyage Monkey - BidiBoo -bidi&#039;boo-qualit\u00e9\" \/>\n<meta property=\"og:description\" content=\"Changez votre b\u00e9b\u00e9 en toute s\u00e9curit\u00e9 et confortablement, o\u00f9 que vous soyez, avec le tapis \u00e0 langer de voyage bidi&#039;boo. Accessoire indispensable !\" \/>\n<meta property=\"og:url\" content=\"https:\/\/bidiboo.eu\/nl\/product\/tapis-a-langer-de-voyage-monkey-2\/\" \/>\n<meta property=\"og:site_name\" content=\"BidiBoo\" \/>\n<meta property=\"article:publisher\" content=\"https:\/\/www.facebook.com\/BidiBoocreations\" \/>\n<meta property=\"article:modified_time\" content=\"2025-02-02T17:04:03+00:00\" \/>\n<meta property=\"og:image\" content=\"https:\/\/bidiboo.eu\/wp-content\/uploads\/2023\/06\/photoroom_20230615_082052.jpg\" \/>\n\t<meta property=\"og:image:width\" content=\"1000\" \/>\n\t<meta property=\"og:image:height\" content=\"1000\" \/>\n\t<meta property=\"og:image:type\" content=\"image\/jpeg\" \/>\n<meta name=\"twitter:card\" content=\"summary_large_image\" \/>\n<meta name=\"twitter:label1\" content=\"Geschatte leestijd\" \/>\n\t<meta name=\"twitter:data1\" content=\"1 minuut\" \/>\n<script type=\"application\/ld+json\" class=\"yoast-schema-graph\">{\"@context\":\"https:\/\/schema.org\",\"@graph\":[{\"@type\":\"WebPage\",\"@id\":\"https:\/\/bidiboo.eu\/produit\/tapis-a-langer-de-voyage-monkey-2\/\",\"url\":\"https:\/\/bidiboo.eu\/produit\/tapis-a-langer-de-voyage-monkey-2\/\",\"name\":\"Tapis \u00e0 langer de voyage Monkey - BidiBoo -bidi'boo-qualit\u00e9\",\"isPartOf\":{\"@id\":\"https:\/\/bidiboo.eu\/#website\"},\"primaryImageOfPage\":{\"@id\":\"https:\/\/bidiboo.eu\/produit\/tapis-a-langer-de-voyage-monkey-2\/#primaryimage\"},\"image\":{\"@id\":\"https:\/\/bidiboo.eu\/produit\/tapis-a-langer-de-voyage-monkey-2\/#primaryimage\"},\"thumbnailUrl\":\"https:\/\/bidiboo.eu\/wp-content\/uploads\/2023\/06\/photoroom_20230615_082052.jpg\",\"datePublished\":\"2023-06-15T11:47:44+00:00\",\"dateModified\":\"2025-02-02T17:04:03+00:00\",\"description\":\"Changez votre b\u00e9b\u00e9 en toute s\u00e9curit\u00e9 et confortablement, o\u00f9 que vous soyez, avec le tapis \u00e0 langer de voyage bidi'boo. Accessoire indispensable !\",\"breadcrumb\":{\"@id\":\"https:\/\/bidiboo.eu\/produit\/tapis-a-langer-de-voyage-monkey-2\/#breadcrumb\"},\"inLanguage\":\"nl-BE\",\"potentialAction\":[{\"@type\":\"ReadAction\",\"target\":[\"https:\/\/bidiboo.eu\/produit\/tapis-a-langer-de-voyage-monkey-2\/\"]}]},{\"@type\":\"ImageObject\",\"inLanguage\":\"nl-BE\",\"@id\":\"https:\/\/bidiboo.eu\/produit\/tapis-a-langer-de-voyage-monkey-2\/#primaryimage\",\"url\":\"https:\/\/bidiboo.eu\/wp-content\/uploads\/2023\/06\/photoroom_20230615_082052.jpg\",\"contentUrl\":\"https:\/\/bidiboo.eu\/wp-content\/uploads\/2023\/06\/photoroom_20230615_082052.jpg\",\"width\":1000,\"height\":1000,\"caption\":\"tapis \u00e0 langer monkey\"},{\"@type\":\"BreadcrumbList\",\"@id\":\"https:\/\/bidiboo.eu\/produit\/tapis-a-langer-de-voyage-monkey-2\/#breadcrumb\",\"itemListElement\":[{\"@type\":\"ListItem\",\"position\":1,\"name\":\"Accueil\",\"item\":\"https:\/\/bidiboo.eu\/\"},{\"@type\":\"ListItem\",\"position\":2,\"name\":\"La Boutique Bidi&#8217;Boo\",\"item\":\"https:\/\/bidiboo.eu\/la-boutique-bidiboo\/\"},{\"@type\":\"ListItem\",\"position\":3,\"name\":\"Tapis \u00e0 langer de voyage Monkey\"}]},{\"@type\":\"WebSite\",\"@id\":\"https:\/\/bidiboo.eu\/#website\",\"url\":\"https:\/\/bidiboo.eu\/\",\"name\":\"BidiBoo\",\"description\":\"\",\"publisher\":{\"@id\":\"https:\/\/bidiboo.eu\/#organization\"},\"potentialAction\":[{\"@type\":\"SearchAction\",\"target\":{\"@type\":\"EntryPoint\",\"urlTemplate\":\"https:\/\/bidiboo.eu\/?s={search_term_string}\"},\"query-input\":{\"@type\":\"PropertyValueSpecification\",\"valueRequired\":true,\"valueName\":\"search_term_string\"}}],\"inLanguage\":\"nl-BE\"},{\"@type\":\"Organization\",\"@id\":\"https:\/\/bidiboo.eu\/#organization\",\"name\":\"Bidiboo\",\"url\":\"https:\/\/bidiboo.eu\/\",\"logo\":{\"@type\":\"ImageObject\",\"inLanguage\":\"nl-BE\",\"@id\":\"https:\/\/bidiboo.eu\/#\/schema\/logo\/image\/\",\"url\":\"https:\/\/bidiboo.eu\/wp-content\/uploads\/2022\/04\/Logo-BidiBoo.png\",\"contentUrl\":\"https:\/\/bidiboo.eu\/wp-content\/uploads\/2022\/04\/Logo-BidiBoo.png\",\"width\":941,\"height\":926,\"caption\":\"Bidiboo\"},\"image\":{\"@id\":\"https:\/\/bidiboo.eu\/#\/schema\/logo\/image\/\"},\"sameAs\":[\"https:\/\/www.facebook.com\/BidiBoocreations\",\"https:\/\/www.instagram.com\/bidiboo.creations\/\"]}]}<\/script>\n<!-- \/ Yoast SEO plugin. -->","yoast_head_json":{"title":"Tapis \u00e0 langer de voyage Monkey - BidiBoo -bidi'boo-qualit\u00e9","description":"Changez votre b\u00e9b\u00e9 en toute s\u00e9curit\u00e9 et confortablement, o\u00f9 que vous soyez, avec le tapis \u00e0 langer de voyage bidi'boo. Accessoire indispensable !","robots":{"index":"index","follow":"follow","max-snippet":"max-snippet:-1","max-image-preview":"max-image-preview:large","max-video-preview":"max-video-preview:-1"},"canonical":"https:\/\/bidiboo.eu\/nl\/product\/tapis-a-langer-de-voyage-monkey-2\/","og_locale":"nl_BE","og_type":"article","og_title":"Tapis \u00e0 langer de voyage Monkey - BidiBoo -bidi'boo-qualit\u00e9","og_description":"Changez votre b\u00e9b\u00e9 en toute s\u00e9curit\u00e9 et confortablement, o\u00f9 que vous soyez, avec le tapis \u00e0 langer de voyage bidi'boo. Accessoire indispensable !","og_url":"https:\/\/bidiboo.eu\/nl\/product\/tapis-a-langer-de-voyage-monkey-2\/","og_site_name":"BidiBoo","article_publisher":"https:\/\/www.facebook.com\/BidiBoocreations","article_modified_time":"2025-02-02T17:04:03+00:00","og_image":[{"width":1000,"height":1000,"url":"https:\/\/bidiboo.eu\/wp-content\/uploads\/2023\/06\/photoroom_20230615_082052.jpg","type":"image\/jpeg"}],"twitter_card":"summary_large_image","twitter_misc":{"Geschatte leestijd":"1 minuut"},"schema":{"@context":"https:\/\/schema.org","@graph":[{"@type":"WebPage","@id":"https:\/\/bidiboo.eu\/produit\/tapis-a-langer-de-voyage-monkey-2\/","url":"https:\/\/bidiboo.eu\/produit\/tapis-a-langer-de-voyage-monkey-2\/","name":"Tapis \u00e0 langer de voyage Monkey - BidiBoo -bidi'boo-qualit\u00e9","isPartOf":{"@id":"https:\/\/bidiboo.eu\/#website"},"primaryImageOfPage":{"@id":"https:\/\/bidiboo.eu\/produit\/tapis-a-langer-de-voyage-monkey-2\/#primaryimage"},"image":{"@id":"https:\/\/bidiboo.eu\/produit\/tapis-a-langer-de-voyage-monkey-2\/#primaryimage"},"thumbnailUrl":"https:\/\/bidiboo.eu\/wp-content\/uploads\/2023\/06\/photoroom_20230615_082052.jpg","datePublished":"2023-06-15T11:47:44+00:00","dateModified":"2025-02-02T17:04:03+00:00","description":"Changez votre b\u00e9b\u00e9 en toute s\u00e9curit\u00e9 et confortablement, o\u00f9 que vous soyez, avec le tapis \u00e0 langer de voyage bidi'boo. Accessoire indispensable !","breadcrumb":{"@id":"https:\/\/bidiboo.eu\/produit\/tapis-a-langer-de-voyage-monkey-2\/#breadcrumb"},"inLanguage":"nl-BE","potentialAction":[{"@type":"ReadAction","target":["https:\/\/bidiboo.eu\/produit\/tapis-a-langer-de-voyage-monkey-2\/"]}]},{"@type":"ImageObject","inLanguage":"nl-BE","@id":"https:\/\/bidiboo.eu\/produit\/tapis-a-langer-de-voyage-monkey-2\/#primaryimage","url":"https:\/\/bidiboo.eu\/wp-content\/uploads\/2023\/06\/photoroom_20230615_082052.jpg","contentUrl":"https:\/\/bidiboo.eu\/wp-content\/uploads\/2023\/06\/photoroom_20230615_082052.jpg","width":1000,"height":1000,"caption":"tapis \u00e0 langer monkey"},{"@type":"BreadcrumbList","@id":"https:\/\/bidiboo.eu\/produit\/tapis-a-langer-de-voyage-monkey-2\/#breadcrumb","itemListElement":[{"@type":"ListItem","position":1,"name":"Accueil","item":"https:\/\/bidiboo.eu\/"},{"@type":"ListItem","position":2,"name":"La Boutique Bidi&#8217;Boo","item":"https:\/\/bidiboo.eu\/la-boutique-bidiboo\/"},{"@type":"ListItem","position":3,"name":"Tapis \u00e0 langer de voyage Monkey"}]},{"@type":"WebSite","@id":"https:\/\/bidiboo.eu\/#website","url":"https:\/\/bidiboo.eu\/","name":"BidiBoo","description":"","publisher":{"@id":"https:\/\/bidiboo.eu\/#organization"},"potentialAction":[{"@type":"SearchAction","target":{"@type":"EntryPoint","urlTemplate":"https:\/\/bidiboo.eu\/?s={search_term_string}"},"query-input":{"@type":"PropertyValueSpecification","valueRequired":true,"valueName":"search_term_string"}}],"inLanguage":"nl-BE"},{"@type":"Organization","@id":"https:\/\/bidiboo.eu\/#organization","name":"Bidiboo","url":"https:\/\/bidiboo.eu\/","logo":{"@type":"ImageObject","inLanguage":"nl-BE","@id":"https:\/\/bidiboo.eu\/#\/schema\/logo\/image\/","url":"https:\/\/bidiboo.eu\/wp-content\/uploads\/2022\/04\/Logo-BidiBoo.png","contentUrl":"https:\/\/bidiboo.eu\/wp-content\/uploads\/2022\/04\/Logo-BidiBoo.png","width":941,"height":926,"caption":"Bidiboo"},"image":{"@id":"https:\/\/bidiboo.eu\/#\/schema\/logo\/image\/"},"sameAs":["https:\/\/www.facebook.com\/BidiBoocreations","https:\/\/www.instagram.com\/bidiboo.creations\/"]}]}},"acf":[],"jetpack_likes_enabled":false,"_links":{"self":[{"href":"https:\/\/bidiboo.eu\/nl\/wp-json\/wp\/v2\/product\/14429","targetHints":{"allow":["GET"]}}],"collection":[{"href":"https:\/\/bidiboo.eu\/nl\/wp-json\/wp\/v2\/product"}],"about":[{"href":"https:\/\/bidiboo.eu\/nl\/wp-json\/wp\/v2\/types\/product"}],"replies":[{"embeddable":true,"href":"https:\/\/bidiboo.eu\/nl\/wp-json\/wp\/v2\/comments?post=14429"}],"version-history":[{"count":0,"href":"https:\/\/bidiboo.eu\/nl\/wp-json\/wp\/v2\/product\/14429\/revisions"}],"wp:featuredmedia":[{"embeddable":true,"href":"https:\/\/bidiboo.eu\/nl\/wp-json\/wp\/v2\/media\/14413"}],"wp:attachment":[{"href":"https:\/\/bidiboo.eu\/nl\/wp-json\/wp\/v2\/media?parent=14429"}],"wp:term":[{"taxonomy":"product_brand","embeddable":true,"href":"https:\/\/bidiboo.eu\/nl\/wp-json\/wp\/v2\/product_brand?post=14429"},{"taxonomy":"product_cat","embeddable":true,"href":"https:\/\/bidiboo.eu\/nl\/wp-json\/wp\/v2\/product_cat?post=14429"},{"taxonomy":"product_tag","embeddable":true,"href":"https:\/\/bidiboo.eu\/nl\/wp-json\/wp\/v2\/product_tag?post=14429"}],"curies":[{"name":"wp","href":"https:\/\/api.w.org\/{rel}","templated":true}]}}