{"id":13828,"date":"2023-05-25T11:29:41","date_gmt":"2023-05-25T09:29:41","guid":{"rendered":"https:\/\/bidiboo.eu\/?post_type=product&#038;p=13828"},"modified":"2025-11-09T10:47:11","modified_gmt":"2025-11-09T09:47:11","slug":"turban-noeud-beige","status":"publish","type":"product","link":"https:\/\/bidiboo.eu\/nl\/product\/turban-noeud-beige\/","title":{"rendered":"Beige knooptulband"},"content":{"rendered":"<p>Bescherm je baby in stijl tegen wind en zon met de tulband<a href=\"https:\/\/www.facebook.com\/BidiBoocreations\"> Bidi&#039;Boo<\/a> ! Deze prachtige tulband is ideaal in alle seizoenen en is een essentieel accessoire om de outfits van uw kleintje op elegante wijze aan te vullen, van geboorte tot volwassen maat.<\/p>\n<p>Deze tulband is niet alleen perfect voor het cre\u00ebren van een geweldige look, maar is ook met liefde handgemaakt en met zorg vervaardigd om optimaal comfort voor je baby te garanderen. Elke creatie is uniek met patronen en lay-outs die kunnen vari\u00ebren, waardoor elk stuk een ambachtelijk tintje krijgt.<\/p>\n<p>Geef je baby het onvergelijkbare comfort en de stijl van de Bidi&#039;Boo-tulband. Bestel nu en laat je kleintje stralen met dit charmante accessoire. Bovendien, <a href=\"https:\/\/bidiboo.eu\/nl\/product-category\/all\/collection-textile-by-bidiboo\/turban\/\">de Bidi&#039;Boo-tulband<\/a> kan ook een waardevolle keuze zijn voor mensen die chemotherapie ondergaan, waardoor ze tijdens deze beproeving zachtheid en elegantie krijgen.<\/p>","protected":false},"excerpt":{"rendered":"<p>BY Bidi&rsquo;Boo<\/p>","protected":false},"featured_media":13827,"comment_status":"open","ping_status":"closed","template":"","meta":{"_editorskit_title_hidden":false,"_editorskit_reading_time":0,"_editorskit_is_block_options_detached":false,"_editorskit_block_options_position":"{}","inline_featured_image":false},"product_brand":[],"product_cat":[15,483,1065,105,977,159],"product_tag":[314,471,473,472],"class_list":{"0":"post-13828","1":"product","2":"type-product","3":"status-publish","4":"has-post-thumbnail","6":"product_cat-all","7":"product_cat-accessoires","8":"product_cat-adriana","9":"product_cat-tidado-collection-bidiboo-bebe-enfant-maman","10":"product_cat-milie","11":"product_cat-turban","12":"product_tag-turban","13":"product_tag-turban-bebe","14":"product_tag-turban-botanica","15":"product_tag-turban-maman","17":"first","18":"instock","19":"taxable","20":"shipping-taxable","21":"purchasable","22":"product-type-variable"},"yoast_head":"<!-- This site is optimized with the Yoast SEO plugin v25.7 - https:\/\/yoast.com\/wordpress\/plugins\/seo\/ -->\n<title>Turban noeud Beige - BidiBoo - bidi&#039;boo -wow!<\/title>\n<meta name=\"description\" content=\"D\u00e9couvrez le turban Bidi&#039;Boo : confort, \u00e9l\u00e9gance et polyvalence pour toute la famille. Prot\u00e9gez-vous avec style et ajoutez une touche unique \u00e0 vos tenues. Parfait en toutes saisons. Commandez maintenant et sublimez votre look avec Bidi&#039;Boo.\" \/>\n<meta name=\"robots\" content=\"index, follow, max-snippet:-1, max-image-preview:large, max-video-preview:-1\" \/>\n<link rel=\"canonical\" href=\"https:\/\/bidiboo.eu\/nl\/product\/turban-noeud-beige\/\" \/>\n<meta property=\"og:locale\" content=\"nl_BE\" \/>\n<meta property=\"og:type\" content=\"article\" \/>\n<meta property=\"og:title\" content=\"Turban noeud Beige - BidiBoo - bidi&#039;boo -wow!\" \/>\n<meta property=\"og:description\" content=\"D\u00e9couvrez le turban Bidi&#039;Boo : confort, \u00e9l\u00e9gance et polyvalence pour toute la famille. Prot\u00e9gez-vous avec style et ajoutez une touche unique \u00e0 vos tenues. Parfait en toutes saisons. Commandez maintenant et sublimez votre look avec Bidi&#039;Boo.\" \/>\n<meta property=\"og:url\" content=\"https:\/\/bidiboo.eu\/nl\/product\/turban-noeud-beige\/\" \/>\n<meta property=\"og:site_name\" content=\"BidiBoo\" \/>\n<meta property=\"article:publisher\" content=\"https:\/\/www.facebook.com\/BidiBoocreations\" \/>\n<meta property=\"article:modified_time\" content=\"2025-11-09T09:47:11+00:00\" \/>\n<meta property=\"og:image\" content=\"https:\/\/bidiboo.eu\/wp-content\/uploads\/2023\/05\/PhotoRoom_20230524_103312.jpg\" \/>\n\t<meta property=\"og:image:width\" content=\"1512\" \/>\n\t<meta property=\"og:image:height\" content=\"1512\" \/>\n\t<meta property=\"og:image:type\" content=\"image\/jpeg\" \/>\n<meta name=\"twitter:card\" content=\"summary_large_image\" \/>\n<meta name=\"twitter:label1\" content=\"Geschatte leestijd\" \/>\n\t<meta name=\"twitter:data1\" content=\"1 minuut\" \/>\n<script type=\"application\/ld+json\" class=\"yoast-schema-graph\">{\"@context\":\"https:\/\/schema.org\",\"@graph\":[{\"@type\":\"WebPage\",\"@id\":\"https:\/\/bidiboo.eu\/produit\/turban-noeud-beige\/\",\"url\":\"https:\/\/bidiboo.eu\/produit\/turban-noeud-beige\/\",\"name\":\"Turban noeud Beige - BidiBoo - bidi'boo -wow!\",\"isPartOf\":{\"@id\":\"https:\/\/bidiboo.eu\/#website\"},\"primaryImageOfPage\":{\"@id\":\"https:\/\/bidiboo.eu\/produit\/turban-noeud-beige\/#primaryimage\"},\"image\":{\"@id\":\"https:\/\/bidiboo.eu\/produit\/turban-noeud-beige\/#primaryimage\"},\"thumbnailUrl\":\"https:\/\/bidiboo.eu\/wp-content\/uploads\/2023\/05\/PhotoRoom_20230524_103312.jpg\",\"datePublished\":\"2023-05-25T09:29:41+00:00\",\"dateModified\":\"2025-11-09T09:47:11+00:00\",\"description\":\"D\u00e9couvrez le turban Bidi'Boo : confort, \u00e9l\u00e9gance et polyvalence pour toute la famille. Prot\u00e9gez-vous avec style et ajoutez une touche unique \u00e0 vos tenues. Parfait en toutes saisons. Commandez maintenant et sublimez votre look avec Bidi'Boo.\",\"breadcrumb\":{\"@id\":\"https:\/\/bidiboo.eu\/produit\/turban-noeud-beige\/#breadcrumb\"},\"inLanguage\":\"nl-BE\",\"potentialAction\":[{\"@type\":\"ReadAction\",\"target\":[\"https:\/\/bidiboo.eu\/produit\/turban-noeud-beige\/\"]}]},{\"@type\":\"ImageObject\",\"inLanguage\":\"nl-BE\",\"@id\":\"https:\/\/bidiboo.eu\/produit\/turban-noeud-beige\/#primaryimage\",\"url\":\"https:\/\/bidiboo.eu\/wp-content\/uploads\/2023\/05\/PhotoRoom_20230524_103312.jpg\",\"contentUrl\":\"https:\/\/bidiboo.eu\/wp-content\/uploads\/2023\/05\/PhotoRoom_20230524_103312.jpg\",\"width\":1512,\"height\":1512,\"caption\":\"Turban Beige\"},{\"@type\":\"BreadcrumbList\",\"@id\":\"https:\/\/bidiboo.eu\/produit\/turban-noeud-beige\/#breadcrumb\",\"itemListElement\":[{\"@type\":\"ListItem\",\"position\":1,\"name\":\"Accueil\",\"item\":\"https:\/\/bidiboo.eu\/\"},{\"@type\":\"ListItem\",\"position\":2,\"name\":\"La Boutique Bidi&#8217;Boo\",\"item\":\"https:\/\/bidiboo.eu\/la-boutique-bidiboo\/\"},{\"@type\":\"ListItem\",\"position\":3,\"name\":\"Turban noeud Beige\"}]},{\"@type\":\"WebSite\",\"@id\":\"https:\/\/bidiboo.eu\/#website\",\"url\":\"https:\/\/bidiboo.eu\/\",\"name\":\"BidiBoo\",\"description\":\"\",\"publisher\":{\"@id\":\"https:\/\/bidiboo.eu\/#organization\"},\"potentialAction\":[{\"@type\":\"SearchAction\",\"target\":{\"@type\":\"EntryPoint\",\"urlTemplate\":\"https:\/\/bidiboo.eu\/?s={search_term_string}\"},\"query-input\":{\"@type\":\"PropertyValueSpecification\",\"valueRequired\":true,\"valueName\":\"search_term_string\"}}],\"inLanguage\":\"nl-BE\"},{\"@type\":\"Organization\",\"@id\":\"https:\/\/bidiboo.eu\/#organization\",\"name\":\"Bidiboo\",\"url\":\"https:\/\/bidiboo.eu\/\",\"logo\":{\"@type\":\"ImageObject\",\"inLanguage\":\"nl-BE\",\"@id\":\"https:\/\/bidiboo.eu\/#\/schema\/logo\/image\/\",\"url\":\"https:\/\/bidiboo.eu\/wp-content\/uploads\/2022\/04\/Logo-BidiBoo.png\",\"contentUrl\":\"https:\/\/bidiboo.eu\/wp-content\/uploads\/2022\/04\/Logo-BidiBoo.png\",\"width\":941,\"height\":926,\"caption\":\"Bidiboo\"},\"image\":{\"@id\":\"https:\/\/bidiboo.eu\/#\/schema\/logo\/image\/\"},\"sameAs\":[\"https:\/\/www.facebook.com\/BidiBoocreations\",\"https:\/\/www.instagram.com\/bidiboo.creations\/\"]}]}<\/script>\n<!-- \/ Yoast SEO plugin. -->","yoast_head_json":{"title":"Turban noeud Beige - BidiBoo - bidi'boo -wow!","description":"D\u00e9couvrez le turban Bidi'Boo : confort, \u00e9l\u00e9gance et polyvalence pour toute la famille. Prot\u00e9gez-vous avec style et ajoutez une touche unique \u00e0 vos tenues. Parfait en toutes saisons. Commandez maintenant et sublimez votre look avec Bidi'Boo.","robots":{"index":"index","follow":"follow","max-snippet":"max-snippet:-1","max-image-preview":"max-image-preview:large","max-video-preview":"max-video-preview:-1"},"canonical":"https:\/\/bidiboo.eu\/nl\/product\/turban-noeud-beige\/","og_locale":"nl_BE","og_type":"article","og_title":"Turban noeud Beige - BidiBoo - bidi'boo -wow!","og_description":"D\u00e9couvrez le turban Bidi'Boo : confort, \u00e9l\u00e9gance et polyvalence pour toute la famille. Prot\u00e9gez-vous avec style et ajoutez une touche unique \u00e0 vos tenues. Parfait en toutes saisons. Commandez maintenant et sublimez votre look avec Bidi'Boo.","og_url":"https:\/\/bidiboo.eu\/nl\/product\/turban-noeud-beige\/","og_site_name":"BidiBoo","article_publisher":"https:\/\/www.facebook.com\/BidiBoocreations","article_modified_time":"2025-11-09T09:47:11+00:00","og_image":[{"width":1512,"height":1512,"url":"https:\/\/bidiboo.eu\/wp-content\/uploads\/2023\/05\/PhotoRoom_20230524_103312.jpg","type":"image\/jpeg"}],"twitter_card":"summary_large_image","twitter_misc":{"Geschatte leestijd":"1 minuut"},"schema":{"@context":"https:\/\/schema.org","@graph":[{"@type":"WebPage","@id":"https:\/\/bidiboo.eu\/produit\/turban-noeud-beige\/","url":"https:\/\/bidiboo.eu\/produit\/turban-noeud-beige\/","name":"Turban noeud Beige - BidiBoo - bidi'boo -wow!","isPartOf":{"@id":"https:\/\/bidiboo.eu\/#website"},"primaryImageOfPage":{"@id":"https:\/\/bidiboo.eu\/produit\/turban-noeud-beige\/#primaryimage"},"image":{"@id":"https:\/\/bidiboo.eu\/produit\/turban-noeud-beige\/#primaryimage"},"thumbnailUrl":"https:\/\/bidiboo.eu\/wp-content\/uploads\/2023\/05\/PhotoRoom_20230524_103312.jpg","datePublished":"2023-05-25T09:29:41+00:00","dateModified":"2025-11-09T09:47:11+00:00","description":"D\u00e9couvrez le turban Bidi'Boo : confort, \u00e9l\u00e9gance et polyvalence pour toute la famille. Prot\u00e9gez-vous avec style et ajoutez une touche unique \u00e0 vos tenues. Parfait en toutes saisons. Commandez maintenant et sublimez votre look avec Bidi'Boo.","breadcrumb":{"@id":"https:\/\/bidiboo.eu\/produit\/turban-noeud-beige\/#breadcrumb"},"inLanguage":"nl-BE","potentialAction":[{"@type":"ReadAction","target":["https:\/\/bidiboo.eu\/produit\/turban-noeud-beige\/"]}]},{"@type":"ImageObject","inLanguage":"nl-BE","@id":"https:\/\/bidiboo.eu\/produit\/turban-noeud-beige\/#primaryimage","url":"https:\/\/bidiboo.eu\/wp-content\/uploads\/2023\/05\/PhotoRoom_20230524_103312.jpg","contentUrl":"https:\/\/bidiboo.eu\/wp-content\/uploads\/2023\/05\/PhotoRoom_20230524_103312.jpg","width":1512,"height":1512,"caption":"Turban Beige"},{"@type":"BreadcrumbList","@id":"https:\/\/bidiboo.eu\/produit\/turban-noeud-beige\/#breadcrumb","itemListElement":[{"@type":"ListItem","position":1,"name":"Accueil","item":"https:\/\/bidiboo.eu\/"},{"@type":"ListItem","position":2,"name":"La Boutique Bidi&#8217;Boo","item":"https:\/\/bidiboo.eu\/la-boutique-bidiboo\/"},{"@type":"ListItem","position":3,"name":"Turban noeud Beige"}]},{"@type":"WebSite","@id":"https:\/\/bidiboo.eu\/#website","url":"https:\/\/bidiboo.eu\/","name":"BidiBoo","description":"","publisher":{"@id":"https:\/\/bidiboo.eu\/#organization"},"potentialAction":[{"@type":"SearchAction","target":{"@type":"EntryPoint","urlTemplate":"https:\/\/bidiboo.eu\/?s={search_term_string}"},"query-input":{"@type":"PropertyValueSpecification","valueRequired":true,"valueName":"search_term_string"}}],"inLanguage":"nl-BE"},{"@type":"Organization","@id":"https:\/\/bidiboo.eu\/#organization","name":"Bidiboo","url":"https:\/\/bidiboo.eu\/","logo":{"@type":"ImageObject","inLanguage":"nl-BE","@id":"https:\/\/bidiboo.eu\/#\/schema\/logo\/image\/","url":"https:\/\/bidiboo.eu\/wp-content\/uploads\/2022\/04\/Logo-BidiBoo.png","contentUrl":"https:\/\/bidiboo.eu\/wp-content\/uploads\/2022\/04\/Logo-BidiBoo.png","width":941,"height":926,"caption":"Bidiboo"},"image":{"@id":"https:\/\/bidiboo.eu\/#\/schema\/logo\/image\/"},"sameAs":["https:\/\/www.facebook.com\/BidiBoocreations","https:\/\/www.instagram.com\/bidiboo.creations\/"]}]}},"acf":[],"jetpack_likes_enabled":false,"_links":{"self":[{"href":"https:\/\/bidiboo.eu\/nl\/wp-json\/wp\/v2\/product\/13828","targetHints":{"allow":["GET"]}}],"collection":[{"href":"https:\/\/bidiboo.eu\/nl\/wp-json\/wp\/v2\/product"}],"about":[{"href":"https:\/\/bidiboo.eu\/nl\/wp-json\/wp\/v2\/types\/product"}],"replies":[{"embeddable":true,"href":"https:\/\/bidiboo.eu\/nl\/wp-json\/wp\/v2\/comments?post=13828"}],"version-history":[{"count":0,"href":"https:\/\/bidiboo.eu\/nl\/wp-json\/wp\/v2\/product\/13828\/revisions"}],"wp:featuredmedia":[{"embeddable":true,"href":"https:\/\/bidiboo.eu\/nl\/wp-json\/wp\/v2\/media\/13827"}],"wp:attachment":[{"href":"https:\/\/bidiboo.eu\/nl\/wp-json\/wp\/v2\/media?parent=13828"}],"wp:term":[{"taxonomy":"product_brand","embeddable":true,"href":"https:\/\/bidiboo.eu\/nl\/wp-json\/wp\/v2\/product_brand?post=13828"},{"taxonomy":"product_cat","embeddable":true,"href":"https:\/\/bidiboo.eu\/nl\/wp-json\/wp\/v2\/product_cat?post=13828"},{"taxonomy":"product_tag","embeddable":true,"href":"https:\/\/bidiboo.eu\/nl\/wp-json\/wp\/v2\/product_tag?post=13828"}],"curies":[{"name":"wp","href":"https:\/\/api.w.org\/{rel}","templated":true}]}}