{"id":13495,"date":"2023-04-25T12:03:37","date_gmt":"2023-04-25T10:03:37","guid":{"rendered":"https:\/\/bidiboo.eu\/?post_type=product&#038;p=13495"},"modified":"2025-04-09T15:34:48","modified_gmt":"2025-04-09T13:34:48","slug":"le-bob-enfant-monkey","status":"publish","type":"product","link":"https:\/\/bidiboo.eu\/nl\/product\/le-bob-enfant-monkey\/","title":{"rendered":"DE Aap-bucket hat"},"content":{"rendered":"<div class=\"group w-full text-gray-800 dark:text-gray-100 border-b border-black\/10 dark:border-gray-900\/50 bg-gray-50 dark:bg-[#444654]\">\n<div class=\"text-base gap-4 md:gap-6 md:max-w-2xl lg:max-w-xl xl:max-w-3xl p-4 md:py-6 flex lg:px-0 m-auto\">\n<div class=\"relative flex w-[calc(100%-50px)] flex-col gap-1 md:gap-3 lg:w-[calc(100%-115px)]\">\n<div class=\"flex flex-grow flex-col gap-3\">\n<div class=\"min-h-[20px] flex flex-col items-start gap-4 whitespace-pre-wrap break-words\">\n<div class=\"markdown prose w-full break-words dark:prose-invert light\">\n<p>DE zomerbob <a href=\"https:\/\/www.facebook.com\/BidiBoocreations\">Bidi&#039;Boo<\/a> omkeerbaar is een praktisch en leuk accessoire voor kinderen die tijdens de zomermaanden veel buiten spelen.<\/p>\n<p>De Bob Monkey is een leuke en praktische keuze voor kinderen die een vleugje stijl aan hun outfit willen toevoegen en tegelijkertijd beschermd willen blijven tegen de zon.<\/p>\n<div class=\"flex flex-grow flex-col gap-3\">\n<div class=\"min-h-[20px] flex flex-col items-start gap-4 whitespace-pre-wrap break-words\">\n<div class=\"markdown prose w-full break-words dark:prose-invert light\">\n<p>Honingraatkatoen biedt absorberend comfort en jersey met patroon een exclusieve uitstraling!<\/p>\n<\/div>\n<p>vind alle\u00a0<a href=\"https:\/\/bidiboo.eu\/nl\/product-category\/all\/collection-textile-by-bidiboo\/les-bobs\/\">de BOBS hier<\/a><\/p>\n<blockquote>\n<blockquote><p>Om je baby tegen de zon te beschermen, kun je hem een Bob laten dragen<\/p>\n<p>Het is belangrijk om <strong>bescherm alle gevoelige gebieden zoals de oren en nek van uw baby<\/strong>. Bovendien beschermt het vaak nog fijne haar het hoofdje van de baby niet tegen straling en zonnebrand. <strong>Hoeden beschermen niet alleen de hoofdhuid van uw kind, maar ook het gezicht<\/strong>, dus kies een bob <strong>brede rand<\/strong>, met een kinbescherming en een nekflap om de hoofdhuid tot aan de nek te bedekken zonder de oren te vergeten.<\/p><\/blockquote>\n<\/blockquote>\n<\/div>\n<\/div>\n<\/div>\n<p>&nbsp;<\/p>\n<\/div>\n<\/div>\n<\/div>\n<\/div>\n<\/div>","protected":false},"excerpt":{"rendered":"<p>LE bob d&rsquo;\u00e9t\u00e9 Bidi&rsquo;Boo r\u00e9versible est un accessoire pratique et amusant pour les enfants qui passent beaucoup de temps \u00e0 jouer \u00e0 l&rsquo;ext\u00e9rieur pendant les mois d&rsquo;\u00e9t\u00e9. Le Bob Monkey est un choix amusant et pratique pour les enfants qui souhaitent ajouter une touche de style \u00e0 leur tenue, tout en restant prot\u00e9g\u00e9s du soleil. Le coton nid d&rsquo;abeille offre un confort absorbant et le jersey \u00e0 motifs un look exclusif ! retrouvez tous\u00a0les BOBS ici Pour prot\u00e9ger votre b\u00e9b\u00e9 du soleil, faites-lui porter un Bob Il est important de prot\u00e9ger toutes les zones sensibles comme les oreilles et le cou de votre b\u00e9b\u00e9. De plus, les cheveux qui sont souvent encore fins ne prot\u00e8gent pas la t\u00eate de b\u00e9b\u00e9 des radiations et des coups de soleil. Les chapeaux prot\u00e8gent non seulement le cuir chevelu mais aussi le visage de votre enfant, choisissez donc un bob \u00e0 large bord, avec une mentonni\u00e8re et un rabat de cou pour couvrir le cuir chevelu jusqu&rsquo;\u00e0 la nuque sans oublier les oreilles. &nbsp;<\/p>","protected":false},"featured_media":14205,"comment_status":"open","ping_status":"closed","template":"","meta":{"_editorskit_title_hidden":false,"_editorskit_reading_time":0,"_editorskit_is_block_options_detached":false,"_editorskit_block_options_position":"{}","inline_featured_image":false},"product_brand":[],"product_cat":[15,483,456,105,423],"product_tag":[459,458,460,457],"class_list":{"0":"post-13495","1":"product","2":"type-product","3":"status-publish","4":"has-post-thumbnail","6":"product_cat-all","7":"product_cat-accessoires","8":"product_cat-bob","9":"product_cat-tidado-collection-bidiboo-bebe-enfant-maman","10":"product_cat-monkey","11":"product_tag-bob-dete","12":"product_tag-bob-enfant","13":"product_tag-bob-monkey","14":"product_tag-bobs","16":"first","17":"instock","18":"taxable","19":"shipping-taxable","20":"purchasable","21":"product-type-variable"},"yoast_head":"<!-- This site is optimized with the Yoast SEO plugin v25.7 - https:\/\/yoast.com\/wordpress\/plugins\/seo\/ -->\n<title>LE bob Monkey - BidiBoo<\/title>\n<meta name=\"description\" content=\"Le Bob enfant Monkey est un choix amusant et pratique pour les enfants qui souhaitent ajouter une touche de style \u00e0 leur tenue, tout en restant prot\u00e9g\u00e9s du soleil\" \/>\n<meta name=\"robots\" content=\"index, follow, max-snippet:-1, max-image-preview:large, max-video-preview:-1\" \/>\n<link rel=\"canonical\" href=\"https:\/\/bidiboo.eu\/nl\/product\/le-bob-enfant-monkey\/\" \/>\n<meta property=\"og:locale\" content=\"nl_BE\" \/>\n<meta property=\"og:type\" content=\"article\" \/>\n<meta property=\"og:title\" content=\"LE bob Monkey - BidiBoo\" \/>\n<meta property=\"og:description\" content=\"Le Bob enfant Monkey est un choix amusant et pratique pour les enfants qui souhaitent ajouter une touche de style \u00e0 leur tenue, tout en restant prot\u00e9g\u00e9s du soleil\" \/>\n<meta property=\"og:url\" content=\"https:\/\/bidiboo.eu\/nl\/product\/le-bob-enfant-monkey\/\" \/>\n<meta property=\"og:site_name\" content=\"BidiBoo\" \/>\n<meta property=\"article:publisher\" content=\"https:\/\/www.facebook.com\/BidiBoocreations\" \/>\n<meta property=\"article:modified_time\" content=\"2025-04-09T13:34:48+00:00\" \/>\n<meta property=\"og:image\" content=\"https:\/\/bidiboo.eu\/wp-content\/uploads\/2023\/06\/photoroom_20230601_174736-1.jpeg\" \/>\n\t<meta property=\"og:image:width\" content=\"1800\" \/>\n\t<meta property=\"og:image:height\" content=\"1800\" \/>\n\t<meta property=\"og:image:type\" content=\"image\/jpeg\" \/>\n<meta name=\"twitter:card\" content=\"summary_large_image\" \/>\n<meta name=\"twitter:label1\" content=\"Geschatte leestijd\" \/>\n\t<meta name=\"twitter:data1\" content=\"1 minuut\" \/>\n<script type=\"application\/ld+json\" class=\"yoast-schema-graph\">{\"@context\":\"https:\/\/schema.org\",\"@graph\":[{\"@type\":\"WebPage\",\"@id\":\"https:\/\/bidiboo.eu\/produit\/le-bob-enfant-monkey\/\",\"url\":\"https:\/\/bidiboo.eu\/produit\/le-bob-enfant-monkey\/\",\"name\":\"LE bob Monkey - BidiBoo\",\"isPartOf\":{\"@id\":\"https:\/\/bidiboo.eu\/#website\"},\"primaryImageOfPage\":{\"@id\":\"https:\/\/bidiboo.eu\/produit\/le-bob-enfant-monkey\/#primaryimage\"},\"image\":{\"@id\":\"https:\/\/bidiboo.eu\/produit\/le-bob-enfant-monkey\/#primaryimage\"},\"thumbnailUrl\":\"https:\/\/bidiboo.eu\/wp-content\/uploads\/2023\/06\/photoroom_20230601_174736-1.jpeg\",\"datePublished\":\"2023-04-25T10:03:37+00:00\",\"dateModified\":\"2025-04-09T13:34:48+00:00\",\"description\":\"Le Bob enfant Monkey est un choix amusant et pratique pour les enfants qui souhaitent ajouter une touche de style \u00e0 leur tenue, tout en restant prot\u00e9g\u00e9s du soleil\",\"breadcrumb\":{\"@id\":\"https:\/\/bidiboo.eu\/produit\/le-bob-enfant-monkey\/#breadcrumb\"},\"inLanguage\":\"nl-BE\",\"potentialAction\":[{\"@type\":\"ReadAction\",\"target\":[\"https:\/\/bidiboo.eu\/produit\/le-bob-enfant-monkey\/\"]}]},{\"@type\":\"ImageObject\",\"inLanguage\":\"nl-BE\",\"@id\":\"https:\/\/bidiboo.eu\/produit\/le-bob-enfant-monkey\/#primaryimage\",\"url\":\"https:\/\/bidiboo.eu\/wp-content\/uploads\/2023\/06\/photoroom_20230601_174736-1.jpeg\",\"contentUrl\":\"https:\/\/bidiboo.eu\/wp-content\/uploads\/2023\/06\/photoroom_20230601_174736-1.jpeg\",\"width\":1800,\"height\":1800,\"caption\":\"Le bob Bidi'Boo, l'accessoire de mode parfait pour les enfants. Son design ludique et color\u00e9 ajoute une touche de style \u00e0 toutes les tenues. Prot\u00e9gez votre enfant du soleil avec ce bob confortable et tendance\"},{\"@type\":\"BreadcrumbList\",\"@id\":\"https:\/\/bidiboo.eu\/produit\/le-bob-enfant-monkey\/#breadcrumb\",\"itemListElement\":[{\"@type\":\"ListItem\",\"position\":1,\"name\":\"Accueil\",\"item\":\"https:\/\/bidiboo.eu\/\"},{\"@type\":\"ListItem\",\"position\":2,\"name\":\"La Boutique Bidi&#8217;Boo\",\"item\":\"https:\/\/bidiboo.eu\/la-boutique-bidiboo\/\"},{\"@type\":\"ListItem\",\"position\":3,\"name\":\"LE bob Monkey\"}]},{\"@type\":\"WebSite\",\"@id\":\"https:\/\/bidiboo.eu\/#website\",\"url\":\"https:\/\/bidiboo.eu\/\",\"name\":\"BidiBoo\",\"description\":\"\",\"publisher\":{\"@id\":\"https:\/\/bidiboo.eu\/#organization\"},\"potentialAction\":[{\"@type\":\"SearchAction\",\"target\":{\"@type\":\"EntryPoint\",\"urlTemplate\":\"https:\/\/bidiboo.eu\/?s={search_term_string}\"},\"query-input\":{\"@type\":\"PropertyValueSpecification\",\"valueRequired\":true,\"valueName\":\"search_term_string\"}}],\"inLanguage\":\"nl-BE\"},{\"@type\":\"Organization\",\"@id\":\"https:\/\/bidiboo.eu\/#organization\",\"name\":\"Bidiboo\",\"url\":\"https:\/\/bidiboo.eu\/\",\"logo\":{\"@type\":\"ImageObject\",\"inLanguage\":\"nl-BE\",\"@id\":\"https:\/\/bidiboo.eu\/#\/schema\/logo\/image\/\",\"url\":\"https:\/\/bidiboo.eu\/wp-content\/uploads\/2022\/04\/Logo-BidiBoo.png\",\"contentUrl\":\"https:\/\/bidiboo.eu\/wp-content\/uploads\/2022\/04\/Logo-BidiBoo.png\",\"width\":941,\"height\":926,\"caption\":\"Bidiboo\"},\"image\":{\"@id\":\"https:\/\/bidiboo.eu\/#\/schema\/logo\/image\/\"},\"sameAs\":[\"https:\/\/www.facebook.com\/BidiBoocreations\",\"https:\/\/www.instagram.com\/bidiboo.creations\/\"]}]}<\/script>\n<!-- \/ Yoast SEO plugin. -->","yoast_head_json":{"title":"LE bob Monkey - BidiBoo","description":"Le Bob enfant Monkey est un choix amusant et pratique pour les enfants qui souhaitent ajouter une touche de style \u00e0 leur tenue, tout en restant prot\u00e9g\u00e9s du soleil","robots":{"index":"index","follow":"follow","max-snippet":"max-snippet:-1","max-image-preview":"max-image-preview:large","max-video-preview":"max-video-preview:-1"},"canonical":"https:\/\/bidiboo.eu\/nl\/product\/le-bob-enfant-monkey\/","og_locale":"nl_BE","og_type":"article","og_title":"LE bob Monkey - BidiBoo","og_description":"Le Bob enfant Monkey est un choix amusant et pratique pour les enfants qui souhaitent ajouter une touche de style \u00e0 leur tenue, tout en restant prot\u00e9g\u00e9s du soleil","og_url":"https:\/\/bidiboo.eu\/nl\/product\/le-bob-enfant-monkey\/","og_site_name":"BidiBoo","article_publisher":"https:\/\/www.facebook.com\/BidiBoocreations","article_modified_time":"2025-04-09T13:34:48+00:00","og_image":[{"width":1800,"height":1800,"url":"https:\/\/bidiboo.eu\/wp-content\/uploads\/2023\/06\/photoroom_20230601_174736-1.jpeg","type":"image\/jpeg"}],"twitter_card":"summary_large_image","twitter_misc":{"Geschatte leestijd":"1 minuut"},"schema":{"@context":"https:\/\/schema.org","@graph":[{"@type":"WebPage","@id":"https:\/\/bidiboo.eu\/produit\/le-bob-enfant-monkey\/","url":"https:\/\/bidiboo.eu\/produit\/le-bob-enfant-monkey\/","name":"LE bob Monkey - BidiBoo","isPartOf":{"@id":"https:\/\/bidiboo.eu\/#website"},"primaryImageOfPage":{"@id":"https:\/\/bidiboo.eu\/produit\/le-bob-enfant-monkey\/#primaryimage"},"image":{"@id":"https:\/\/bidiboo.eu\/produit\/le-bob-enfant-monkey\/#primaryimage"},"thumbnailUrl":"https:\/\/bidiboo.eu\/wp-content\/uploads\/2023\/06\/photoroom_20230601_174736-1.jpeg","datePublished":"2023-04-25T10:03:37+00:00","dateModified":"2025-04-09T13:34:48+00:00","description":"Le Bob enfant Monkey est un choix amusant et pratique pour les enfants qui souhaitent ajouter une touche de style \u00e0 leur tenue, tout en restant prot\u00e9g\u00e9s du soleil","breadcrumb":{"@id":"https:\/\/bidiboo.eu\/produit\/le-bob-enfant-monkey\/#breadcrumb"},"inLanguage":"nl-BE","potentialAction":[{"@type":"ReadAction","target":["https:\/\/bidiboo.eu\/produit\/le-bob-enfant-monkey\/"]}]},{"@type":"ImageObject","inLanguage":"nl-BE","@id":"https:\/\/bidiboo.eu\/produit\/le-bob-enfant-monkey\/#primaryimage","url":"https:\/\/bidiboo.eu\/wp-content\/uploads\/2023\/06\/photoroom_20230601_174736-1.jpeg","contentUrl":"https:\/\/bidiboo.eu\/wp-content\/uploads\/2023\/06\/photoroom_20230601_174736-1.jpeg","width":1800,"height":1800,"caption":"Le bob Bidi'Boo, l'accessoire de mode parfait pour les enfants. Son design ludique et color\u00e9 ajoute une touche de style \u00e0 toutes les tenues. Prot\u00e9gez votre enfant du soleil avec ce bob confortable et tendance"},{"@type":"BreadcrumbList","@id":"https:\/\/bidiboo.eu\/produit\/le-bob-enfant-monkey\/#breadcrumb","itemListElement":[{"@type":"ListItem","position":1,"name":"Accueil","item":"https:\/\/bidiboo.eu\/"},{"@type":"ListItem","position":2,"name":"La Boutique Bidi&#8217;Boo","item":"https:\/\/bidiboo.eu\/la-boutique-bidiboo\/"},{"@type":"ListItem","position":3,"name":"LE bob Monkey"}]},{"@type":"WebSite","@id":"https:\/\/bidiboo.eu\/#website","url":"https:\/\/bidiboo.eu\/","name":"BidiBoo","description":"","publisher":{"@id":"https:\/\/bidiboo.eu\/#organization"},"potentialAction":[{"@type":"SearchAction","target":{"@type":"EntryPoint","urlTemplate":"https:\/\/bidiboo.eu\/?s={search_term_string}"},"query-input":{"@type":"PropertyValueSpecification","valueRequired":true,"valueName":"search_term_string"}}],"inLanguage":"nl-BE"},{"@type":"Organization","@id":"https:\/\/bidiboo.eu\/#organization","name":"Bidiboo","url":"https:\/\/bidiboo.eu\/","logo":{"@type":"ImageObject","inLanguage":"nl-BE","@id":"https:\/\/bidiboo.eu\/#\/schema\/logo\/image\/","url":"https:\/\/bidiboo.eu\/wp-content\/uploads\/2022\/04\/Logo-BidiBoo.png","contentUrl":"https:\/\/bidiboo.eu\/wp-content\/uploads\/2022\/04\/Logo-BidiBoo.png","width":941,"height":926,"caption":"Bidiboo"},"image":{"@id":"https:\/\/bidiboo.eu\/#\/schema\/logo\/image\/"},"sameAs":["https:\/\/www.facebook.com\/BidiBoocreations","https:\/\/www.instagram.com\/bidiboo.creations\/"]}]}},"acf":[],"jetpack_likes_enabled":false,"_links":{"self":[{"href":"https:\/\/bidiboo.eu\/nl\/wp-json\/wp\/v2\/product\/13495","targetHints":{"allow":["GET"]}}],"collection":[{"href":"https:\/\/bidiboo.eu\/nl\/wp-json\/wp\/v2\/product"}],"about":[{"href":"https:\/\/bidiboo.eu\/nl\/wp-json\/wp\/v2\/types\/product"}],"replies":[{"embeddable":true,"href":"https:\/\/bidiboo.eu\/nl\/wp-json\/wp\/v2\/comments?post=13495"}],"version-history":[{"count":0,"href":"https:\/\/bidiboo.eu\/nl\/wp-json\/wp\/v2\/product\/13495\/revisions"}],"wp:featuredmedia":[{"embeddable":true,"href":"https:\/\/bidiboo.eu\/nl\/wp-json\/wp\/v2\/media\/14205"}],"wp:attachment":[{"href":"https:\/\/bidiboo.eu\/nl\/wp-json\/wp\/v2\/media?parent=13495"}],"wp:term":[{"taxonomy":"product_brand","embeddable":true,"href":"https:\/\/bidiboo.eu\/nl\/wp-json\/wp\/v2\/product_brand?post=13495"},{"taxonomy":"product_cat","embeddable":true,"href":"https:\/\/bidiboo.eu\/nl\/wp-json\/wp\/v2\/product_cat?post=13495"},{"taxonomy":"product_tag","embeddable":true,"href":"https:\/\/bidiboo.eu\/nl\/wp-json\/wp\/v2\/product_tag?post=13495"}],"curies":[{"name":"wp","href":"https:\/\/api.w.org\/{rel}","templated":true}]}}