{"id":10457,"date":"2022-05-07T13:39:43","date_gmt":"2022-05-07T11:39:43","guid":{"rendered":"https:\/\/bidiboo.eu\/?post_type=product&#038;p=10457"},"modified":"2024-06-03T14:27:34","modified_gmt":"2024-06-03T12:27:34","slug":"turban-rose-pastel","status":"publish","type":"product","link":"https:\/\/bidiboo.eu\/nl\/product\/turban-rose-pastel\/","title":{"rendered":"Pastelroze tulband"},"content":{"rendered":"<div>Ideaal in alle seizoenen, de tulband beschermt tegen wind en zon en ziet er geweldig uit!<\/div>\n<div><\/div>\n<div>Perfect voor een geweldige look vanaf de geboorte tot aan de zwangerschap, verkrijgbaar tot volwassen maten.<\/div>\n<div>\n<p>Ook bij therapie\u00ebn zoals chemotherapie is de tulband een waardevol alledaags accessoire.<\/p>\n<div>Handgemaakt,<\/div>\n<div>De patronen en hun arrangementen kunnen van creatie tot creatie vari\u00ebren vanwege hun ambachtelijke karakter<\/div>\n<\/div>","protected":false},"excerpt":{"rendered":"<p>Id\u00e9al en toutes saisons, le turban prot\u00e8ge du vent comme du soleil et est canon! Parfait pour un super look d\u00e8s la naissance \u00e0 la maternit\u00e9 disponible jusqu\u2019\u00e0 la taille adulte. Le turban est aussi un accessoire pr\u00e9cieux du quotidien pour une th\u00e9rapie tel que la Chimioth\u00e9rapie. Fait main, Les motifs et leurs dispositions peuvent varier d\u2019une cr\u00e9ation \u00e0 l\u2019autre en raison de leur caract\u00e8re artisanal<\/p>","protected":false},"featured_media":10459,"comment_status":"open","ping_status":"closed","template":"","meta":{"_editorskit_title_hidden":false,"_editorskit_reading_time":0,"_editorskit_is_block_options_detached":false,"_editorskit_block_options_position":"{}","inline_featured_image":false},"product_brand":[],"product_cat":[15,483,105,159],"product_tag":[],"class_list":{"0":"post-10457","1":"product","2":"type-product","3":"status-publish","4":"has-post-thumbnail","6":"product_cat-all","7":"product_cat-accessoires","8":"product_cat-tidado-collection-bidiboo-bebe-enfant-maman","9":"product_cat-turban","11":"first","12":"instock","13":"taxable","14":"shipping-taxable","15":"purchasable","16":"product-type-variable"},"yoast_head":"<!-- This site is optimized with the Yoast SEO plugin v25.7 - https:\/\/yoast.com\/wordpress\/plugins\/seo\/ -->\n<title>Turban rose pastel - BidiBoo<\/title>\n<meta name=\"robots\" content=\"index, follow, max-snippet:-1, max-image-preview:large, max-video-preview:-1\" \/>\n<link rel=\"canonical\" href=\"https:\/\/bidiboo.eu\/nl\/product\/turban-rose-pastel\/\" \/>\n<meta property=\"og:locale\" content=\"nl_BE\" \/>\n<meta property=\"og:type\" content=\"article\" \/>\n<meta property=\"og:title\" content=\"Turban rose pastel - BidiBoo\" \/>\n<meta property=\"og:description\" content=\"Id\u00e9al en toutes saisons, le turban prot\u00e8ge du vent comme du soleil et est canon! Parfait pour un super look d\u00e8s la naissance \u00e0 la maternit\u00e9 disponible jusqu\u2019\u00e0 la taille adulte. Le turban est aussi un accessoire pr\u00e9cieux du quotidien pour une th\u00e9rapie tel que la Chimioth\u00e9rapie. Fait main, Les motifs et leurs dispositions peuvent varier d\u2019une cr\u00e9ation \u00e0 l\u2019autre en raison de leur caract\u00e8re artisanal\" \/>\n<meta property=\"og:url\" content=\"https:\/\/bidiboo.eu\/nl\/product\/turban-rose-pastel\/\" \/>\n<meta property=\"og:site_name\" content=\"BidiBoo\" \/>\n<meta property=\"article:publisher\" content=\"https:\/\/www.facebook.com\/BidiBoocreations\" \/>\n<meta property=\"article:modified_time\" content=\"2024-06-03T12:27:34+00:00\" \/>\n<meta property=\"og:image\" content=\"https:\/\/bidiboo.eu\/wp-content\/uploads\/2022\/05\/PhotoRoom_20220507_133118.jpg\" \/>\n\t<meta property=\"og:image:width\" content=\"1512\" \/>\n\t<meta property=\"og:image:height\" content=\"1512\" \/>\n\t<meta property=\"og:image:type\" content=\"image\/jpeg\" \/>\n<meta name=\"twitter:card\" content=\"summary_large_image\" \/>\n<meta name=\"twitter:label1\" content=\"Geschatte leestijd\" \/>\n\t<meta name=\"twitter:data1\" content=\"1 minuut\" \/>\n<script type=\"application\/ld+json\" class=\"yoast-schema-graph\">{\"@context\":\"https:\/\/schema.org\",\"@graph\":[{\"@type\":\"WebPage\",\"@id\":\"https:\/\/bidiboo.eu\/produit\/turban-rose-pastel\/\",\"url\":\"https:\/\/bidiboo.eu\/produit\/turban-rose-pastel\/\",\"name\":\"Turban rose pastel - BidiBoo\",\"isPartOf\":{\"@id\":\"https:\/\/bidiboo.eu\/#website\"},\"primaryImageOfPage\":{\"@id\":\"https:\/\/bidiboo.eu\/produit\/turban-rose-pastel\/#primaryimage\"},\"image\":{\"@id\":\"https:\/\/bidiboo.eu\/produit\/turban-rose-pastel\/#primaryimage\"},\"thumbnailUrl\":\"https:\/\/bidiboo.eu\/wp-content\/uploads\/2022\/05\/PhotoRoom_20220507_133118.jpg\",\"datePublished\":\"2022-05-07T11:39:43+00:00\",\"dateModified\":\"2024-06-03T12:27:34+00:00\",\"breadcrumb\":{\"@id\":\"https:\/\/bidiboo.eu\/produit\/turban-rose-pastel\/#breadcrumb\"},\"inLanguage\":\"nl-BE\",\"potentialAction\":[{\"@type\":\"ReadAction\",\"target\":[\"https:\/\/bidiboo.eu\/produit\/turban-rose-pastel\/\"]}]},{\"@type\":\"ImageObject\",\"inLanguage\":\"nl-BE\",\"@id\":\"https:\/\/bidiboo.eu\/produit\/turban-rose-pastel\/#primaryimage\",\"url\":\"https:\/\/bidiboo.eu\/wp-content\/uploads\/2022\/05\/PhotoRoom_20220507_133118.jpg\",\"contentUrl\":\"https:\/\/bidiboo.eu\/wp-content\/uploads\/2022\/05\/PhotoRoom_20220507_133118.jpg\",\"width\":1512,\"height\":1512},{\"@type\":\"BreadcrumbList\",\"@id\":\"https:\/\/bidiboo.eu\/produit\/turban-rose-pastel\/#breadcrumb\",\"itemListElement\":[{\"@type\":\"ListItem\",\"position\":1,\"name\":\"Accueil\",\"item\":\"https:\/\/bidiboo.eu\/\"},{\"@type\":\"ListItem\",\"position\":2,\"name\":\"La Boutique Bidi&#8217;Boo\",\"item\":\"https:\/\/bidiboo.eu\/la-boutique-bidiboo\/\"},{\"@type\":\"ListItem\",\"position\":3,\"name\":\"Turban rose pastel\"}]},{\"@type\":\"WebSite\",\"@id\":\"https:\/\/bidiboo.eu\/#website\",\"url\":\"https:\/\/bidiboo.eu\/\",\"name\":\"BidiBoo\",\"description\":\"\",\"publisher\":{\"@id\":\"https:\/\/bidiboo.eu\/#organization\"},\"potentialAction\":[{\"@type\":\"SearchAction\",\"target\":{\"@type\":\"EntryPoint\",\"urlTemplate\":\"https:\/\/bidiboo.eu\/?s={search_term_string}\"},\"query-input\":{\"@type\":\"PropertyValueSpecification\",\"valueRequired\":true,\"valueName\":\"search_term_string\"}}],\"inLanguage\":\"nl-BE\"},{\"@type\":\"Organization\",\"@id\":\"https:\/\/bidiboo.eu\/#organization\",\"name\":\"Bidiboo\",\"url\":\"https:\/\/bidiboo.eu\/\",\"logo\":{\"@type\":\"ImageObject\",\"inLanguage\":\"nl-BE\",\"@id\":\"https:\/\/bidiboo.eu\/#\/schema\/logo\/image\/\",\"url\":\"https:\/\/bidiboo.eu\/wp-content\/uploads\/2022\/04\/Logo-BidiBoo.png\",\"contentUrl\":\"https:\/\/bidiboo.eu\/wp-content\/uploads\/2022\/04\/Logo-BidiBoo.png\",\"width\":941,\"height\":926,\"caption\":\"Bidiboo\"},\"image\":{\"@id\":\"https:\/\/bidiboo.eu\/#\/schema\/logo\/image\/\"},\"sameAs\":[\"https:\/\/www.facebook.com\/BidiBoocreations\",\"https:\/\/www.instagram.com\/bidiboo.creations\/\"]}]}<\/script>\n<!-- \/ Yoast SEO plugin. -->","yoast_head_json":{"title":"Turban rose pastel - BidiBoo","robots":{"index":"index","follow":"follow","max-snippet":"max-snippet:-1","max-image-preview":"max-image-preview:large","max-video-preview":"max-video-preview:-1"},"canonical":"https:\/\/bidiboo.eu\/nl\/product\/turban-rose-pastel\/","og_locale":"nl_BE","og_type":"article","og_title":"Turban rose pastel - BidiBoo","og_description":"Id\u00e9al en toutes saisons, le turban prot\u00e8ge du vent comme du soleil et est canon! Parfait pour un super look d\u00e8s la naissance \u00e0 la maternit\u00e9 disponible jusqu\u2019\u00e0 la taille adulte. Le turban est aussi un accessoire pr\u00e9cieux du quotidien pour une th\u00e9rapie tel que la Chimioth\u00e9rapie. Fait main, Les motifs et leurs dispositions peuvent varier d\u2019une cr\u00e9ation \u00e0 l\u2019autre en raison de leur caract\u00e8re artisanal","og_url":"https:\/\/bidiboo.eu\/nl\/product\/turban-rose-pastel\/","og_site_name":"BidiBoo","article_publisher":"https:\/\/www.facebook.com\/BidiBoocreations","article_modified_time":"2024-06-03T12:27:34+00:00","og_image":[{"width":1512,"height":1512,"url":"https:\/\/bidiboo.eu\/wp-content\/uploads\/2022\/05\/PhotoRoom_20220507_133118.jpg","type":"image\/jpeg"}],"twitter_card":"summary_large_image","twitter_misc":{"Geschatte leestijd":"1 minuut"},"schema":{"@context":"https:\/\/schema.org","@graph":[{"@type":"WebPage","@id":"https:\/\/bidiboo.eu\/produit\/turban-rose-pastel\/","url":"https:\/\/bidiboo.eu\/produit\/turban-rose-pastel\/","name":"Turban rose pastel - BidiBoo","isPartOf":{"@id":"https:\/\/bidiboo.eu\/#website"},"primaryImageOfPage":{"@id":"https:\/\/bidiboo.eu\/produit\/turban-rose-pastel\/#primaryimage"},"image":{"@id":"https:\/\/bidiboo.eu\/produit\/turban-rose-pastel\/#primaryimage"},"thumbnailUrl":"https:\/\/bidiboo.eu\/wp-content\/uploads\/2022\/05\/PhotoRoom_20220507_133118.jpg","datePublished":"2022-05-07T11:39:43+00:00","dateModified":"2024-06-03T12:27:34+00:00","breadcrumb":{"@id":"https:\/\/bidiboo.eu\/produit\/turban-rose-pastel\/#breadcrumb"},"inLanguage":"nl-BE","potentialAction":[{"@type":"ReadAction","target":["https:\/\/bidiboo.eu\/produit\/turban-rose-pastel\/"]}]},{"@type":"ImageObject","inLanguage":"nl-BE","@id":"https:\/\/bidiboo.eu\/produit\/turban-rose-pastel\/#primaryimage","url":"https:\/\/bidiboo.eu\/wp-content\/uploads\/2022\/05\/PhotoRoom_20220507_133118.jpg","contentUrl":"https:\/\/bidiboo.eu\/wp-content\/uploads\/2022\/05\/PhotoRoom_20220507_133118.jpg","width":1512,"height":1512},{"@type":"BreadcrumbList","@id":"https:\/\/bidiboo.eu\/produit\/turban-rose-pastel\/#breadcrumb","itemListElement":[{"@type":"ListItem","position":1,"name":"Accueil","item":"https:\/\/bidiboo.eu\/"},{"@type":"ListItem","position":2,"name":"La Boutique Bidi&#8217;Boo","item":"https:\/\/bidiboo.eu\/la-boutique-bidiboo\/"},{"@type":"ListItem","position":3,"name":"Turban rose pastel"}]},{"@type":"WebSite","@id":"https:\/\/bidiboo.eu\/#website","url":"https:\/\/bidiboo.eu\/","name":"BidiBoo","description":"","publisher":{"@id":"https:\/\/bidiboo.eu\/#organization"},"potentialAction":[{"@type":"SearchAction","target":{"@type":"EntryPoint","urlTemplate":"https:\/\/bidiboo.eu\/?s={search_term_string}"},"query-input":{"@type":"PropertyValueSpecification","valueRequired":true,"valueName":"search_term_string"}}],"inLanguage":"nl-BE"},{"@type":"Organization","@id":"https:\/\/bidiboo.eu\/#organization","name":"Bidiboo","url":"https:\/\/bidiboo.eu\/","logo":{"@type":"ImageObject","inLanguage":"nl-BE","@id":"https:\/\/bidiboo.eu\/#\/schema\/logo\/image\/","url":"https:\/\/bidiboo.eu\/wp-content\/uploads\/2022\/04\/Logo-BidiBoo.png","contentUrl":"https:\/\/bidiboo.eu\/wp-content\/uploads\/2022\/04\/Logo-BidiBoo.png","width":941,"height":926,"caption":"Bidiboo"},"image":{"@id":"https:\/\/bidiboo.eu\/#\/schema\/logo\/image\/"},"sameAs":["https:\/\/www.facebook.com\/BidiBoocreations","https:\/\/www.instagram.com\/bidiboo.creations\/"]}]}},"acf":[],"jetpack_likes_enabled":false,"_links":{"self":[{"href":"https:\/\/bidiboo.eu\/nl\/wp-json\/wp\/v2\/product\/10457","targetHints":{"allow":["GET"]}}],"collection":[{"href":"https:\/\/bidiboo.eu\/nl\/wp-json\/wp\/v2\/product"}],"about":[{"href":"https:\/\/bidiboo.eu\/nl\/wp-json\/wp\/v2\/types\/product"}],"replies":[{"embeddable":true,"href":"https:\/\/bidiboo.eu\/nl\/wp-json\/wp\/v2\/comments?post=10457"}],"version-history":[{"count":0,"href":"https:\/\/bidiboo.eu\/nl\/wp-json\/wp\/v2\/product\/10457\/revisions"}],"wp:featuredmedia":[{"embeddable":true,"href":"https:\/\/bidiboo.eu\/nl\/wp-json\/wp\/v2\/media\/10459"}],"wp:attachment":[{"href":"https:\/\/bidiboo.eu\/nl\/wp-json\/wp\/v2\/media?parent=10457"}],"wp:term":[{"taxonomy":"product_brand","embeddable":true,"href":"https:\/\/bidiboo.eu\/nl\/wp-json\/wp\/v2\/product_brand?post=10457"},{"taxonomy":"product_cat","embeddable":true,"href":"https:\/\/bidiboo.eu\/nl\/wp-json\/wp\/v2\/product_cat?post=10457"},{"taxonomy":"product_tag","embeddable":true,"href":"https:\/\/bidiboo.eu\/nl\/wp-json\/wp\/v2\/product_tag?post=10457"}],"curies":[{"name":"wp","href":"https:\/\/api.w.org\/{rel}","templated":true}]}}