{"id":89,"date":"2013-08-11T19:22:53","date_gmt":"2013-08-11T19:22:53","guid":{"rendered":"http:\/\/localhost:8888\/test\/?page_id=532"},"modified":"2024-01-21T21:13:48","modified_gmt":"2024-01-21T20:13:48","slug":"liste-de-naissance","status":"publish","type":"page","link":"https:\/\/bidiboo.eu\/nl\/liste-de-naissance\/","title":{"rendered":"Contact"},"content":{"rendered":"<div data-elementor-type=\"wp-page\" data-elementor-id=\"89\" class=\"elementor elementor-89\" data-elementor-post-type=\"page\">\n\t\t\t\t<div class=\"elementor-element elementor-element-f986283 e-flex e-con-boxed wpr-particle-no wpr-jarallax-no wpr-parallax-no wpr-sticky-section-no e-con e-parent\" data-id=\"f986283\" data-element_type=\"container\">\n\t\t\t\t\t<div class=\"e-con-inner\">\n\t\t<div class=\"elementor-element elementor-element-499c49a e-con-full e-flex wpr-particle-no wpr-jarallax-no wpr-parallax-no wpr-sticky-section-no e-con e-child\" data-id=\"499c49a\" data-element_type=\"container\">\n\t\t\t\t<div class=\"elementor-element elementor-element-31fee92 elementor-widget elementor-widget-image\" data-id=\"31fee92\" data-element_type=\"widget\" data-widget_type=\"image.default\">\n\t\t\t\t<div class=\"elementor-widget-container\">\n\t\t\t\t\t\t\t\t\t\t\t\t\t\t\t<img fetchpriority=\"high\" decoding=\"async\" width=\"941\" height=\"926\" src=\"https:\/\/bidiboo.eu\/wp-content\/uploads\/2023\/05\/Logo-BidiBoo-or-sans-cercle.png\" class=\"attachment-full size-full wp-image-13854\" alt=\"Logo Bidi&#039;Boo or sans cercle\" srcset=\"https:\/\/bidiboo.eu\/wp-content\/uploads\/2023\/05\/Logo-BidiBoo-or-sans-cercle.png 941w, https:\/\/bidiboo.eu\/wp-content\/uploads\/2023\/05\/Logo-BidiBoo-or-sans-cercle-700x689.png 700w, https:\/\/bidiboo.eu\/wp-content\/uploads\/2023\/05\/Logo-BidiBoo-or-sans-cercle-406x400.png 406w, https:\/\/bidiboo.eu\/wp-content\/uploads\/2023\/05\/Logo-BidiBoo-or-sans-cercle-768x756.png 768w, https:\/\/bidiboo.eu\/wp-content\/uploads\/2023\/05\/Logo-BidiBoo-or-sans-cercle-12x12.png 12w\" sizes=\"(max-width: 941px) 100vw, 941px\" \/>\t\t\t\t\t\t\t\t\t\t\t\t\t\t\t<\/div>\n\t\t\t\t<\/div>\n\t\t\t\t<\/div>\n\t\t<div class=\"elementor-element elementor-element-e4f7f26 e-con-full e-flex wpr-particle-no wpr-jarallax-no wpr-parallax-no wpr-sticky-section-no e-con e-child\" data-id=\"e4f7f26\" data-element_type=\"container\">\n\t\t\t\t<div class=\"elementor-element elementor-element-33ec5a3 elementor-widget elementor-widget-text-editor\" data-id=\"33ec5a3\" data-element_type=\"widget\" data-widget_type=\"text-editor.default\">\n\t\t\t\t<div class=\"elementor-widget-container\">\n\t\t\t\t\t\t\t\t\t<p>Aarzel niet om contact met ons op te nemen voor meer informatie via ons contactformulier of direct door ons te bellen op<\/p>\n<p><a href=\"call:0032478610165\">0478 61 01 65<\/a><\/p>\t\t\t\t\t\t\t\t<\/div>\n\t\t\t\t<\/div>\n\t\t\t\t<\/div>\n\t\t\t\t\t<\/div>\n\t\t\t\t<\/div>\n\t\t\t\t<section class=\"elementor-section elementor-top-section elementor-element elementor-element-1702b4ab elementor-section-boxed elementor-section-height-default elementor-section-height-default wpr-particle-no wpr-jarallax-no wpr-parallax-no wpr-sticky-section-no\" data-id=\"1702b4ab\" data-element_type=\"section\">\n\t\t\t\t\t\t<div class=\"elementor-container elementor-column-gap-default\">\n\t\t\t\t\t<div class=\"elementor-column elementor-col-100 elementor-top-column elementor-element elementor-element-359d7d1b\" data-id=\"359d7d1b\" data-element_type=\"column\">\n\t\t\t<div class=\"elementor-widget-wrap elementor-element-populated\">\n\t\t\t\t\t\t<div class=\"elementor-element elementor-element-c433434 wpr-step-type-number_text wpr-step-content-layout-vertical wpr-custom-styles-yes elementor-widget elementor-widget-wpr-form-builder\" data-id=\"c433434\" data-element_type=\"widget\" data-settings=\"{&quot;success_message&quot;:&quot;C&#039;est bien envoy\\u00e9&quot;,&quot;error_message&quot;:&quot;Oups.... il y a une erreur quelque part&quot;,&quot;button_width&quot;:{&quot;unit&quot;:&quot;%&quot;,&quot;size&quot;:100,&quot;sizes&quot;:[]},&quot;button_width_widescreen&quot;:{&quot;unit&quot;:&quot;px&quot;,&quot;size&quot;:&quot;&quot;,&quot;sizes&quot;:[]},&quot;button_width_laptop&quot;:{&quot;unit&quot;:&quot;px&quot;,&quot;size&quot;:&quot;&quot;,&quot;sizes&quot;:[]},&quot;button_width_tablet_extra&quot;:{&quot;unit&quot;:&quot;px&quot;,&quot;size&quot;:&quot;&quot;,&quot;sizes&quot;:[]},&quot;button_width_tablet&quot;:{&quot;unit&quot;:&quot;px&quot;,&quot;size&quot;:&quot;&quot;,&quot;sizes&quot;:[]},&quot;button_width_mobile_extra&quot;:{&quot;unit&quot;:&quot;px&quot;,&quot;size&quot;:&quot;&quot;,&quot;sizes&quot;:[]},&quot;button_width_mobile&quot;:{&quot;unit&quot;:&quot;px&quot;,&quot;size&quot;:&quot;&quot;,&quot;sizes&quot;:[]},&quot;step_type&quot;:&quot;number_text&quot;,&quot;step_content_layout&quot;:&quot;vertical&quot;}\" data-widget_type=\"wpr-form-builder.default\">\n\t\t\t\t<div class=\"elementor-widget-container\">\n\t\t\t\t\t\t\t<form class=\"wpr-form\" method=\"post\" name=\"New Form\" page=\"Contact\" page_id=\"89\" novalidate action=\"\">\n\t\t\t<input type=\"hidden\" name=\"post_id\" value=\"89\"\/>\n\t\t\t<input type=\"hidden\" name=\"form_id\" value=\"c433434\"\/>\n\t\t\t<input type=\"hidden\" name=\"referer_title\" value=\"BidiBoo\" \/>\n\n\t\t\t<div class=\"wpr-step-wrap\"><\/div>\n\t\t\t<div class=\"wpr-form-fields-wrap wpr-labels-above\">\n\t\t\t\t\t\t\t\t\t<div class=\"wpr-form-field-type-text wpr-field-group wpr-column wpr-field-group-name elementor-repeater-item-2b5b856\">\n\t\t\t\t\t\t\t\t\t\t\t\t\t\t<label for=\"form-field-name\" class=\"wpr-form-field-label\">\n\t\t\t\t\t\t\t\t\tNaam\t\t\t\t\t\t\t\t<\/label>\n\t\t\t\t\t\t\t<input size=\"1 \"type=\"text\" name=\"form_fields[name]\" id=\"form-field-name\" class=\"wpr-form-field  wpr-form-field-textual\">\t\t\t\t\t<\/div>\n\t\t\t\t\t\t\t\t\t<div class=\"wpr-form-field-type-text wpr-field-group wpr-column wpr-field-group-e2f8af4 elementor-repeater-item-e2f8af4\">\n\t\t\t\t\t\t\t\t\t\t\t\t\t\t<label for=\"form-field-e2f8af4\" class=\"wpr-form-field-label\">\n\t\t\t\t\t\t\t\t\tVoornaam\t\t\t\t\t\t\t\t<\/label>\n\t\t\t\t\t\t\t<input size=\"1 \"type=\"text\" name=\"form_fields[e2f8af4]\" id=\"form-field-e2f8af4\" class=\"wpr-form-field  wpr-form-field-textual\">\t\t\t\t\t<\/div>\n\t\t\t\t\t\t\t\t\t<div class=\"wpr-form-field-type-email wpr-field-group wpr-column wpr-field-group-email elementor-repeater-item-c89d9a3 wpr-form-field-required\">\n\t\t\t\t\t\t\t\t\t\t\t\t\t\t<label for=\"form-field-email\" class=\"wpr-form-field-label\">\n\t\t\t\t\t\t\t\t\tE-mail\t\t\t\t\t\t\t\t<\/label>\n\t\t\t\t\t\t\t<input size=\"1 \"type=\"email\" name=\"form_fields[email]\" id=\"form-field-email\" class=\"wpr-form-field  wpr-form-field-textual\" required=\"required\" aria-required=\"true\">\t\t\t\t\t<\/div>\n\t\t\t\t<div class=\"wpr-field-group wpr-stp-btns-wrap wpr-column wpr-form-field-type-submit\" data-actions=\"[&quot;email&quot;,&quot;submissions&quot;]\" data-redirect-url=\"\" data-mailchimp-fields=\"{&quot;email_field&quot;:&quot;&quot;,&quot;first_name_field&quot;:&quot;&quot;,&quot;last_name_field&quot;:&quot;&quot;,&quot;address_field&quot;:&quot;&quot;,&quot;phone_field&quot;:&quot;&quot;,&quot;birthday_field&quot;:&quot;&quot;,&quot;group_id&quot;:&quot;&quot;}\" data-list-id=\"\">\t\t\t<button type=\"submit\" class=\"wpr-button\">\n\t\t\t\t<span >\n\t\t\t\t\t\t\t\t\t\t\t\t\t\t\t\t<span>sturen<\/span>\n\t\t\t\t\t\t\t\t\t\t\t\t\t\t<\/span>\t\n\t\t\t\t<div class=\"wpr-double-bounce wpr-loader-hidden\">\n\t\t\t\t\t<div class=\"wpr-child wpr-double-bounce1\"><\/div>\n\t\t\t\t\t<div class=\"wpr-child wpr-double-bounce2\"><\/div>\n\t\t\t\t<\/div>\n\t\t\t<\/button>\n\t\t<\/div>\t\t\t\t\n\t\t\t<\/div>\n\t\t<input type=\"hidden\" name=\"trp-form-language\" value=\"nl\"\/><\/form>\n\t  \t\t\t\t<\/div>\n\t\t\t\t<\/div>\n\t\t\t\t\t<\/div>\n\t\t<\/div>\n\t\t\t\t\t<\/div>\n\t\t<\/section>\n\t\t\t\t<\/div>","protected":false},"excerpt":{"rendered":"<p>N&rsquo;h\u00e9sitez pas \u00e0 nous contacter pour plus d&rsquo;informations via notre formulaire de contact ou directement en nous appelant au 0478 61 01 65 Nom Pr\u00e9nom Email T\u00e9l. Objet Je veux devenir revendeur Bidi&#039;Boo J&#039;ai une question concernant mon colis Je voudrais une liste de naissance chez vous J&#039;ai une r\u00e9clamation concernant un produit Je voudrais un article sur mesure Autre Numero de Tva(seulement les professionnels) Message Envoyer<\/p>","protected":false},"author":1,"featured_media":0,"parent":0,"menu_order":0,"comment_status":"closed","ping_status":"closed","template":"","meta":{"_editorskit_title_hidden":false,"_editorskit_reading_time":1,"_editorskit_is_block_options_detached":false,"_editorskit_block_options_position":"{}","inline_featured_image":false,"footnotes":""},"class_list":["post-89","page","type-page","status-publish","hentry"],"yoast_head":"<!-- This site is optimized with the Yoast SEO plugin v25.7 - https:\/\/yoast.com\/wordpress\/plugins\/seo\/ -->\n<title>Liste de naissance - BidiBoo - sur mesure -By Bidi&#039;Boo - b\u00e9b\u00e9 - nouveau-n\u00e9<\/title>\n<meta name=\"description\" content=\"Chez Tidado on sait que la liste de naissance est le moment incroyable o\u00f9 on commence \u00e0 pr\u00e9parer la venue de notre nouveau-n\u00e9 et s&#039;y prendre \u00e0 l&#039;avance pour cr\u00e9er une liste de naissance sur mesure est une garantie d&#039;accouchement sans stress. alors , faites un tour sur Tidado et voyez ce qui vous ferait plaisir \u00e0 vous et votre b\u00e9b\u00e9.\" \/>\n<meta name=\"robots\" content=\"index, follow, max-snippet:-1, max-image-preview:large, max-video-preview:-1\" \/>\n<link rel=\"canonical\" href=\"https:\/\/bidiboo.eu\/nl\/liste-de-naissance\/\" \/>\n<meta property=\"og:locale\" content=\"nl_BE\" \/>\n<meta property=\"og:type\" content=\"article\" \/>\n<meta property=\"og:title\" content=\"Liste de naissance - BidiBoo - sur mesure -By Bidi&#039;Boo - b\u00e9b\u00e9 - nouveau-n\u00e9\" \/>\n<meta property=\"og:description\" content=\"Chez Tidado on sait que la liste de naissance est le moment incroyable o\u00f9 on commence \u00e0 pr\u00e9parer la venue de notre nouveau-n\u00e9 et s&#039;y prendre \u00e0 l&#039;avance pour cr\u00e9er une liste de naissance sur mesure est une garantie d&#039;accouchement sans stress. alors , faites un tour sur Tidado et voyez ce qui vous ferait plaisir \u00e0 vous et votre b\u00e9b\u00e9.\" \/>\n<meta property=\"og:url\" content=\"https:\/\/bidiboo.eu\/nl\/liste-de-naissance\/\" \/>\n<meta property=\"og:site_name\" content=\"BidiBoo\" \/>\n<meta property=\"article:publisher\" content=\"https:\/\/www.facebook.com\/BidiBoocreations\" \/>\n<meta property=\"article:modified_time\" content=\"2024-01-21T20:13:48+00:00\" \/>\n<meta property=\"og:image\" content=\"https:\/\/bidiboo.eu\/wp-content\/uploads\/2023\/05\/Logo-BidiBoo-or-sans-cercle.png\" \/>\n<meta name=\"twitter:card\" content=\"summary_large_image\" \/>\n<meta name=\"twitter:label1\" content=\"Geschatte leestijd\" \/>\n\t<meta name=\"twitter:data1\" content=\"1 minuut\" \/>\n<script type=\"application\/ld+json\" class=\"yoast-schema-graph\">{\"@context\":\"https:\/\/schema.org\",\"@graph\":[{\"@type\":\"WebPage\",\"@id\":\"https:\/\/bidiboo.eu\/liste-de-naissance\/\",\"url\":\"https:\/\/bidiboo.eu\/liste-de-naissance\/\",\"name\":\"Liste de naissance - BidiBoo - sur mesure -By Bidi'Boo - b\u00e9b\u00e9 - nouveau-n\u00e9\",\"isPartOf\":{\"@id\":\"https:\/\/bidiboo.eu\/#website\"},\"primaryImageOfPage\":{\"@id\":\"https:\/\/bidiboo.eu\/liste-de-naissance\/#primaryimage\"},\"image\":{\"@id\":\"https:\/\/bidiboo.eu\/liste-de-naissance\/#primaryimage\"},\"thumbnailUrl\":\"https:\/\/bidiboo.eu\/wp-content\/uploads\/2023\/05\/Logo-BidiBoo-or-sans-cercle.png\",\"datePublished\":\"2013-08-11T19:22:53+00:00\",\"dateModified\":\"2024-01-21T20:13:48+00:00\",\"description\":\"Chez Tidado on sait que la liste de naissance est le moment incroyable o\u00f9 on commence \u00e0 pr\u00e9parer la venue de notre nouveau-n\u00e9 et s'y prendre \u00e0 l'avance pour cr\u00e9er une liste de naissance sur mesure est une garantie d'accouchement sans stress. alors , faites un tour sur Tidado et voyez ce qui vous ferait plaisir \u00e0 vous et votre b\u00e9b\u00e9.\",\"breadcrumb\":{\"@id\":\"https:\/\/bidiboo.eu\/liste-de-naissance\/#breadcrumb\"},\"inLanguage\":\"nl-BE\",\"potentialAction\":[{\"@type\":\"ReadAction\",\"target\":[\"https:\/\/bidiboo.eu\/liste-de-naissance\/\"]}]},{\"@type\":\"ImageObject\",\"inLanguage\":\"nl-BE\",\"@id\":\"https:\/\/bidiboo.eu\/liste-de-naissance\/#primaryimage\",\"url\":\"https:\/\/bidiboo.eu\/wp-content\/uploads\/2023\/05\/Logo-BidiBoo-or-sans-cercle.png\",\"contentUrl\":\"https:\/\/bidiboo.eu\/wp-content\/uploads\/2023\/05\/Logo-BidiBoo-or-sans-cercle.png\"},{\"@type\":\"BreadcrumbList\",\"@id\":\"https:\/\/bidiboo.eu\/liste-de-naissance\/#breadcrumb\",\"itemListElement\":[{\"@type\":\"ListItem\",\"position\":1,\"name\":\"Accueil\",\"item\":\"https:\/\/bidiboo.eu\/\"},{\"@type\":\"ListItem\",\"position\":2,\"name\":\"Contact\"}]},{\"@type\":\"WebSite\",\"@id\":\"https:\/\/bidiboo.eu\/#website\",\"url\":\"https:\/\/bidiboo.eu\/\",\"name\":\"BidiBoo\",\"description\":\"\",\"publisher\":{\"@id\":\"https:\/\/bidiboo.eu\/#organization\"},\"potentialAction\":[{\"@type\":\"SearchAction\",\"target\":{\"@type\":\"EntryPoint\",\"urlTemplate\":\"https:\/\/bidiboo.eu\/?s={search_term_string}\"},\"query-input\":{\"@type\":\"PropertyValueSpecification\",\"valueRequired\":true,\"valueName\":\"search_term_string\"}}],\"inLanguage\":\"nl-BE\"},{\"@type\":\"Organization\",\"@id\":\"https:\/\/bidiboo.eu\/#organization\",\"name\":\"Bidiboo\",\"url\":\"https:\/\/bidiboo.eu\/\",\"logo\":{\"@type\":\"ImageObject\",\"inLanguage\":\"nl-BE\",\"@id\":\"https:\/\/bidiboo.eu\/#\/schema\/logo\/image\/\",\"url\":\"https:\/\/bidiboo.eu\/wp-content\/uploads\/2022\/04\/Logo-BidiBoo.png\",\"contentUrl\":\"https:\/\/bidiboo.eu\/wp-content\/uploads\/2022\/04\/Logo-BidiBoo.png\",\"width\":941,\"height\":926,\"caption\":\"Bidiboo\"},\"image\":{\"@id\":\"https:\/\/bidiboo.eu\/#\/schema\/logo\/image\/\"},\"sameAs\":[\"https:\/\/www.facebook.com\/BidiBoocreations\",\"https:\/\/www.instagram.com\/bidiboo.creations\/\"]}]}<\/script>\n<!-- \/ Yoast SEO plugin. -->","yoast_head_json":{"title":"Liste de naissance - BidiBoo - sur mesure -By Bidi'Boo - b\u00e9b\u00e9 - nouveau-n\u00e9","description":"Chez Tidado on sait que la liste de naissance est le moment incroyable o\u00f9 on commence \u00e0 pr\u00e9parer la venue de notre nouveau-n\u00e9 et s'y prendre \u00e0 l'avance pour cr\u00e9er une liste de naissance sur mesure est une garantie d'accouchement sans stress. alors , faites un tour sur Tidado et voyez ce qui vous ferait plaisir \u00e0 vous et votre b\u00e9b\u00e9.","robots":{"index":"index","follow":"follow","max-snippet":"max-snippet:-1","max-image-preview":"max-image-preview:large","max-video-preview":"max-video-preview:-1"},"canonical":"https:\/\/bidiboo.eu\/nl\/liste-de-naissance\/","og_locale":"nl_BE","og_type":"article","og_title":"Liste de naissance - BidiBoo - sur mesure -By Bidi'Boo - b\u00e9b\u00e9 - nouveau-n\u00e9","og_description":"Chez Tidado on sait que la liste de naissance est le moment incroyable o\u00f9 on commence \u00e0 pr\u00e9parer la venue de notre nouveau-n\u00e9 et s'y prendre \u00e0 l'avance pour cr\u00e9er une liste de naissance sur mesure est une garantie d'accouchement sans stress. alors , faites un tour sur Tidado et voyez ce qui vous ferait plaisir \u00e0 vous et votre b\u00e9b\u00e9.","og_url":"https:\/\/bidiboo.eu\/nl\/liste-de-naissance\/","og_site_name":"BidiBoo","article_publisher":"https:\/\/www.facebook.com\/BidiBoocreations","article_modified_time":"2024-01-21T20:13:48+00:00","og_image":[{"url":"https:\/\/bidiboo.eu\/wp-content\/uploads\/2023\/05\/Logo-BidiBoo-or-sans-cercle.png","type":"","width":"","height":""}],"twitter_card":"summary_large_image","twitter_misc":{"Geschatte leestijd":"1 minuut"},"schema":{"@context":"https:\/\/schema.org","@graph":[{"@type":"WebPage","@id":"https:\/\/bidiboo.eu\/liste-de-naissance\/","url":"https:\/\/bidiboo.eu\/liste-de-naissance\/","name":"Liste de naissance - BidiBoo - sur mesure -By Bidi'Boo - b\u00e9b\u00e9 - nouveau-n\u00e9","isPartOf":{"@id":"https:\/\/bidiboo.eu\/#website"},"primaryImageOfPage":{"@id":"https:\/\/bidiboo.eu\/liste-de-naissance\/#primaryimage"},"image":{"@id":"https:\/\/bidiboo.eu\/liste-de-naissance\/#primaryimage"},"thumbnailUrl":"https:\/\/bidiboo.eu\/wp-content\/uploads\/2023\/05\/Logo-BidiBoo-or-sans-cercle.png","datePublished":"2013-08-11T19:22:53+00:00","dateModified":"2024-01-21T20:13:48+00:00","description":"Chez Tidado on sait que la liste de naissance est le moment incroyable o\u00f9 on commence \u00e0 pr\u00e9parer la venue de notre nouveau-n\u00e9 et s'y prendre \u00e0 l'avance pour cr\u00e9er une liste de naissance sur mesure est une garantie d'accouchement sans stress. alors , faites un tour sur Tidado et voyez ce qui vous ferait plaisir \u00e0 vous et votre b\u00e9b\u00e9.","breadcrumb":{"@id":"https:\/\/bidiboo.eu\/liste-de-naissance\/#breadcrumb"},"inLanguage":"nl-BE","potentialAction":[{"@type":"ReadAction","target":["https:\/\/bidiboo.eu\/liste-de-naissance\/"]}]},{"@type":"ImageObject","inLanguage":"nl-BE","@id":"https:\/\/bidiboo.eu\/liste-de-naissance\/#primaryimage","url":"https:\/\/bidiboo.eu\/wp-content\/uploads\/2023\/05\/Logo-BidiBoo-or-sans-cercle.png","contentUrl":"https:\/\/bidiboo.eu\/wp-content\/uploads\/2023\/05\/Logo-BidiBoo-or-sans-cercle.png"},{"@type":"BreadcrumbList","@id":"https:\/\/bidiboo.eu\/liste-de-naissance\/#breadcrumb","itemListElement":[{"@type":"ListItem","position":1,"name":"Accueil","item":"https:\/\/bidiboo.eu\/"},{"@type":"ListItem","position":2,"name":"Contact"}]},{"@type":"WebSite","@id":"https:\/\/bidiboo.eu\/#website","url":"https:\/\/bidiboo.eu\/","name":"BidiBoo","description":"","publisher":{"@id":"https:\/\/bidiboo.eu\/#organization"},"potentialAction":[{"@type":"SearchAction","target":{"@type":"EntryPoint","urlTemplate":"https:\/\/bidiboo.eu\/?s={search_term_string}"},"query-input":{"@type":"PropertyValueSpecification","valueRequired":true,"valueName":"search_term_string"}}],"inLanguage":"nl-BE"},{"@type":"Organization","@id":"https:\/\/bidiboo.eu\/#organization","name":"Bidiboo","url":"https:\/\/bidiboo.eu\/","logo":{"@type":"ImageObject","inLanguage":"nl-BE","@id":"https:\/\/bidiboo.eu\/#\/schema\/logo\/image\/","url":"https:\/\/bidiboo.eu\/wp-content\/uploads\/2022\/04\/Logo-BidiBoo.png","contentUrl":"https:\/\/bidiboo.eu\/wp-content\/uploads\/2022\/04\/Logo-BidiBoo.png","width":941,"height":926,"caption":"Bidiboo"},"image":{"@id":"https:\/\/bidiboo.eu\/#\/schema\/logo\/image\/"},"sameAs":["https:\/\/www.facebook.com\/BidiBoocreations","https:\/\/www.instagram.com\/bidiboo.creations\/"]}]}},"acf":[],"jetpack_likes_enabled":false,"_links":{"self":[{"href":"https:\/\/bidiboo.eu\/nl\/wp-json\/wp\/v2\/pages\/89","targetHints":{"allow":["GET"]}}],"collection":[{"href":"https:\/\/bidiboo.eu\/nl\/wp-json\/wp\/v2\/pages"}],"about":[{"href":"https:\/\/bidiboo.eu\/nl\/wp-json\/wp\/v2\/types\/page"}],"author":[{"embeddable":true,"href":"https:\/\/bidiboo.eu\/nl\/wp-json\/wp\/v2\/users\/1"}],"replies":[{"embeddable":true,"href":"https:\/\/bidiboo.eu\/nl\/wp-json\/wp\/v2\/comments?post=89"}],"version-history":[{"count":0,"href":"https:\/\/bidiboo.eu\/nl\/wp-json\/wp\/v2\/pages\/89\/revisions"}],"wp:attachment":[{"href":"https:\/\/bidiboo.eu\/nl\/wp-json\/wp\/v2\/media?parent=89"}],"curies":[{"name":"wp","href":"https:\/\/api.w.org\/{rel}","templated":true}]}}