{"id":7409,"date":"2021-08-26T15:50:39","date_gmt":"2021-08-26T13:50:39","guid":{"rendered":"https:\/\/bidiboo.eu\/?page_id=7409"},"modified":"2023-05-29T13:41:49","modified_gmt":"2023-05-29T11:41:49","slug":"articles-personnalises","status":"publish","type":"page","link":"https:\/\/bidiboo.eu\/nl\/articles-personnalises\/","title":{"rendered":"Gepersonaliseerde artikelen"},"content":{"rendered":"<div class=\"wp-block-columns is-layout-flex wp-container-core-columns-is-layout-9d6595d7 wp-block-columns-is-layout-flex\">\n<div class=\"wp-block-column is-layout-flow wp-block-column-is-layout-flow\" style=\"flex-basis:100%\">\n<p class=\"has-text-align-center animated bounceIn has-medium-font-size\">Wil je artikelen laten personaliseren door een voornaam toe te voegen of wil je zelf de stoffen kiezen?&nbsp;<\/p>\n\n\n\n<p class=\"has-text-align-center has-medium-font-size\">Neem contact met mij op, ik adviseer u graag zodat uw bestelling uniek en naar uw smaak is.<\/p>\n\n\n\n<p class=\"has-text-align-center animated pulse has-medium-font-size\">via de Facebookpagina van&nbsp;<a href=\"https:\/\/www.facebook.com\/BidiBoocreations\">Bidi&#039;Boo<\/a><\/p>\n\n\n\n<p class=\"has-text-align-center animated swing has-medium-font-size\">of via onderstaand contactformulier<\/p>\n<\/div>\n<\/div>\n\n\n\n<div class=\"wp-block-contact-form-7-contact-form-selector\">[contact-form-7 id=\u201d657\u2033 title=\u201dform\u201d]<\/div>","protected":false},"excerpt":{"rendered":"<p>Vous souhaitez faire personnaliser des articles en ajoutant un pr\u00e9nom ou vous souhaitez choisir vous m\u00eames les tissus ?&nbsp; contactez moi , je me ferrai un plaisir de vous conseiller pour que votre commande soit unique et \u00e0 votre image. via la page Facebook de&nbsp;Bidi\u2019Boo ou via le formulaire de contact ci-dessous<\/p>","protected":false},"author":1,"featured_media":0,"parent":0,"menu_order":0,"comment_status":"closed","ping_status":"closed","template":"","meta":{"_editorskit_title_hidden":true,"_editorskit_reading_time":1,"_editorskit_is_block_options_detached":false,"_editorskit_block_options_position":"{}","inline_featured_image":false,"footnotes":""},"class_list":["post-7409","page","type-page","status-publish","hentry"],"yoast_head":"<!-- This site is optimized with the Yoast SEO plugin v25.7 - https:\/\/yoast.com\/wordpress\/plugins\/seo\/ -->\n<title>Articles Personnalis\u00e9s - BidiBoo<\/title>\n<meta name=\"description\" content=\"Vous souhaitez faire personnaliser des articles en ajoutant un pr\u00e9nom ou vous souhaitez choisir vous m\u00eames les tissus ? contactez moi , je me ferrai un plaisir de vous conseiller pour que votre commande soit unique et \u00e0 votre image.via la page Facebook de Bidi&#039;Boo\" \/>\n<meta name=\"robots\" content=\"index, follow, max-snippet:-1, max-image-preview:large, max-video-preview:-1\" \/>\n<link rel=\"canonical\" href=\"https:\/\/bidiboo.eu\/nl\/articles-personnalises\/\" \/>\n<meta property=\"og:locale\" content=\"nl_BE\" \/>\n<meta property=\"og:type\" content=\"article\" \/>\n<meta property=\"og:title\" content=\"Articles Personnalis\u00e9s - BidiBoo\" \/>\n<meta property=\"og:description\" content=\"Vous souhaitez faire personnaliser des articles en ajoutant un pr\u00e9nom ou vous souhaitez choisir vous m\u00eames les tissus ? contactez moi , je me ferrai un plaisir de vous conseiller pour que votre commande soit unique et \u00e0 votre image.via la page Facebook de Bidi&#039;Boo\" \/>\n<meta property=\"og:url\" content=\"https:\/\/bidiboo.eu\/nl\/articles-personnalises\/\" \/>\n<meta property=\"og:site_name\" content=\"BidiBoo\" \/>\n<meta property=\"article:publisher\" content=\"https:\/\/www.facebook.com\/BidiBoocreations\" \/>\n<meta property=\"article:modified_time\" content=\"2023-05-29T11:41:49+00:00\" \/>\n<meta property=\"og:image\" content=\"https:\/\/bidiboo.eu\/wp-content\/uploads\/2022\/04\/Logo-BidiBoo.png\" \/>\n\t<meta property=\"og:image:width\" content=\"941\" \/>\n\t<meta property=\"og:image:height\" content=\"926\" \/>\n\t<meta property=\"og:image:type\" content=\"image\/png\" \/>\n<meta name=\"twitter:card\" content=\"summary_large_image\" \/>\n<meta name=\"twitter:label1\" content=\"Geschatte leestijd\" \/>\n\t<meta name=\"twitter:data1\" content=\"3 minuten\" \/>\n<script type=\"application\/ld+json\" class=\"yoast-schema-graph\">{\"@context\":\"https:\/\/schema.org\",\"@graph\":[{\"@type\":\"WebPage\",\"@id\":\"https:\/\/bidiboo.eu\/articles-personnalises\/\",\"url\":\"https:\/\/bidiboo.eu\/articles-personnalises\/\",\"name\":\"Articles Personnalis\u00e9s - BidiBoo\",\"isPartOf\":{\"@id\":\"https:\/\/bidiboo.eu\/#website\"},\"datePublished\":\"2021-08-26T13:50:39+00:00\",\"dateModified\":\"2023-05-29T11:41:49+00:00\",\"description\":\"Vous souhaitez faire personnaliser des articles en ajoutant un pr\u00e9nom ou vous souhaitez choisir vous m\u00eames les tissus ? contactez moi , je me ferrai un plaisir de vous conseiller pour que votre commande soit unique et \u00e0 votre image.via la page Facebook de Bidi'Boo\",\"breadcrumb\":{\"@id\":\"https:\/\/bidiboo.eu\/articles-personnalises\/#breadcrumb\"},\"inLanguage\":\"nl-BE\",\"potentialAction\":[{\"@type\":\"ReadAction\",\"target\":[\"https:\/\/bidiboo.eu\/articles-personnalises\/\"]}]},{\"@type\":\"BreadcrumbList\",\"@id\":\"https:\/\/bidiboo.eu\/articles-personnalises\/#breadcrumb\",\"itemListElement\":[{\"@type\":\"ListItem\",\"position\":1,\"name\":\"Accueil\",\"item\":\"https:\/\/bidiboo.eu\/\"},{\"@type\":\"ListItem\",\"position\":2,\"name\":\"Articles Personnalis\u00e9s\"}]},{\"@type\":\"WebSite\",\"@id\":\"https:\/\/bidiboo.eu\/#website\",\"url\":\"https:\/\/bidiboo.eu\/\",\"name\":\"BidiBoo\",\"description\":\"\",\"publisher\":{\"@id\":\"https:\/\/bidiboo.eu\/#organization\"},\"potentialAction\":[{\"@type\":\"SearchAction\",\"target\":{\"@type\":\"EntryPoint\",\"urlTemplate\":\"https:\/\/bidiboo.eu\/?s={search_term_string}\"},\"query-input\":{\"@type\":\"PropertyValueSpecification\",\"valueRequired\":true,\"valueName\":\"search_term_string\"}}],\"inLanguage\":\"nl-BE\"},{\"@type\":\"Organization\",\"@id\":\"https:\/\/bidiboo.eu\/#organization\",\"name\":\"Bidiboo\",\"url\":\"https:\/\/bidiboo.eu\/\",\"logo\":{\"@type\":\"ImageObject\",\"inLanguage\":\"nl-BE\",\"@id\":\"https:\/\/bidiboo.eu\/#\/schema\/logo\/image\/\",\"url\":\"https:\/\/bidiboo.eu\/wp-content\/uploads\/2022\/04\/Logo-BidiBoo.png\",\"contentUrl\":\"https:\/\/bidiboo.eu\/wp-content\/uploads\/2022\/04\/Logo-BidiBoo.png\",\"width\":941,\"height\":926,\"caption\":\"Bidiboo\"},\"image\":{\"@id\":\"https:\/\/bidiboo.eu\/#\/schema\/logo\/image\/\"},\"sameAs\":[\"https:\/\/www.facebook.com\/BidiBoocreations\",\"https:\/\/www.instagram.com\/bidiboo.creations\/\"]}]}<\/script>\n<!-- \/ Yoast SEO plugin. -->","yoast_head_json":{"title":"Articles Personnalis\u00e9s - BidiBoo","description":"Vous souhaitez faire personnaliser des articles en ajoutant un pr\u00e9nom ou vous souhaitez choisir vous m\u00eames les tissus ? contactez moi , je me ferrai un plaisir de vous conseiller pour que votre commande soit unique et \u00e0 votre image.via la page Facebook de Bidi'Boo","robots":{"index":"index","follow":"follow","max-snippet":"max-snippet:-1","max-image-preview":"max-image-preview:large","max-video-preview":"max-video-preview:-1"},"canonical":"https:\/\/bidiboo.eu\/nl\/articles-personnalises\/","og_locale":"nl_BE","og_type":"article","og_title":"Articles Personnalis\u00e9s - BidiBoo","og_description":"Vous souhaitez faire personnaliser des articles en ajoutant un pr\u00e9nom ou vous souhaitez choisir vous m\u00eames les tissus ? contactez moi , je me ferrai un plaisir de vous conseiller pour que votre commande soit unique et \u00e0 votre image.via la page Facebook de Bidi'Boo","og_url":"https:\/\/bidiboo.eu\/nl\/articles-personnalises\/","og_site_name":"BidiBoo","article_publisher":"https:\/\/www.facebook.com\/BidiBoocreations","article_modified_time":"2023-05-29T11:41:49+00:00","og_image":[{"width":941,"height":926,"url":"https:\/\/bidiboo.eu\/wp-content\/uploads\/2022\/04\/Logo-BidiBoo.png","type":"image\/png"}],"twitter_card":"summary_large_image","twitter_misc":{"Geschatte leestijd":"3 minuten"},"schema":{"@context":"https:\/\/schema.org","@graph":[{"@type":"WebPage","@id":"https:\/\/bidiboo.eu\/articles-personnalises\/","url":"https:\/\/bidiboo.eu\/articles-personnalises\/","name":"Articles Personnalis\u00e9s - BidiBoo","isPartOf":{"@id":"https:\/\/bidiboo.eu\/#website"},"datePublished":"2021-08-26T13:50:39+00:00","dateModified":"2023-05-29T11:41:49+00:00","description":"Vous souhaitez faire personnaliser des articles en ajoutant un pr\u00e9nom ou vous souhaitez choisir vous m\u00eames les tissus ? contactez moi , je me ferrai un plaisir de vous conseiller pour que votre commande soit unique et \u00e0 votre image.via la page Facebook de Bidi'Boo","breadcrumb":{"@id":"https:\/\/bidiboo.eu\/articles-personnalises\/#breadcrumb"},"inLanguage":"nl-BE","potentialAction":[{"@type":"ReadAction","target":["https:\/\/bidiboo.eu\/articles-personnalises\/"]}]},{"@type":"BreadcrumbList","@id":"https:\/\/bidiboo.eu\/articles-personnalises\/#breadcrumb","itemListElement":[{"@type":"ListItem","position":1,"name":"Accueil","item":"https:\/\/bidiboo.eu\/"},{"@type":"ListItem","position":2,"name":"Articles Personnalis\u00e9s"}]},{"@type":"WebSite","@id":"https:\/\/bidiboo.eu\/#website","url":"https:\/\/bidiboo.eu\/","name":"BidiBoo","description":"","publisher":{"@id":"https:\/\/bidiboo.eu\/#organization"},"potentialAction":[{"@type":"SearchAction","target":{"@type":"EntryPoint","urlTemplate":"https:\/\/bidiboo.eu\/?s={search_term_string}"},"query-input":{"@type":"PropertyValueSpecification","valueRequired":true,"valueName":"search_term_string"}}],"inLanguage":"nl-BE"},{"@type":"Organization","@id":"https:\/\/bidiboo.eu\/#organization","name":"Bidiboo","url":"https:\/\/bidiboo.eu\/","logo":{"@type":"ImageObject","inLanguage":"nl-BE","@id":"https:\/\/bidiboo.eu\/#\/schema\/logo\/image\/","url":"https:\/\/bidiboo.eu\/wp-content\/uploads\/2022\/04\/Logo-BidiBoo.png","contentUrl":"https:\/\/bidiboo.eu\/wp-content\/uploads\/2022\/04\/Logo-BidiBoo.png","width":941,"height":926,"caption":"Bidiboo"},"image":{"@id":"https:\/\/bidiboo.eu\/#\/schema\/logo\/image\/"},"sameAs":["https:\/\/www.facebook.com\/BidiBoocreations","https:\/\/www.instagram.com\/bidiboo.creations\/"]}]}},"acf":[],"jetpack_likes_enabled":false,"_links":{"self":[{"href":"https:\/\/bidiboo.eu\/nl\/wp-json\/wp\/v2\/pages\/7409","targetHints":{"allow":["GET"]}}],"collection":[{"href":"https:\/\/bidiboo.eu\/nl\/wp-json\/wp\/v2\/pages"}],"about":[{"href":"https:\/\/bidiboo.eu\/nl\/wp-json\/wp\/v2\/types\/page"}],"author":[{"embeddable":true,"href":"https:\/\/bidiboo.eu\/nl\/wp-json\/wp\/v2\/users\/1"}],"replies":[{"embeddable":true,"href":"https:\/\/bidiboo.eu\/nl\/wp-json\/wp\/v2\/comments?post=7409"}],"version-history":[{"count":0,"href":"https:\/\/bidiboo.eu\/nl\/wp-json\/wp\/v2\/pages\/7409\/revisions"}],"wp:attachment":[{"href":"https:\/\/bidiboo.eu\/nl\/wp-json\/wp\/v2\/media?parent=7409"}],"curies":[{"name":"wp","href":"https:\/\/api.w.org\/{rel}","templated":true}]}}