{"id":3,"date":"2021-03-12T20:09:36","date_gmt":"2021-03-12T19:09:36","guid":{"rendered":"https:\/\/bidiboo.eu\/?page_id=3"},"modified":"2021-09-04T13:48:34","modified_gmt":"2021-09-04T11:48:34","slug":"politique-de-confidentialite","status":"publish","type":"page","link":"https:\/\/bidiboo.eu\/nl\/politique-de-confidentialite\/","title":{"rendered":"Privacybeleid"},"content":{"rendered":"<h2 class=\"wp-block-heading\">Tidado<\/h2>\n\n\n\n<p><\/p>\n\n\n\n<h2 class=\"wp-block-heading\">Opmerkingen<\/h2>\n\n\n\n<p>Wanneer u een reactie achterlaat op onze site, worden de gegevens die u in het reactieformulier invoert, maar ook uw IP-adres en de user-agent van uw browser verzameld om ons te helpen ongewenste reacties te detecteren.<\/p>\n\n\n\n<p>Er kan een geanonimiseerde string, gemaakt op basis van uw e-mailadres (ook wel een hash genoemd), naar de Gravatar-service worden gestuurd om te controleren of u deze gebruikt. De vertrouwelijkheidsbepalingen van de Gravatar-service zijn hier beschikbaar: https:\/\/automattic.com\/privacy\/. Na validatie van uw reactie zal uw profielfoto publiekelijk zichtbaar zijn naast uw reactie.<\/p>\n\n\n\n<h2 class=\"wp-block-heading\">Media<\/h2>\n\n\n\n<p>Als u afbeeldingen naar de site uploadt, raden wij u aan geen afbeeldingen te uploaden die EXIF GPS-co\u00f6rdinatengegevens bevatten. Mensen die uw site bezoeken, kunnen locatiegegevens uit deze afbeeldingen downloaden en extraheren.<\/p>\n\n\n\n<h2 class=\"wp-block-heading\">Inhoud die is ingesloten vanaf andere sites<\/h2>\n\n\n\n<p>Artikelen op deze site kunnen ingesloten inhoud bevatten (bijvoorbeeld video&#039;s, afbeeldingen, artikelen, enz.). Inhoud die is ingesloten vanaf andere sites gedraagt zich hetzelfde alsof de bezoeker naar die andere site zou gaan.<\/p>\n\n\n\n<p>Deze websites kunnen gegevens over u verzamelen, cookies gebruiken, trackingtools van derden insluiten en uw interacties met deze ingesloten inhoud volgen als u een account heeft dat aan hun website is gekoppeld.<\/p>\n\n\n\n<h2 class=\"wp-block-heading\">Gebruik en overdracht van uw persoonlijke gegevens<\/h2>\n\n\n\n<p>Als u een wachtwoordreset aanvraagt, wordt uw IP-adres opgenomen in de reset-e-mail.<\/p>\n\n\n\n<h2 class=\"wp-block-heading\">Bewaartijden voor uw gegevens<\/h2>\n\n\n\n<p>Als u een reactie achterlaat, worden de reactie en de metagegevens ervan voor onbepaalde tijd bewaard. Hierdoor kunnen daaropvolgende reacties automatisch worden herkend en goedgekeurd, in plaats van dat ze in de moderatiewachtrij blijven staan.<\/p>\n\n\n\n<p>Voor accounts die zich op onze site registreren (indien van toepassing), slaan we ook de persoonlijke gegevens op die in hun profiel staan vermeld. Alle accounts kunnen op elk moment hun persoonlijke gegevens bekijken, bewerken of verwijderen (behalve hun gebruikersnaam). Locatiebeheerders kunnen deze informatie ook bekijken en wijzigen.<\/p>\n\n\n\n<h2 class=\"wp-block-heading\">De rechten die u heeft over uw gegevens<\/h2>\n\n\n\n<p>Als u een account heeft of reacties op de site heeft achtergelaten, kunt u verzoeken om een bestand met alle persoonlijke gegevens die we over u hebben, inclusief de gegevens die u aan ons heeft verstrekt. U kunt ook verzoeken om de verwijdering van persoonlijke gegevens die op u betrekking hebben. Hierbij wordt geen rekening gehouden met gegevens die zijn opgeslagen voor administratieve, wettelijke of veiligheidsdoeleinden.<\/p>\n\n\n\n<h2 class=\"wp-block-heading\">Overdracht van uw persoonlijke gegevens<\/h2>\n\n\n\n<p>Bezoekersreacties kunnen worden gecontroleerd met behulp van een geautomatiseerde detectieservice voor spamreacties.<\/p>","protected":false},"excerpt":{"rendered":"<p>Reacties op Tidado Wanneer u een reactie achterlaat op onze site, worden de gegevens die u in het reactieformulier invult, evenals uw IP-adres en browsergebruikersagent, verzameld om ons te helpen spam te detecteren. Een geanonimiseerde reeks tekens die is gegenereerd op basis van uw e-mailadres (ook wel een hash genoemd) kan naar de Gravatar-service worden verzonden om te controleren of u deze gebruikt. Het privacybeleid van de Gravatar-service is hier beschikbaar: https:\/\/automattic.com\/privacy\/. Nadat uw reactie is goedgekeurd, is uw profielfoto openbaar zichtbaar naast uw reactie. Media Als u afbeeldingen uploadt naar de site, raden we u aan geen afbeeldingen te uploaden die EXIF GPS-locatiegegevens bevatten. Bezoekers van uw site kunnen locatiegegevens uit deze afbeeldingen downloaden en extraheren. Ingesloten inhoud van andere websites Artikelen op deze site kunnen ingesloten inhoud bevatten (bijv. video&#039;s, afbeeldingen, artikelen, enz.). Ingesloten inhoud van andere websites gedraagt zich op dezelfde manier alsof de bezoeker de andere website had bezocht. Deze websites kunnen gegevens over u verzamelen, cookies gebruiken, trackingtools van derden insluiten en uw interacties met deze ingesloten inhoud volgen als u een account heeft en bent ingelogd op hun website. Gebruik en overdracht van uw persoonsgegevens: Als u een wachtwoordreset aanvraagt, wordt uw IP-adres opgenomen in de reset-e-mail. Bewaartermijnen van gegevens: Als u een reactie achterlaat, worden de reactie en de bijbehorende metadata voor onbepaalde tijd bewaard. Hierdoor kunnen we eventuele vervolgreacties automatisch herkennen en goedkeuren in plaats van ze in een moderatie wachtrij te plaatsen. Voor accounts die zich registreren op onze website (indien van toepassing), slaan we ook de persoonlijke informatie op die zij in hun gebruikersprofiel verstrekken. Alle accounthouders kunnen hun persoonlijke gegevens te allen tijde bekijken, bewerken of verwijderen (met uitzondering van hun gebruikersnaam). Websitebeheerders kunnen deze informatie ook bekijken en bewerken. Uw rechten met betrekking tot uw gegevens: Als u een account heeft of reacties op de site heeft achtergelaten, kunt u een bestand opvragen met alle persoonsgegevens die wij over u bewaren, inclusief alle gegevens die u aan ons heeft verstrekt. U kunt ook verzoeken om verwijdering van uw persoonsgegevens. Dit omvat niet gegevens die zijn opgeslagen voor administratieve, wettelijke of beveiligingsdoeleinden. Bezoekersreacties kunnen worden gecontroleerd met behulp van een geautomatiseerde spamdetectieservice.<\/p>","protected":false},"author":1,"featured_media":0,"parent":0,"menu_order":0,"comment_status":"closed","ping_status":"open","template":"","meta":{"_editorskit_title_hidden":false,"_editorskit_reading_time":0,"_editorskit_is_block_options_detached":false,"_editorskit_block_options_position":"{}","inline_featured_image":false,"footnotes":""},"class_list":["post-3","page","type-page","status-publish","hentry"],"yoast_head":"<!-- This site is optimized with the Yoast SEO plugin v25.7 - https:\/\/yoast.com\/wordpress\/plugins\/seo\/ -->\n<title>Politique de confidentialit\u00e9 - BidiBoo<\/title>\n<meta name=\"robots\" content=\"index, follow, max-snippet:-1, max-image-preview:large, max-video-preview:-1\" \/>\n<link rel=\"canonical\" href=\"https:\/\/bidiboo.eu\/nl\/politique-de-confidentialite\/\" \/>\n<meta property=\"og:locale\" content=\"nl_BE\" \/>\n<meta property=\"og:type\" content=\"article\" \/>\n<meta property=\"og:title\" content=\"Politique de confidentialit\u00e9 - BidiBoo\" \/>\n<meta property=\"og:description\" content=\"Tidado Commentaires Quand vous laissez un commentaire sur notre site, les donn\u00e9es inscrites dans le formulaire de commentaire, mais aussi votre adresse IP et l\u2019agent utilisateur de votre navigateur sont collect\u00e9s pour nous aider \u00e0 la d\u00e9tection des commentaires ind\u00e9sirables. Une cha\u00eene anonymis\u00e9e cr\u00e9\u00e9e \u00e0 partir de votre adresse e-mail (\u00e9galement appel\u00e9e hash) peut \u00eatre envoy\u00e9e au service Gravatar pour v\u00e9rifier si vous utilisez ce dernier. Les clauses de confidentialit\u00e9 du service Gravatar sont disponibles ici&nbsp;: https:\/\/automattic.com\/privacy\/. Apr\u00e8s validation de votre commentaire, votre photo de profil sera visible publiquement \u00e0 cot\u00e9 de votre commentaire. M\u00e9dias Si vous t\u00e9l\u00e9versez des images sur le site, nous vous conseillons d\u2019\u00e9viter de t\u00e9l\u00e9verser des images contenant des donn\u00e9es EXIF de coordonn\u00e9es GPS. Les personnes visitant votre site peuvent t\u00e9l\u00e9charger et extraire des donn\u00e9es de localisation depuis ces images. Contenu embarqu\u00e9 depuis d\u2019autres sites Les articles de ce site peuvent inclure des contenus int\u00e9gr\u00e9s (par exemple des vid\u00e9os, images, articles\u2026). Le contenu int\u00e9gr\u00e9 depuis d\u2019autres sites se comporte de la m\u00eame mani\u00e8re que si le visiteur se rendait sur cet autre site. Ces sites web pourraient collecter des donn\u00e9es sur vous, utiliser des cookies, embarquer des outils de suivis tiers, suivre vos interactions avec ces contenus embarqu\u00e9s si vous disposez d\u2019un compte connect\u00e9 sur leur site web. Utilisation et transmission de vos donn\u00e9es personnelles Si vous demandez une r\u00e9initialisation de votre mot de passe, votre adresse IP sera incluse dans l\u2019e-mail de r\u00e9initialisation. Dur\u00e9es de stockage de vos donn\u00e9es Si vous laissez un commentaire, le commentaire et ses m\u00e9tadonn\u00e9es sont conserv\u00e9s ind\u00e9finiment. Cela permet de reconna\u00eetre et approuver automatiquement les commentaires suivants au lieu de les laisser dans la file de mod\u00e9ration. Pour les comptes qui s\u2019inscrivent sur notre site (le cas \u00e9ch\u00e9ant), nous stockons \u00e9galement les donn\u00e9es personnelles indiqu\u00e9es dans leur profil. Tous les comptes peuvent voir, modifier ou supprimer leurs informations personnelles \u00e0 tout moment (\u00e0 l\u2019exception de leur identifiant). Les gestionnaires du site peuvent aussi voir et modifier ces informations. Les droits que vous avez sur vos donn\u00e9es Si vous avez un compte ou si vous avez laiss\u00e9 des commentaires sur le site, vous pouvez demander \u00e0 recevoir un fichier contenant toutes les donn\u00e9es personnelles que nous poss\u00e9dons \u00e0 votre sujet, incluant celles que vous nous avez fournies. Vous pouvez \u00e9galement demander la suppression des donn\u00e9es personnelles vous concernant. Cela ne prend pas en compte les donn\u00e9es stock\u00e9es \u00e0 des fins administratives, l\u00e9gales ou pour des raisons de s\u00e9curit\u00e9. Transmission de vos donn\u00e9es personnelles Les commentaires des visiteurs peuvent \u00eatre v\u00e9rifi\u00e9s \u00e0 l\u2019aide d\u2019un service automatis\u00e9 de d\u00e9tection des commentaires ind\u00e9sirables.\" \/>\n<meta property=\"og:url\" content=\"https:\/\/bidiboo.eu\/nl\/politique-de-confidentialite\/\" \/>\n<meta property=\"og:site_name\" content=\"BidiBoo\" \/>\n<meta property=\"article:publisher\" content=\"https:\/\/www.facebook.com\/BidiBoocreations\" \/>\n<meta property=\"article:modified_time\" content=\"2021-09-04T11:48:34+00:00\" \/>\n<meta property=\"og:image\" content=\"https:\/\/bidiboo.eu\/wp-content\/uploads\/2022\/04\/Logo-BidiBoo.png\" \/>\n\t<meta property=\"og:image:width\" content=\"941\" \/>\n\t<meta property=\"og:image:height\" content=\"926\" \/>\n\t<meta property=\"og:image:type\" content=\"image\/png\" \/>\n<meta name=\"twitter:card\" content=\"summary_large_image\" \/>\n<meta name=\"twitter:label1\" content=\"Geschatte leestijd\" \/>\n\t<meta name=\"twitter:data1\" content=\"2 minuten\" \/>\n<script type=\"application\/ld+json\" class=\"yoast-schema-graph\">{\"@context\":\"https:\/\/schema.org\",\"@graph\":[{\"@type\":\"WebPage\",\"@id\":\"https:\/\/bidiboo.eu\/politique-de-confidentialite\/\",\"url\":\"https:\/\/bidiboo.eu\/politique-de-confidentialite\/\",\"name\":\"Politique de confidentialit\u00e9 - BidiBoo\",\"isPartOf\":{\"@id\":\"https:\/\/bidiboo.eu\/#website\"},\"datePublished\":\"2021-03-12T19:09:36+00:00\",\"dateModified\":\"2021-09-04T11:48:34+00:00\",\"breadcrumb\":{\"@id\":\"https:\/\/bidiboo.eu\/politique-de-confidentialite\/#breadcrumb\"},\"inLanguage\":\"nl-BE\",\"potentialAction\":[{\"@type\":\"ReadAction\",\"target\":[\"https:\/\/bidiboo.eu\/politique-de-confidentialite\/\"]}]},{\"@type\":\"BreadcrumbList\",\"@id\":\"https:\/\/bidiboo.eu\/politique-de-confidentialite\/#breadcrumb\",\"itemListElement\":[{\"@type\":\"ListItem\",\"position\":1,\"name\":\"Accueil\",\"item\":\"https:\/\/bidiboo.eu\/\"},{\"@type\":\"ListItem\",\"position\":2,\"name\":\"Politique de confidentialit\u00e9\"}]},{\"@type\":\"WebSite\",\"@id\":\"https:\/\/bidiboo.eu\/#website\",\"url\":\"https:\/\/bidiboo.eu\/\",\"name\":\"BidiBoo\",\"description\":\"\",\"publisher\":{\"@id\":\"https:\/\/bidiboo.eu\/#organization\"},\"potentialAction\":[{\"@type\":\"SearchAction\",\"target\":{\"@type\":\"EntryPoint\",\"urlTemplate\":\"https:\/\/bidiboo.eu\/?s={search_term_string}\"},\"query-input\":{\"@type\":\"PropertyValueSpecification\",\"valueRequired\":true,\"valueName\":\"search_term_string\"}}],\"inLanguage\":\"nl-BE\"},{\"@type\":\"Organization\",\"@id\":\"https:\/\/bidiboo.eu\/#organization\",\"name\":\"Bidiboo\",\"url\":\"https:\/\/bidiboo.eu\/\",\"logo\":{\"@type\":\"ImageObject\",\"inLanguage\":\"nl-BE\",\"@id\":\"https:\/\/bidiboo.eu\/#\/schema\/logo\/image\/\",\"url\":\"https:\/\/bidiboo.eu\/wp-content\/uploads\/2022\/04\/Logo-BidiBoo.png\",\"contentUrl\":\"https:\/\/bidiboo.eu\/wp-content\/uploads\/2022\/04\/Logo-BidiBoo.png\",\"width\":941,\"height\":926,\"caption\":\"Bidiboo\"},\"image\":{\"@id\":\"https:\/\/bidiboo.eu\/#\/schema\/logo\/image\/\"},\"sameAs\":[\"https:\/\/www.facebook.com\/BidiBoocreations\",\"https:\/\/www.instagram.com\/bidiboo.creations\/\"]}]}<\/script>\n<!-- \/ Yoast SEO plugin. -->","yoast_head_json":{"title":"Politique de confidentialit\u00e9 - BidiBoo","robots":{"index":"index","follow":"follow","max-snippet":"max-snippet:-1","max-image-preview":"max-image-preview:large","max-video-preview":"max-video-preview:-1"},"canonical":"https:\/\/bidiboo.eu\/nl\/politique-de-confidentialite\/","og_locale":"nl_BE","og_type":"article","og_title":"Politique de confidentialit\u00e9 - BidiBoo","og_description":"Tidado Commentaires Quand vous laissez un commentaire sur notre site, les donn\u00e9es inscrites dans le formulaire de commentaire, mais aussi votre adresse IP et l\u2019agent utilisateur de votre navigateur sont collect\u00e9s pour nous aider \u00e0 la d\u00e9tection des commentaires ind\u00e9sirables. Une cha\u00eene anonymis\u00e9e cr\u00e9\u00e9e \u00e0 partir de votre adresse e-mail (\u00e9galement appel\u00e9e hash) peut \u00eatre envoy\u00e9e au service Gravatar pour v\u00e9rifier si vous utilisez ce dernier. Les clauses de confidentialit\u00e9 du service Gravatar sont disponibles ici&nbsp;: https:\/\/automattic.com\/privacy\/. Apr\u00e8s validation de votre commentaire, votre photo de profil sera visible publiquement \u00e0 cot\u00e9 de votre commentaire. M\u00e9dias Si vous t\u00e9l\u00e9versez des images sur le site, nous vous conseillons d\u2019\u00e9viter de t\u00e9l\u00e9verser des images contenant des donn\u00e9es EXIF de coordonn\u00e9es GPS. Les personnes visitant votre site peuvent t\u00e9l\u00e9charger et extraire des donn\u00e9es de localisation depuis ces images. Contenu embarqu\u00e9 depuis d\u2019autres sites Les articles de ce site peuvent inclure des contenus int\u00e9gr\u00e9s (par exemple des vid\u00e9os, images, articles\u2026). Le contenu int\u00e9gr\u00e9 depuis d\u2019autres sites se comporte de la m\u00eame mani\u00e8re que si le visiteur se rendait sur cet autre site. Ces sites web pourraient collecter des donn\u00e9es sur vous, utiliser des cookies, embarquer des outils de suivis tiers, suivre vos interactions avec ces contenus embarqu\u00e9s si vous disposez d\u2019un compte connect\u00e9 sur leur site web. Utilisation et transmission de vos donn\u00e9es personnelles Si vous demandez une r\u00e9initialisation de votre mot de passe, votre adresse IP sera incluse dans l\u2019e-mail de r\u00e9initialisation. Dur\u00e9es de stockage de vos donn\u00e9es Si vous laissez un commentaire, le commentaire et ses m\u00e9tadonn\u00e9es sont conserv\u00e9s ind\u00e9finiment. Cela permet de reconna\u00eetre et approuver automatiquement les commentaires suivants au lieu de les laisser dans la file de mod\u00e9ration. Pour les comptes qui s\u2019inscrivent sur notre site (le cas \u00e9ch\u00e9ant), nous stockons \u00e9galement les donn\u00e9es personnelles indiqu\u00e9es dans leur profil. Tous les comptes peuvent voir, modifier ou supprimer leurs informations personnelles \u00e0 tout moment (\u00e0 l\u2019exception de leur identifiant). Les gestionnaires du site peuvent aussi voir et modifier ces informations. Les droits que vous avez sur vos donn\u00e9es Si vous avez un compte ou si vous avez laiss\u00e9 des commentaires sur le site, vous pouvez demander \u00e0 recevoir un fichier contenant toutes les donn\u00e9es personnelles que nous poss\u00e9dons \u00e0 votre sujet, incluant celles que vous nous avez fournies. Vous pouvez \u00e9galement demander la suppression des donn\u00e9es personnelles vous concernant. Cela ne prend pas en compte les donn\u00e9es stock\u00e9es \u00e0 des fins administratives, l\u00e9gales ou pour des raisons de s\u00e9curit\u00e9. Transmission de vos donn\u00e9es personnelles Les commentaires des visiteurs peuvent \u00eatre v\u00e9rifi\u00e9s \u00e0 l\u2019aide d\u2019un service automatis\u00e9 de d\u00e9tection des commentaires ind\u00e9sirables.","og_url":"https:\/\/bidiboo.eu\/nl\/politique-de-confidentialite\/","og_site_name":"BidiBoo","article_publisher":"https:\/\/www.facebook.com\/BidiBoocreations","article_modified_time":"2021-09-04T11:48:34+00:00","og_image":[{"width":941,"height":926,"url":"https:\/\/bidiboo.eu\/wp-content\/uploads\/2022\/04\/Logo-BidiBoo.png","type":"image\/png"}],"twitter_card":"summary_large_image","twitter_misc":{"Geschatte leestijd":"2 minuten"},"schema":{"@context":"https:\/\/schema.org","@graph":[{"@type":"WebPage","@id":"https:\/\/bidiboo.eu\/politique-de-confidentialite\/","url":"https:\/\/bidiboo.eu\/politique-de-confidentialite\/","name":"Politique de confidentialit\u00e9 - BidiBoo","isPartOf":{"@id":"https:\/\/bidiboo.eu\/#website"},"datePublished":"2021-03-12T19:09:36+00:00","dateModified":"2021-09-04T11:48:34+00:00","breadcrumb":{"@id":"https:\/\/bidiboo.eu\/politique-de-confidentialite\/#breadcrumb"},"inLanguage":"nl-BE","potentialAction":[{"@type":"ReadAction","target":["https:\/\/bidiboo.eu\/politique-de-confidentialite\/"]}]},{"@type":"BreadcrumbList","@id":"https:\/\/bidiboo.eu\/politique-de-confidentialite\/#breadcrumb","itemListElement":[{"@type":"ListItem","position":1,"name":"Accueil","item":"https:\/\/bidiboo.eu\/"},{"@type":"ListItem","position":2,"name":"Politique de confidentialit\u00e9"}]},{"@type":"WebSite","@id":"https:\/\/bidiboo.eu\/#website","url":"https:\/\/bidiboo.eu\/","name":"BidiBoo","description":"","publisher":{"@id":"https:\/\/bidiboo.eu\/#organization"},"potentialAction":[{"@type":"SearchAction","target":{"@type":"EntryPoint","urlTemplate":"https:\/\/bidiboo.eu\/?s={search_term_string}"},"query-input":{"@type":"PropertyValueSpecification","valueRequired":true,"valueName":"search_term_string"}}],"inLanguage":"nl-BE"},{"@type":"Organization","@id":"https:\/\/bidiboo.eu\/#organization","name":"Bidiboo","url":"https:\/\/bidiboo.eu\/","logo":{"@type":"ImageObject","inLanguage":"nl-BE","@id":"https:\/\/bidiboo.eu\/#\/schema\/logo\/image\/","url":"https:\/\/bidiboo.eu\/wp-content\/uploads\/2022\/04\/Logo-BidiBoo.png","contentUrl":"https:\/\/bidiboo.eu\/wp-content\/uploads\/2022\/04\/Logo-BidiBoo.png","width":941,"height":926,"caption":"Bidiboo"},"image":{"@id":"https:\/\/bidiboo.eu\/#\/schema\/logo\/image\/"},"sameAs":["https:\/\/www.facebook.com\/BidiBoocreations","https:\/\/www.instagram.com\/bidiboo.creations\/"]}]}},"acf":[],"jetpack_likes_enabled":false,"_links":{"self":[{"href":"https:\/\/bidiboo.eu\/nl\/wp-json\/wp\/v2\/pages\/3","targetHints":{"allow":["GET"]}}],"collection":[{"href":"https:\/\/bidiboo.eu\/nl\/wp-json\/wp\/v2\/pages"}],"about":[{"href":"https:\/\/bidiboo.eu\/nl\/wp-json\/wp\/v2\/types\/page"}],"author":[{"embeddable":true,"href":"https:\/\/bidiboo.eu\/nl\/wp-json\/wp\/v2\/users\/1"}],"replies":[{"embeddable":true,"href":"https:\/\/bidiboo.eu\/nl\/wp-json\/wp\/v2\/comments?post=3"}],"version-history":[{"count":0,"href":"https:\/\/bidiboo.eu\/nl\/wp-json\/wp\/v2\/pages\/3\/revisions"}],"wp:attachment":[{"href":"https:\/\/bidiboo.eu\/nl\/wp-json\/wp\/v2\/media?parent=3"}],"curies":[{"name":"wp","href":"https:\/\/api.w.org\/{rel}","templated":true}]}}