{"id":18641,"date":"2024-03-02T15:12:54","date_gmt":"2024-03-02T14:12:54","guid":{"rendered":"https:\/\/bidiboo.eu\/?page_id=18641"},"modified":"2024-03-21T21:44:52","modified_gmt":"2024-03-21T20:44:52","slug":"panier","status":"publish","type":"page","link":"https:\/\/bidiboo.eu\/nl\/panier\/","title":{"rendered":"Mand"},"content":{"rendered":"<div data-elementor-type=\"wp-page\" data-elementor-id=\"18641\" class=\"elementor elementor-18641\" data-elementor-post-type=\"page\">\n\t\t\t\t<div class=\"elementor-element elementor-element-73324e9 e-flex e-con-boxed wpr-particle-no wpr-jarallax-no wpr-parallax-no wpr-sticky-section-no e-con e-parent\" data-id=\"73324e9\" data-element_type=\"container\">\n\t\t\t\t\t<div class=\"e-con-inner\">\n\t\t\t\t<div class=\"elementor-element elementor-element-a635ac9 elementor-widget elementor-widget-heading\" data-id=\"a635ac9\" data-element_type=\"widget\" data-widget_type=\"heading.default\">\n\t\t\t\t<div class=\"elementor-widget-container\">\n\t\t\t\t\t<h2 class=\"elementor-heading-title elementor-size-default\">Mand<\/h2>\t\t\t\t<\/div>\n\t\t\t\t<\/div>\n\t\t\t\t\t<\/div>\n\t\t\t\t<\/div>\n\t\t<div class=\"elementor-element elementor-element-5b37342 e-flex e-con-boxed wpr-particle-no wpr-jarallax-no wpr-parallax-no wpr-sticky-section-no e-con e-parent\" data-id=\"5b37342\" data-element_type=\"container\">\n\t\t\t\t\t<div class=\"e-con-inner\">\n\t\t\t\t\t<\/div>\n\t\t\t\t<\/div>\n\t\t<div class=\"elementor-element elementor-element-6d57567 e-flex e-con-boxed wpr-particle-no wpr-jarallax-no wpr-parallax-no wpr-sticky-section-no e-con e-parent\" data-id=\"6d57567\" data-element_type=\"container\">\n\t\t\t\t\t<div class=\"e-con-inner\">\n\t\t\t\t<div class=\"elementor-element elementor-element-18b6453 e-cart-layout-two-column elementor-widget elementor-widget-woocommerce-cart\" data-id=\"18b6453\" data-element_type=\"widget\" data-widget_type=\"woocommerce-cart.default\">\n\t\t\t\t<div class=\"elementor-widget-container\">\n\t\t\t\t\t<div class=\"woocommerce\"><div class=\"woocommerce-notices-wrapper\"><\/div><div class=\"wc-empty-cart-message\">\n\t<div class=\"cart-empty woocommerce-info\">\n\t\tJe winkelmand is momenteel leeg.\t<\/div>\n<\/div>\t<p class=\"return-to-shop\">\n\t\t<a class=\"button wc-backward\" href=\"https:\/\/bidiboo.eu\/nl\/la-boutique-bidiboo\/\">\n\t\t\tTerug naar winkel\t\t<\/a>\n\t<\/p>\n<\/div>\t\t\t\t<\/div>\n\t\t\t\t<\/div>\n\t\t\t\t\t<\/div>\n\t\t\t\t<\/div>\n\t\t\t\t<\/div>","protected":false},"excerpt":{"rendered":"<p>Panier &nbsp; Produit &nbsp; Prix Quantit\u00e9 Sous-total &times; Turban noeud Lila Tailles Turban: L (4-8a) &euro;&nbsp;24,99 quantit\u00e9 de Turban noeud Lila &#8211; L (4-8a) &euro;&nbsp;24,99 (TTC) &times; Turban noeud blanc Tailles Turban: L (4-8a) &euro;&nbsp;24,99 quantit\u00e9 de Turban noeud blanc &#8211; L (4-8a) &euro;&nbsp;24,99 (TTC) Mise \u00e0 jour le panier Appliquer le code promo Totaux du panier Sous-total &euro;&nbsp;49,97 (TTC) Exp\u00e9dition Bpost \u00e0 domicile: &euro;&nbsp;8,05 (TTC) Point de vente (6687 Givroulle) 0\u20ac Liste de naisance(retrait par les parents) 0\u20ac Livraison en point relais dpd: &euro;&nbsp;6,49 (TTC) Livraison en point relais mondial relay: &euro;&nbsp;4,42 (TTC) Dpd \u00e0 domicile: &euro;&nbsp;8,37 (TTC) Livraison en point relais Bpost: &euro;&nbsp;7,15 (TTC) Livraison \u00e0 rue dessus d&#039;odeigne, 1, 6687 Givroulle. Modifier l\u2019adresse Pays\/r\u00e9gion\u00a0: S\u00e9lectionner un pays\/r\u00e9gion\u2026BelgiqueFranceLuxembourgPays-Bas Ville\u00a0: Code postal Mettre \u00e0 jour Total &euro;&nbsp;58,02 (dont &euro;&nbsp;10,07 TVA) Passer \u00e0 la commande<\/p>","protected":false},"author":1,"featured_media":0,"parent":0,"menu_order":0,"comment_status":"closed","ping_status":"closed","template":"elementor_header_footer","meta":{"_editorskit_title_hidden":false,"_editorskit_reading_time":0,"_editorskit_is_block_options_detached":false,"_editorskit_block_options_position":"{}","inline_featured_image":false,"footnotes":""},"class_list":["post-18641","page","type-page","status-publish","hentry"],"yoast_head":"<!-- This site is optimized with the Yoast SEO plugin v25.7 - https:\/\/yoast.com\/wordpress\/plugins\/seo\/ -->\n<title>Panier - BidiBoo<\/title>\n<meta name=\"robots\" content=\"index, follow, max-snippet:-1, max-image-preview:large, max-video-preview:-1\" \/>\n<link rel=\"canonical\" href=\"https:\/\/bidiboo.eu\/nl\/panier\/\" \/>\n<meta property=\"og:locale\" content=\"nl_BE\" \/>\n<meta property=\"og:type\" content=\"article\" \/>\n<meta property=\"og:title\" content=\"Panier - BidiBoo\" \/>\n<meta property=\"og:description\" content=\"Panier &nbsp; Produit &nbsp; Prix Quantit\u00e9 Sous-total &times; Turban noeud Lila Tailles Turban: L (4-8a) &euro;&nbsp;24,99 quantit\u00e9 de Turban noeud Lila &#8211; L (4-8a) &euro;&nbsp;24,99 (TTC) &times; Turban noeud blanc Tailles Turban: L (4-8a) &euro;&nbsp;24,99 quantit\u00e9 de Turban noeud blanc &#8211; L (4-8a) &euro;&nbsp;24,99 (TTC) Mise \u00e0 jour le panier Appliquer le code promo Totaux du panier Sous-total &euro;&nbsp;49,97 (TTC) Exp\u00e9dition Bpost \u00e0 domicile: &euro;&nbsp;8,05 (TTC) Point de vente (6687 Givroulle) 0\u20ac Liste de naisance(retrait par les parents) 0\u20ac Livraison en point relais dpd: &euro;&nbsp;6,49 (TTC) Livraison en point relais mondial relay: &euro;&nbsp;4,42 (TTC) Dpd \u00e0 domicile: &euro;&nbsp;8,37 (TTC) Livraison en point relais Bpost: &euro;&nbsp;7,15 (TTC) Livraison \u00e0 rue dessus d&#039;odeigne, 1, 6687 Givroulle. Modifier l\u2019adresse Pays\/r\u00e9gion\u00a0: S\u00e9lectionner un pays\/r\u00e9gion\u2026BelgiqueFranceLuxembourgPays-Bas Ville\u00a0: Code postal Mettre \u00e0 jour Total &euro;&nbsp;58,02 (dont &euro;&nbsp;10,07 TVA) Passer \u00e0 la commande\" \/>\n<meta property=\"og:url\" content=\"https:\/\/bidiboo.eu\/nl\/panier\/\" \/>\n<meta property=\"og:site_name\" content=\"BidiBoo\" \/>\n<meta property=\"article:publisher\" content=\"https:\/\/www.facebook.com\/BidiBoocreations\" \/>\n<meta property=\"article:modified_time\" content=\"2024-03-21T20:44:52+00:00\" \/>\n<meta property=\"og:image\" content=\"https:\/\/bidiboo.eu\/wp-content\/uploads\/2024\/01\/PhotoRoom_20240128_100211-600x600.jpg\" \/>\n<meta name=\"twitter:card\" content=\"summary_large_image\" \/>\n<meta name=\"twitter:label1\" content=\"Geschatte leestijd\" \/>\n\t<meta name=\"twitter:data1\" content=\"1 minuut\" \/>\n<script type=\"application\/ld+json\" class=\"yoast-schema-graph\">{\"@context\":\"https:\/\/schema.org\",\"@graph\":[{\"@type\":\"WebPage\",\"@id\":\"https:\/\/bidiboo.eu\/panier\/\",\"url\":\"https:\/\/bidiboo.eu\/panier\/\",\"name\":\"Panier - BidiBoo\",\"isPartOf\":{\"@id\":\"https:\/\/bidiboo.eu\/#website\"},\"primaryImageOfPage\":{\"@id\":\"https:\/\/bidiboo.eu\/panier\/#primaryimage\"},\"image\":{\"@id\":\"https:\/\/bidiboo.eu\/panier\/#primaryimage\"},\"thumbnailUrl\":\"https:\/\/bidiboo.eu\/wp-content\/uploads\/2024\/01\/PhotoRoom_20240128_100211-600x600.jpg\",\"datePublished\":\"2024-03-02T14:12:54+00:00\",\"dateModified\":\"2024-03-21T20:44:52+00:00\",\"breadcrumb\":{\"@id\":\"https:\/\/bidiboo.eu\/panier\/#breadcrumb\"},\"inLanguage\":\"nl-BE\",\"potentialAction\":[{\"@type\":\"ReadAction\",\"target\":[\"https:\/\/bidiboo.eu\/panier\/\"]}]},{\"@type\":\"ImageObject\",\"inLanguage\":\"nl-BE\",\"@id\":\"https:\/\/bidiboo.eu\/panier\/#primaryimage\",\"url\":\"https:\/\/bidiboo.eu\/wp-content\/uploads\/2024\/01\/PhotoRoom_20240128_100211-600x600.jpg\",\"contentUrl\":\"https:\/\/bidiboo.eu\/wp-content\/uploads\/2024\/01\/PhotoRoom_20240128_100211-600x600.jpg\"},{\"@type\":\"BreadcrumbList\",\"@id\":\"https:\/\/bidiboo.eu\/panier\/#breadcrumb\",\"itemListElement\":[{\"@type\":\"ListItem\",\"position\":1,\"name\":\"Accueil\",\"item\":\"https:\/\/bidiboo.eu\/\"},{\"@type\":\"ListItem\",\"position\":2,\"name\":\"Panier\"}]},{\"@type\":\"WebSite\",\"@id\":\"https:\/\/bidiboo.eu\/#website\",\"url\":\"https:\/\/bidiboo.eu\/\",\"name\":\"BidiBoo\",\"description\":\"\",\"publisher\":{\"@id\":\"https:\/\/bidiboo.eu\/#organization\"},\"potentialAction\":[{\"@type\":\"SearchAction\",\"target\":{\"@type\":\"EntryPoint\",\"urlTemplate\":\"https:\/\/bidiboo.eu\/?s={search_term_string}\"},\"query-input\":{\"@type\":\"PropertyValueSpecification\",\"valueRequired\":true,\"valueName\":\"search_term_string\"}}],\"inLanguage\":\"nl-BE\"},{\"@type\":\"Organization\",\"@id\":\"https:\/\/bidiboo.eu\/#organization\",\"name\":\"Bidiboo\",\"url\":\"https:\/\/bidiboo.eu\/\",\"logo\":{\"@type\":\"ImageObject\",\"inLanguage\":\"nl-BE\",\"@id\":\"https:\/\/bidiboo.eu\/#\/schema\/logo\/image\/\",\"url\":\"https:\/\/bidiboo.eu\/wp-content\/uploads\/2022\/04\/Logo-BidiBoo.png\",\"contentUrl\":\"https:\/\/bidiboo.eu\/wp-content\/uploads\/2022\/04\/Logo-BidiBoo.png\",\"width\":941,\"height\":926,\"caption\":\"Bidiboo\"},\"image\":{\"@id\":\"https:\/\/bidiboo.eu\/#\/schema\/logo\/image\/\"},\"sameAs\":[\"https:\/\/www.facebook.com\/BidiBoocreations\",\"https:\/\/www.instagram.com\/bidiboo.creations\/\"]}]}<\/script>\n<!-- \/ Yoast SEO plugin. -->","yoast_head_json":{"title":"Panier - BidiBoo","robots":{"index":"index","follow":"follow","max-snippet":"max-snippet:-1","max-image-preview":"max-image-preview:large","max-video-preview":"max-video-preview:-1"},"canonical":"https:\/\/bidiboo.eu\/nl\/panier\/","og_locale":"nl_BE","og_type":"article","og_title":"Panier - BidiBoo","og_description":"Panier &nbsp; Produit &nbsp; Prix Quantit\u00e9 Sous-total &times; Turban noeud Lila Tailles Turban: L (4-8a) &euro;&nbsp;24,99 quantit\u00e9 de Turban noeud Lila &#8211; L (4-8a) &euro;&nbsp;24,99 (TTC) &times; Turban noeud blanc Tailles Turban: L (4-8a) &euro;&nbsp;24,99 quantit\u00e9 de Turban noeud blanc &#8211; L (4-8a) &euro;&nbsp;24,99 (TTC) Mise \u00e0 jour le panier Appliquer le code promo Totaux du panier Sous-total &euro;&nbsp;49,97 (TTC) Exp\u00e9dition Bpost \u00e0 domicile: &euro;&nbsp;8,05 (TTC) Point de vente (6687 Givroulle) 0\u20ac Liste de naisance(retrait par les parents) 0\u20ac Livraison en point relais dpd: &euro;&nbsp;6,49 (TTC) Livraison en point relais mondial relay: &euro;&nbsp;4,42 (TTC) Dpd \u00e0 domicile: &euro;&nbsp;8,37 (TTC) Livraison en point relais Bpost: &euro;&nbsp;7,15 (TTC) Livraison \u00e0 rue dessus d&#039;odeigne, 1, 6687 Givroulle. Modifier l\u2019adresse Pays\/r\u00e9gion\u00a0: S\u00e9lectionner un pays\/r\u00e9gion\u2026BelgiqueFranceLuxembourgPays-Bas Ville\u00a0: Code postal Mettre \u00e0 jour Total &euro;&nbsp;58,02 (dont &euro;&nbsp;10,07 TVA) Passer \u00e0 la commande","og_url":"https:\/\/bidiboo.eu\/nl\/panier\/","og_site_name":"BidiBoo","article_publisher":"https:\/\/www.facebook.com\/BidiBoocreations","article_modified_time":"2024-03-21T20:44:52+00:00","og_image":[{"url":"https:\/\/bidiboo.eu\/wp-content\/uploads\/2024\/01\/PhotoRoom_20240128_100211-600x600.jpg","type":"","width":"","height":""}],"twitter_card":"summary_large_image","twitter_misc":{"Geschatte leestijd":"1 minuut"},"schema":{"@context":"https:\/\/schema.org","@graph":[{"@type":"WebPage","@id":"https:\/\/bidiboo.eu\/panier\/","url":"https:\/\/bidiboo.eu\/panier\/","name":"Panier - BidiBoo","isPartOf":{"@id":"https:\/\/bidiboo.eu\/#website"},"primaryImageOfPage":{"@id":"https:\/\/bidiboo.eu\/panier\/#primaryimage"},"image":{"@id":"https:\/\/bidiboo.eu\/panier\/#primaryimage"},"thumbnailUrl":"https:\/\/bidiboo.eu\/wp-content\/uploads\/2024\/01\/PhotoRoom_20240128_100211-600x600.jpg","datePublished":"2024-03-02T14:12:54+00:00","dateModified":"2024-03-21T20:44:52+00:00","breadcrumb":{"@id":"https:\/\/bidiboo.eu\/panier\/#breadcrumb"},"inLanguage":"nl-BE","potentialAction":[{"@type":"ReadAction","target":["https:\/\/bidiboo.eu\/panier\/"]}]},{"@type":"ImageObject","inLanguage":"nl-BE","@id":"https:\/\/bidiboo.eu\/panier\/#primaryimage","url":"https:\/\/bidiboo.eu\/wp-content\/uploads\/2024\/01\/PhotoRoom_20240128_100211-600x600.jpg","contentUrl":"https:\/\/bidiboo.eu\/wp-content\/uploads\/2024\/01\/PhotoRoom_20240128_100211-600x600.jpg"},{"@type":"BreadcrumbList","@id":"https:\/\/bidiboo.eu\/panier\/#breadcrumb","itemListElement":[{"@type":"ListItem","position":1,"name":"Accueil","item":"https:\/\/bidiboo.eu\/"},{"@type":"ListItem","position":2,"name":"Panier"}]},{"@type":"WebSite","@id":"https:\/\/bidiboo.eu\/#website","url":"https:\/\/bidiboo.eu\/","name":"BidiBoo","description":"","publisher":{"@id":"https:\/\/bidiboo.eu\/#organization"},"potentialAction":[{"@type":"SearchAction","target":{"@type":"EntryPoint","urlTemplate":"https:\/\/bidiboo.eu\/?s={search_term_string}"},"query-input":{"@type":"PropertyValueSpecification","valueRequired":true,"valueName":"search_term_string"}}],"inLanguage":"nl-BE"},{"@type":"Organization","@id":"https:\/\/bidiboo.eu\/#organization","name":"Bidiboo","url":"https:\/\/bidiboo.eu\/","logo":{"@type":"ImageObject","inLanguage":"nl-BE","@id":"https:\/\/bidiboo.eu\/#\/schema\/logo\/image\/","url":"https:\/\/bidiboo.eu\/wp-content\/uploads\/2022\/04\/Logo-BidiBoo.png","contentUrl":"https:\/\/bidiboo.eu\/wp-content\/uploads\/2022\/04\/Logo-BidiBoo.png","width":941,"height":926,"caption":"Bidiboo"},"image":{"@id":"https:\/\/bidiboo.eu\/#\/schema\/logo\/image\/"},"sameAs":["https:\/\/www.facebook.com\/BidiBoocreations","https:\/\/www.instagram.com\/bidiboo.creations\/"]}]}},"acf":[],"jetpack_likes_enabled":false,"_links":{"self":[{"href":"https:\/\/bidiboo.eu\/nl\/wp-json\/wp\/v2\/pages\/18641","targetHints":{"allow":["GET"]}}],"collection":[{"href":"https:\/\/bidiboo.eu\/nl\/wp-json\/wp\/v2\/pages"}],"about":[{"href":"https:\/\/bidiboo.eu\/nl\/wp-json\/wp\/v2\/types\/page"}],"author":[{"embeddable":true,"href":"https:\/\/bidiboo.eu\/nl\/wp-json\/wp\/v2\/users\/1"}],"replies":[{"embeddable":true,"href":"https:\/\/bidiboo.eu\/nl\/wp-json\/wp\/v2\/comments?post=18641"}],"version-history":[{"count":0,"href":"https:\/\/bidiboo.eu\/nl\/wp-json\/wp\/v2\/pages\/18641\/revisions"}],"wp:attachment":[{"href":"https:\/\/bidiboo.eu\/nl\/wp-json\/wp\/v2\/media?parent=18641"}],"curies":[{"name":"wp","href":"https:\/\/api.w.org\/{rel}","templated":true}]}}