{"id":13925,"date":"2023-05-26T16:40:27","date_gmt":"2023-05-26T14:40:27","guid":{"rendered":"https:\/\/bidiboo.eu\/?page_id=13925"},"modified":"2024-02-02T10:59:23","modified_gmt":"2024-02-02T09:59:23","slug":"a-propos-de-bidiboo","status":"publish","type":"page","link":"https:\/\/bidiboo.eu\/nl\/a-propos-de-bidiboo\/","title":{"rendered":"over Bidi&#039;Boo"},"content":{"rendered":"<div data-elementor-type=\"wp-page\" data-elementor-id=\"13925\" class=\"elementor elementor-13925\" data-elementor-post-type=\"page\">\n\t\t\t\t<div class=\"elementor-element elementor-element-52e5a2f e-flex e-con-boxed wpr-particle-no wpr-jarallax-no wpr-parallax-no wpr-sticky-section-no e-con e-parent\" data-id=\"52e5a2f\" data-element_type=\"container\">\n\t\t\t\t\t<div class=\"e-con-inner\">\n\t\t\t\t<div class=\"elementor-element elementor-element-a38f3dd elementor-widget elementor-widget-heading\" data-id=\"a38f3dd\" data-element_type=\"widget\" data-widget_type=\"heading.default\">\n\t\t\t\t<div class=\"elementor-widget-container\">\n\t\t\t\t\t<h2 class=\"elementor-heading-title elementor-size-default\">Over Bidi&#039;Boo<\/h2>\t\t\t\t<\/div>\n\t\t\t\t<\/div>\n\t\t\t\t\t<\/div>\n\t\t\t\t<\/div>\n\t\t<div class=\"elementor-element elementor-element-cc882a4 e-flex e-con-boxed wpr-particle-no wpr-jarallax-no wpr-parallax-no wpr-sticky-section-no e-con e-parent\" data-id=\"cc882a4\" data-element_type=\"container\">\n\t\t\t\t\t<div class=\"e-con-inner\">\n\t\t\t\t<div class=\"elementor-element elementor-element-8e155aa elementor-widget elementor-widget-image\" data-id=\"8e155aa\" data-element_type=\"widget\" data-widget_type=\"image.default\">\n\t\t\t\t<div class=\"elementor-widget-container\">\n\t\t\t\t\t\t\t\t\t\t\t\t\t\t\t<img fetchpriority=\"high\" decoding=\"async\" width=\"960\" height=\"752\" src=\"https:\/\/bidiboo.eu\/wp-content\/uploads\/2024\/02\/img_3063-1280x1003-1-1.webp\" class=\"attachment-large size-large wp-image-17237\" alt=\"\" srcset=\"https:\/\/bidiboo.eu\/wp-content\/uploads\/2024\/02\/img_3063-1280x1003-1-1.webp 1280w, https:\/\/bidiboo.eu\/wp-content\/uploads\/2024\/02\/img_3063-1280x1003-1-1-1200x940.webp 1200w, https:\/\/bidiboo.eu\/wp-content\/uploads\/2024\/02\/img_3063-1280x1003-1-1-510x400.webp 510w, https:\/\/bidiboo.eu\/wp-content\/uploads\/2024\/02\/img_3063-1280x1003-1-1-768x602.webp 768w, https:\/\/bidiboo.eu\/wp-content\/uploads\/2024\/02\/img_3063-1280x1003-1-1-15x12.webp 15w\" sizes=\"(max-width: 960px) 100vw, 960px\" \/>\t\t\t\t\t\t\t\t\t\t\t\t\t\t\t<\/div>\n\t\t\t\t<\/div>\n\t\t\t\t\t<\/div>\n\t\t\t\t<\/div>\n\t\t<div class=\"elementor-element elementor-element-46b88e2 e-flex e-con-boxed wpr-particle-no wpr-jarallax-no wpr-parallax-no wpr-sticky-section-no e-con e-parent\" data-id=\"46b88e2\" data-element_type=\"container\">\n\t\t\t\t\t<div class=\"e-con-inner\">\n\t\t<div class=\"elementor-element elementor-element-43dfef9 e-con-full e-flex wpr-particle-no wpr-jarallax-no wpr-parallax-no wpr-sticky-section-no e-con e-child\" data-id=\"43dfef9\" data-element_type=\"container\">\n\t\t\t\t<div class=\"elementor-element elementor-element-18e666f elementor-widget elementor-widget-text-editor\" data-id=\"18e666f\" data-element_type=\"widget\" data-widget_type=\"text-editor.default\">\n\t\t\t\t<div class=\"elementor-widget-container\">\n\t\t\t\t\t\t\t\t\t<p>Bidi&#039;boo is veel meer dan een merk kinderopvangaccessoires. Het is een prachtig verhaal dat vijf jaar geleden begon, precies op het moment van de geboorte van ons tweede kind. Voor Davina, de oprichtster van bidi&#039;boo, werd de passie voor naaien en design al op jonge leeftijd geboren, ge\u00efnspireerd door haar moeder, een gepassioneerde naaister. Deze passie leidde tot de oprichting van bidi&#039;boo, een perfecte fusie tussen liefde voor creatie en Davina&#039;s unieke artistieke visie. Haar reis als dochter van een naaister heeft haar expertise in de kunst van het naaien, het maken van patronen en het cre\u00ebren van exclusieve stoffen gevoed. .<\/p>\t\t\t\t\t\t\t\t<\/div>\n\t\t\t\t<\/div>\n\t\t\t\t<\/div>\n\t\t<div class=\"elementor-element elementor-element-0272278 e-con-full e-flex wpr-particle-no wpr-jarallax-no wpr-parallax-no wpr-sticky-section-no e-con e-child\" data-id=\"0272278\" data-element_type=\"container\">\n\t\t\t\t<div class=\"elementor-element elementor-element-376b257 elementor-widget elementor-widget-text-editor\" data-id=\"376b257\" data-element_type=\"widget\" data-widget_type=\"text-editor.default\">\n\t\t\t\t<div class=\"elementor-widget-container\">\n\t\t\t\t\t\t\t\t\t<p>Bij bidi&#039;boo zijn we er trots op dat we al onze producten in ons eigen atelier in Belgi\u00eb maken. Elk item is zorgvuldig vervaardigd met de grootste aandacht voor detail, waardoor een uitzonderlijke kwaliteit wordt gegarandeerd. Door lokaal te produceren, hebben we volledige controle over het productieproces, waardoor we hoge normen kunnen handhaven en duurzame producten van hoge kwaliteit kunnen garanderen. Daarnaast gebruiken we Oeko-Tex gecertificeerde stoffen, waardoor we garanderen dat ze vrij zijn van stoffen die schadelijk zijn voor de gezondheid. Wij besteden bijzondere aandacht aan de veiligheid en het welzijn van uw kind en zorgen ervoor dat onze producten aan de hoogste normen voldoen. Ga met ons mee in dit creatieve avontuur en ontdek de betoverende wereld van bidi&#039;boo. Laat ons u begeleiden op uw ouderschapsreis met accessoires die met liefde en toewijding zijn gemaakt, allemaal in ons atelier in Belgi\u00eb. Laten we samen waardevolle en magische herinneringen voor uw gezin cre\u00ebren<\/p>\t\t\t\t\t\t\t\t<\/div>\n\t\t\t\t<\/div>\n\t\t\t\t<\/div>\n\t\t\t\t\t<\/div>\n\t\t\t\t<\/div>\n\t\t<div class=\"elementor-element elementor-element-b7b69a8 e-flex e-con-boxed wpr-particle-no wpr-jarallax-no wpr-parallax-no wpr-sticky-section-no e-con e-parent\" data-id=\"b7b69a8\" data-element_type=\"container\">\n\t\t\t\t\t<div class=\"e-con-inner\">\n\t\t<div class=\"elementor-element elementor-element-9a65d7a e-con-full e-flex wpr-particle-no wpr-jarallax-no wpr-parallax-no wpr-sticky-section-no e-con e-child\" data-id=\"9a65d7a\" data-element_type=\"container\">\n\t\t\t\t<\/div>\n\t\t<div class=\"elementor-element elementor-element-81d8f66 e-con-full e-flex wpr-particle-no wpr-jarallax-no wpr-parallax-no wpr-sticky-section-no e-con e-child\" data-id=\"81d8f66\" data-element_type=\"container\">\n\t\t<div class=\"elementor-element elementor-element-1f3c8bd e-flex e-con-boxed wpr-particle-no wpr-jarallax-no wpr-parallax-no wpr-sticky-section-no e-con e-child\" data-id=\"1f3c8bd\" data-element_type=\"container\">\n\t\t\t\t\t<div class=\"e-con-inner\">\n\t\t\t\t\t<\/div>\n\t\t\t\t<\/div>\n\t\t<div class=\"elementor-element elementor-element-9b81546 e-flex e-con-boxed wpr-particle-no wpr-jarallax-no wpr-parallax-no wpr-sticky-section-no e-con e-child\" data-id=\"9b81546\" data-element_type=\"container\">\n\t\t\t\t\t<div class=\"e-con-inner\">\n\t\t\t\t\t<\/div>\n\t\t\t\t<\/div>\n\t\t\t\t<\/div>\n\t\t\t\t\t<\/div>\n\t\t\t\t<\/div>\n\t\t<div class=\"elementor-element elementor-element-234b3084 e-flex e-con-boxed wpr-particle-no wpr-jarallax-no wpr-parallax-no wpr-sticky-section-no e-con e-parent\" data-id=\"234b3084\" data-element_type=\"container\">\n\t\t\t\t\t<div class=\"e-con-inner\">\n\t\t\t\t\t<\/div>\n\t\t\t\t<\/div>\n\t\t<div class=\"elementor-element elementor-element-d5ed730 e-flex e-con-boxed wpr-particle-no wpr-jarallax-no wpr-parallax-no wpr-sticky-section-no e-con e-parent\" data-id=\"d5ed730\" data-element_type=\"container\">\n\t\t\t\t\t<div class=\"e-con-inner\">\n\t\t\t\t\t<\/div>\n\t\t\t\t<\/div>\n\t\t\t\t<\/div>","protected":false},"excerpt":{"rendered":"<p>A propos de Bidi&rsquo;Boo Bidi&rsquo;boo, c&rsquo;est bien plus qu&rsquo;une marque d&rsquo;accessoires de pu\u00e9riculture. C&rsquo;est une belle histoire qui a commenc\u00e9 il y a 5 ans, au moment m\u00eame de la naissance de notre deuxi\u00e8me enfant. Pour Davina, la fondatrice de bidi&rsquo;boo, la passion pour la couture et le design est n\u00e9e d\u00e8s son plus jeune \u00e2ge, inspir\u00e9e par sa m\u00e8re, une couturi\u00e8re passionn\u00e9e.Cette passion a conduit \u00e0 la cr\u00e9ation de bidi&rsquo;boo, une fusion parfaite entre l&rsquo;amour pour la cr\u00e9ation et la vision artistique unique de Davina. Son parcours en tant que fille d&rsquo;une couturi\u00e8re a nourri son expertise dans l&rsquo;art de la confection, du patronage et de la cr\u00e9ation de tissus exclusifs. . Chez bidi&rsquo;boo, nous sommes fiers de confectionner tous nos produits dans notre propre atelier en Belgique. Chaque article est soigneusement fabriqu\u00e9 avec le plus grand souci du d\u00e9tail, garantissant ainsi une qualit\u00e9 exceptionnelle. En produisant localement, nous avons un contr\u00f4le total sur le processus de fabrication, nous permettant de maintenir des normes \u00e9lev\u00e9es et de garantir des produits durables et de grande qualit\u00e9. De plus, nous utilisons des tissus certifi\u00e9s Oeko-Tex, garantissant qu&rsquo;ils sont exempts de substances nocives pour la sant\u00e9. Nous accordons une attention particuli\u00e8re \u00e0 la s\u00e9curit\u00e9 et au bien-\u00eatre de votre enfant, en veillant \u00e0 ce que nos produits respectent les normes les plus strictes. Rejoignez-nous dans cette aventure cr\u00e9ative et d\u00e9couvrez l&rsquo;univers enchanteur de bidi&rsquo;boo. Laissez-nous vous accompagner dans votre voyage parental avec des accessoires confectionn\u00e9s avec amour et d\u00e9vouement, tout cela dans notre atelier en Belgique. Ensemble, cr\u00e9ons des souvenirs pr\u00e9cieux et magiques pour votre famille<\/p>","protected":false},"author":1,"featured_media":0,"parent":0,"menu_order":0,"comment_status":"closed","ping_status":"closed","template":"","meta":{"_editorskit_title_hidden":false,"_editorskit_reading_time":0,"_editorskit_is_block_options_detached":false,"_editorskit_block_options_position":"{}","inline_featured_image":false,"footnotes":""},"class_list":["post-13925","page","type-page","status-publish","hentry"],"yoast_head":"<!-- This site is optimized with the Yoast SEO plugin v25.7 - https:\/\/yoast.com\/wordpress\/plugins\/seo\/ -->\n<title>\u00e0 propos de Bidi&#039;Boo - BidiBoo<\/title>\n<meta name=\"robots\" content=\"index, follow, max-snippet:-1, max-image-preview:large, max-video-preview:-1\" \/>\n<link rel=\"canonical\" href=\"https:\/\/bidiboo.eu\/nl\/a-propos-de-bidiboo\/\" \/>\n<meta property=\"og:locale\" content=\"nl_BE\" \/>\n<meta property=\"og:type\" content=\"article\" \/>\n<meta property=\"og:title\" content=\"\u00e0 propos de Bidi&#039;Boo - BidiBoo\" \/>\n<meta property=\"og:description\" content=\"A propos de Bidi&rsquo;Boo Bidi&rsquo;boo, c&rsquo;est bien plus qu&rsquo;une marque d&rsquo;accessoires de pu\u00e9riculture. C&rsquo;est une belle histoire qui a commenc\u00e9 il y a 5 ans, au moment m\u00eame de la naissance de notre deuxi\u00e8me enfant. Pour Davina, la fondatrice de bidi&rsquo;boo, la passion pour la couture et le design est n\u00e9e d\u00e8s son plus jeune \u00e2ge, inspir\u00e9e par sa m\u00e8re, une couturi\u00e8re passionn\u00e9e.Cette passion a conduit \u00e0 la cr\u00e9ation de bidi&rsquo;boo, une fusion parfaite entre l&rsquo;amour pour la cr\u00e9ation et la vision artistique unique de Davina. Son parcours en tant que fille d&rsquo;une couturi\u00e8re a nourri son expertise dans l&rsquo;art de la confection, du patronage et de la cr\u00e9ation de tissus exclusifs. . Chez bidi&rsquo;boo, nous sommes fiers de confectionner tous nos produits dans notre propre atelier en Belgique. Chaque article est soigneusement fabriqu\u00e9 avec le plus grand souci du d\u00e9tail, garantissant ainsi une qualit\u00e9 exceptionnelle. En produisant localement, nous avons un contr\u00f4le total sur le processus de fabrication, nous permettant de maintenir des normes \u00e9lev\u00e9es et de garantir des produits durables et de grande qualit\u00e9. De plus, nous utilisons des tissus certifi\u00e9s Oeko-Tex, garantissant qu&rsquo;ils sont exempts de substances nocives pour la sant\u00e9. Nous accordons une attention particuli\u00e8re \u00e0 la s\u00e9curit\u00e9 et au bien-\u00eatre de votre enfant, en veillant \u00e0 ce que nos produits respectent les normes les plus strictes. Rejoignez-nous dans cette aventure cr\u00e9ative et d\u00e9couvrez l&rsquo;univers enchanteur de bidi&rsquo;boo. Laissez-nous vous accompagner dans votre voyage parental avec des accessoires confectionn\u00e9s avec amour et d\u00e9vouement, tout cela dans notre atelier en Belgique. Ensemble, cr\u00e9ons des souvenirs pr\u00e9cieux et magiques pour votre famille\" \/>\n<meta property=\"og:url\" content=\"https:\/\/bidiboo.eu\/nl\/a-propos-de-bidiboo\/\" \/>\n<meta property=\"og:site_name\" content=\"BidiBoo\" \/>\n<meta property=\"article:publisher\" content=\"https:\/\/www.facebook.com\/BidiBoocreations\" \/>\n<meta property=\"article:modified_time\" content=\"2024-02-02T09:59:23+00:00\" \/>\n<meta property=\"og:image\" content=\"https:\/\/bidiboo.eu\/wp-content\/uploads\/2024\/02\/img_3063-1280x1003-1-1.webp\" \/>\n<meta name=\"twitter:card\" content=\"summary_large_image\" \/>\n<meta name=\"twitter:label1\" content=\"Geschatte leestijd\" \/>\n\t<meta name=\"twitter:data1\" content=\"1 minuut\" \/>\n<script type=\"application\/ld+json\" class=\"yoast-schema-graph\">{\"@context\":\"https:\/\/schema.org\",\"@graph\":[{\"@type\":\"WebPage\",\"@id\":\"https:\/\/bidiboo.eu\/a-propos-de-bidiboo\/\",\"url\":\"https:\/\/bidiboo.eu\/a-propos-de-bidiboo\/\",\"name\":\"\u00e0 propos de Bidi'Boo - BidiBoo\",\"isPartOf\":{\"@id\":\"https:\/\/bidiboo.eu\/#website\"},\"primaryImageOfPage\":{\"@id\":\"https:\/\/bidiboo.eu\/a-propos-de-bidiboo\/#primaryimage\"},\"image\":{\"@id\":\"https:\/\/bidiboo.eu\/a-propos-de-bidiboo\/#primaryimage\"},\"thumbnailUrl\":\"https:\/\/bidiboo.eu\/wp-content\/uploads\/2024\/02\/img_3063-1280x1003-1-1.webp\",\"datePublished\":\"2023-05-26T14:40:27+00:00\",\"dateModified\":\"2024-02-02T09:59:23+00:00\",\"breadcrumb\":{\"@id\":\"https:\/\/bidiboo.eu\/a-propos-de-bidiboo\/#breadcrumb\"},\"inLanguage\":\"nl-BE\",\"potentialAction\":[{\"@type\":\"ReadAction\",\"target\":[\"https:\/\/bidiboo.eu\/a-propos-de-bidiboo\/\"]}]},{\"@type\":\"ImageObject\",\"inLanguage\":\"nl-BE\",\"@id\":\"https:\/\/bidiboo.eu\/a-propos-de-bidiboo\/#primaryimage\",\"url\":\"https:\/\/bidiboo.eu\/wp-content\/uploads\/2024\/02\/img_3063-1280x1003-1-1.webp\",\"contentUrl\":\"https:\/\/bidiboo.eu\/wp-content\/uploads\/2024\/02\/img_3063-1280x1003-1-1.webp\"},{\"@type\":\"BreadcrumbList\",\"@id\":\"https:\/\/bidiboo.eu\/a-propos-de-bidiboo\/#breadcrumb\",\"itemListElement\":[{\"@type\":\"ListItem\",\"position\":1,\"name\":\"Accueil\",\"item\":\"https:\/\/bidiboo.eu\/\"},{\"@type\":\"ListItem\",\"position\":2,\"name\":\"\u00e0 propos de Bidi&#8217;Boo\"}]},{\"@type\":\"WebSite\",\"@id\":\"https:\/\/bidiboo.eu\/#website\",\"url\":\"https:\/\/bidiboo.eu\/\",\"name\":\"BidiBoo\",\"description\":\"\",\"publisher\":{\"@id\":\"https:\/\/bidiboo.eu\/#organization\"},\"potentialAction\":[{\"@type\":\"SearchAction\",\"target\":{\"@type\":\"EntryPoint\",\"urlTemplate\":\"https:\/\/bidiboo.eu\/?s={search_term_string}\"},\"query-input\":{\"@type\":\"PropertyValueSpecification\",\"valueRequired\":true,\"valueName\":\"search_term_string\"}}],\"inLanguage\":\"nl-BE\"},{\"@type\":\"Organization\",\"@id\":\"https:\/\/bidiboo.eu\/#organization\",\"name\":\"Bidiboo\",\"url\":\"https:\/\/bidiboo.eu\/\",\"logo\":{\"@type\":\"ImageObject\",\"inLanguage\":\"nl-BE\",\"@id\":\"https:\/\/bidiboo.eu\/#\/schema\/logo\/image\/\",\"url\":\"https:\/\/bidiboo.eu\/wp-content\/uploads\/2022\/04\/Logo-BidiBoo.png\",\"contentUrl\":\"https:\/\/bidiboo.eu\/wp-content\/uploads\/2022\/04\/Logo-BidiBoo.png\",\"width\":941,\"height\":926,\"caption\":\"Bidiboo\"},\"image\":{\"@id\":\"https:\/\/bidiboo.eu\/#\/schema\/logo\/image\/\"},\"sameAs\":[\"https:\/\/www.facebook.com\/BidiBoocreations\",\"https:\/\/www.instagram.com\/bidiboo.creations\/\"]}]}<\/script>\n<!-- \/ Yoast SEO plugin. -->","yoast_head_json":{"title":"\u00e0 propos de Bidi'Boo - BidiBoo","robots":{"index":"index","follow":"follow","max-snippet":"max-snippet:-1","max-image-preview":"max-image-preview:large","max-video-preview":"max-video-preview:-1"},"canonical":"https:\/\/bidiboo.eu\/nl\/a-propos-de-bidiboo\/","og_locale":"nl_BE","og_type":"article","og_title":"\u00e0 propos de Bidi'Boo - BidiBoo","og_description":"A propos de Bidi&rsquo;Boo Bidi&rsquo;boo, c&rsquo;est bien plus qu&rsquo;une marque d&rsquo;accessoires de pu\u00e9riculture. C&rsquo;est une belle histoire qui a commenc\u00e9 il y a 5 ans, au moment m\u00eame de la naissance de notre deuxi\u00e8me enfant. Pour Davina, la fondatrice de bidi&rsquo;boo, la passion pour la couture et le design est n\u00e9e d\u00e8s son plus jeune \u00e2ge, inspir\u00e9e par sa m\u00e8re, une couturi\u00e8re passionn\u00e9e.Cette passion a conduit \u00e0 la cr\u00e9ation de bidi&rsquo;boo, une fusion parfaite entre l&rsquo;amour pour la cr\u00e9ation et la vision artistique unique de Davina. Son parcours en tant que fille d&rsquo;une couturi\u00e8re a nourri son expertise dans l&rsquo;art de la confection, du patronage et de la cr\u00e9ation de tissus exclusifs. . Chez bidi&rsquo;boo, nous sommes fiers de confectionner tous nos produits dans notre propre atelier en Belgique. Chaque article est soigneusement fabriqu\u00e9 avec le plus grand souci du d\u00e9tail, garantissant ainsi une qualit\u00e9 exceptionnelle. En produisant localement, nous avons un contr\u00f4le total sur le processus de fabrication, nous permettant de maintenir des normes \u00e9lev\u00e9es et de garantir des produits durables et de grande qualit\u00e9. De plus, nous utilisons des tissus certifi\u00e9s Oeko-Tex, garantissant qu&rsquo;ils sont exempts de substances nocives pour la sant\u00e9. Nous accordons une attention particuli\u00e8re \u00e0 la s\u00e9curit\u00e9 et au bien-\u00eatre de votre enfant, en veillant \u00e0 ce que nos produits respectent les normes les plus strictes. Rejoignez-nous dans cette aventure cr\u00e9ative et d\u00e9couvrez l&rsquo;univers enchanteur de bidi&rsquo;boo. Laissez-nous vous accompagner dans votre voyage parental avec des accessoires confectionn\u00e9s avec amour et d\u00e9vouement, tout cela dans notre atelier en Belgique. Ensemble, cr\u00e9ons des souvenirs pr\u00e9cieux et magiques pour votre famille","og_url":"https:\/\/bidiboo.eu\/nl\/a-propos-de-bidiboo\/","og_site_name":"BidiBoo","article_publisher":"https:\/\/www.facebook.com\/BidiBoocreations","article_modified_time":"2024-02-02T09:59:23+00:00","og_image":[{"url":"https:\/\/bidiboo.eu\/wp-content\/uploads\/2024\/02\/img_3063-1280x1003-1-1.webp","type":"","width":"","height":""}],"twitter_card":"summary_large_image","twitter_misc":{"Geschatte leestijd":"1 minuut"},"schema":{"@context":"https:\/\/schema.org","@graph":[{"@type":"WebPage","@id":"https:\/\/bidiboo.eu\/a-propos-de-bidiboo\/","url":"https:\/\/bidiboo.eu\/a-propos-de-bidiboo\/","name":"\u00e0 propos de Bidi'Boo - BidiBoo","isPartOf":{"@id":"https:\/\/bidiboo.eu\/#website"},"primaryImageOfPage":{"@id":"https:\/\/bidiboo.eu\/a-propos-de-bidiboo\/#primaryimage"},"image":{"@id":"https:\/\/bidiboo.eu\/a-propos-de-bidiboo\/#primaryimage"},"thumbnailUrl":"https:\/\/bidiboo.eu\/wp-content\/uploads\/2024\/02\/img_3063-1280x1003-1-1.webp","datePublished":"2023-05-26T14:40:27+00:00","dateModified":"2024-02-02T09:59:23+00:00","breadcrumb":{"@id":"https:\/\/bidiboo.eu\/a-propos-de-bidiboo\/#breadcrumb"},"inLanguage":"nl-BE","potentialAction":[{"@type":"ReadAction","target":["https:\/\/bidiboo.eu\/a-propos-de-bidiboo\/"]}]},{"@type":"ImageObject","inLanguage":"nl-BE","@id":"https:\/\/bidiboo.eu\/a-propos-de-bidiboo\/#primaryimage","url":"https:\/\/bidiboo.eu\/wp-content\/uploads\/2024\/02\/img_3063-1280x1003-1-1.webp","contentUrl":"https:\/\/bidiboo.eu\/wp-content\/uploads\/2024\/02\/img_3063-1280x1003-1-1.webp"},{"@type":"BreadcrumbList","@id":"https:\/\/bidiboo.eu\/a-propos-de-bidiboo\/#breadcrumb","itemListElement":[{"@type":"ListItem","position":1,"name":"Accueil","item":"https:\/\/bidiboo.eu\/"},{"@type":"ListItem","position":2,"name":"\u00e0 propos de Bidi&#8217;Boo"}]},{"@type":"WebSite","@id":"https:\/\/bidiboo.eu\/#website","url":"https:\/\/bidiboo.eu\/","name":"BidiBoo","description":"","publisher":{"@id":"https:\/\/bidiboo.eu\/#organization"},"potentialAction":[{"@type":"SearchAction","target":{"@type":"EntryPoint","urlTemplate":"https:\/\/bidiboo.eu\/?s={search_term_string}"},"query-input":{"@type":"PropertyValueSpecification","valueRequired":true,"valueName":"search_term_string"}}],"inLanguage":"nl-BE"},{"@type":"Organization","@id":"https:\/\/bidiboo.eu\/#organization","name":"Bidiboo","url":"https:\/\/bidiboo.eu\/","logo":{"@type":"ImageObject","inLanguage":"nl-BE","@id":"https:\/\/bidiboo.eu\/#\/schema\/logo\/image\/","url":"https:\/\/bidiboo.eu\/wp-content\/uploads\/2022\/04\/Logo-BidiBoo.png","contentUrl":"https:\/\/bidiboo.eu\/wp-content\/uploads\/2022\/04\/Logo-BidiBoo.png","width":941,"height":926,"caption":"Bidiboo"},"image":{"@id":"https:\/\/bidiboo.eu\/#\/schema\/logo\/image\/"},"sameAs":["https:\/\/www.facebook.com\/BidiBoocreations","https:\/\/www.instagram.com\/bidiboo.creations\/"]}]}},"acf":[],"jetpack_likes_enabled":false,"_links":{"self":[{"href":"https:\/\/bidiboo.eu\/nl\/wp-json\/wp\/v2\/pages\/13925","targetHints":{"allow":["GET"]}}],"collection":[{"href":"https:\/\/bidiboo.eu\/nl\/wp-json\/wp\/v2\/pages"}],"about":[{"href":"https:\/\/bidiboo.eu\/nl\/wp-json\/wp\/v2\/types\/page"}],"author":[{"embeddable":true,"href":"https:\/\/bidiboo.eu\/nl\/wp-json\/wp\/v2\/users\/1"}],"replies":[{"embeddable":true,"href":"https:\/\/bidiboo.eu\/nl\/wp-json\/wp\/v2\/comments?post=13925"}],"version-history":[{"count":0,"href":"https:\/\/bidiboo.eu\/nl\/wp-json\/wp\/v2\/pages\/13925\/revisions"}],"wp:attachment":[{"href":"https:\/\/bidiboo.eu\/nl\/wp-json\/wp\/v2\/media?parent=13925"}],"curies":[{"name":"wp","href":"https:\/\/api.w.org\/{rel}","templated":true}]}}